{"id":833,"date":"2019-01-10T10:30:43","date_gmt":"2019-01-10T10:30:43","guid":{"rendered":"https:\/\/www.spymasterpro.com\/tr\/?page_id=833"},"modified":"2020-02-12T13:00:26","modified_gmt":"2020-02-12T13:00:26","slug":"tinder-izleme","status":"publish","type":"page","link":"https:\/\/www.spymasterpro.com\/tr\/tinder-izleme\/","title":{"rendered":"Tinder \u0130zleme"},"content":{"rendered":"<section id=\"Tinder_spy_banner\">\n<div class=\"container\">\n<div class=\"row\">\n<div class=\"col-xl-9 col-lg-9 col-md-9 col-sm-12 iphone_right_point\">\n<h4><img decoding=\"async\" src=\"https:\/\/www.spymasterpro.com\/tr\/wp-content\/uploads\/2019\/01\/spy-tinder-logo_03.png\" \/> Tinder \u0130zleme<\/h4>\n<h6>TINDER SOHBETLER\u0130N\u0130 G\u0130ZL\u0130 B\u0130R \u015eEK\u0130LDE OKUMAK \u0130\u00c7\u0130N TINDER CASUSU UYGULAMASINI KULLANIN<\/h6>\n<ul>\n<li>Hedef telefondaki t\u00fcm tinder mesajlar\u0131na uzaktan eri\u015fim sa\u011flay\u0131n<\/li>\n<li>Gizli modda \u00e7al\u0131\u015f\u0131r<\/li>\n<li>Android ve iPhone\u2019un her ikisiyle uyumlu<\/li>\n<li>24\/7 \u00e7ok dilli destek<\/li>\n<li>% 100 G\u00fcvenli ve kullan\u0131m\u0131 kolay<\/li>\n<\/ul>\n<div class=\"slider_btn\"><a class=\"blue_btn\" href=\"https:\/\/www.spymasterpro.com\/tr\/ozellikler\/\">\u00d6zellikler<\/a> <a class=\"blue_btn demo_btn\" href=\"https:\/\/www.spymasterpro.com\/demo\/index.php\"><i class=\"fa fa-play\"><\/i> Demo<\/a><\/div>\n<\/div>\n<div class=\"col-xl-3 col-lg-3 col-md-3 hidden-sm-down iphone_left_img no_padding\"><img loading=\"lazy\" decoding=\"async\" class=\"alignnone\" title=\"Tinder \u0130zleme\" src=\"https:\/\/www.spymasterpro.com\/tr\/wp-content\/uploads\/2019\/01\/spy-tinder-phone_03.png\" alt=\"Tinder \u0130zleme\" width=\"286\" height=\"358\" \/><\/div>\n<\/div>\n<\/div>\n<\/section>\n<section id=\"whatsapp_middel\">\n<div class=\"container\">\n<div class=\"row\">\n<div class=\"main clearfix\">\n<div class=\"col-lg-3 col-md-3 col-sm-12 col-xs-12 text-xs-center about_img2\"><img loading=\"lazy\" decoding=\"async\" class=\"alignnone\" title=\"iPhone i\u00e7in Tinder casus Uygulamas\u0131\" src=\"https:\/\/www.spymasterpro.com\/tr\/wp-content\/uploads\/2019\/01\/tinder-iphone.png\" alt=\"iPhone i\u00e7in Tinder casus Uygulamas\u0131\" width=\"326\" height=\"515\" \/><\/div>\n<div class=\"col-lg-9 col-md-9 col-sm-12 col-xs-12 inner_txt\">\n<h2>iPhone i\u00e7in Tinder casus Uygulamas\u0131<\/h2>\n<h6>Hedef iPhone \u2019un tinder sohbetlerini gizlice izlemek i\u00e7in a\u015fa\u011f\u0131daki ad\u0131mlar\u0131 uygulay\u0131n:<\/h6>\n<ul style=\"line-height: 40px;margin-top: 17px;\">\n<li style=\"list-style: disc;\">Se\u00e7kin Tinder casus uygulamas\u0131n\u0131 al\u0131n ve eposta yoluyla size g\u00f6nderilen kimlik bilgilerini kullanarak giri\u015f yap\u0131n<\/li>\n<li style=\"list-style: disc;\">Hedef iPhone\u2019un iCloud kimlik bilgilerini al\u0131n<\/li>\n<li style=\"list-style: disc;\">Geriye kalan formaliteleri tamamlay\u0131n ve<\/li>\n<li style=\"list-style: disc;\">G\u00f6zlem alt\u0131ndaki ki\u015fiyi gizlice izlemeye ba\u015flay\u0131n<\/li>\n<\/ul>\n<p><strong>Not: iPhone\u2019u gizlice izlemek i\u00e7in kurulum gerekmez<\/strong><\/p>\n<div class=\"whatsapp_btns text-xs-center\">\n<p><a class=\"blue_btn\" href=\"https:\/\/www.spymasterpro.com\/tr\/iphone-jailbreak-olmadan\/\">iPhone Casus<\/a> <a class=\"blue_btn\" href=\"https:\/\/www.spymasterpro.com\/tr\/simdi-satin-al\/\"> \u015eimdi sat\u0131n al<\/a><\/p>\n<\/div>\n<\/div>\n<p><img decoding=\"async\" class=\"shape2\" src=\"https:\/\/www.spymasterpro.com\/tr\/rgopal\/uploads\/2017\/02\/arrow_shape2.png\" \/><\/p>\n<\/div>\n<\/div>\n<\/div>\n<\/section>\n<section id=\"whatsapp_middel\">\n<div class=\"container\">\n<div class=\"row\">\n<div class=\"main clearfix\">\n<p><img decoding=\"async\" class=\"shape\" src=\"https:\/\/www.spymasterpro.com\/tr\/rgopal\/uploads\/2017\/02\/arrow_shape.png\" \/><\/p>\n<div class=\"col-lg-3 col-md-3 col-sm-12 col-xs-12 text-xs-center about_img2 hidden-md-up\"><img decoding=\"async\" src=\"https:\/\/www.spymasterpro.com\/tr\/wp-content\/uploads\/2019\/01\/tinder-android.png\" \/><\/div>\n<div class=\"col-lg-9 col-md-9 col-sm-12 col-xs-12 inner_txt\">\n<h2>Android i\u00e7in Tinder casus Uygulamas\u0131<\/h2>\n<h6>Hedef android telefonun tinder mesajlar\u0131n\u0131 gizlice izlemek i\u00e7in a\u015fa\u011f\u0131da belirtilen i\u015flemleri uygulay\u0131n:<\/h6>\n<ul style=\"line-height: 40px;margin-top: 17px;\">\n<li style=\"list-style: disc;\">Giri\u015f kimlik bilgilerini almak i\u00e7in bir \u00e7evrimi\u00e7i sat\u0131n alma ger\u00e7ekle\u015ftirin<\/li>\n<li style=\"list-style: disc;\">\u015e\u00fcphelinin android telefonuna uygulamay\u0131 indirin ve kurun. Bu i\u015flem olduk\u00e7a kolayd\u0131r ve yakla\u015f\u0131k 5 dakikan\u0131z\u0131 al\u0131r.<\/li>\n<li style=\"list-style: disc;\">Web sayfas\u0131n\u0131 ziyaret edin ve herhangi bir taray\u0131c\u0131 \u00fczerinden giri\u015f yap\u0131n<\/li>\n<li style=\"list-style: disc;\">Gizlice izlemek istedi\u011finiz Android telefonun t\u00fcm tinder sohbet mesajlar\u0131n\u0131 al\u0131n<\/li>\n<\/ul>\n<div class=\"whatsapp_btns text-xs-center\">\n<p><a class=\"blue_btn\" href=\"https:\/\/www.spymasterpro.com\/tr\/android-casus\/\">Android Casus<\/a> <a class=\"blue_btn\" href=\"https:\/\/www.spymasterpro.com\/tr\/simdi-satin-al\/\"> \u015eimdi sat\u0131n al<\/a><\/p>\n<\/div>\n<\/div>\n<div class=\"col-lg-3 col-md-3 col-sm-3 col-xs-3 about_img2 hidden-sm-down\"><img loading=\"lazy\" decoding=\"async\" class=\"alignnone\" title=\"Android i\u00e7in Tinder casus Uygulamas\u0131\" src=\"https:\/\/www.spymasterpro.com\/tr\/wp-content\/uploads\/2019\/01\/tinder-android.png\" alt=\"Android i\u00e7in Tinder casus Uygulamas\u0131\" width=\"185\" height=\"371\" \/><\/div>\n<\/div>\n<\/div>\n<\/div>\n","protected":false},"excerpt":{"rendered":"<p>Tinder \u0130zleme TINDER SOHBETLER\u0130N\u0130 G\u0130ZL\u0130 B\u0130R \u015eEK\u0130LDE OKUMAK \u0130\u00c7\u0130N TINDER CASUSU UYGULAMASINI KULLANIN Hedef telefondaki t\u00fcm tinder mesajlar\u0131na uzaktan eri\u015fim sa\u011flay\u0131n Gizli modda \u00e7al\u0131\u015f\u0131r Android ve iPhone\u2019un her ikisiyle uyumlu 24\/7 \u00e7ok dilli destek % 100 G\u00fcvenli ve kullan\u0131m\u0131 kolay \u00d6zellikler Demo iPhone i\u00e7in Tinder casus Uygulamas\u0131 Hedef iPhone \u2019un tinder sohbetlerini gizlice izlemek i\u00e7in &hellip; <a href=\"https:\/\/www.spymasterpro.com\/tr\/tinder-izleme\/\" class=\"more-link\">Continue reading<span class=\"screen-reader-text\"> &#8220;Tinder \u0130zleme&#8221;<\/span><\/a><\/p>\n","protected":false},"author":1,"featured_media":0,"parent":0,"menu_order":0,"comment_status":"closed","ping_status":"closed","template":"page-full.php","meta":{"_acf_changed":false,"footnotes":""},"class_list":["post-833","page","type-page","status-publish","hentry"],"acf":[],"aioseo_notices":[],"_links":{"self":[{"href":"https:\/\/www.spymasterpro.com\/tr\/wp-json\/wp\/v2\/pages\/833","targetHints":{"allow":["GET"]}}],"collection":[{"href":"https:\/\/www.spymasterpro.com\/tr\/wp-json\/wp\/v2\/pages"}],"about":[{"href":"https:\/\/www.spymasterpro.com\/tr\/wp-json\/wp\/v2\/types\/page"}],"author":[{"embeddable":true,"href":"https:\/\/www.spymasterpro.com\/tr\/wp-json\/wp\/v2\/users\/1"}],"replies":[{"embeddable":true,"href":"https:\/\/www.spymasterpro.com\/tr\/wp-json\/wp\/v2\/comments?post=833"}],"version-history":[{"count":8,"href":"https:\/\/www.spymasterpro.com\/tr\/wp-json\/wp\/v2\/pages\/833\/revisions"}],"predecessor-version":[{"id":1218,"href":"https:\/\/www.spymasterpro.com\/tr\/wp-json\/wp\/v2\/pages\/833\/revisions\/1218"}],"wp:attachment":[{"href":"https:\/\/www.spymasterpro.com\/tr\/wp-json\/wp\/v2\/media?parent=833"}],"curies":[{"name":"wp","href":"https:\/\/api.w.org\/{rel}","templated":true}]}}