{"id":605,"date":"2017-08-21T05:34:54","date_gmt":"2017-08-21T05:34:54","guid":{"rendered":"https:\/\/www.spymasterpro.com\/tr\/?page_id=605"},"modified":"2022-08-08T11:27:12","modified_gmt":"2022-08-08T11:27:12","slug":"iphone-8de-casus","status":"publish","type":"page","link":"https:\/\/www.spymasterpro.com\/tr\/iphone-8de-casus\/","title":{"rendered":"Jailbreak olmadan iPhone 8&#8217;de uzaktan casus &#8211; Spymaster Pro"},"content":{"rendered":"<p><center><img loading=\"lazy\" decoding=\"async\" class=\"aligncenter size-full \" src=\"https:\/\/www.spymasterpro.com\/tr\/rgopal\/uploads\/2017\/08\/De-Casusu-Var.png\" alt=\"De Casusu Var\" width=\"650\" height=\"350\" \/><\/center>&nbsp;<\/p>\n<p>Eskilere, 2007 y\u0131l\u0131na d\u00f6nd\u00fc\u011f\u00fcm\u00fczde Apple ilk iPhone&#8217;u ortaya \u00e7\u0131kard\u0131 ve o zamandan beri iPhone sat\u0131\u015flar\u0131 hi\u00e7 durmad\u0131. Gen\u00e7 delikanl\u0131l\u0131ardan yeti\u015fkinlere kadar yakla\u015f\u0131k 1 milyar ki\u015fi mutlu iPhone m\u00fc\u015fterisidir. Neden olmas\u0131n? \u00c7o\u011fu kullan\u0131c\u0131, iPhone&#8217;un, d\u00fcnyada cep telefonu pazar\u0131ndaki di\u011fer telefonlara g\u00f6re daha kullan\u0131c\u0131 dostu bir aray\u00fcze sahip oldu\u011funa inan\u0131yor.<\/p>\n<p>Sevdikleriniz i\u00e7in hen\u00fcz iPhone 8 sat\u0131n almad\u0131ysan\u0131z ve almay\u0131 planl\u0131yorsan\u0131z, sevindirici haberler burada. IPhone&#8217;lar\u0131n\u0131 SpyMasterPro isimli uygulamay\u0131 kullanarak izleyebilirsiniz. Bu telefonun en iyi \u00f6zelli\u011fi, herhangi bir jailbreak&#8217;e ihtiya\u00e7 duymamas\u0131d\u0131r. \u0130zlemedi\u011finiz telefondaki etkinlikleri g\u00f6r\u00fcnt\u00fclemek i\u00e7in uzaktan etkin hale getirilecek hedef telefonun yaln\u0131zca giri\u015f kimlik bilgilerine ihtiya\u00e7 duymaktas\u0131n\u0131z. Ayr\u0131ca, hedef telefon yaz\u0131l\u0131m\u0131 tan\u0131mayacakt\u0131r, \u00e7\u00fcnk\u00fc hi\u00e7bir simge g\u00f6r\u00fcnt\u00fclenmeyecektir.<\/p>\n<p><strong>Kurulum gerekli mi?<\/strong><\/p>\n<p><img loading=\"lazy\" decoding=\"async\" class=\"aligncenter size-full \" src=\"https:\/\/www.spymasterpro.com\/tr\/rgopal\/uploads\/2017\/08\/iphone-feature-tr.png\" alt=\"iphone feature\" width=\"1213\" height=\"300\" \/><\/p>\n<p>SpyMasterPro kurulumu gerekli de\u011fildir ve ayr\u0131ca bir jailbreak&#8217;a ihtiya\u00e7 duymamaktad\u0131r. Bunun yerine iPhone kimlik bilgilerini edinin, hesab\u0131n\u0131za ayr\u0131nt\u0131lar\u0131 girin ve geri kalan ger\u00e7ekle\u015ftirilecektir. Hedef telefonun etkinliklerini izlemeye ba\u015flay\u0131n ve telefona dokunmadan onlar\u0131n ne yapacaklar\u0131n\u0131 \u00f6\u011frenin.<\/p>\n<p>Bu, sevdiklerinin g\u00fcvenli\u011finden endi\u015fe duyan insanlar i\u00e7in en iyi \u00e7\u00f6z\u00fcmd\u00fcr. Telefonunun i\u00e7ine bakman\u0131za gerek yok. Geride bekleyin ve faaliyetlerini onun bilgisi olmadan izleyin.<\/p>\n<p><strong>Yaz\u0131l\u0131m\u0131 sat\u0131n al\u0131nd\u0131\u011f\u0131n\u0131zda, a\u015fa\u011f\u0131daki avantajlardan yararlanabileceksiniz:<\/strong><\/p>\n<div class=\"spy-viber-it-change\">\n<ul>\n<li>Facebook sohbetleri<\/li>\n<li>Whatsapp mesajlar\u0131<\/li>\n<li>\u00c7a\u011fr\u0131 kay\u0131tlar\u0131<\/li>\n<li>K\u0131sa mesajlar ve \u00e7ok daha fazlas\u0131<\/li>\n<\/ul>\n<\/div>\n<div class=\"strip_btn feature_bottom text-xs-center\"><a class=\"blue_btn\" href=\"https:\/\/www.spymasterpro.com\/tr\/iphone-jailbreak-olmadan\/\">IPHONE CASUS<\/a> <a class=\"white_btn demo_btn\" href=\"https:\/\/www.spymasterpro.com\/tr\/simdi-satin-al\/\">\u015eimdi sat\u0131n al<\/a><\/div>\n<p><script type=\"application\/ld+json\">\n    {\n      \"@context\": \"https:\/\/schema.org\",\n      \"@type\": \"SoftwareApplication\",\n      \"name\" : \"Spymaster Pro\",\n  \t  \"image\" : \"https:\/\/www.spymasterpro.com\/tr\/rgopal\/uploads\/2017\/08\/De-Casusu-Var.png\",\n  \t  \"operatingSystem\": \"Windows 7, OSX 10.6, Android 1.6\",\n      \"applicationCategory\": \"BusinessApplication\",\n      \"featureList\": \"WhatsApp, Facebook, Instagram\",\n      \"aggregateRating\": {\n        \"@type\": \"AggregateRating\",\n        \"ratingValue\": \"4.9\",\n        \"ratingCount\": \"93523\"\n      },\n      \"offers\": {\n        \"@type\": \"Offer\",\n        \"price\": \"7.99\",\n        \"priceCurrency\": \"USD\"\n      }\n    }\n    <\/script><\/p>\n","protected":false},"excerpt":{"rendered":"<p>&nbsp; Eskilere, 2007 y\u0131l\u0131na d\u00f6nd\u00fc\u011f\u00fcm\u00fczde Apple ilk iPhone&#8217;u ortaya \u00e7\u0131kard\u0131 ve o zamandan beri iPhone sat\u0131\u015flar\u0131 hi\u00e7 durmad\u0131. Gen\u00e7 delikanl\u0131l\u0131ardan yeti\u015fkinlere kadar yakla\u015f\u0131k 1 milyar ki\u015fi mutlu iPhone m\u00fc\u015fterisidir. Neden olmas\u0131n? \u00c7o\u011fu kullan\u0131c\u0131, iPhone&#8217;un, d\u00fcnyada cep telefonu pazar\u0131ndaki di\u011fer telefonlara g\u00f6re daha kullan\u0131c\u0131 dostu bir aray\u00fcze sahip oldu\u011funa inan\u0131yor. Sevdikleriniz i\u00e7in hen\u00fcz iPhone 8 sat\u0131n &hellip; <a href=\"https:\/\/www.spymasterpro.com\/tr\/iphone-8de-casus\/\" class=\"more-link\">Continue reading<span class=\"screen-reader-text\"> &#8220;Jailbreak olmadan iPhone 8&#8217;de uzaktan casus &#8211; Spymaster Pro&#8221;<\/span><\/a><\/p>\n","protected":false},"author":1,"featured_media":0,"parent":0,"menu_order":0,"comment_status":"closed","ping_status":"closed","template":"","meta":{"_acf_changed":false,"footnotes":""},"class_list":["post-605","page","type-page","status-publish","hentry"],"acf":[],"aioseo_notices":[],"_links":{"self":[{"href":"https:\/\/www.spymasterpro.com\/tr\/wp-json\/wp\/v2\/pages\/605","targetHints":{"allow":["GET"]}}],"collection":[{"href":"https:\/\/www.spymasterpro.com\/tr\/wp-json\/wp\/v2\/pages"}],"about":[{"href":"https:\/\/www.spymasterpro.com\/tr\/wp-json\/wp\/v2\/types\/page"}],"author":[{"embeddable":true,"href":"https:\/\/www.spymasterpro.com\/tr\/wp-json\/wp\/v2\/users\/1"}],"replies":[{"embeddable":true,"href":"https:\/\/www.spymasterpro.com\/tr\/wp-json\/wp\/v2\/comments?post=605"}],"version-history":[{"count":10,"href":"https:\/\/www.spymasterpro.com\/tr\/wp-json\/wp\/v2\/pages\/605\/revisions"}],"predecessor-version":[{"id":3673,"href":"https:\/\/www.spymasterpro.com\/tr\/wp-json\/wp\/v2\/pages\/605\/revisions\/3673"}],"wp:attachment":[{"href":"https:\/\/www.spymasterpro.com\/tr\/wp-json\/wp\/v2\/media?parent=605"}],"curies":[{"name":"wp","href":"https:\/\/api.w.org\/{rel}","templated":true}]}}