{"id":50,"date":"2015-09-03T06:16:48","date_gmt":"2015-09-03T06:16:48","guid":{"rendered":"https:\/\/www.spymasterpro.com\/tr\/?page_id=50"},"modified":"2022-08-08T10:59:53","modified_gmt":"2022-08-08T10:59:53","slug":"android-casus","status":"publish","type":"page","link":"https:\/\/www.spymasterpro.com\/tr\/android-casus\/","title":{"rendered":"Android Casus"},"content":{"rendered":"<div id=\"pl-50\" class=\"panel-layout\">\n<div id=\"pg-50-0\" class=\"panel-grid panel-no-style\">\n<div id=\"pgc-50-0-0\" class=\"panel-grid-cell\" data-weight=\"1\">\n<div id=\"panel-50-0-0-0\" class=\"so-panel widget_text panel-first-child\" data-index=\"0\" data-style=\"{&quot;background_image_attachment&quot;:false,&quot;background_display&quot;:&quot;tile&quot;}\">\n<div class=\"textwidget\">\n<section id=\"android_spy_banner\">\n<div class=\"container\">\n<div class=\"row\">\n<div class=\"col-xl-8 col-lg-8 col-md-8 col-sm-12 iphone_right_point\">\n<h4>Android Takibi<\/h4>\n<h6>ANDROID TAK\u0130B\u0130 \u015e\u0130MD\u0130 RAHAT B\u0130R \u015eEK\u0130LDE KULLANILAB\u0130L\u0130R<\/h6>\n<ul>\n<li>Silinmi\u015f Mesajlara, Whatsapp, Facebook Chat, GPS ve di\u011fer uygulamalar\u0131 takip et\u2026<\/li>\n<li>En d\u00fc\u015f\u00fck fiyat garantisi ile harika \u00f6zelliklere sahip ol<\/li>\n<li>Spymaster uygulamalar\u0131 Android 6 Marshmallow &amp; Android 11ile uyumludur<\/li>\n<li>Her t\u00fcrl\u00fc Web Taray\u0131c\u0131lar\u0131 ile giri\u015f yap\u0131labilir<\/li>\n<li>%100 G\u00fcvenli ve Ba\u015far\u0131l\u0131<\/li>\n<li>24\/7 \u00e7oklu dillerde destek hatt\u0131<\/li>\n<\/ul>\n<div class=\"slider_btn\">\n<p><a class=\"blue_btn\" href=\"https:\/\/www.spymasterpro.com\/demo\/\"><i class=\"fa fa-play\"><\/i>demo<\/a> <a class=\"blue_btn demo_btn\" href=\"..\/buynow\/\">\u015eimdi sat\u0131n al<\/a><\/p>\n<\/div>\n<\/div>\n<div class=\"col-xl-4 col-lg-4 col-md-4 hidden-sm-down iphone_left_img\">\n<p><img loading=\"lazy\" decoding=\"async\" class=\"alignnone\" title=\"Android Takibi\" src=\"..\/rgopal\/uploads\/2017\/02\/android_spy_phone_img.png\" alt=\"Android Takibi\" width=\"340\" height=\"377\" \/><\/p>\n<\/div>\n<\/div>\n<\/div>\n<\/section>\n<\/div>\n<\/div>\n<div id=\"panel-50-0-0-1\" class=\"so-panel widget_text panel-last-child\" data-index=\"1\" data-style=\"{&quot;background_display&quot;:&quot;tile&quot;}\">\n<h3 class=\"widget-title\">Spymaster Pro ile Android Telefonlarda Takip !<\/h3>\n<div class=\"textwidget\">\n<section id=\"android_spy\">\n<div class=\"container\">\n<div class=\"row\">\n<div class=\"col-xs-12\">\n<h2>Spymaster Pro ile Android Telefonlarda Takip !<\/h2>\n<p>&nbsp;<\/p>\n<div class=\"col-xl-5 col-lg-5 col-sm-5 col-md-5 col-sm-12 col-xs-12\">\n<p><img loading=\"lazy\" decoding=\"async\" class=\"alignnone\" title=\"Spymaster Pro ile Android Telefonlarda Takip\" src=\"..\/rgopal\/uploads\/2017\/02\/androind_spy_img.png\" alt=\"Spymaster Pro ile Android Telefonlarda Takip\" width=\"477\" height=\"241\" \/><\/p>\n<\/div>\n<div class=\"col-xl-7 col-lg-7 col-sm-7 col-md-7 col-sm-12 col-xs-12\">\n<p>Spymaster Pro size hedefteki android telefonun t\u00fcm kay\u0131tlar\u0131n\u0131 tek tek takip etmenize olanak tan\u0131yor. Yaz\u0131l\u0131m bir tek kurulduktan sonra bir daha android telefona dokunman\u0131za bile gerek yok. Bu kurulum en fazla 5 dakika s\u00fcr\u00fcyor ve sonras\u0131nda ise uzaktan her t\u00fcrl\u00fc kayda ve bilgiye ula\u015f\u0131m sa\u011fl\u0131yor. Yaln\u0131zca takip yaz\u0131l\u0131m\u0131 edinip sevdiklerinizi ve \u015f\u00fcphelendi\u011finiz \u00e7al\u0131\u015fanlar\u0131n\u0131z\u0131 takip etmeye ba\u015flay\u0131n. Her t\u00fcrl\u00fc mekandan eri\u015filebilen bu yaz\u0131l\u0131m olduk\u00e7a kolay bir kullan\u0131m format\u0131na sahiptir. Hedef telefon asla bu yaz\u0131l\u0131m\u0131 fark edemeyece\u011fi i\u00e7in kullan\u0131m\u0131 % 100 g\u00fcvenli.<\/p>\n<\/div>\n<\/div>\n<\/div>\n<\/div>\n<\/section>\n<section id=\"android_spy_feature\">\n<div class=\"container\">\n<div class=\"row\">\n<div class=\"col-xs-12 feature_heading text-xs-center\">\n<h3>Spymaster Pro \u00d6zellikleri<\/h3>\n<\/div>\n<div class=\"clearfix\">\n<div class=\"col-xl-6 col-lg-6 col-sm-6 col-md-6 col-xs-6 android_spy_points\">\n<h5><img decoding=\"async\" src=\"..\/rgopal\/uploads\/2017\/02\/android_icon.png\" \/>Arama Takibi<\/h5>\n<p>Android takip yaz\u0131l\u0131m\u0131 size arama takibi \u00f6zelli\u011fi ile telefonda kay\u0131tl\u0131 aranm\u0131\u015f numaralar\u0131n listesine eri\u015fim hakk\u0131 veriyor ve hatta telefon konu\u015fmalar\u0131n\u0131n ne kadar s\u00fcrd\u00fc\u011f\u00fcn\u00fc dahi \u00f6\u011frenebiliyorsunuz.<\/p>\n<\/div>\n<div class=\"col-xl-6 col-lg-6 col-sm-6 col-md-6 col-xs-6 android_spy_points\">\n<h5><img decoding=\"async\" src=\"..\/rgopal\/uploads\/2017\/02\/feature_icon2.png\" alt=\"icon_img\" \/> SMS Takibi<\/h5>\n<p>K\u0131sa mesaj takibi ile zaman ve tarih bilgileriyle birlikte g\u00f6nderilen ve al\u0131nan mesajlar\u0131 g\u00f6rme imkan\u0131 sa\u011flar.<\/p>\n<\/div>\n<div class=\"col-xl-6 col-lg-6 col-sm-6 col-md-6 col-xs-6 android_spy_points\">\n<h5><img decoding=\"async\" src=\"..\/rgopal\/uploads\/2017\/02\/feature_icon3.png\" alt=\"icon_img\" \/> GPS Takibi<\/h5>\n<p>GPS Takip \u00d6zelli\u011fi hedef kullan\u0131c\u0131n\u0131n bulundu\u011fu konumlar\u0131 size g\u00f6stererek hedefin nerede oldu\u011funu tam olarak bilmenizi sa\u011flar.<\/p>\n<\/div>\n<div class=\"col-xl-6 col-lg-6 col-sm-6 col-md-6 col-xs-6 android_spy_points\">\n<h5><img decoding=\"async\" src=\"..\/rgopal\/uploads\/2017\/02\/feature_icon10.png\" alt=\"icon_img\" \/> Foto\u011fraf Takibi<\/h5>\n<p>Bir di\u011fer \u00f6zellik olan Foto\u011fraf Takibi hedef kullan\u0131c\u0131n\u0131n Android telefonundaki kaydedilen resimleri kolayca kontrol etmenizi sa\u011flar. Tabi ki sadece bu foto\u011fraflar bile size bilgi vermeye yetecektir.<\/p>\n<\/div>\n<div class=\"col-xl-6 col-lg-6 col-sm-6 col-md-6 col-xs-6 android_spy_points\">\n<h5><img decoding=\"async\" src=\"..\/rgopal\/uploads\/2017\/02\/android_icon2.png\" \/> URL Takibi<\/h5>\n<p>URL Takibi sayesinde hedef telefon kullan\u0131larak eri\u015filen Websiteleri g\u00f6rmenizi sa\u011flar.<\/p>\n<\/div>\n<div class=\"col-xl-6 col-lg-6 col-sm-6 col-md-6 col-xs-6 android_spy_points\">\n<h5><img decoding=\"async\" src=\"..\/rgopal\/uploads\/2017\/02\/feature_icon6.png\" alt=\"icon_img\" \/> Telefon Rehberi Takibi<\/h5>\n<p>Telefon Rehberi Takibi sayesinde hedef kullan\u0131c\u0131n\u0131n telefon rehberindeki ki\u015filere ek bilgileriyle birlikte ula\u015fman\u0131z art\u0131k \u00e7ok kolay.<\/p>\n<\/div>\n<div class=\"col-xl-6 col-lg-6 col-sm-6 col-md-6 col-xs-6 android_spy_points\">\n<h5><img decoding=\"async\" src=\"https:\/\/www.spymasterpro.com\/tr\/wp-content\/uploads\/2020\/01\/snapchat.png\" alt=\"icon_img\" \/> Snapchat<\/h5>\n<p>Bu \u00f6zellikle, hedef telefondan de\u011fi\u015ftirilen k\u0131sa mesajlar\u0131 tam olarak kontrol edebilirsiniz. Bunun d\u0131\u015f\u0131nda, sohbetlerin de\u011fi\u015ftirildi\u011fi kesin tarih ve saat gibi t\u00fcm bilgilere eri\u015febilirsiniz.<\/p>\n<\/div>\n<div class=\"col-xl-6 col-lg-6 col-sm-6 col-md-6 col-xs-6 android_spy_points\">\n<h5><img decoding=\"async\" src=\"https:\/\/www.spymasterpro.com\/tr\/wp-content\/uploads\/2020\/01\/instagram.png\" alt=\"icon_img\" \/> Instagram<\/h5>\n<p>Spymaster Pro ile sohbet mesajlar\u0131n\u0131 okuyabilir ve hedef iOS \/ Android cihaz\u0131ndan de\u011fi\u015ftirilen medya dosyalar\u0131n\u0131 (foto\u011fraflar ve videolar) \u00fczerinde tam kontrole sahip olursunuz.<\/p>\n<\/div>\n<\/div>\n<div class=\"col-xl-12 col-xs-12 col-sm-12 col-md-12 strip_txt text-xs-center web_strip\">Ayda sadece 6.66 Dolara Spymaster Pro ya sahip olabilirsin!<\/div>\n<div class=\"col-xl-12 col-xs-12 col-sm-12 col-md-12 strip_btn feature_bottom spy_btn text-xs-center hidden-md-up\">\n<p><a class=\"blue_btn\" href=\"..\/spymasterpro-nasil-calisir\/\">K\u0131sa \u00d6zet<\/a> <a class=\"white_btn demo_btn\" href=\"..\/buynow\/\">\u015eimdi sat\u0131n al<\/a><\/p>\n<\/div>\n<div class=\"col-xl-6 col-lg-6 col-sm-6 col-md-6 col-xs-6 android_spy_points\">\n<h5><img decoding=\"async\" src=\"..\/rgopal\/uploads\/2017\/02\/feature_icon8.png\" alt=\"icon_img\" \/> WhatsApp Takibi<\/h5>\n<p>Spymaster Pro\u2019nun <a href=\"https:\/\/www.spymasterpro.com\/tr\/whataspp-casus\/\" target=\"_blank\" rel=\"noopener noreferrer\"><strong>WhatsApp Takip<\/strong><\/a> \u00d6zelli\u011fi ile, e\u015finizin aldatma mesajlar\u0131n\u0131 veya \u00e7ocuklar\u0131n\u0131z\u0131n tehlikeli sohbetlerini okuyabilirsiniz. Ayr\u0131ca WhatsApp \u00fczerinden payla\u015f\u0131lan ve al\u0131nan resimleri ve vidyolar\u0131 da izlemenize olanak sa\u011flar.<\/p>\n<\/div>\n<div class=\"col-xl-6 col-lg-6 col-sm-6 col-md-6 col-xs-6 android_spy_points\">\n<h5><img decoding=\"async\" src=\"..\/rgopal\/uploads\/2017\/02\/feature_icon9.png\" alt=\"icon_img\" \/>Facebook Messanger Sohbet Takibi<\/h5>\n<p>Spymaster Pro sayesinde <strong><a href=\"https:\/\/www.spymasterpro.com\/tr\/facebook-ajan-yazilimi-ile-facebook-mesajlarini-okuyun\/\" target=\"_blank\" rel=\"noopener noreferrer\">Facebook<\/a><\/strong> ta kay\u0131tl\u0131 sohbet konu\u015fmalar\u0131n\u0131 zaman ve tarih bilgileriyle birlikte uzaktan takip edebilirsiniz.<\/p>\n<\/div>\n<div class=\"col-xl-12 col-xs-12 col-sm-12 col-md-12 strip_txt text-xs-center\">Ayda sadece 6.66 Dolara Spymaster Pro ya sahip olabilirsin!<\/div>\n<div class=\"col-xl-12 col-xs-12 col-sm-12 col-md-12 strip_btn spy_btn feature_bottom text-xs-center\">\n<p><a class=\"white_btn demo_btn hidden-md-up\" href=\"..\/kullanimi-guvenli\/\">Kullanimi Guvenli<\/a> <a class=\"blue_btn hidden-sm-down\" href=\"..\/spymasterpro-nasil-calisir\/\">K\u0131sa \u00d6zet<\/a> <a class=\"white_btn demo_btn\" href=\"..\/buynow\/\">\u015eimdi sat\u0131n al<\/a><\/p>\n<\/div>\n<\/div>\n<\/div>\n<\/section>\n<\/div>\n<\/div>\n<\/div>\n<\/div>\n<\/div>\n<p><script type=\"application\/ld+json\">\n    {\n      \"@context\": \"https:\/\/schema.org\",\n      \"@type\": \"SoftwareApplication\",\n      \"name\" : \"Spymaster Pro\",\n  \t  \"image\" : \"https:\/\/www.spymasterpro.com\/tr\/rgopal\/uploads\/2017\/02\/android_spy_phone_img.png\",\n  \t  \"operatingSystem\": \"Windows 7, OSX 10.6, Android 1.6\",\n      \"applicationCategory\": \"BusinessApplication\",\n      \"featureList\": \"WhatsApp, Facebook, Instagram\",\n      \"aggregateRating\": {\n        \"@type\": \"AggregateRating\",\n        \"ratingValue\": \"4.9\",\n        \"ratingCount\": \"73523\"\n      },\n      \"offers\": {\n        \"@type\": \"Offer\",\n        \"price\": \"7.99\",\n        \"priceCurrency\": \"USD\"\n      }\n    }\n    <\/script><\/p>\n","protected":false},"excerpt":{"rendered":"<p>Android Takibi ANDROID TAK\u0130B\u0130 \u015e\u0130MD\u0130 RAHAT B\u0130R \u015eEK\u0130LDE KULLANILAB\u0130L\u0130R Silinmi\u015f Mesajlara, Whatsapp, Facebook Chat, GPS ve di\u011fer uygulamalar\u0131 takip et\u2026 En d\u00fc\u015f\u00fck fiyat garantisi ile harika \u00f6zelliklere sahip ol Spymaster uygulamalar\u0131 Android 6 Marshmallow &amp; Android 11ile uyumludur Her t\u00fcrl\u00fc Web Taray\u0131c\u0131lar\u0131 ile giri\u015f yap\u0131labilir %100 G\u00fcvenli ve Ba\u015far\u0131l\u0131 24\/7 \u00e7oklu dillerde destek hatt\u0131 demo &hellip; <a href=\"https:\/\/www.spymasterpro.com\/tr\/android-casus\/\" class=\"more-link\">Continue reading<span class=\"screen-reader-text\"> &#8220;Android Casus&#8221;<\/span><\/a><\/p>\n","protected":false},"author":1,"featured_media":0,"parent":0,"menu_order":0,"comment_status":"closed","ping_status":"closed","template":"page-full.php","meta":{"_acf_changed":false,"footnotes":""},"class_list":["post-50","page","type-page","status-publish","hentry"],"acf":[],"aioseo_notices":[],"_links":{"self":[{"href":"https:\/\/www.spymasterpro.com\/tr\/wp-json\/wp\/v2\/pages\/50","targetHints":{"allow":["GET"]}}],"collection":[{"href":"https:\/\/www.spymasterpro.com\/tr\/wp-json\/wp\/v2\/pages"}],"about":[{"href":"https:\/\/www.spymasterpro.com\/tr\/wp-json\/wp\/v2\/types\/page"}],"author":[{"embeddable":true,"href":"https:\/\/www.spymasterpro.com\/tr\/wp-json\/wp\/v2\/users\/1"}],"replies":[{"embeddable":true,"href":"https:\/\/www.spymasterpro.com\/tr\/wp-json\/wp\/v2\/comments?post=50"}],"version-history":[{"count":20,"href":"https:\/\/www.spymasterpro.com\/tr\/wp-json\/wp\/v2\/pages\/50\/revisions"}],"predecessor-version":[{"id":3660,"href":"https:\/\/www.spymasterpro.com\/tr\/wp-json\/wp\/v2\/pages\/50\/revisions\/3660"}],"wp:attachment":[{"href":"https:\/\/www.spymasterpro.com\/tr\/wp-json\/wp\/v2\/media?parent=50"}],"curies":[{"name":"wp","href":"https:\/\/api.w.org\/{rel}","templated":true}]}}