{"id":5,"date":"2017-02-27T07:55:25","date_gmt":"2017-02-27T07:55:25","guid":{"rendered":"https:\/\/www.spymasterpro.com\/tr\/?page_id=5"},"modified":"2020-02-12T12:44:02","modified_gmt":"2020-02-12T12:44:02","slug":"home-page","status":"publish","type":"page","link":"https:\/\/www.spymasterpro.com\/tr\/","title":{"rendered":"Home Page"},"content":{"rendered":"<section id=\"feature\">\n<div class=\"container\">\n<div class=\"row\">\n<div class=\"col-lg-12 mobile_space\">\n<h4>SPYMASTER PRO \u00d6ZELL\u0130KLER\u0130<\/h4>\n<div class=\"feature_full text-center\">\n<div class=\"col-xs-2-5 col-sm-1-5 col-md-1-5\">\n<p><a href=\"https:\/\/www.spymasterpro.com\/tr\/telefon-takip\/\"><i class=\"fa fa-mobile\" aria-hidden=\"true\"><!--tr--><\/i><\/p>\n<h3>Telefon<br \/>\nTakip<\/h3>\n<p><\/a><br \/>\n&nbsp;<\/p>\n<\/div>\n<div class=\"col-xs-2-5 col-sm-1-5 col-md-1-5\">\n<p><a href=\"https:\/\/www.spymasterpro.com\/tr\/sms-izleme\/\"><i class=\"fa fa-comments\" aria-hidden=\"true\"><!--tr--><\/i><\/p>\n<h3>SMS<br \/>\nizleme<\/h3>\n<p><\/a><br \/>\n&nbsp;<\/p>\n<\/div>\n<div class=\"col-xs-2-5 col-sm-1-5 col-md-1-5\">\n<p><a href=\"https:\/\/www.spymasterpro.com\/tr\/cagri-gunluk-izleme\/\"><i class=\"fa fa-phone\" aria-hidden=\"true\"><!--tr--><\/i><\/p>\n<h3>Arama G\u00fcnl\u00fckleri<br \/>\nTakip<\/h3>\n<p><\/a><br \/>\n&nbsp;<\/p>\n<\/div>\n<div class=\"col-xs-2-5 col-sm-1-5 col-md-1-5\">\n<p><a href=\"https:\/\/www.spymasterpro.com\/tr\/whataspp-casus\/\"><i class=\"fa fa-whatsapp\" aria-hidden=\"true\"><!--tr--><\/i><\/p>\n<h3>Whatsapp<br \/>\nTakip<\/h3>\n<p><\/a><br \/>\n&nbsp;<\/p>\n<\/div>\n<div class=\"col-xs-2-5 col-sm-1-5 col-md-1-5\">\n<p><a href=\"https:\/\/www.spymasterpro.com\/tr\/facebook-ajan-yazilimi-ile-facebook-mesajlarini-okuyun\/\"><i class=\"fa fa-facebook\" aria-hidden=\"true\"><!--tr--><\/i><\/p>\n<h3>Facebook<br \/>\n\u0130zlem<\/h3>\n<p><\/a><br \/>\n&nbsp;<\/p>\n<\/div>\n<div class=\"col-xs-2-5 col-sm-1-5 col-md-1-5\">\n<p><a href=\"https:\/\/www.spymasterpro.com\/tr\/snapchat-casus\/\"><i class=\"fa fa-snapchat-ghost\" aria-hidden=\"true\"><!--tr--><\/i><\/p>\n<h3>SnapChat<br \/>\nTakip<\/h3>\n<p><\/a><br \/>\n&nbsp;<\/p>\n<\/div>\n<div class=\"col-xs-2-5 col-sm-1-5 col-md-1-5\">\n<p><a href=\"https:\/\/www.spymasterpro.com\/tr\/instagram-casus\/\"><i class=\"fa fa-instagram\" aria-hidden=\"true\"><!--tr--><\/i><\/p>\n<h3>Instagram<br \/>\nTakip<\/h3>\n<p><\/a><br \/>\n&nbsp;<\/p>\n<\/div>\n<div class=\"col-xs-2-5 col-sm-1-5 col-md-1-5\">\n<p><a href=\"https:\/\/www.spymasterpro.com\/tr\/yuklu-uygulama-izleme\/\"><i class=\"fa fa-download\" aria-hidden=\"true\"><!--tr--><\/i><\/p>\n<h3>Y\u00fckl\u00fc Uygulama<br \/>\n\u0130zleme<\/h3>\n<p><\/a><br \/>\n&nbsp;<\/p>\n<\/div>\n<div class=\"col-xs-2-5 col-sm-1-5 col-md-1-5\">\n<p><a href=\"https:\/\/www.spymasterpro.com\/tr\/gps-telefon-takibi\/\"><i class=\"fa fa-map-marker\" aria-hidden=\"true\"><!--tr--><\/i><\/p>\n<h3>Gps<br \/>\ntakibi<\/h3>\n<p><\/a><br \/>\n&nbsp;<\/p>\n<\/div>\n<div class=\"col-xs-2-5 col-sm-1-5 col-md-1-5\">\n<p><a href=\"https:\/\/www.spymasterpro.com\/tr\/multimedya-izleme\/\"><i class=\"fa fa-picture-o\" aria-hidden=\"true\"><!--tr--><\/i><\/p>\n<h3>Multimedya<br \/>\nTakip<\/h3>\n<p><\/a><br \/>\n&nbsp;<\/p>\n<\/div>\n<div class=\"col-xs-2-5 col-sm-1-5 col-md-1-5\">\n<p><a href=\"https:\/\/www.spymasterpro.com\/tr\/tarayici-izleme-uygulamasi\/\"><i class=\"fa fa-chrome\" aria-hidden=\"true\"><!--tr--><\/i><\/p>\n<h3>Web Taray\u0131c\u0131<br \/>\nGe\u00e7mi\u015fi<\/h3>\n<p><\/a><br \/>\n&nbsp;<\/p>\n<\/div>\n<div class=\"col-xs-2-5 col-sm-1-5 col-md-1-5\">\n<p><a href=\"https:\/\/www.spymasterpro.com\/tr\/e-posta-izleme-uygulamasi\/\"><i class=\"fa fa-envelope\" aria-hidden=\"true\"><!--tr--><\/i><\/p>\n<h3>E-posta<br \/>\nIzleme<\/h3>\n<p><\/a><br \/>\n&nbsp;<\/p>\n<\/div>\n<div class=\"col-xs-2-5 col-sm-1-5 col-md-1-5\">\n<p><a href=\"https:\/\/www.spymasterpro.com\/tr\/hangout-cevrimici-izleyici\/\"><i class=\"fa fa-quote-right\" aria-hidden=\"true\"><!--tr--><\/i><\/p>\n<h3>Hangout<br \/>\nIzleme<\/h3>\n<p><\/a><br \/>\n&nbsp;<\/p>\n<\/div>\n<div class=\"col-xs-2-5 col-sm-1-5 col-md-1-5\">\n<p><a href=\"https:\/\/www.spymasterpro.com\/tr\/viber-hesabi-izleme\/\"><i class=\"fa fa-volume-control-phone\" aria-hidden=\"true\"><!--tr--><\/i><\/p>\n<h3>Viber<br \/>\nTakip<\/h3>\n<p><\/a><br \/>\n&nbsp;<\/p>\n<\/div>\n<div class=\"col-xs-2-5 col-sm-1-5 col-md-1-5 sm-none\"><\/div>\n<div class=\"col-xs-2-5 col-sm-1-5 col-md-1-5 sm-none\"><\/div>\n<div class=\"col-xs-2-5 col-sm-1-5 col-md-1-5\">\n<p><a href=\"https:\/\/www.spymasterpro.com\/tr\/tinder-izleme\/\"><i class=\"fa fa-free-code-camp\" aria-hidden=\"true\"><!--tr--><\/i><\/p>\n<h3>Tinder<br \/>\n\u0130zleme<\/h3>\n<p><\/a><br \/>\n&nbsp;<\/p>\n<\/div>\n<div class=\"col-xs-2-5 col-sm-1-5 col-md-1-5\">\n<p><a href=\"https:\/\/www.spymasterpro.com\/tr\/telegram-izleme\/\"><i class=\"fa fa-telegram\" aria-hidden=\"true\"><!--tr--><\/i><\/p>\n<h3>Telegram<br \/>\n\u0130zleme<\/h3>\n<p><\/a><br \/>\n&nbsp;<\/p>\n<\/div>\n<div class=\"col-xs-2-5 col-sm-1-5 col-md-1-5\"><a href=\"https:\/\/www.spymasterpro.com\/tr\/kik-izleme\/\"><i class=\"fa fa-kik\" aria-hidden=\"true\"><img decoding=\"async\" class=\"kik-blue\" src=\"https:\/\/www.spymasterpro.com\/tr\/wp-content\/uploads\/2019\/01\/kik.png\" \/><img decoding=\"async\" class=\"kik-white\" src=\"https:\/\/www.spymasterpro.com\/tr\/wp-content\/uploads\/2019\/01\/kik-white.png\" \/><br \/>\n<\/i><\/p>\n<h3>Kik<br \/>\n\u0130zleme<\/h3>\n<p><\/a><br \/>\n&nbsp;<\/p>\n<\/div>\n<\/div>\n<div class=\"text-xs-center new-btn\"><a class=\"dark-btn\" href=\"https:\/\/www.spymasterpro.com\/tr\/ozellikler\/\"> Ozellikler <\/a> <a class=\"dark-btn\" href=\"https:\/\/www.spymasterpro.com\/tr\/simdi-satin-al\/\">Simdi Satin Al<\/a><\/div>\n<\/div>\n<\/div>\n<\/div>\n<\/section>\n<section id=\"work\" class=\"\">\n<div class=\"container\">\n<div class=\"row\">\n<div class=\"work_content clearfix\">\n<div class=\"heading text-xs-center mrgn-botm\">\n<h4>Nas\u0131l \u00e7al\u0131\u015f\u0131r<\/h4>\n<div class=\"andriod-iphone-link\">\n<div class=\"andriod-iphone-icon\"><a class=\"\" href=\"https:\/\/www.spymasterpro.com\/tr\/android-casus\/\"><i class=\"fa fa-android\"><!--tr--><\/i><\/a> <a class=\"\" href=\"https:\/\/www.spymasterpro.com\/tr\/iphone-jailbreak-olmadan\/\"><i class=\"fa fa-apple\"><!--tr--><\/i><\/a><\/div>\n<\/div>\n<\/div>\n<div class=\"col-xl-4 col-lg-4 col-md-4 col-sm-4 col-xs-12 work_items text-xs-center wow slideInUp\">\n<div class=\"how-work-icon\"><i class=\"fa fa-usd round\" aria-hidden=\"true\"><!--tr--><\/i><\/div>\n<h5>SPYMASTER PRO SATIN AL<\/h5>\n<p>Cep Telefonu Kontrol Yaz\u0131l\u0131m\u0131 Sat\u0131n Al a t\u0131kla veya web sitemizin \u015eimdi Sat\u0131n Al sekmesinden sat\u0131n al\u0131n. Bilgilerinizi g\u00f6nderim. Gerekli alanlar\u0131 doldurduktan sonra i\u015flem i\u00e7in devam edin.<\/p>\n<\/div>\n<div class=\"col-xl-4 col-lg-4 col-md-4 col-sm-4 col-xs-12 work_items text-xs-center slideInUp\">\n<div class=\"how-work-icon\"><i class=\"fa fa-arrow-down round\" aria-hidden=\"true\"><!--tr--><\/i><\/div>\n<h5>YAZILIMI KURUN<\/h5>\n<p>Yaz\u0131l\u0131m\u0131 yaln\u0131zca kontrol etmek istedi\u011finiz hedef telefona indirip kurun. Kurulum yaln\u0131zca 5 dakikan\u0131z\u0131 al\u0131r. E-mail adresine g\u00f6nderilen talimatlar\u0131 dikkatli bir \u015fekilde uygulay\u0131n<\/p>\n<\/div>\n<div class=\"col-xl-4 col-lg-4 col-md-4 col-sm-4 col-xs-12 work_items text-xs-center wow slideInUp\">\n<div class=\"how-work-icon\"><i class=\"fa fa-mobile round\" aria-hidden=\"true\"><i class=\"fa fa-search\" aria-hidden=\"true\"><!--tr--><\/i><!--tr--><\/i><\/div>\n<h5>KONTROL ETMEYE BA\u015eLA!!<\/h5>\n<p>E-mail ile size g\u00f6nderilen giri\u015f bilgilerini kullanarak Spymaster Pro Kontrol Panel\u2019ine giri\u015f yap\u0131n. Takip etmek istedi\u011finiz sevdiklerinizi veya \u00e7al\u0131\u015fanlar\u0131n\u0131z\u0131 g\u00f6r\u00fcnt\u00fclemeye ba\u015flay\u0131n. Uzaktan hem i\u015finizi hem de ailenizi koruyabilirsini<\/p>\n<\/div>\n<\/div>\n<div class=\"work_bottom text-xs-center slideInUp new-btn\"><a class=\"dark-btn\" href=\"https:\/\/www.spymasterpro.com\/tr\/simdi-satin-al\/\">\u015eimdi sat\u0131n al<\/a> <a class=\"dark-btn\" href=\"https:\/\/www.spymasterpro.com\/demo\/\"><i class=\"fa fa-play\"><!--tr--><\/i> demo<\/a><\/div>\n<\/div>\n<\/div>\n<p>&nbsp;<\/p>\n<div style=\"color: #60ddff; text-align:center\">\n<p>** Hay\u0131r tesisat gerek iPhone&#8217;da<\/p>\n<p>IPhone verilerini Spymaster Pro ile a\u00e7in (g\u00fcncellestirilmis s\u00fcr\u00fcm)<\/p>\n<\/div>\n<\/section>\n<section id=\"testimonial\">\n<div id=\"carousel2\" class=\"carousel fade-carousel slide\" data-ride=\"carousel\" data-interval=\"4000\">\n<h4>KULLANICI YORUMLARI<\/h4>\n<div class=\"carousel-inner\">\n<div class=\"carousel-item slides active\">\n<div class=\"row\">\n<div class=\"testimonial_txt text-xs-center\">\n<div class=\"profile-circle my-auto\"><img decoding=\"async\" src=\"https:\/\/www.spymasterpro.com\/tr\/wp-content\/themes\/spymaster\/images\/testmoinal_img1.png\" \/><\/div>\n<h5>BRYAN SIMMONS<\/h5>\n<p>\u201cSpymaster Pro, bana Kerem ad\u0131ndabir arkada\u015f\u0131m taraf\u0131ndan (eski bir Spymaster m\u00fc\u015fterisi) tavsiye edildi. Ben herkese kolayl\u0131kla g\u00fcvenen biri de\u011filim, inan\u0131n bana, bu yaz\u0131l\u0131m\u0131 ger\u00e7ekten \u00e7ok kullan\u0131\u015fl\u0131 buldum. Bu yaz\u0131l\u0131m\u0131 k\u00f6t\u00fc bir \u015firkette \u00e7al\u0131\u015fmak zorunda olan o\u011flumu kontrol etmek i\u00e7in kulland\u0131m ve \u015fu an o\u011flum gayet iyi durumda.\u201d<\/p>\n<\/div>\n<\/div>\n<\/div>\n<div class=\"carousel-item slides\">\n<div class=\"row\">\n<div class=\"testimonial_txt text-xs-center\">\n<div class=\"profile-circle my-auto\"><img decoding=\"async\" src=\"https:\/\/www.spymasterpro.com\/tr\/wp-content\/themes\/spymaster\/images\/testmoinal_img2.png\" \/><\/div>\n<h5>STEVE BARNES<\/h5>\n<p>\u201c2 \u00e7al\u0131\u015fan\u0131m hakk\u0131nda \u015f\u00fcphelerim vard\u0131 ve internette sorunuma \u00e7\u00f6z\u00fcm \u00f6nerileri ar\u0131yordum. Birden kar\u015f\u0131ma Spymaster Pro ve onlar\u0131n sunduklar\u0131 hizmetler \u00e7\u0131kt\u0131. Bu yaz\u0131l\u0131m\u0131 sat\u0131n ald\u0131m ve \u015f\u00fcphelendi\u011fim \u00e7al\u0131\u015fanlar\u0131m\u0131n cep telefonlar\u0131n\u0131 takip etmeye ba\u015flad\u0131m. Ne yaz\u0131k ki \u015firket s\u0131rlar\u0131n\u0131 rakip firmaya s\u0131zd\u0131rd\u0131klar\u0131n\u0131 \u00f6\u011frendim. Bu sorunu zeki bir \u015fekilde \u00e7\u00f6zd\u00fcm ama bu Spymaster Pro sayesinde oldu.\u201d<\/p>\n<\/div>\n<\/div>\n<\/div>\n<div class=\"carousel-item slides\">\n<div class=\"row\">\n<div class=\"testimonial_txt text-xs-center\">\n<div class=\"profile-circle my-auto\"><img decoding=\"async\" src=\"https:\/\/www.spymasterpro.com\/tr\/wp-content\/themes\/spymaster\/images\/testmoinal_img3.png\" \/><\/div>\n<h5>TIM HUGHES<\/h5>\n<p>\u201cGarip g\u00f6r\u00fcnebilir ama e\u015fim son g\u00fcnlerde \u00e7ok tuhaf davran\u0131yordu. Onunla pek \u00e7ok kez konu\u015fmay\u0131 denedim ve en sonunda duyars\u0131z davran\u0131\u015flar\u0131ndan dolay\u0131 bu yaz\u0131l\u0131m\u0131 sat\u0131n almaya karar verdim. Bu yaz\u0131l\u0131m\u0131 kullanarak onun online olarak yabanc\u0131 biri taraf\u0131ndan tehdit edildi\u011fini ve bu k\u00f6t\u00fc olay\u0131 benimle payla\u015famad\u0131\u011f\u0131n\u0131 \u00f6\u011frendim. Sonras\u0131nda e\u015fime haber vermeden ona yard\u0131mc\u0131 olmaya karar verdim ve \u015fans\u0131m yaver gitti ve ba\u015far\u0131l\u0131 oldum. Gizli bir \u015fekilde \u00e7al\u0131\u015ft\u0131\u011f\u0131 ve etkili oldu\u011fu i\u00e7in SpymasterPro\u2019ya yard\u0131mlar\u0131ndan dolay\u0131 te\u015fekk\u00fcr ederim.\u201d<\/p>\n<\/div>\n<\/div>\n<\/div>\n<\/div>\n<p><a class=\"left carousel-control\" role=\"button\" href=\"#carousel2\" data-slide=\"prev\"><br \/>\n<i class=\"fa fa-angle-left\" aria-hidden=\"true\"><\/i><br \/>\n<\/a><br \/>\n<a class=\"right carousel-control\" role=\"button\" href=\"#carousel2\" data-slide=\"next\"><br \/>\n<i class=\"fa fa-angle-right\" aria-hidden=\"true\"><\/i><br \/>\n<\/a><\/p>\n<\/div>\n","protected":false},"excerpt":{"rendered":"<p>SPYMASTER PRO \u00d6ZELL\u0130KLER\u0130 Telefon Takip &nbsp; SMS izleme &nbsp; Arama G\u00fcnl\u00fckleri Takip &nbsp; Whatsapp Takip &nbsp; Facebook \u0130zlem &nbsp; SnapChat Takip &nbsp; Instagram Takip &nbsp; Y\u00fckl\u00fc Uygulama \u0130zleme &nbsp; Gps takibi &nbsp; Multimedya Takip &nbsp; Web Taray\u0131c\u0131 Ge\u00e7mi\u015fi &nbsp; E-posta Izleme &nbsp; Hangout Izleme &nbsp; Viber Takip &nbsp; Tinder \u0130zleme &nbsp; Telegram \u0130zleme &nbsp; Kik &hellip; <a href=\"https:\/\/www.spymasterpro.com\/tr\/\" class=\"more-link\">Continue reading<span class=\"screen-reader-text\"> &#8220;Home Page&#8221;<\/span><\/a><\/p>\n","protected":false},"author":1,"featured_media":0,"parent":0,"menu_order":0,"comment_status":"closed","ping_status":"closed","template":"home-secure.php","meta":{"_acf_changed":false,"footnotes":""},"class_list":["post-5","page","type-page","status-publish","hentry"],"acf":[],"aioseo_notices":[],"_links":{"self":[{"href":"https:\/\/www.spymasterpro.com\/tr\/wp-json\/wp\/v2\/pages\/5","targetHints":{"allow":["GET"]}}],"collection":[{"href":"https:\/\/www.spymasterpro.com\/tr\/wp-json\/wp\/v2\/pages"}],"about":[{"href":"https:\/\/www.spymasterpro.com\/tr\/wp-json\/wp\/v2\/types\/page"}],"author":[{"embeddable":true,"href":"https:\/\/www.spymasterpro.com\/tr\/wp-json\/wp\/v2\/users\/1"}],"replies":[{"embeddable":true,"href":"https:\/\/www.spymasterpro.com\/tr\/wp-json\/wp\/v2\/comments?post=5"}],"version-history":[{"count":66,"href":"https:\/\/www.spymasterpro.com\/tr\/wp-json\/wp\/v2\/pages\/5\/revisions"}],"predecessor-version":[{"id":1197,"href":"https:\/\/www.spymasterpro.com\/tr\/wp-json\/wp\/v2\/pages\/5\/revisions\/1197"}],"wp:attachment":[{"href":"https:\/\/www.spymasterpro.com\/tr\/wp-json\/wp\/v2\/media?parent=5"}],"curies":[{"name":"wp","href":"https:\/\/api.w.org\/{rel}","templated":true}]}}