{"id":451,"date":"2017-03-24T05:27:32","date_gmt":"2017-03-24T05:27:32","guid":{"rendered":"https:\/\/www.spymasterpro.com\/tr\/?page_id=451"},"modified":"2019-07-03T09:38:17","modified_gmt":"2019-07-03T09:38:17","slug":"kullanimi-guvenli","status":"publish","type":"page","link":"https:\/\/www.spymasterpro.com\/tr\/kullanimi-guvenli\/","title":{"rendered":"KULLANIMI G\u00dcVENL\u0130"},"content":{"rendered":"<div id=\"pl-451\"  class=\"panel-layout\" ><div id=\"pg-451-0\"  class=\"panel-grid panel-no-style\" ><div id=\"pgc-451-0-0\"  class=\"panel-grid-cell\" ><div id=\"panel-451-0-0-0\" class=\"so-panel widget widget_text panel-first-child panel-last-child\" data-index=\"0\" ><h3 class=\"widget-title\">Safe to Use<\/h3>\t\t\t<div class=\"textwidget\"><section id=\"inner_banner\">\n<div class=\"container\">\n<div class=\"row\">\n<div class=\"col-lg-6 col-md-6 col-sm-6 col-xs-7 text-xs-center spy_banner_txt\">\n<h2>KULLANIMI G\u00dcVENL\u0130<\/h2>\n<h1>%100 <br> G\u00fcvenlik Garantisi<\/h1>\n<\/div>\n<div class=\"col-lg-6 col-md-6 col-sm-6 col-xs-5 \">\n<img decoding=\"async\" src=\"..\/wp-content\/uploads\/2017\/02\/spy_use_banner.png\" alt=\"banner img\">\n<\/div>\n<\/div>\n<\/div>\n<\/section>\n<!-- inner banner section end --> \n\n<!-- spy text part start -->\n<section id=\"about_content\">\n<div class=\"container\">\n<div class=\"row\">\n<div class=\"main clearfix\">\n<div class=\"col-lg-9 col-md-9 col-sm-9 col-xs-9 about_para\">\n<h5><img decoding=\"async\" src=\"..\/wp-content\/uploads\/2017\/02\/safe_icon.png\" alt=\"icon1\"> HEDEF TELEFONDA \u0130KON G\u00d6STER\u0130LMEZ <\/h5>\n<p>Bu yaz\u0131l\u0131m, uzmanlar taraf\u0131ndan g\u00f6r\u00fclmez \u00e7al\u0131\u015facak \u015fekilde tasarland\u0131. Hedef telefon kullan\u0131c\u0131s\u0131 telefonunda b\u00f6yle bir uygulaman\u0131n varl\u0131\u011f\u0131ndan asla haberdar olamayacak bir \u015fekilde uygulama \u00e7al\u0131\u015f\u0131r.<\/p>\n<\/div>\n<div class=\"col-lg-3 col-md-3 col-sm-3 col-xs-3 about_img\">\n<img decoding=\"async\" src=\"..\/wp-content\/uploads\/2017\/02\/side_img1.png\" alt=\"img\">\n<\/div>\n<img decoding=\"async\" src=\"..\/wp-content\/uploads\/2017\/02\/arrow_shape.png\" alt=\"img\" class=\"shape\">\n<\/div>\n<div class=\"main clearfix\">\n<div class=\"col-lg-3 col-md-3 col-sm-3 col-xs-3 about_img2\">\n<img decoding=\"async\" src=\"..\/wp-content\/uploads\/2017\/02\/side_img2.png\" alt=\"img\">\n<\/div>\n<div class=\"col-lg-9 col-md-9 col-sm-9 col-xs-9 about_para\">\n<h5><img decoding=\"async\" src=\"..\/wp-content\/uploads\/2017\/02\/safe_icon2.png\" alt=\"icon1\"> HEDEF KULLANICININ HABER\u0130 OLAMAZ<\/h5>\n<p>Hedef ki\u015fi kendisinin takip edildi\u011fini asla fark edemez. \u015eimdi ba\u015fka birinin telefonuna h\u0131zl\u0131 bir \u015fekilde g\u00f6z atman\u0131za veya onlara herhangi bir \u015fey sorman\u0131za gerek kalmad\u0131.<\/p>\n<\/div>\n<img decoding=\"async\" src=\"..\/wp-content\/uploads\/2017\/02\/arrow_shape2.png\" alt=\"img\" class=\"shape2\">\n<\/div>\n<div class=\"main clearfix\">\n<div class=\"col-lg-9 col-md-9 col-sm-9 col-xs-9 about_para\">\n<h5><img decoding=\"async\" src=\"..\/wp-content\/uploads\/2017\/02\/safe_icon3.png\" alt=\"icon1\"> YAZILIM G\u0130ZL\u0130 MODDA \u00c7ALI\u015eIR<\/h5>\n<p>Bu yaz\u0131l\u0131m sessiz bir \u015fekilde hedef telefondaki her bir detay\u0131 kaydedip sizin kontrol panelinize g\u00f6nderiyor. Diledi\u011finiz an spymaster pro hesab\u0131n\u0131za giri\u015f yap\u0131p kendi telefonunuz ile hedef telefonda yap\u0131lan her \u015feyi \u00f6\u011frenebilirsiniz.<\/p>\n<\/div>\n<div class=\"col-lg-3 col-md-3 col-sm-3 col-xs-3 about_img\">\n<img decoding=\"async\" src=\"..\/wp-content\/uploads\/2017\/02\/side_img3.png\" alt=\"img\">\n<\/div>\n<img decoding=\"async\" src=\"..\/wp-content\/uploads\/2017\/02\/arrow_shape.png\" alt=\"img\" class=\"shape\">\n<\/div>\n<div class=\"main clearfix\">\n<div class=\"col-lg-3 col-md-3 col-sm-3 col-xs-3 about_img2\">\n<img decoding=\"async\" src=\"..\/wp-content\/uploads\/2017\/02\/side_img4.png\" alt=\"img\">\n<\/div>\n<div class=\"col-lg-9 col-md-9 col-sm-9 col-xs-9 about_para\">\n<h5><img decoding=\"async\" src=\"..\/wp-content\/uploads\/2017\/02\/safe_icon4.png\" alt=\"icon1\"> UZAKTAN \u00c7ALI\u015eIYOR<\/h5>\n<p>Hedef ki\u015fi kendisinin takip edildi\u011fini asla fark edemez. \u015eimdi ba\u015fka birinin telefonuna h\u0131zl\u0131 bir \u015fekilde g\u00f6z atman\u0131za veya onlara herhangi bir \u015fey sorman\u0131za gerek kalmad\u0131.<\/p>\n<\/div>\n<img decoding=\"async\" src=\"..\/wp-content\/uploads\/2017\/02\/arrow_shape2.png\" alt=\"img\" class=\"shape2\">\n<\/div>\n<\/div>\n<\/div>\n<\/section>\n<!-- spy text part end -->\n\n<!-- bottom button part start -->\n<section id=\"blue_strip\">\n<div class=\"container-fluid\">\n<div class=\"row\">\n<div class=\"col-xl-12 strip_txt text-xs-center\">\n<p>\u015eimdi indir ve Hedefini takip etmeye ba\u015fla !!<\/p>\n<\/div>\n<div class=\"col-lg-12\">\n<div class=\"strip_btn feature_bottom text-xs-center\">\n<a class=\"white_btn\" href=\"https:\/\/www.spymasterpro.com\/tr\/ozellikler\/\">NASIL \u00c7ALI\u015eIR<\/a>\n <a class=\"white_btn demo_btn hidden-md-up\" href=\"https:\/\/www.spymasterpro.com\/tr\/simdi-satin-al\/\">\u015eimdi sat\u0131n al<\/a>\n <a class=\"blue_btn demo_btn hidden-sm-down\" href=\"https:\/\/www.spymasterpro.com\/tr\/simdi-satin-al\/\">BURADAN AL<\/a>\n<\/div>\n<\/div>\n<\/div>\n<\/div>\n<\/section><\/div>\n\t\t<\/div><\/div><\/div><\/div>","protected":false},"excerpt":{"rendered":"<p>KULLANIMI G\u00dcVENL\u0130 %100 G\u00fcvenlik Garantisi HEDEF TELEFONDA \u0130KON G\u00d6STER\u0130LMEZ Bu yaz\u0131l\u0131m, uzmanlar taraf\u0131ndan g\u00f6r\u00fclmez \u00e7al\u0131\u015facak \u015fekilde tasarland\u0131. Hedef telefon kullan\u0131c\u0131s\u0131 telefonunda b\u00f6yle bir uygulaman\u0131n varl\u0131\u011f\u0131ndan asla haberdar olamayacak bir \u015fekilde uygulama \u00e7al\u0131\u015f\u0131r. HEDEF KULLANICININ HABER\u0130 OLAMAZ Hedef ki\u015fi kendisinin takip edildi\u011fini asla fark edemez. \u015eimdi ba\u015fka birinin telefonuna h\u0131zl\u0131 bir \u015fekilde g\u00f6z atman\u0131za veya onlara &hellip; <a href=\"https:\/\/www.spymasterpro.com\/tr\/kullanimi-guvenli\/\" class=\"more-link\">Continue reading<span class=\"screen-reader-text\"> &#8220;KULLANIMI G\u00dcVENL\u0130&#8221;<\/span><\/a><\/p>\n","protected":false},"author":1,"featured_media":0,"parent":0,"menu_order":0,"comment_status":"closed","ping_status":"closed","template":"page-full.php","meta":{"_acf_changed":false,"footnotes":""},"class_list":["post-451","page","type-page","status-publish","hentry"],"acf":[],"aioseo_notices":[],"_links":{"self":[{"href":"https:\/\/www.spymasterpro.com\/tr\/wp-json\/wp\/v2\/pages\/451","targetHints":{"allow":["GET"]}}],"collection":[{"href":"https:\/\/www.spymasterpro.com\/tr\/wp-json\/wp\/v2\/pages"}],"about":[{"href":"https:\/\/www.spymasterpro.com\/tr\/wp-json\/wp\/v2\/types\/page"}],"author":[{"embeddable":true,"href":"https:\/\/www.spymasterpro.com\/tr\/wp-json\/wp\/v2\/users\/1"}],"replies":[{"embeddable":true,"href":"https:\/\/www.spymasterpro.com\/tr\/wp-json\/wp\/v2\/comments?post=451"}],"version-history":[{"count":4,"href":"https:\/\/www.spymasterpro.com\/tr\/wp-json\/wp\/v2\/pages\/451\/revisions"}],"predecessor-version":[{"id":1039,"href":"https:\/\/www.spymasterpro.com\/tr\/wp-json\/wp\/v2\/pages\/451\/revisions\/1039"}],"wp:attachment":[{"href":"https:\/\/www.spymasterpro.com\/tr\/wp-json\/wp\/v2\/media?parent=451"}],"curies":[{"name":"wp","href":"https:\/\/api.w.org\/{rel}","templated":true}]}}