{"id":234,"date":"2016-04-16T10:30:34","date_gmt":"2016-04-16T10:30:34","guid":{"rendered":"https:\/\/www.spymasterpro.com\/tr\/?page_id=234"},"modified":"2020-01-07T06:06:59","modified_gmt":"2020-01-07T06:06:59","slug":"iphone-jailbreak-olmadan","status":"publish","type":"page","link":"https:\/\/www.spymasterpro.com\/tr\/iphone-jailbreak-olmadan\/","title":{"rendered":"iPhone  Jailbreak Olmadan"},"content":{"rendered":"<div id=\"pl-234\" class=\"panel-layout\">\n<div id=\"pg-234-0\" class=\"panel-grid panel-no-style\">\n<div id=\"pgc-234-0-0\" class=\"panel-grid-cell\" data-weight=\"1\">\n<div id=\"panel-234-0-0-0\" class=\"so-panel widget widget_text panel-first-child\" data-index=\"0\" data-style=\"{&quot;background_image_attachment&quot;:false,&quot;background_display&quot;:&quot;tile&quot;}\">\n<h3 class=\"widget-title\">Banner<\/h3>\n<div class=\"textwidget\">\n<section id=\"iphone_spy_banner\">\n<div class=\"container\">\n<div class=\"row\">\n<div class=\"col-xl-3 col-lg-3 col-md-3 hidden-sm-down iphone_left_img\">\n<p><img loading=\"lazy\" decoding=\"async\" class=\"alignnone\" title=\"iphone izleme\" src=\"..\/rgopal\/themes\/spymaster\/images\/iphone_spy_phone_img.png\" alt=\"iphone izleme\" width=\"236\" height=\"295\" \/><\/p>\n<\/div>\n<div class=\"col-xl-9 col-lg-9 col-md-9 col-sm-12 iphone_right_point\">\n<h4>Hedef iPhone u Uzaktan Takip Et<\/h4>\n<h6>SPYMASTER IOS 9 &#8211; IOS 11.4 \u0130\u00c7\u0130N UYUMLUDUR.<\/h6>\n<ul>\n<li>T\u00fcm taray\u0131c\u0131lar ile uyumludur<\/li>\n<li>Hedef iPhone- arama kay\u0131tlar\u0131, mesajlar, WhatsApp yaz\u0131\u015fmalar\u0131 ve di\u011fer pek \u00e7ok kayd\u0131 detayl\u0131 bir \u015fekilde g\u00f6r<\/li>\n<li>Sevdiklerinizi ve \u00e7al\u0131\u015fanlar\u0131n\u0131z\u0131 takip edin<\/li>\n<li>Ka\u00e7\u0131\u015f Gerektirmez<\/li>\n<li>Kurulum Gerektirmez<\/li>\n<\/ul>\n<div class=\"slider_btn\">\n<p><a class=\"blue_btn\" href=\"https:\/\/www.spymasterpro.com\/demo\/\"><i class=\"fa fa-play\"><\/i>demo<\/a><a class=\"blue_btn demo_btn\" href=\"..\/buynow\/\">\u015eimdi sat\u0131n al<\/a><\/p>\n<\/div>\n<\/div>\n<\/div>\n<\/div>\n<\/section>\n<\/div>\n<\/div>\n<div id=\"panel-234-0-0-1\" class=\"so-panel widget widget_text\" data-index=\"1\" data-style=\"{&quot;background_display&quot;:&quot;tile&quot;}\">\n<h3 class=\"widget-title\">Features<\/h3>\n<div class=\"textwidget\">\n<section id=\"android_spy_feature\" class=\"iphone_spy_feature\">\n<div class=\"container\">\n<div class=\"row\">\n<div class=\"feature_heading text-xs-center\">\n<h3>Spymasterpro a\u015fa\u011f\u0131da listelenen m\u00fckemmel \u00f6zellikler ile birlikte piyasaya \u00e7\u0131kt\u0131<\/h3>\n<\/div>\n<div class=\"clearfix\">\n<div class=\"col-xl-6 col-lg-6 col-sm-6 col-md-6 col-xs-6 android_spy_points\">\n<h5><img decoding=\"async\" src=\"..\/rgopal\/themes\/spymaster\/images\/android_icon.png\" alt=\"icon_img\" \/> Ki\u015filer<\/h5>\n<p>Hedef telefondaki t\u00fcm ki\u015fileri g\u00f6r\u00fcnt\u00fcle.<\/p>\n<\/div>\n<div class=\"col-xl-6 col-lg-6 col-sm-6 col-md-6 col-xs-6 android_spy_points\">\n<h5><img decoding=\"async\" src=\"..\/rgopal\/themes\/spymaster\/images\/iphone_spy_icon.png\" alt=\"icon_img\" \/> Arama Kay\u0131tlar\u0131<\/h5>\n<p>Telefona gelen ve yap\u0131lan t\u00fcm aramalar\u0131 takip edin.<\/p>\n<\/div>\n<div class=\"col-xl-6 col-lg-6 col-sm-6 col-md-6 col-xs-6 android_spy_points\">\n<h5><img decoding=\"async\" src=\"..\/rgopal\/uploads\/2017\/02\/feature_icon2.png\" alt=\"icon_img\" \/> SMS Takibi<\/h5>\n<p>K\u0131sa mesaj takibi ile zaman ve tarih bilgileriyle birlikte g\u00f6nderilen ve al\u0131nan mesajlar\u0131 g\u00f6rme imkan\u0131 sa\u011flar.<\/p>\n<\/div>\n<div class=\"col-xl-6 col-lg-6 col-sm-6 col-md-6 col-xs-6 android_spy_points\">\n<h5><img decoding=\"async\" src=\"..\/rgopal\/themes\/spymaster\/images\/feature_icon8.png\" alt=\"icon_img\" \/> WhatsApp<\/h5>\n<p>WhatsApp \u00fczerinden yap\u0131lan t\u00fcm hareketleri g\u00f6r\u00fcnt\u00fcle<\/p>\n<\/div>\n<div class=\"col-xl-6 col-lg-6 col-sm-6 col-md-6 col-xs-6 android_spy_points\">\n<h5><img decoding=\"async\" src=\"..\/rgopal\/themes\/spymaster\/images\/feature_icon9.png\" alt=\"icon_img\" \/> Facebook Takibi<\/h5>\n<p>Cep telefonu casusunuz Spymaster Pro, Facebook \u00fczerinden payla\u015f\u0131lan t\u00fcm medya<\/p>\n<\/div>\n<div class=\"col-xl-6 col-lg-6 col-sm-6 col-md-6 col-xs-6 android_spy_points\">\n<h5><img decoding=\"async\" src=\"..\/rgopal\/themes\/spymaster\/images\/feature_icon10.png\" alt=\"icon_img\" \/> Foto\u011fraf Takibi<\/h5>\n<p>Hedef olarak se\u00e7ti\u011finiz ki\u015finin iPhone unda olan her t\u00fcrl\u00fc foto\u011frafa bu \u00f6zellik sayesinde eri\u015febilirsiniz. T\u00fcm foto\u011fraflara tam ula\u015f\u0131m hakk\u0131na sahip olursunuz.<\/p>\n<\/div>\n<div class=\"col-xl-6 col-lg-6 col-sm-6 col-md-6 col-xs-6 android_spy_points\">\n<h5><img decoding=\"async\" src=\"https:\/\/www.spymasterpro.com\/tr\/wp-content\/uploads\/2020\/01\/snapchat.png\" alt=\"icon_img\" \/> Snapchat<\/h5>\n<p>Bu \u00f6zellikle, hedef telefondan de\u011fi\u015ftirilen k\u0131sa mesajlar\u0131 tam olarak kontrol edebilirsiniz. Bunun d\u0131\u015f\u0131nda, sohbetlerin de\u011fi\u015ftirildi\u011fi kesin tarih ve saat gibi t\u00fcm bilgilere eri\u015febilirsiniz<\/p>\n<\/div>\n<div class=\"col-xl-6 col-lg-6 col-sm-6 col-md-6 col-xs-6 android_spy_points\">\n<h5><img decoding=\"async\" src=\"https:\/\/www.spymasterpro.com\/tr\/wp-content\/uploads\/2020\/01\/instagram.png\" alt=\"icon_img\" \/> Instagram<\/h5>\n<p>Spymaster Pro ile sohbet mesajlar\u0131n\u0131 okuyabilir ve hedef iOS \/ Android cihaz\u0131ndan de\u011fi\u015ftirilen medya dosyalar\u0131n\u0131 (foto\u011fraflar ve videolar) \u00fczerinde tam kontrole sahip olursunuz.<\/p>\n<\/div>\n<\/div>\n<div class=\"iphone_note col-xs-12\">\n<p><strong>Notlar: <\/strong>Jailbreak olmadan iOS telefonlar\u0131 takip etmek i\u00e7in iCloud kimlik bilgileri gereklidir.<\/p>\n<\/div>\n<div class=\"col-xl-12 col-xs-12 col-sm-12 col-md-12 strip_btn spy_btn feature_bottom text-xs-center hidden-md-up\">\n<p><a class=\"white_btn\" href=\"..\/spymasterpro-nasil-calisir\/\">K\u0131sa \u00d6zet<\/a><\/p>\n<p><a class=\"blue_btn\" href=\"..\/buynow\/\">\u015eimdi sat\u0131n al<\/a><\/p>\n<\/div>\n<\/div>\n<\/div>\n<\/section>\n<\/div>\n<\/div>\n<div id=\"panel-234-0-0-2\" class=\"so-panel widget widget_text\" data-index=\"2\" data-style=\"{&quot;background_display&quot;:&quot;tile&quot;}\">\n<h3 class=\"widget-title\">How it works<\/h3>\n<div class=\"textwidget\">\n<section id=\"iphone_spy_work\">\n<div class=\"container\">\n<div class=\"row\">\n<div class=\"feature_heading text-xs-center\">\n<h3>Nas\u0131l \u00c7al\u0131\u015f\u0131r?<\/h3>\n<\/div>\n<div class=\"row iphone_spy_work_phone\">\n<div class=\"col-xl-4 col-lg-4 col-md-4 col-sm-4 text-xs-center\">\n<div class=\"iphone_spy_bx\">\n<p><img decoding=\"async\" src=\"..\/rgopal\/themes\/spymaster\/images\/iphone_spy_img1.png\" \/><\/p>\n<h5>ICloud Kimlik Bilgilerini Edinin<\/h5>\n<p>Hedef telefonun iCloud kimlik bilgilerini \u00f6\u011frenin (jailbreak olmadan). E\u011fer iCloud kimlik bilgileri aktif de\u011filse, telefona fiziksel eri\u015fime ihtiyac\u0131n\u0131z olabilir.<\/p>\n<\/div>\n<\/div>\n<div class=\"col-xl-4 col-lg-4 col-md-4 col-sm-4 text-xs-center\">\n<div class=\"iphone_spy_bx\">\n<p><img decoding=\"async\" src=\"..\/rgopal\/themes\/spymaster\/images\/iphone_spy_img2.png\" \/><\/p>\n<h5>\u00d6zellik Se\u00e7in<\/h5>\n<p>Eri\u015fime sahip olduktan sonra istedi\u011finiz \u00f6zelli\u011fi kullanmaya ba\u015flay\u0131n<\/p>\n<\/div>\n<\/div>\n<div class=\"col-xl-4 col-lg-4 col-md-4 col-sm-4 text-xs-center\">\n<div class=\"iphone_spy_bx\">\n<p><img decoding=\"async\" src=\"..\/rgopal\/themes\/spymaster\/images\/iphone_spy_img3.jpg\" \/><\/p>\n<h5>Takibe Ba\u015flay\u0131n<\/h5>\n<p>Kontol panelinize giri\u015f yaparak hedef telefonu izlemeye ba\u015flay\u0131n<\/p>\n<\/div>\n<\/div>\n<\/div>\n<\/div>\n<\/div>\n<\/section>\n<\/div>\n<\/div>\n<div id=\"panel-234-0-0-3\" class=\"so-panel widget widget_text panel-last-child\" data-index=\"3\" data-style=\"{&quot;background_display&quot;:&quot;tile&quot;}\">\n<h3 class=\"widget-title\">Buttons<\/h3>\n<div class=\"textwidget\">\n<section id=\"iphone_spy_bottom\">\n<div class=\"container\">\n<div class=\"row\">\n<div class=\"col-xl-12 col-xs-12 col-sm-12 col-md-12 strip_txt text-xs-center\">Ayda sadece <del datetime=\"2016-01-22T10:00:57+00:00\">$10.41<\/del> 9.99 Dolara Spymaster Pro ya sahip olabilirsin!<\/div>\n<div class=\"col-xl-12 col-xs-12 col-sm-12 col-md-12 strip_btn spy_btn feature_bottom text-xs-center\">\n<p><a class=\"blue_btn\" href=\"..\/kullanimi-guvenli\/\">Kullanimi Guvenli<\/a> <a class=\"white_btn demo_btn hidden-sm-down\" href=\"..\/buynow\/\">\u015eimdi sat\u0131n al<\/a> <a class=\"white_btn demo_btn hidden-md-up\" href=\"..\/buynow\/\">\u015eimdi sat\u0131n al<\/a><\/p>\n<\/div>\n<\/div>\n<\/div>\n<\/section>\n<\/div>\n<\/div>\n<\/div>\n<\/div>\n<\/div>\n","protected":false},"excerpt":{"rendered":"<p>Banner Hedef iPhone u Uzaktan Takip Et SPYMASTER IOS 9 &#8211; IOS 11.4 \u0130\u00c7\u0130N UYUMLUDUR. T\u00fcm taray\u0131c\u0131lar ile uyumludur Hedef iPhone- arama kay\u0131tlar\u0131, mesajlar, WhatsApp yaz\u0131\u015fmalar\u0131 ve di\u011fer pek \u00e7ok kayd\u0131 detayl\u0131 bir \u015fekilde g\u00f6r Sevdiklerinizi ve \u00e7al\u0131\u015fanlar\u0131n\u0131z\u0131 takip edin Ka\u00e7\u0131\u015f Gerektirmez Kurulum Gerektirmez demo\u015eimdi sat\u0131n al Features Spymasterpro a\u015fa\u011f\u0131da listelenen m\u00fckemmel \u00f6zellikler ile birlikte &hellip; <a href=\"https:\/\/www.spymasterpro.com\/tr\/iphone-jailbreak-olmadan\/\" class=\"more-link\">Continue reading<span class=\"screen-reader-text\"> &#8220;iPhone  Jailbreak Olmadan&#8221;<\/span><\/a><\/p>\n","protected":false},"author":1,"featured_media":0,"parent":0,"menu_order":0,"comment_status":"closed","ping_status":"closed","template":"page-full.php","meta":{"_acf_changed":false,"footnotes":""},"class_list":["post-234","page","type-page","status-publish","hentry"],"acf":[],"aioseo_notices":[],"_links":{"self":[{"href":"https:\/\/www.spymasterpro.com\/tr\/wp-json\/wp\/v2\/pages\/234","targetHints":{"allow":["GET"]}}],"collection":[{"href":"https:\/\/www.spymasterpro.com\/tr\/wp-json\/wp\/v2\/pages"}],"about":[{"href":"https:\/\/www.spymasterpro.com\/tr\/wp-json\/wp\/v2\/types\/page"}],"author":[{"embeddable":true,"href":"https:\/\/www.spymasterpro.com\/tr\/wp-json\/wp\/v2\/users\/1"}],"replies":[{"embeddable":true,"href":"https:\/\/www.spymasterpro.com\/tr\/wp-json\/wp\/v2\/comments?post=234"}],"version-history":[{"count":28,"href":"https:\/\/www.spymasterpro.com\/tr\/wp-json\/wp\/v2\/pages\/234\/revisions"}],"predecessor-version":[{"id":1185,"href":"https:\/\/www.spymasterpro.com\/tr\/wp-json\/wp\/v2\/pages\/234\/revisions\/1185"}],"wp:attachment":[{"href":"https:\/\/www.spymasterpro.com\/tr\/wp-json\/wp\/v2\/media?parent=234"}],"curies":[{"name":"wp","href":"https:\/\/api.w.org\/{rel}","templated":true}]}}