{"id":191,"date":"2016-01-27T06:21:22","date_gmt":"2016-01-27T06:21:22","guid":{"rendered":"https:\/\/www.spymasterpro.com\/tr\/?page_id=191"},"modified":"2022-08-08T11:28:17","modified_gmt":"2022-08-08T11:28:17","slug":"iphone-kurulumu","status":"publish","type":"page","link":"https:\/\/www.spymasterpro.com\/tr\/iphone-kurulumu\/","title":{"rendered":"iPhone Kurulumu"},"content":{"rendered":"<h4>Spymaster Pro iPhone Kurulum Rehberi<\/h4>\n<p align=\"justify\">Spymaster Pro, iPhone Kurulum Rehberine Ho\u015f Geldiniz. Spymaster Pro, iPhone kurulumu ile ilgili olduk\u00e7a kolay bir yol ke\u015ffetti. Uygulamay\u0131 sat\u0131n ald\u0131\u011f\u0131n\u0131zda web sitesine giri\u015f i\u00e7in kullanaca\u011f\u0131n\u0131z bir kullan\u0131c\u0131 ad\u0131 ve \u015fifreye sahip olacaks\u0131n\u0131z.<\/p>\n<p><strong>Link: \u201c <a href=\"https:\/\/senseye.spymasterpro.com\/main_admin\/login.php\">https:\/\/senseye.spymasterpro.com\/main_admin\/login.php<\/a>\u201d <\/strong><\/p>\n<p align=\"justify\">Bu sayfa \u00fczerinden kullan\u0131c\u0131 ad\u0131n\u0131z\u0131 ve \u015fifrenizi kullanarak kullan\u0131c\u0131 sayfan\u0131za giril\u015f yap\u0131n. Giri\u015f yapt\u0131ktan sonra kontrol paneline\/ kullan\u0131c\u0131 sayfan\u0131za y\u00f6nlendirileceksiniz. Arkas\u0131ndan izlemeniz gereken basamaklar \u015funlard\u0131r:<\/p>\n<p><strong>Basamak 1: iPhone\u2019a t\u0131klay\u0131n<\/strong><\/p>\n<p><img loading=\"lazy\" decoding=\"async\" class=\"alignright wp-image-263 size-large\" title=\"iPhone\u2019a t\u0131klay\u0131n\" src=\"https:\/\/www.spymasterpro.com\/tr\/wp-content\/uploads\/2016\/01\/1-1-1024x705.png\" alt=\"iPhone\u2019a t\u0131klay\u0131n\" width=\"840\" height=\"578\" srcset=\"https:\/\/www.spymasterpro.com\/tr\/wp-content\/uploads\/2016\/01\/1-1-1024x705.png 1024w, https:\/\/www.spymasterpro.com\/tr\/wp-content\/uploads\/2016\/01\/1-1-600x413.png 600w, https:\/\/www.spymasterpro.com\/tr\/wp-content\/uploads\/2016\/01\/1-1-300x207.png 300w, https:\/\/www.spymasterpro.com\/tr\/wp-content\/uploads\/2016\/01\/1-1-768x529.png 768w, https:\/\/www.spymasterpro.com\/tr\/wp-content\/uploads\/2016\/01\/1-1-1200x826.png 1200w, https:\/\/www.spymasterpro.com\/tr\/wp-content\/uploads\/2016\/01\/1-1.png 1287w\" sizes=\"auto, (max-width: 709px) 85vw, (max-width: 909px) 67vw, (max-width: 1362px) 62vw, 840px\" \/><\/p>\n<p><strong>Basamak 2: Arkas\u0131nda cihaz\u0131 ayarlay\u0131n. Bunun i\u00e7in takip etmek istedi\u011finiz iPhone\u2019un iCloud kimli\u011finin etkin (ON) olup olmad\u0131\u011f\u0131n\u0131 kontrol edin.<\/strong><\/p>\n<ul>\n<li>Etkin ise \u201cSonra\u201dbutonuna t\u0131klay\u0131n.<\/li>\n<li>Etkin de\u011fil ise hedef iPhone kullan\u0131p etkinle\u015ftirmeniz gerekir. Arkas\u0131ndan \u201cSonra\u201dbutonuna t\u0131klay\u0131n.<\/li>\n<\/ul>\n<p>iCloud hesap sayfas\u0131na y\u00f6nlendirileceksiniz. (Not: iCloud kimli\u011fi etkinle\u015ftirilmesi zorunludur).<br \/>\n<img loading=\"lazy\" decoding=\"async\" class=\"aligncenter wp-image-4491 size-full\" title=\"iPhone\u2019un iCloud kimli\u011finin etkin (ON) \" src=\"https:\/\/www.spymasterpro.com\/tr\/wp-content\/uploads\/2019\/05\/image_2019_05_08T10_16_58_573Z.png\" alt=\"iPhone\u2019un iCloud kimli\u011finin etkin (ON)  \" width=\"640\" height=\"430\" \/><\/p>\n<p><strong>Basamak 3: iPhone iCloud kimlik bilgileri ile giri\u015f yap\u0131n: kullan\u0131c\u0131 ad\u0131 ve \u015fifresi.<\/strong><\/p>\n<p><img loading=\"lazy\" decoding=\"async\" class=\"alignright wp-image-264 size-large\" title=\"iPhone iCloud kimlik bilgileri ile giri\u015f yap\u0131n\" src=\"https:\/\/www.spymasterpro.com\/tr\/wp-content\/uploads\/2016\/01\/3-1024x745.png\" alt=\"iPhone iCloud kimlik bilgileri ile giri\u015f yap\u0131n\" width=\"840\" height=\"611\" srcset=\"https:\/\/www.spymasterpro.com\/tr\/wp-content\/uploads\/2016\/01\/3-1024x745.png 1024w, https:\/\/www.spymasterpro.com\/tr\/wp-content\/uploads\/2016\/01\/3-600x436.png 600w, https:\/\/www.spymasterpro.com\/tr\/wp-content\/uploads\/2016\/01\/3-300x218.png 300w, https:\/\/www.spymasterpro.com\/tr\/wp-content\/uploads\/2016\/01\/3-768x559.png 768w, https:\/\/www.spymasterpro.com\/tr\/wp-content\/uploads\/2016\/01\/3-1200x873.png 1200w, https:\/\/www.spymasterpro.com\/tr\/wp-content\/uploads\/2016\/01\/3.png 1287w\" sizes=\"auto, (max-width: 709px) 85vw, (max-width: 909px) 67vw, (max-width: 1362px) 62vw, 840px\" \/><\/p>\n<p>&nbsp;<\/p>\n<p align=\"justify\">Basamak 3\u2019\u00fc de tamamlad\u0131ktan sonra hedef iPhone ile ilgili bilgiler kullan\u0131c\u0131 hesab\u0131n\u0131za iletilmeye ba\u015flanacak.<\/p>\n<p align=\"justify\">Daha fazla bilgi i\u00e7in <strong>support@spymasterpro.com<\/strong> adresi yoluyla bizimle ileti\u015fime ge\u00e7ebilirsiniz.<\/p>\n<p><script type=\"application\/ld+json\">\n    {\n      \"@context\": \"https:\/\/schema.org\",\n      \"@type\": \"SoftwareApplication\",\n      \"name\" : \"Spymaster Pro\",\n  \t  \"image\" : \"https:\/\/www.spymasterpro.com\/tr\/wp-content\/uploads\/2016\/01\/1-1-1024x705.png\",\n  \t  \"operatingSystem\": \"Windows 7, OSX 10.6, Android 1.6\",\n      \"applicationCategory\": \"BusinessApplication\",\n      \"featureList\": \"WhatsApp, Facebook, Instagram\",\n      \"aggregateRating\": {\n        \"@type\": \"AggregateRating\",\n        \"ratingValue\": \"4.9\",\n        \"ratingCount\": \"23523\"\n      },\n      \"offers\": {\n        \"@type\": \"Offer\",\n        \"price\": \"7.99\",\n        \"priceCurrency\": \"USD\"\n      }\n    }\n    <\/script><\/p>\n","protected":false},"excerpt":{"rendered":"<p>Spymaster Pro iPhone Kurulum Rehberi Spymaster Pro, iPhone Kurulum Rehberine Ho\u015f Geldiniz. Spymaster Pro, iPhone kurulumu ile ilgili olduk\u00e7a kolay bir yol ke\u015ffetti. Uygulamay\u0131 sat\u0131n ald\u0131\u011f\u0131n\u0131zda web sitesine giri\u015f i\u00e7in kullanaca\u011f\u0131n\u0131z bir kullan\u0131c\u0131 ad\u0131 ve \u015fifreye sahip olacaks\u0131n\u0131z. Link: \u201c https:\/\/senseye.spymasterpro.com\/main_admin\/login.php\u201d Bu sayfa \u00fczerinden kullan\u0131c\u0131 ad\u0131n\u0131z\u0131 ve \u015fifrenizi kullanarak kullan\u0131c\u0131 sayfan\u0131za giril\u015f yap\u0131n. Giri\u015f yapt\u0131ktan &hellip; <a href=\"https:\/\/www.spymasterpro.com\/tr\/iphone-kurulumu\/\" class=\"more-link\">Continue reading<span class=\"screen-reader-text\"> &#8220;iPhone Kurulumu&#8221;<\/span><\/a><\/p>\n","protected":false},"author":1,"featured_media":0,"parent":0,"menu_order":0,"comment_status":"closed","ping_status":"closed","template":"","meta":{"_acf_changed":false,"footnotes":""},"class_list":["post-191","page","type-page","status-publish","hentry"],"acf":[],"aioseo_notices":[],"_links":{"self":[{"href":"https:\/\/www.spymasterpro.com\/tr\/wp-json\/wp\/v2\/pages\/191","targetHints":{"allow":["GET"]}}],"collection":[{"href":"https:\/\/www.spymasterpro.com\/tr\/wp-json\/wp\/v2\/pages"}],"about":[{"href":"https:\/\/www.spymasterpro.com\/tr\/wp-json\/wp\/v2\/types\/page"}],"author":[{"embeddable":true,"href":"https:\/\/www.spymasterpro.com\/tr\/wp-json\/wp\/v2\/users\/1"}],"replies":[{"embeddable":true,"href":"https:\/\/www.spymasterpro.com\/tr\/wp-json\/wp\/v2\/comments?post=191"}],"version-history":[{"count":11,"href":"https:\/\/www.spymasterpro.com\/tr\/wp-json\/wp\/v2\/pages\/191\/revisions"}],"predecessor-version":[{"id":3674,"href":"https:\/\/www.spymasterpro.com\/tr\/wp-json\/wp\/v2\/pages\/191\/revisions\/3674"}],"wp:attachment":[{"href":"https:\/\/www.spymasterpro.com\/tr\/wp-json\/wp\/v2\/media?parent=191"}],"curies":[{"name":"wp","href":"https:\/\/api.w.org\/{rel}","templated":true}]}}