{"id":178,"date":"2016-01-27T05:46:10","date_gmt":"2016-01-27T05:46:10","guid":{"rendered":"https:\/\/www.spymasterpro.com\/tr\/?page_id=178"},"modified":"2022-08-08T11:06:19","modified_gmt":"2022-08-08T11:06:19","slug":"calisan-takibi","status":"publish","type":"page","link":"https:\/\/www.spymasterpro.com\/tr\/calisan-takibi\/","title":{"rendered":"\u00c7al\u0131\u015fan Takibi"},"content":{"rendered":"<h2><img loading=\"lazy\" decoding=\"async\" class=\"aligncenter wp-image-1040 size-full\" title=\"\u00c7al\u0131\u015fan Takibi\" src=\"https:\/\/www.spymasterpro.com\/tr\/wp-content\/uploads\/2019\/06\/\u00c7al\u0131\u015fan-Takibi.jpg\" alt=\"\u00c7al\u0131\u015fan Takibi\" width=\"650\" height=\"350\" srcset=\"https:\/\/www.spymasterpro.com\/tr\/wp-content\/uploads\/2019\/06\/\u00c7al\u0131\u015fan-Takibi.jpg 650w, https:\/\/www.spymasterpro.com\/tr\/wp-content\/uploads\/2019\/06\/\u00c7al\u0131\u015fan-Takibi-600x323.jpg 600w, https:\/\/www.spymasterpro.com\/tr\/wp-content\/uploads\/2019\/06\/\u00c7al\u0131\u015fan-Takibi-300x162.jpg 300w\" sizes=\"auto, (max-width: 650px) 85vw, 650px\" \/><\/h2>\n<h2 style=\"color: black; text-align: justify;\">\u00c7al\u0131\u015fanlar\u0131n\u0131z\u0131 Spymaster Pro ile Takip Edin<\/h2>\n<div class=\"spy-viber-it-change\" style=\"margin-bottom: 25px; text-align: justify;\">\n<ul>\n<li>GPS \u00f6zellikli mek\u00e2n takip \u00f6zelli\u011fi ile \u00e7al\u0131\u015fanlar\u0131n\u0131z\u0131n nereye gidip kimlerle toplant\u0131 d\u00fczenlediklerini \u00f6\u011frenin.<\/li>\n<li>Konu\u015fma Dinleme \u00d6zellikleri ile \u00e7al\u0131\u015fanlar\u0131n\u0131z\u0131n neler konu\u015ftu\u011funu \u00f6\u011frenin.<\/li>\n<li>Hukuki olarak \u00e7al\u0131\u015fanlar\u0131n\u0131z\u0131n telefonla yapt\u0131\u011f\u0131 her t\u00fcrl\u00fc konu\u015fmay\u0131 \u00f6\u011frenin.<\/li>\n<li>Nerede olduklar\u0131n\u0131 \u00f6\u011frenerek \u00e7al\u0131\u015fanlar\u0131n\u0131z\u0131n verimlili\u011fini daha do\u011fru bir \u015fekilde \u00f6l\u00e7ebilirsiniz.<\/li>\n<li>Hukuki olarak \u00e7al\u0131\u015fanlar\u0131n\u0131z\u0131n telefonla yapt\u0131\u011f\u0131 her t\u00fcrl\u00fc konu\u015fmay\u0131 \u00f6\u011frenin.<\/li>\n<li>Siz onlar\u0131 takip ederken sizin b\u00f6yle bir hareket i\u00e7inde oldu\u011funuzu asla \u00f6\u011frenemezler.<\/li>\n<\/ul>\n<\/div>\n<p style=\"text-align: justify;\">\u00c7al\u0131\u015fanlar\u0131n\u0131z\u0131n size doland\u0131rmaya \u00e7al\u0131\u015f\u0131yor olmalar\u0131 hem size hem de \u015firketinize leke bula\u015ft\u0131rabilir. Y\u00f6netici ya da \u015firket sahibi olarak bu tarz olumsuz s\u00f6ylentileri ve eylemleri tamamen ortadan kald\u0131r\u0131p bu t\u00fcr hareketlere kar\u015f\u0131 \u00f6nlemler alabilirsiniz. Etkili bir m\u00fcd\u00fcr olarak s\u00fcrekli olarak \u00e7al\u0131\u015fanlar\u0131n\u0131z\u0131n pe\u015finden takip etmeniz zor ve vakit kayb\u0131 olabilir. Bu t\u00fcr verimsizlikleri ortadan kald\u0131racak performans bazl\u0131 de\u011ferlendirme yapabilirsiniz fakat ger\u00e7ek bilgilere sahip olmad\u0131\u011f\u0131n\u0131z i\u00e7in bu t\u00fcr de\u011ferlendirmelerin sonu\u00e7lar\u0131 yanl\u0131\u015f ve etkisiz olabilir. Daha da k\u00f6t\u00fcs\u00fc riskleri ortadan kald\u0131rmayabilir. Ger\u00e7ek, temellere dayal\u0131 bilgiler e\u015fli\u011finde \u00e7al\u0131\u015fanlar\u0131n\u0131z\u0131 kontrol etmek ve onlar\u0131n hareketlerini takip etmek i\u00e7in yapt\u0131klar\u0131 konu\u015fmalar\u0131 \u00f6\u011frenebilece\u011finiz Spymaster pro gibi bir yaz\u0131l\u0131ma ihtiyac\u0131n\u0131z var.<\/p>\n<h4 style=\"text-align: justify;\"><b>Spymaster Pro Sayesinde \u00c7al\u0131\u015fanlar\u0131n\u0131z\u0131n Eylemlerinden Haberdar Olun<\/b><\/h4>\n<p style=\"text-align: justify;\">Spymaster Pro, \u00e7al\u0131\u015fanlar\u0131n\u0131z\u0131n telefonu ile yap\u0131lan \u2013gelen ve giden- her t\u00fcrl\u00fc telefon konu\u015fmas\u0131n\u0131n detaylar\u0131n\u0131 size iletir. Telefonun di\u011fer ucundaki konu\u015fan\u0131n ger\u00e7ek zamanl\u0131 takibi gibi yaz\u0131l\u0131m\u0131n geli\u015ftirilen ve halen \u00fczerinde \u00e7al\u0131\u015f\u0131lmaya devam edilen pek \u00e7ok farkl\u0131 \u00f6zellikleri de mevcuttur. T\u00fcm ihtiyac\u0131n\u0131z olan bilgilere zaman\u0131nda sahip olarak risk yaratacak her t\u00fcrl\u00fc eylem ile ilgili zaman\u0131nda harekete ge\u00e7me f\u0131rsat\u0131n\u0131z olacak. Uygulama bir kez kuruldu\u011funda evinizden bir bilgisayar yard\u0131m\u0131yla her t\u00fcrl\u00fc bilgiye kolay bir \u015fekilde ula\u015f\u0131n.<\/p>\n<h4 style=\"text-align: justify;\"><b>Spymaster Pro \u00d6zel K\u0131lan Ne ?<\/b><\/h4>\n<p style=\"text-align: justify;\">Spymaster Pro, sahip oldu\u011fu pek \u00e7ok farkl\u0131 \u00f6zellik ile kendini di\u011fer ajan yaz\u0131l\u0131mlardan farkl\u0131la\u015ft\u0131rm\u0131\u015ft\u0131r. Kullan\u0131c\u0131 ekran\u0131n\u0131n sadeli\u011fi ve kullan\u0131m kolayl\u0131\u011f\u0131 bu yaz\u0131l\u0131m\u0131n olduk\u00e7a h\u0131zl\u0131 bir \u015fekilde yay\u0131lmas\u0131n\u0131n en b\u00fcy\u00fck nedenlerinden biridir.<\/p>\n<h2 style=\"color: black; text-align: justify;\"><b>\u00d6zellikler<\/b><\/h2>\n<div class=\"content-1\" style=\"text-align: justify;\">\n<h4 class=\"tracking\"><img decoding=\"async\" src=\"https:\/\/www.spymasterpro.com\/wp-content\/uploads\/2015\/04\/sms.png\" alt=\"\" \/>SMS Takibi<\/h4>\n<p>\u00c7al\u0131\u015fanlar\u0131n\u0131z\u0131n her t\u00fcrl\u00fc sms bilgileri art\u0131k ula\u015f\u0131labilir. \u00c7al\u0131\u015fanlar\u0131n\u0131z ald\u0131klar\u0131 veya g\u00f6nderdikleri smsleri silse de size sms bilgileri g\u00f6nderilecek.<\/p>\n<\/div>\n<div class=\"content-1\" style=\"text-align: justify;\">\n<h4 class=\"tracking\"><img decoding=\"async\" src=\"https:\/\/www.spymasterpro.com\/wp-content\/uploads\/2015\/04\/gps-tracking.png\" alt=\"\" \/>GPS yard\u0131m\u0131yla Mek\u00e2n Takibi<\/h4>\n<p><strong>GPS takibi<\/strong> sayesinde \u00e7al\u0131\u015fanlar\u0131n\u0131z her an nerede olduklar\u0131n\u0131 \u00f6\u011frenin. Bu \u00f6zellik sat\u0131\u015f uzmanlar\u0131n\u0131z\u0131n yerlerini ve rotalar\u0131n\u0131 kontrol etmeniz a\u00e7\u0131s\u0131ndan olduk\u00e7a kullan\u0131\u015fl\u0131d\u0131r.<\/p>\n<\/div>\n<div class=\"content-1\" style=\"text-align: justify;\">\n<h4 class=\"tracking\"><img decoding=\"async\" src=\"https:\/\/www.spymasterpro.com\/wp-content\/uploads\/2015\/04\/contact.png\" alt=\"\" \/>Rehber Ula\u015f\u0131m\u0131<\/h4>\n<p>\u00c7al\u0131\u015fanlar\u0131n\u0131z\u0131n telefonlar\u0131na kimleri kaydettiklerini \u00f6\u011frenebilirsiniz, bu \u015fekilde arkada\u015f olarak g\u00f6rd\u00fckleri isimlerin aras\u0131nda \u015firketinize zarar vermeye \u00e7al\u0131\u015fanlar\u0131n olup olmad\u0131\u011f\u0131n\u0131 \u00f6\u011frenin.<\/p>\n<\/div>\n<div class=\"content-1\" style=\"text-align: justify;\">\n<h4 class=\"tracking\"><img decoding=\"async\" src=\"https:\/\/www.spymasterpro.com\/wp-content\/uploads\/2015\/04\/call-tracking.png\" alt=\"\" \/>Email ve Telefon Takibi<\/h4>\n<p>\u00c7al\u0131\u015fanlar\u0131n\u0131z\u0131n telefonundan g\u00f6nderilen her t\u00fcrl\u00fc mail tam eri\u015fim sa\u011flay\u0131n. \u00c7al\u0131\u015fanlar\u0131n\u0131z\u0131n t\u0131klad\u0131\u011f\u0131 foto\u011fraflar siz onlar\u0131 kullanmak istersiniz diye g\u00fcvenli bir haf\u0131za sisteminde saklanacak<\/p>\n<\/div>\n<div class=\"strip_space\" style=\"text-align: justify;\">\n<div class=\"col-xl-12 col-xs-12 col-sm-12 col-md-12 strip_txt text-xs-center bigtext-red\">9,99 $ sadece get casusa Pro iPhone \/ ay<\/div>\n<div class=\"strip_btn feature_bottom text-xs-center\"><a class=\"blue_btn\" href=\"https:\/\/www.spymasterpro.com\/tr\/spymasterpro-nasil-calisir\/\"> K\u0131sa \u00d6zet <\/a> <a class=\"white_btn demo_btn\" href=\"https:\/\/www.spymasterpro.com\/tr\/simdi-satin-al\/\">\u015eimdi sat\u0131n al<\/a><\/div>\n<\/div>\n<div class=\"content-1\" style=\"text-align: justify;\">\n<h4 class=\"tracking\"><img decoding=\"async\" src=\"https:\/\/www.spymasterpro.com\/wp-content\/uploads\/2015\/04\/whatsApp.png\" alt=\"\" \/>WhatsApp Takibi<\/h4>\n<p>Spymaster Pro yard\u0131m\u0131yla \u00e7ocuklar\u0131n\u0131z\u0131n ve e\u015finizin t\u00fcm konu\u015fmalar\u0131na e\u015flik edebilirsiniz. Ayn\u0131 zamanda tarih ve s\u00fcre bilgileriyle birlikte g\u00f6nderilen al\u0131nan t\u00fcm foto\u011fraf ve videolar\u0131 da g\u00f6rebilirsiniz..<\/p>\n<\/div>\n<div class=\"content-1\" style=\"text-align: justify;\">\n<h4 class=\"tracking\"><img decoding=\"async\" src=\"https:\/\/www.spymasterpro.com\/wp-content\/uploads\/2015\/04\/viber.png\" alt=\"\" \/>Viber Takibi<\/h4>\n<p>Spymaster Pro viber \u00fczerinden giri\u015fleri, kullan\u0131c\u0131 aramalar\u0131n\u0131, al\u0131nan ve g\u00f6nderilen foto\u011fraflar\u0131 tarih ve s\u00fcre bilgisi ile size iletir. iPhone ve Android i\u015fletim sistemleri ile uyumludur.<\/p>\n<\/div>\n<div class=\"content-1\" style=\"text-align: justify;\">\n<h4 class=\"tracking\"><img decoding=\"async\" src=\"https:\/\/www.spymasterpro.com\/wp-content\/uploads\/2015\/04\/fb.png\" alt=\"\" \/>Facebook Messenger Takibi<\/h4>\n<p>Spymaster Pro, Facebook mesajla\u015fma \u00fczerinden yap\u0131lan her t\u00fcrl\u00fc g\u00f6nderiyi takip etme f\u0131rsat\u0131 sunuyor.<\/p>\n<\/div>\n<div class=\"strip_space\" style=\"text-align: justify;\">\n<div class=\"col-xl-12 col-xs-12 col-sm-12 col-md-12 strip_txt text-xs-center bigtext-red\">9,99 $ sadece get casusa Pro iPhone \/ ay<\/div>\n<div class=\"strip_btn feature_bottom text-xs-center\"><a class=\"blue_btn\" href=\"https:\/\/www.spymasterpro.com\/tr\/spymasterpro-nasil-calisir\/\"> K\u0131sa \u00d6zet <\/a> <a class=\"white_btn demo_btn\" href=\"https:\/\/www.spymasterpro.com\/tr\/simdi-satin-al\/\">\u015eimdi sat\u0131n al<\/a><\/div>\n<\/div>\n<p style=\"text-align: justify;\">\n<p><script type=\"application\/ld+json\">\n    {\n      \"@context\": \"https:\/\/schema.org\",\n      \"@type\": \"SoftwareApplication\",\n      \"name\" : \"Spymaster Pro\",\n  \t  \"image\" : \"https:\/\/www.spymasterpro.com\/tr\/wp-content\/uploads\/2019\/06\/%C3%87al%C4%B1%C5%9Fan-Takibi.jpg\",\n  \t  \"operatingSystem\": \"Windows 7, OSX 10.6, Android 1.6\",\n      \"applicationCategory\": \"BusinessApplication\",\n      \"featureList\": \"WhatsApp, Facebook, Instagram\",\n      \"aggregateRating\": {\n        \"@type\": \"AggregateRating\",\n        \"ratingValue\": \"4.8\",\n        \"ratingCount\": \"83523\"\n      },\n      \"offers\": {\n        \"@type\": \"Offer\",\n        \"price\": \"7.99\",\n        \"priceCurrency\": \"USD\"\n      }\n    }\n    <\/script><\/p>\n","protected":false},"excerpt":{"rendered":"<p>\u00c7al\u0131\u015fanlar\u0131n\u0131z\u0131 Spymaster Pro ile Takip Edin GPS \u00f6zellikli mek\u00e2n takip \u00f6zelli\u011fi ile \u00e7al\u0131\u015fanlar\u0131n\u0131z\u0131n nereye gidip kimlerle toplant\u0131 d\u00fczenlediklerini \u00f6\u011frenin. Konu\u015fma Dinleme \u00d6zellikleri ile \u00e7al\u0131\u015fanlar\u0131n\u0131z\u0131n neler konu\u015ftu\u011funu \u00f6\u011frenin. Hukuki olarak \u00e7al\u0131\u015fanlar\u0131n\u0131z\u0131n telefonla yapt\u0131\u011f\u0131 her t\u00fcrl\u00fc konu\u015fmay\u0131 \u00f6\u011frenin. Nerede olduklar\u0131n\u0131 \u00f6\u011frenerek \u00e7al\u0131\u015fanlar\u0131n\u0131z\u0131n verimlili\u011fini daha do\u011fru bir \u015fekilde \u00f6l\u00e7ebilirsiniz. Hukuki olarak \u00e7al\u0131\u015fanlar\u0131n\u0131z\u0131n telefonla yapt\u0131\u011f\u0131 her t\u00fcrl\u00fc konu\u015fmay\u0131 \u00f6\u011frenin. &hellip; <a href=\"https:\/\/www.spymasterpro.com\/tr\/calisan-takibi\/\" class=\"more-link\">Continue reading<span class=\"screen-reader-text\"> &#8220;\u00c7al\u0131\u015fan Takibi&#8221;<\/span><\/a><\/p>\n","protected":false},"author":1,"featured_media":0,"parent":0,"menu_order":0,"comment_status":"closed","ping_status":"closed","template":"","meta":{"_acf_changed":false,"footnotes":""},"class_list":["post-178","page","type-page","status-publish","hentry"],"acf":[],"aioseo_notices":[],"_links":{"self":[{"href":"https:\/\/www.spymasterpro.com\/tr\/wp-json\/wp\/v2\/pages\/178","targetHints":{"allow":["GET"]}}],"collection":[{"href":"https:\/\/www.spymasterpro.com\/tr\/wp-json\/wp\/v2\/pages"}],"about":[{"href":"https:\/\/www.spymasterpro.com\/tr\/wp-json\/wp\/v2\/types\/page"}],"author":[{"embeddable":true,"href":"https:\/\/www.spymasterpro.com\/tr\/wp-json\/wp\/v2\/users\/1"}],"replies":[{"embeddable":true,"href":"https:\/\/www.spymasterpro.com\/tr\/wp-json\/wp\/v2\/comments?post=178"}],"version-history":[{"count":35,"href":"https:\/\/www.spymasterpro.com\/tr\/wp-json\/wp\/v2\/pages\/178\/revisions"}],"predecessor-version":[{"id":3664,"href":"https:\/\/www.spymasterpro.com\/tr\/wp-json\/wp\/v2\/pages\/178\/revisions\/3664"}],"wp:attachment":[{"href":"https:\/\/www.spymasterpro.com\/tr\/wp-json\/wp\/v2\/media?parent=178"}],"curies":[{"name":"wp","href":"https:\/\/api.w.org\/{rel}","templated":true}]}}