{"id":174,"date":"2016-01-27T05:30:14","date_gmt":"2016-01-27T05:30:14","guid":{"rendered":"https:\/\/www.spymasterpro.com\/tr\/?page_id=174"},"modified":"2022-08-08T11:12:15","modified_gmt":"2022-08-08T11:12:15","slug":"cep-telefonu-ajani","status":"publish","type":"page","link":"https:\/\/www.spymasterpro.com\/tr\/cep-telefonu-ajani\/","title":{"rendered":"Cep Telefonu Ajan\u0131"},"content":{"rendered":"<h2 style=\"text-align: justify;\">SPYMASTER PRO KULLANARAK CEP TELEFONLARINI TAK\u0130P ET<\/h2>\n<p><center><img loading=\"lazy\" decoding=\"async\" class=\"aligncenter wp-image-4913 size-full\" title=\"En \u0130yi Cep Telefonu casus Yaz\u0131l\u0131m\u0131\" src=\"https:\/\/www.spymasterpro.com\/tr\/wp-content\/uploads\/2017\/04\/image.png\" alt=\"En \u0130yi Cep Telefonu casus Yaz\u0131l\u0131m\u0131\" width=\"605\" height=\"287\" \/><\/center><\/p>\n<p style=\"text-align: justify;\">Spymaster Pro, hedef telefonunuz ister Android ister iOS olsun her t\u00fcrl\u00fc bilgiye ula\u015fman\u0131za izin veren olduk\u00e7a g\u00fc\u00e7l\u00fc ve etkili bir takip etme yaz\u0131l\u0131m\u0131d\u0131r. Hedef telefonadokunmadan dahi %100 g\u00fcvenilir veriye ula\u015fabilirsiniz. Uzaktan evinizde rahat bir \u015fekilde otururken hedef telefon i\u00e7indeki her yere eri\u015febilirsiniz. Yapman\u0131z gereken tek \u015fey yaz\u0131l\u0131m\u0131 sat\u0131n almak ve tek bir t\u0131kla whatsapp kay\u0131tlar\u0131n\u0131, facebook mesajlar\u0131n\u0131, arama kay\u0131tlar\u0131n\u0131, foto\u011fraflar\u0131 ve daha pek \u00e7ok kayd\u0131 kontrol etmeye ba\u015flamak.<\/p>\n<h2 style=\"text-align: justify;\">ARAMA TAK\u0130B\u0130<\/h2>\n<p style=\"text-align: justify;\">\u00c7ocu\u011funuzun, sizin i\u00e7in \u00e7al\u0131\u015fanlar\u0131n veya e\u015finizin telefondan yap\u0131lan aramalar\u0131 ya da onlar\u0131 arayan numaralar\u0131 kontrol edin. Dahas\u0131 da var: ayn\u0131 zamanda tarih aral\u0131\u011f\u0131 girerek istedi\u011finiz d\u00f6nem i\u00e7in telefondan yap\u0131lm\u0131\u015f aramalar\u0131 ve telefona gelen arama kay\u0131tlar\u0131n\u0131 takip edebilirsiniz. Ek olarak telefondaki her bir araman\u0131n ne kadar s\u00fcrd\u00fc\u011f\u00fcn\u00fc ve numaralar ile birlikte kay\u0131tl\u0131 isimleri e\u011fer cep telefonu numaralar\u0131 telefonun rehberinde kay\u0131tl\u0131 ise \u00f6\u011frenebilirsiniz.<\/p>\n<h2 style=\"text-align: justify;\">sms Takibi<\/h2>\n<p style=\"text-align: justify;\">G\u00f6nderilen ve al\u0131nan sms\u2019lerin izini s\u00fcr\u00fcn. Takip etti\u011finiz telefonun sahibi ald\u0131\u011f\u0131 veya g\u00f6nderdi\u011fi mesajlar\u0131 silse bile size o mesajlar g\u00f6nderilecek ve ilgili t\u00fcm detaylara size tan\u0131mlanacak kullan\u0131c\u0131 hesab\u0131 vas\u0131tas\u0131yla sahip olacaks\u0131n\u0131z.<\/p>\n<h2 style=\"text-align: justify;\">GPS Tracking Space<\/h2>\n<p style=\"text-align: justify;\">Google haritalar sayesinde takip etmek istedi\u011finiz telefonun tam lokasyonuna sahip olabilirsiniz. Yaln\u0131zca kullan\u0131c\u0131 hesab\u0131n\u0131za giri\u015f yap\u0131n ve \u00e7ocu\u011funuz k\u00fct\u00fcphanede mi yoksa arkada\u015flar\u0131yla izniniz olmayan bir partide mi \u00f6\u011frenin. T\u00fcm bilgiler hesab\u0131n\u0131za e\u015f zamanl\u0131 olarak g\u00f6nderilecek.<\/p>\n<h2 style=\"text-align: justify;\">Email Takibi<\/h2>\n<p style=\"text-align: justify;\">Spymaster Pro, gelen ve giden mailler i\u00e7in size girdiler sa\u011flayacak. B\u00f6ylece maillerde nelerin yazd\u0131\u011f\u0131na ula\u015fabileceksiniz. T\u00fcm amil bilgileri Spymaster Pro hesab\u0131n\u0131zda saklanacak.<\/p>\n<h2 style=\"text-align: justify;\">Telefon Rehberine Ula\u015f\u0131m<\/h2>\n<p style=\"text-align: justify;\">Spymaster Pro ile takip etti\u011finiz telefonun rehberinde hangi telefonlar var \u00f6\u011frenebileceksiniz.<\/p>\n<h2 style=\"text-align: justify;\">Url Takibi<\/h2>\n<p style=\"text-align: justify;\">Kullan\u0131c\u0131n\u0131n ziyaret etti\u011fi t\u00fcm web siteleri de art\u0131k ula\u015f\u0131labilir. Spymaster Pro kullan\u0131c\u0131 hesab\u0131n\u0131zda girilen web sitelerinin t\u00fcm detaylar\u0131 saklanacak.<\/p>\n<h2 style=\"text-align: justify;\">FOTO\u011eRAF TAK\u0130B\u0130<\/h2>\n<p style=\"text-align: justify;\">Spymaster Pro, hedef telefondan g\u00f6nderilmi\u015f veya hedef telefona gelen her bir foto\u011fraf\u0131 g\u00f6rmenize izin veriyor. Spymaster Pro hesab\u0131nda her bir foto\u011fraf saklanmaktad\u0131r.<\/p>\n<div class=\"strip_space\" style=\"text-align: justify;\">\n<div class=\"col-xl-12 col-xs-12 col-sm-12 col-md-12 strip_txt text-xs-center bigtext-red\">Casusa Pro Android temel 6.66 $ sadece get \/ ay<\/div>\n<div class=\"strip_btn feature_bottom text-xs-center\"><a class=\"blue_btn\" href=\"https:\/\/www.spymasterpro.com\/demo\/\">demo<\/a> <a class=\"white_btn demo_btn\" href=\"https:\/\/www.spymasterpro.com\/tr\/simdi-satin-al\/\">BURADAN ALIN<\/a><\/div>\n<\/div>\n<h2 style=\"text-align: justify;\">WhatsApp Takibi<\/h2>\n<p style=\"text-align: justify;\">Spymaster Pro yard\u0131m\u0131yla \u00e7ocuklar\u0131n\u0131z\u0131n ve e\u015finizin t\u00fcm konu\u015fmalar\u0131na e\u015flik edebilirsiniz. Ayn\u0131 zamanda tarih ve s\u00fcre bilgileriyle birlikte g\u00f6nderilen al\u0131nan t\u00fcm foto\u011fraf ve videolar\u0131 da g\u00f6rebilirsiniz.<\/p>\n<h2 style=\"text-align: justify;\">Facebook Messenger Takibi<\/h2>\n<p style=\"text-align: justify;\">Spymaster Pro, Facebook mesajla\u015fma \u00fczerinden yap\u0131lan her t\u00fcrl\u00fc g\u00f6nderiyi takip etme f\u0131rsat\u0131 sunuyor.<\/p>\n<div class=\"strip_space\" style=\"text-align: justify;\">\n<div class=\"col-xl-12 col-xs-12 col-sm-12 col-md-12 strip_txt text-xs-center bigtext-red\">9.99 $ sadece get casusa Pro iPhone \/ ay<\/div>\n<div class=\"strip_btn feature_bottom text-xs-center\"><a class=\"blue_btn\" href=\"https:\/\/www.spymasterpro.com\/tr\/spymasterpro-nasil-calisir\/\"> K\u0131sa \u00d6zet <\/a> <a class=\"white_btn demo_btn\" href=\"https:\/\/www.spymasterpro.com\/tr\/simdi-satin-al\/\">BURADAN ALIN<\/a><\/div>\n<\/div>\n<p><script type=\"application\/ld+json\">\n    {\n      \"@context\": \"https:\/\/schema.org\",\n      \"@type\": \"SoftwareApplication\",\n      \"name\" : \"Spymaster Pro\",\n  \t  \"image\" : \"https:\/\/www.spymasterpro.com\/tr\/wp-content\/uploads\/2017\/04\/image.png\",\n  \t  \"operatingSystem\": \"Windows 7, OSX 10.6, Android 1.6\",\n      \"applicationCategory\": \"BusinessApplication\",\n      \"featureList\": \"WhatsApp, Facebook, Instagram\",\n      \"aggregateRating\": {\n        \"@type\": \"AggregateRating\",\n        \"ratingValue\": \"4.9\",\n        \"ratingCount\": \"73523\"\n      },\n      \"offers\": {\n        \"@type\": \"Offer\",\n        \"price\": \"7.99\",\n        \"priceCurrency\": \"USD\"\n      }\n    }\n    <\/script><\/p>\n","protected":false},"excerpt":{"rendered":"<p>SPYMASTER PRO KULLANARAK CEP TELEFONLARINI TAK\u0130P ET Spymaster Pro, hedef telefonunuz ister Android ister iOS olsun her t\u00fcrl\u00fc bilgiye ula\u015fman\u0131za izin veren olduk\u00e7a g\u00fc\u00e7l\u00fc ve etkili bir takip etme yaz\u0131l\u0131m\u0131d\u0131r. Hedef telefonadokunmadan dahi %100 g\u00fcvenilir veriye ula\u015fabilirsiniz. Uzaktan evinizde rahat bir \u015fekilde otururken hedef telefon i\u00e7indeki her yere eri\u015febilirsiniz. Yapman\u0131z gereken tek \u015fey yaz\u0131l\u0131m\u0131 sat\u0131n &hellip; <a href=\"https:\/\/www.spymasterpro.com\/tr\/cep-telefonu-ajani\/\" class=\"more-link\">Continue reading<span class=\"screen-reader-text\"> &#8220;Cep Telefonu Ajan\u0131&#8221;<\/span><\/a><\/p>\n","protected":false},"author":1,"featured_media":0,"parent":0,"menu_order":0,"comment_status":"closed","ping_status":"closed","template":"","meta":{"_acf_changed":false,"footnotes":""},"class_list":["post-174","page","type-page","status-publish","hentry"],"acf":[],"aioseo_notices":[],"_links":{"self":[{"href":"https:\/\/www.spymasterpro.com\/tr\/wp-json\/wp\/v2\/pages\/174","targetHints":{"allow":["GET"]}}],"collection":[{"href":"https:\/\/www.spymasterpro.com\/tr\/wp-json\/wp\/v2\/pages"}],"about":[{"href":"https:\/\/www.spymasterpro.com\/tr\/wp-json\/wp\/v2\/types\/page"}],"author":[{"embeddable":true,"href":"https:\/\/www.spymasterpro.com\/tr\/wp-json\/wp\/v2\/users\/1"}],"replies":[{"embeddable":true,"href":"https:\/\/www.spymasterpro.com\/tr\/wp-json\/wp\/v2\/comments?post=174"}],"version-history":[{"count":21,"href":"https:\/\/www.spymasterpro.com\/tr\/wp-json\/wp\/v2\/pages\/174\/revisions"}],"predecessor-version":[{"id":3665,"href":"https:\/\/www.spymasterpro.com\/tr\/wp-json\/wp\/v2\/pages\/174\/revisions\/3665"}],"wp:attachment":[{"href":"https:\/\/www.spymasterpro.com\/tr\/wp-json\/wp\/v2\/media?parent=174"}],"curies":[{"name":"wp","href":"https:\/\/api.w.org\/{rel}","templated":true}]}}