{"id":136,"date":"2016-01-23T08:09:24","date_gmt":"2016-01-23T08:09:24","guid":{"rendered":"https:\/\/www.spymasterpro.com\/tr\/?page_id=136"},"modified":"2020-02-12T12:49:55","modified_gmt":"2020-02-12T12:49:55","slug":"ozellikler","status":"publish","type":"page","link":"https:\/\/www.spymasterpro.com\/tr\/ozellikler\/","title":{"rendered":"\u00d6zellikler"},"content":{"rendered":"<div id=\"pl-136\" class=\"panel-layout\">\n<div id=\"pg-136-0\" class=\"panel-grid panel-no-style\">\n<div id=\"pgc-136-0-0\" class=\"panel-grid-cell\" data-weight=\"1\">\n<div id=\"panel-136-0-0-0\" class=\"so-panel widget widget_text panel-first-child\" data-index=\"0\" data-style=\"{&quot;background_display&quot;:&quot;tile&quot;}\">\n<h3 class=\"widget-title\">Banner<\/h3>\n<div class=\"textwidget\">\n<section id=\"new_feature_banner\">\n<div class=\"container\">\n<div class=\"row\">\n<div class=\"col-xl-8 col-lg-8 col-md-8 col-sm-12 iphone_right_point text-xs-center text-md-left\">\n<h6>Spymaster Pro<br \/>\ninan\u0131lmaz \u00f6zellikleri sunar<\/h6>\n<div class=\"slider_btn\"><a class=\"blue_btn\" href=\"..\/android-casus\/\">Android<\/a> <a class=\"blue_btn demo_btn\" href=\"..\/iphone-jailbreak-olmadan\/\">iPhone<\/a><\/div>\n<\/div>\n<div class=\"col-xl-4 col-lg-4 col-md-4 hidden-sm-down iphone_left_img\"><img loading=\"lazy\" decoding=\"async\" class=\"alignnone\" title=\"Spymaster Pro \u00f6zellikleri \" src=\"..\/rgopal\/uploads\/2017\/02\/features_img.png\" alt=\"Spymaster Pro \u00f6zellikleri \" width=\"270\" height=\"337\" \/><\/div>\n<\/div>\n<\/div>\n<\/section>\n<\/div>\n<\/div>\n<div id=\"panel-136-0-0-1\" class=\"so-panel widget widget_text panel-last-child\" data-index=\"1\" data-style=\"{&quot;background_image_attachment&quot;:false,&quot;background_display&quot;:&quot;tile&quot;}\">\n<h3 class=\"widget-title\">Features<\/h3>\n<div class=\"textwidget\">\n<section id=\"feature\">\n<div class=\"container\">\n<div class=\"new_feature_part clearfix\">\n<div class=\"col-xl-2 col-lg-2 col-md-2 col-sm-12 text-xs-center hidden-md-up\"><img decoding=\"async\" src=\"https:\/\/www.spymasterpro.com\/tr\/wp-content\/uploads\/2019\/02\/tinder-feature.png\" alt=\"img\" \/><\/div>\n<div class=\"col-xl-9 col-lg-9 col-md-9 col-sm-12 feature_new text-xs-center text-md-left\">\n<h5>TINDER TAKIBI<\/h5>\n<p>Yaz\u0131l\u0131m\u0131n bu b\u00f6l\u00fcm\u00fc, hedef kullan\u0131c\u0131n\u0131n cep telefonunda <a href=\"https:\/\/www.spymasterpro.com\/tr\/tinder-izleme\/\" target=\"_blank\" rel=\"noopener noreferrer\"><strong>Tinder<\/strong><\/a> profilinde payla\u015f\u0131lan t\u00fcm iletilere tam eri\u015fime izin verir. Bu \u00f6zellik ile saat ve tarih detaylar\u0131 da size sunulacak.<\/p>\n<p><img decoding=\"async\" class=\"feature_line\" src=\"..\/rgopal\/uploads\/2017\/02\/feature_line.png\" alt=\"img\" \/><\/p>\n<\/div>\n<div class=\"col-xl-2 col-lg-2 col-md-2 col-sm-12 text-xs-center hidden-sm-down\"><img decoding=\"async\" src=\"https:\/\/www.spymasterpro.com\/tr\/wp-content\/uploads\/2019\/02\/tinder-feature.png\" alt=\"img\" \/><\/div>\n<\/div>\n<div class=\"new_feature_part clearfix\">\n<div class=\"col-xl-2 col-lg-2 col-md-2 col-sm-12 text-xs-center\"><img decoding=\"async\" src=\"https:\/\/www.spymasterpro.com\/tr\/wp-content\/uploads\/2019\/02\/kik-feature.png\" alt=\"img\" \/><\/div>\n<div class=\"col-xl-9 col-lg-9 col-md-9 col-sm-12 feature_new text-xs-center text-md-right\">\n<h5>KIK TAKIBI<\/h5>\n<p>Sohbetler, resimler ve videolar do\u011frudan <strong>Spymaster Pro<\/strong> panosunda mevcut olacak. Canl\u0131 izleme \u00f6zelli\u011fi, hedef kullan\u0131c\u0131n\u0131n <a href=\"https:\/\/www.spymasterpro.com\/tr\/kik-izleme\/\" target=\"_blank\" rel=\"noopener noreferrer\"><strong>Kik profilini<\/strong><\/a> yak\u0131ndan takip etmenize yard\u0131mc\u0131 olur.<\/p>\n<p><img decoding=\"async\" class=\"feature_line2\" src=\"..\/rgopal\/uploads\/2017\/02\/feature_line.png\" alt=\"img\" \/><\/p>\n<\/div>\n<\/div>\n<div class=\"new_feature_part clearfix\">\n<div class=\"col-xl-2 col-lg-2 col-md-2 col-sm-12 text-xs-center hidden-md-up\"><img decoding=\"async\" src=\"https:\/\/www.spymasterpro.com\/tr\/wp-content\/uploads\/2019\/02\/telegram-feature.png\" alt=\"img\" \/><\/div>\n<div class=\"col-xl-9 col-lg-9 col-md-9 col-sm-12 feature_new text-xs-center text-md-left\">\n<h5>TELGRAM TAKIBI<\/h5>\n<p>Spymaster Pro ile t\u00fcm sohbetleri hedef kullan\u0131c\u0131n\u0131n <a href=\"https:\/\/www.spymasterpro.com\/tr\/telegram-izleme\/\" target=\"_blank\" rel=\"noopener noreferrer\"><strong>Telegram<\/strong><\/a> profilinde g\u00f6rebilirsiniz. S\u00fcper kolayd\u0131r ve kullan\u0131c\u0131 kontrol panelinize g\u00f6nderilen veriler hakk\u0131nda bir kez sizi uyarmaz. Verileri saat ve tarih detaylar\u0131yla birlikte alacaks\u0131n\u0131z.<\/p>\n<p><img decoding=\"async\" class=\"feature_line\" src=\"..\/rgopal\/uploads\/2017\/02\/feature_line.png\" alt=\"img\" \/><\/p>\n<\/div>\n<div class=\"col-xl-2 col-lg-2 col-md-2 col-sm-12 text-xs-center hidden-sm-down\"><img decoding=\"async\" src=\"https:\/\/www.spymasterpro.com\/tr\/wp-content\/uploads\/2019\/02\/telegram-feature.png\" alt=\"img\" \/><\/div>\n<\/div>\n<div class=\"new_feature_part clearfix\">\n<div class=\"col-xl-2 col-lg-2 col-md-2 col-sm-12 text-xs-center\"><img decoding=\"async\" src=\"https:\/\/www.spymasterpro.com\/tr\/rgopal\/uploads\/2016\/01\/feature_2.png\" alt=\"img\" \/><\/div>\n<div class=\"col-xl-9 col-lg-9 col-md-9 col-sm-12 feature_new text-xs-center text-md-right\">\n<h5>INSTAGRAM izleme<\/h5>\n<p>Spymaster Pro ile sohbet mesajlar\u0131n\u0131 okuyabilir ve hedef iPhone \/ Android cihaz\u0131ndan de\u011fi\u015ftirilen medya dosyalar\u0131n\u0131 (foto\u011fraflar ve videolar) \u00fczerinde tam kontrole sahip olursunuz.<\/p>\n<p><img decoding=\"async\" class=\"feature_line2\" src=\"..\/rgopal\/uploads\/2017\/02\/feature_line.png\" alt=\"img\" \/><\/p>\n<\/div>\n<\/div>\n<div class=\"new_feature_part clearfix\">\n<div class=\"col-xl-2 col-lg-2 col-md-2 col-sm-12 text-xs-center hidden-md-up\"><img decoding=\"async\" src=\"https:\/\/www.spymasterpro.com\/tr\/wp-content\/uploads\/2016\/01\/feature_1.png\" alt=\"img\" \/><\/div>\n<div class=\"col-xl-9 col-lg-9 col-md-9 col-sm-12 feature_new text-xs-center text-md-left\">\n<h5>SNAPCHAT izleme<\/h5>\n<p>Bu \u00f6zellikle, hedef telefondan de\u011fi\u015ftirilen k\u0131sa mesajlar\u0131 tam olarak kontrol edebilirsiniz. Bunun d\u0131\u015f\u0131nda, sohbetlerin de\u011fi\u015ftirildi\u011fi kesin tarih ve saat gibi t\u00fcm bilgilere eri\u015febilirsiniz.<\/p>\n<p><img decoding=\"async\" class=\"feature_line\" src=\"..\/rgopal\/uploads\/2017\/02\/feature_line.png\" alt=\"img\" \/><\/p>\n<\/div>\n<div class=\"col-xl-2 col-lg-2 col-md-2 col-sm-12 text-xs-center hidden-sm-down\"><img decoding=\"async\" src=\"https:\/\/www.spymasterpro.com\/tr\/wp-content\/uploads\/2016\/01\/feature_1.png\" alt=\"img\" \/><\/div>\n<\/div>\n<div class=\"new_feature_part clearfix\">\n<div class=\"col-xl-2 col-lg-2 col-md-2 col-sm-12 text-xs-center hidden-md-up\"><img decoding=\"async\" src=\"..\/rgopal\/uploads\/2017\/02\/feature_newicon1.png\" alt=\"img\" \/><\/div>\n<div class=\"col-xl-2 col-lg-2 col-md-2 col-sm-12 text-xs-center hidden-sm-down\"><img decoding=\"async\" src=\"..\/rgopal\/uploads\/2017\/02\/feature_newicon1.png\" alt=\"img\" \/><\/div>\n<div class=\"col-xl-9 col-lg-9 col-md-9 col-sm-12 feature_new text-xs-center text-md-right\">\n<h5>K\u0131sa Mesaj Takibi<\/h5>\n<p>Spymaster Pro ile birlikte sahip oldu\u011funuz en \u00f6nemli \u00f6zelliklerden biri k\u0131sa mesaj takibidir. Hedef telefondaki k\u0131sa mesajlar\u0131 g\u00f6r\u00fcnt\u00fcleyerek i\u00e7eriklerine ula\u015fabilirsiniz. G\u00f6nderilen, al\u0131nan ve hatta silinen mesajlar\u0131 daha okuyabilirsiniz.<\/p>\n<p><img decoding=\"async\" class=\"feature_line2\" src=\"..\/rgopal\/uploads\/2017\/02\/feature_line.png\" alt=\"img\" \/><\/p>\n<\/div>\n<\/div>\n<div class=\"new_feature_part clearfix\">\n<div class=\"col-xl-2 col-lg-2 col-md-2 col-sm-12 text-xs-center hidden-md-up\"><img decoding=\"async\" src=\"..\/rgopal\/uploads\/2017\/02\/feature_newicon3.png\" alt=\"img\" \/><\/div>\n<div class=\"col-xl-9 col-lg-9 col-md-9 col-sm-12 feature_new text-xs-center text-md-left\">\n<h5>Arama Takibi<\/h5>\n<p>Kullan\u0131c\u0131 hedef telefondan yap\u0131lan t\u00fcm aramalar\u0131n kay\u0131tlar\u0131n\u0131 <strong>Spymaster Pro<\/strong> sayesinde g\u00f6r\u00fcnt\u00fcleyebilir.<\/p>\n<p><img decoding=\"async\" class=\"feature_line\" src=\"..\/rgopal\/uploads\/2017\/02\/feature_line.png\" alt=\"img\" \/><\/p>\n<\/div>\n<div class=\"col-xl-2 col-lg-2 col-md-2 col-sm-12 text-xs-center hidden-sm-down\"><img decoding=\"async\" src=\"..\/rgopal\/uploads\/2017\/02\/feature_newicon3.png\" alt=\"img\" \/><\/div>\n<\/div>\n<div class=\"new_feature_part clearfix\">\n<div class=\"col-xl-2 col-lg-2 col-md-2 col-sm-12 text-xs-center\"><img decoding=\"async\" src=\"..\/rgopal\/uploads\/2017\/02\/feature_newicon4.png\" alt=\"img\" \/><\/div>\n<div class=\"col-xl-9 col-lg-9 col-md-9 col-sm-12 feature_new text-xs-center text-md-right\">\n<h5>GPS Yer Takibi<\/h5>\n<p>Spymaster Pro hedef telefonun yer bilgilerini harita \u00fczerinden ke\u015ffederek sizin bilgi edinmenizi sa\u011flar. Bu sayede hedef telefonu kullanan ki\u015finin nerelere gitti\u011fini kolayca \u00f6\u011frenebilirsiniz.<\/p>\n<p><img decoding=\"async\" class=\"feature_line2\" src=\"..\/rgopal\/uploads\/2017\/02\/feature_line.png\" alt=\"img\" \/><\/p>\n<\/div>\n<\/div>\n<div class=\"new_feature_part clearfix\">\n<div class=\"col-xl-2 col-lg-2 col-md-2 col-sm-12 text-xs-center hidden-md-up\"><img decoding=\"async\" src=\"..\/rgopal\/uploads\/2017\/02\/feature_newicon5.jpg\" alt=\"img\" \/><\/div>\n<div class=\"col-xl-9 col-lg-9 col-md-9 col-sm-12 feature_new text-xs-center text-md-left\">\n<h5>**Co\u011frafi mevki koruma duvar\u0131<\/h5>\n<p>Spymaster Pro\u2019nun bizlere sundu\u011fu Co\u011frafi B\u00f6lge Koruma Duvar\u0131 \u00f6zelli\u011fi sayesinde hedef telefon kendisi i\u00e7in konulan sanal s\u0131n\u0131rlar d\u0131\u015f\u0131na \u00e7\u0131kt\u0131\u011f\u0131 zaman kullan\u0131c\u0131ya uyar\u0131 bildirimi gelecektir. Hedef telefon bu s\u0131n\u0131rdan d\u0131\u015far\u0131ya \u00e7\u0131kt\u0131\u011f\u0131nda kullan\u0131c\u0131n\u0131n hesab\u0131na uyar\u0131 mesaj\u0131 gidecektir.<\/p>\n<p><img decoding=\"async\" class=\"feature_line\" src=\"..\/rgopal\/uploads\/2017\/02\/feature_line.png\" alt=\"img\" \/><\/p>\n<\/div>\n<div class=\"col-xl-2 col-lg-2 col-md-2 col-sm-12 text-xs-center hidden-sm-down\"><img decoding=\"async\" src=\"..\/rgopal\/uploads\/2017\/02\/feature_newicon5.jpg\" alt=\"img\" \/><\/div>\n<\/div>\n<div class=\"col-xl-12 strip_txt text-xs-center\">Ayda sadece <del datetime=\"2016-01-22T10:00:57+00:00\">$8.32<\/del> 6.66 Dolara Spymaster Pro ya sahip olabilirsin!<\/div>\n<div class=\"strip_btn feature_bottom text-xs-center\"><a class=\"white_btn demo_btn\" href=\"..\/android-casus\/\">Android Casus<\/a> <a class=\"blue_btn\" href=\"..\/buynow\/\">\u015eimdi sat\u0131n al<\/a><\/div>\n<div class=\"new_feature_part clearfix\">\n<div class=\"col-xl-2 col-lg-2 col-md-2 col-sm-12 text-xs-center\"><img decoding=\"async\" src=\"..\/rgopal\/uploads\/2017\/02\/feature_newicon6.png\" alt=\"img\" \/><\/div>\n<div class=\"col-xl-9 col-lg-9 col-md-9 col-sm-12 feature_new text-xs-center text-md-right\">\n<h5>E-mail Takibi<\/h5>\n<p>Spymaster Pro mesaj ve arama takibi yapmakta usta oldu\u011fu kadar hedef telefondaki mailleri takip etmektede usta! Kullan\u0131c\u0131 hedef telefondaki g\u00f6nderilen ve al\u0131nan t\u00fcm mailleri ayr\u0131nt\u0131lar\u0131yla birlikte g\u00f6r\u00fcnt\u00fcleme imk\u00e2n\u0131na sahip olacakt\u0131r.<\/p>\n<p><img decoding=\"async\" class=\"feature_line2\" src=\"..\/rgopal\/uploads\/2017\/02\/feature_line.png\" alt=\"img\" \/><\/p>\n<\/div>\n<\/div>\n<div class=\"new_feature_part clearfix\">\n<div class=\"col-xl-2 col-lg-2 col-md-2 col-sm-12 text-xs-center hidden-md-up\"><img decoding=\"async\" src=\"..\/rgopal\/uploads\/2017\/02\/feature_newicon7.png\" alt=\"img\" \/><\/div>\n<div class=\"col-xl-9 col-lg-9 col-md-9 col-sm-12 feature_new text-xs-center text-md-left\">\n<h5>WhatsApp Takibi<\/h5>\n<p>Spymaster Pro WhatsApp\u2019ta yap\u0131lan t\u00fcm konu\u015fmalar\u0131 kay\u0131t alt\u0131na alarak kullan\u0131c\u0131n\u0131n g\u00f6sterge paneline g\u00f6nderir. Bu \u015fekilde hedef telefondaki t\u00fcm <a href=\"https:\/\/www.spymasterpro.com\/tr\/whataspp-casus\/\" target=\"_blank\" rel=\"noopener noreferrer\"><strong>WhatsApp<\/strong><\/a> konu\u015fmalar\u0131na eri\u015fme imkan\u0131na sahip olursunuz.<\/p>\n<p><img decoding=\"async\" class=\"feature_line\" src=\"..\/rgopal\/uploads\/2017\/02\/feature_line.png\" alt=\"img\" \/><\/p>\n<\/div>\n<div class=\"col-xl-2 col-lg-2 col-md-2 col-sm-12 text-xs-center hidden-sm-down\"><img decoding=\"async\" src=\"..\/rgopal\/uploads\/2017\/02\/feature_newicon7.png\" alt=\"img\" \/><\/div>\n<\/div>\n<div class=\"new_feature_part clearfix\">\n<div class=\"col-xl-2 col-lg-2 col-md-2 col-sm-12 text-xs-center\"><img decoding=\"async\" src=\"..\/rgopal\/uploads\/2017\/02\/feature_newicon8.jpg\" alt=\"img\" \/><\/div>\n<div class=\"col-xl-9 col-lg-9 col-md-9 col-sm-12 feature_new text-xs-center text-md-right\">\n<h5>Facebook Takibi<\/h5>\n<p>Spymaster Pro yard\u0131m\u0131yla, hedef telefondaki t\u00fcm <strong><a href=\"https:\/\/www.spymasterpro.com\/tr\/facebook-ajan-yazilimi-ile-facebook-mesajlarini-okuyun\/\" target=\"_blank\" rel=\"noopener noreferrer\">facebook<\/a><\/strong> konu\u015fmalar\u0131n\u0131 takip edebilirsiniz. <strong>Spymaster Pro<\/strong> ak\u0131ll\u0131 bir \u015fekilde hedef telefondaki t\u00fcm facebook konu\u015fmalar\u0131n\u0131 ele ge\u00e7irir ve sizin g\u00f6sterge panelinize kopyalar. T\u00fcm konu\u015fmalar\u0131 ger\u00e7ek saat ve tarihleriyle g\u00f6r\u00fcnt\u00fcleyebilirsiniz.<\/p>\n<p><img decoding=\"async\" class=\"feature_line2\" src=\"..\/rgopal\/uploads\/2017\/02\/feature_line.png\" alt=\"img\" \/><\/p>\n<\/div>\n<\/div>\n<div class=\"new_feature_part clearfix\">\n<div class=\"col-xl-2 col-lg-2 col-md-2 col-sm-12 text-xs-center hidden-md-up\"><img decoding=\"async\" src=\"..\/rgopal\/uploads\/2017\/02\/feature_newicon10.png\" alt=\"img\" \/><\/div>\n<div class=\"col-xl-9 col-lg-9 col-md-9 col-sm-12 feature_new text-xs-center text-md-left\">\n<h5>Telefon Defteri ve Takvim Eri\u015fimi<\/h5>\n<p>Spymaster Pro\u2019nun yard\u0131m\u0131yla hedef telefondaki t\u00fcm kay\u0131tl\u0131 ki\u015fileri kolayca g\u00f6r\u00fcnt\u00fcleyebilirsiniz. Kay\u0131tl\u0131 ki\u015filerle ilgili her t\u00fcrl\u00fc ek bilgiyi de eri\u015febilirsiniz. Ayn\u0131 \u015fekilde takvimdeki kay\u0131tl\u0131 t\u00fcm etkinlikleri de g\u00f6r\u00fcnt\u00fcleyebilirsiniz.<\/p>\n<p><img decoding=\"async\" class=\"feature_line\" src=\"..\/rgopal\/uploads\/2017\/02\/feature_line.png\" alt=\"img\" \/><\/p>\n<\/div>\n<div class=\"col-xl-2 col-lg-2 col-md-2 col-sm-12 text-xs-center hidden-sm-down\"><img decoding=\"async\" src=\"..\/rgopal\/uploads\/2017\/02\/feature_newicon10.png\" alt=\"img\" \/><\/div>\n<\/div>\n<div class=\"new_feature_part clearfix\">\n<div class=\"col-xl-2 col-lg-2 col-md-2 col-sm-12 text-xs-center hidden-md-up\"><img decoding=\"async\" src=\"..\/rgopal\/uploads\/2017\/02\/feature_newicon11.png\" alt=\"img\" \/><\/div>\n<div class=\"col-xl-2 col-lg-2 col-md-2 col-sm-12 text-xs-center hidden-sm-down\"><img decoding=\"async\" src=\"..\/rgopal\/uploads\/2017\/02\/feature_newicon11.png\" alt=\"img\" \/><\/div>\n<div class=\"col-xl-9 col-lg-9 col-md-9 col-sm-12 feature_new text-xs-center text-md-right\">\n<h5>Resim ve Multimedya Takibi<\/h5>\n<p>Spymaster Pro size hedef telefondaki t\u00fcm medya dosyalar\u0131n\u0131 izleme imkan\u0131 sa\u011flar. Bu \u015fekilde t\u00fcm resimlerin i\u00e7inde bulundu\u011fu dosyalara direk eri\u015fim sa\u011flam\u0131\u015f olursunuz.<\/p>\n<p><img decoding=\"async\" class=\"feature_line2\" src=\"..\/rgopal\/uploads\/2017\/02\/feature_line.png\" alt=\"img\" \/><\/p>\n<\/div>\n<\/div>\n<div class=\"col-xl-12 strip_txt text-xs-center\">Ayda sadece <del datetime=\"2016-01-22T10:00:57+00:00\">$10.41<\/del> 8.33 Dolara Spymaster Pro ya sahip olabilirsin!<\/div>\n<div class=\"strip_btn feature_bottom text-xs-center\"><a class=\"white_btn demo_btn\" href=\"..\/iphone-jailbreak-olmadan\/\">Iphone casusu<\/a> <a class=\"blue_btn\" href=\"..\/buynow\/\">\u015eimdi sat\u0131n al<\/a><\/div>\n<\/div>\n<\/section>\n<\/div>\n<\/div>\n<\/div>\n<\/div>\n<\/div>\n","protected":false},"excerpt":{"rendered":"<p>Banner Spymaster Pro inan\u0131lmaz \u00f6zellikleri sunar Android iPhone Features TINDER TAKIBI Yaz\u0131l\u0131m\u0131n bu b\u00f6l\u00fcm\u00fc, hedef kullan\u0131c\u0131n\u0131n cep telefonunda Tinder profilinde payla\u015f\u0131lan t\u00fcm iletilere tam eri\u015fime izin verir. Bu \u00f6zellik ile saat ve tarih detaylar\u0131 da size sunulacak. KIK TAKIBI Sohbetler, resimler ve videolar do\u011frudan Spymaster Pro panosunda mevcut olacak. Canl\u0131 izleme \u00f6zelli\u011fi, hedef kullan\u0131c\u0131n\u0131n Kik &hellip; <a href=\"https:\/\/www.spymasterpro.com\/tr\/ozellikler\/\" class=\"more-link\">Continue reading<span class=\"screen-reader-text\"> &#8220;\u00d6zellikler&#8221;<\/span><\/a><\/p>\n","protected":false},"author":1,"featured_media":0,"parent":0,"menu_order":0,"comment_status":"closed","ping_status":"closed","template":"page-full.php","meta":{"_acf_changed":false,"footnotes":""},"class_list":["post-136","page","type-page","status-publish","hentry"],"acf":[],"aioseo_notices":[],"_links":{"self":[{"href":"https:\/\/www.spymasterpro.com\/tr\/wp-json\/wp\/v2\/pages\/136","targetHints":{"allow":["GET"]}}],"collection":[{"href":"https:\/\/www.spymasterpro.com\/tr\/wp-json\/wp\/v2\/pages"}],"about":[{"href":"https:\/\/www.spymasterpro.com\/tr\/wp-json\/wp\/v2\/types\/page"}],"author":[{"embeddable":true,"href":"https:\/\/www.spymasterpro.com\/tr\/wp-json\/wp\/v2\/users\/1"}],"replies":[{"embeddable":true,"href":"https:\/\/www.spymasterpro.com\/tr\/wp-json\/wp\/v2\/comments?post=136"}],"version-history":[{"count":26,"href":"https:\/\/www.spymasterpro.com\/tr\/wp-json\/wp\/v2\/pages\/136\/revisions"}],"predecessor-version":[{"id":1206,"href":"https:\/\/www.spymasterpro.com\/tr\/wp-json\/wp\/v2\/pages\/136\/revisions\/1206"}],"wp:attachment":[{"href":"https:\/\/www.spymasterpro.com\/tr\/wp-json\/wp\/v2\/media?parent=136"}],"curies":[{"name":"wp","href":"https:\/\/api.w.org\/{rel}","templated":true}]}}