{"id":133,"date":"2016-01-23T07:50:31","date_gmt":"2016-01-23T07:50:31","guid":{"rendered":"https:\/\/www.spymasterpro.com\/tr\/?page_id=133"},"modified":"2020-02-12T12:48:50","modified_gmt":"2020-02-12T12:48:50","slug":"uyumluluk","status":"publish","type":"page","link":"https:\/\/www.spymasterpro.com\/tr\/uyumluluk\/","title":{"rendered":"Uyumluluk"},"content":{"rendered":"<div class=\"compatibility_part\">\n<h5 style=\"text-transform:none;\">Spymaster Pro yaz\u0131l\u0131m\u0131 hem Android Telefonlar hem de iPhone i\u00e7in tamamen uyumludur<\/h5>\n<div class=\"View\">\n&nbsp;<br \/>\n<strong>Daha fazla \u00f6zelli\u011fe sahip olmak i\u00e7in i\u015flemci t\u00fcr\u00fcn\u00fc se\u00e7in:<\/strong>\n<\/div>\n<div class=\"row\">\n<div class=\"col-xl-5 col-lg-5  col-md-6  text-xs-center\">\n<div class=\"compatibility_bx\">\n<a href=\"https:\/\/www.spymasterpro.com\/tr\/android-casus\/\"><img decoding=\"async\" src=\"https:\/\/www.spymasterpro.com\/tr\/rgopal\/uploads\/2017\/04\/compatibility_Android.png\" alt=\"img\"><\/a>\n<\/div>\n<h4><a href=\"https:\/\/www.spymasterpro.com\/tr\/android-casus\/\"> ANDROID <\/a><\/h4>\n<\/div>\n<div class=\"col-xl-5 col-lg-5  col-md-6  text-xs-center\">\n<div class=\"compatibility_bx\">\n<a href=\"https:\/\/www.spymasterpro.com\/tr\/iphone-jailbreak-olmadan\/\"><img decoding=\"async\" src=\"https:\/\/www.spymasterpro.com\/tr\/rgopal\/uploads\/2017\/04\/compatibility_iphone.png\" alt=\"img\"><\/a>\n<\/div>\n<h4><a href=\"https:\/\/www.spymasterpro.com\/tr\/iphone-jailbreak-olmadan\/\"> iPHONE<\/a><\/h4>\n<\/div>\n<p><\/diV><\/p>\n<div class=\"compatibility_bx_txt text-xs-center col-xl-10 col-lg-10  col-md-12\">\n<p>**iPhone ve Android i\u015flemcilerinin en \u00fcst s\u00fcr\u00fcmleri i\u00e7in idealdir<\/p>\n<\/div>\n<\/div>\n<p>&nbsp;<\/p>\n","protected":false},"excerpt":{"rendered":"<p>Spymaster Pro yaz\u0131l\u0131m\u0131 hem Android Telefonlar hem de iPhone i\u00e7in tamamen uyumludur &nbsp; Daha fazla \u00f6zelli\u011fe sahip olmak i\u00e7in i\u015flemci t\u00fcr\u00fcn\u00fc se\u00e7in: ANDROID iPHONE **iPhone ve Android i\u015flemcilerinin en \u00fcst s\u00fcr\u00fcmleri i\u00e7in idealdir &nbsp;<\/p>\n","protected":false},"author":1,"featured_media":0,"parent":0,"menu_order":0,"comment_status":"closed","ping_status":"closed","template":"","meta":{"_acf_changed":false,"footnotes":""},"class_list":["post-133","page","type-page","status-publish","hentry"],"acf":[],"aioseo_notices":[],"_links":{"self":[{"href":"https:\/\/www.spymasterpro.com\/tr\/wp-json\/wp\/v2\/pages\/133","targetHints":{"allow":["GET"]}}],"collection":[{"href":"https:\/\/www.spymasterpro.com\/tr\/wp-json\/wp\/v2\/pages"}],"about":[{"href":"https:\/\/www.spymasterpro.com\/tr\/wp-json\/wp\/v2\/types\/page"}],"author":[{"embeddable":true,"href":"https:\/\/www.spymasterpro.com\/tr\/wp-json\/wp\/v2\/users\/1"}],"replies":[{"embeddable":true,"href":"https:\/\/www.spymasterpro.com\/tr\/wp-json\/wp\/v2\/comments?post=133"}],"version-history":[{"count":7,"href":"https:\/\/www.spymasterpro.com\/tr\/wp-json\/wp\/v2\/pages\/133\/revisions"}],"predecessor-version":[{"id":1203,"href":"https:\/\/www.spymasterpro.com\/tr\/wp-json\/wp\/v2\/pages\/133\/revisions\/1203"}],"wp:attachment":[{"href":"https:\/\/www.spymasterpro.com\/tr\/wp-json\/wp\/v2\/media?parent=133"}],"curies":[{"name":"wp","href":"https:\/\/api.w.org\/{rel}","templated":true}]}}