{"id":128,"date":"2016-01-23T07:10:34","date_gmt":"2016-01-23T07:10:34","guid":{"rendered":"https:\/\/www.spymasterpro.com\/tr\/?page_id=128"},"modified":"2019-05-13T12:25:56","modified_gmt":"2019-05-13T12:25:56","slug":"spymasterpro-nasil-calisir","status":"publish","type":"page","link":"https:\/\/www.spymasterpro.com\/tr\/spymasterpro-nasil-calisir\/","title":{"rendered":"Spymaster Pro Nas\u0131l \u00c7al\u0131\u015f\u0131r"},"content":{"rendered":"<div id=\"pl-128\"  class=\"panel-layout\" ><div id=\"pg-128-0\"  class=\"panel-grid panel-no-style\" ><div id=\"pgc-128-0-0\"  class=\"panel-grid-cell\" ><div id=\"panel-128-0-0-0\" class=\"so-panel widget widget_text panel-first-child\" data-index=\"0\" ><h3 class=\"widget-title\">Banner<\/h3>\t\t\t<div class=\"textwidget\"><section id=\"qick_tour_banner\">\n<div class=\"container\">\n<div class=\"row\">\n<div class=\"col-xl-8 col-lg-8 col-md-8 col-sm-12 iphone_right_point text-xs-center\">\n<h4>Nas\u0131l \u00e7al\u0131\u015f\u0131r<\/h4>\n<img decoding=\"async\" src=\"https:\/\/www.spymasterpro.com\/tr\/rgopal\/uploads\/2017\/06\/tukish.png\" alt=\"point_img\">\n<h6>** Hay\u0131r tesisat gerek iPhone'da<\/h6>\n<\/div>\n<div class=\"col-xl-4 col-lg-4 col-md-4 hidden-sm-down iphone_left_img text-xs-center\">\n<img decoding=\"async\" src=\"..\/rgopal\/uploads\/2017\/02\/quik_side_img.png\" alt=\"img\">\n<\/div>\n<\/div>\n<\/div>\n<\/section><\/div>\n\t\t<\/div><div id=\"panel-128-0-0-1\" class=\"so-panel widget widget_text panel-last-child\" data-index=\"1\" ><h3 class=\"widget-title\">How Spymaster Pro Works for iPhone<\/h3>\t\t\t<div class=\"textwidget\"><section id=\"quick_works\">\n<div class=\"container\">\n<div class=\"row\">\n<div class=\"col-xs-12 text-xs-center iphone_wrk\">\n<h3>IPHONE \u0130\u00c7\u0130N SPYMASTER PRO NASIL \u00c7ALI\u015eIR<\/h3>\n<p>Gizlice ili\u015fkine bir zarar vermeden herhangi bir iPhone u mu takip etmek istiyorsun? \u015e\u00fcphelendi\u011fin biri \u00fczerinde devaml\u0131 olarak takip i\u015flemi olu\u015fturman normalde olduk\u00e7a zordur. Fakat buna ihtiyac\u0131n oldu\u011funu d\u00fc\u015f\u00fcnd\u00fc\u011f\u00fcnde h\u0131zl\u0131 ve kolay yolunu bir \u015fekilde bulursun. Bu durumda en zekice yolu iPhone takip i\u00e7in geli\u015ftirilmi\u015f takip yaz\u0131l\u0131m\u0131n\u0131 kullanmakt\u0131r. Gizlice iPhone cihaza hi\u00e7 dokunmadan takip etmeye ba\u015fla. Kurulum ve ka\u00e7ma gerektirmez.<\/p>\n<\/div>\n<div class=\"col-xl-4 col-lg-4 col-md-4 col-sm-4 col-xs-12 text-xs-center\">\n<div class=\"box_part\">\n<h5>SPYMASTER PRO SATIN AL<\/h5>\n<p>Cep Telefonu Kontrol Yaz\u0131l\u0131m\u0131 Sat\u0131n Al a t\u0131kla veya web sitemizin \u015eimdi Sat\u0131n Al sekmesinden sat\u0131n al\u0131n. Bilgilerinizi g\u00f6nderim. Gerekli alanlar\u0131 doldurduktan sonra i\u015flem i\u00e7in devam edin.<\/p>\n<\/div>\n<\/div>\n<div class=\"col-xl-4 col-lg-4 col-md-4 col-sm-4 col-xs-12 text-xs-center\">\n<div class=\"box_part\">\n<h5>ICLOUD B\u0130LG\u0130LER\u0130N\u0130 KULLAN<\/h5>\n<p>Takip etmek i\u00e7in hedef belirledi\u011finiz iPhone cihaza kurulum yapman\u0131za gerek bile yok. S\u00fcre\u00e7 i\u00e7erisinde gerekli oldu\u011fu zaman hedef iPhone cihaz\u0131n iCloud bilgilerini kullanman yeterli olur. E-mail adresine g\u00f6nderilen talimatlar\u0131 dikkatli bir \u015fekilde uygulay\u0131n.<\/p>\n<\/div>\n<\/div>\n<div class=\"col-xl-4 col-lg-4 col-md-4 col-sm-4 col-xs-12 text-xs-center\">\n<div class=\"box_part\">\n<h5>KONTROL ETMEYE BA\u015eLA!! <\/h5>\n<p>E-mail ile size g\u00f6nderilen giri\u015f bilgilerini kullanarak Spymaster Pro Kontrol Panel\u2019ine giri\u015f yap\u0131n. Takip etmek istedi\u011finiz sevdiklerinizi veya \u00e7al\u0131\u015fanlar\u0131n\u0131z\u0131 g\u00f6r\u00fcnt\u00fclemeye ba\u015flay\u0131n. Uzaktan hem i\u015finizi hem de ailenizi koruyabilirsiniz.<\/p>\n<\/div>\n<\/div>\n\n<div class=\"col-xl-12 col-xs-12 col-sm-12 col-md-12 strip_btn spy_btn feature_bottom text-xs-center\">\n <a href=\"..\/iphone-jailbreak-olmadan\/\" class=\"blue_btn\">iPhone Casus<\/a>\n <a href=\"..\/buynow\/\" class=\"white_btn demo_btn\">\u015eimdi sat\u0131n al<\/a>\n<\/div>\n<\/div>\n<\/div>\n<\/section>\n\n<section id=\"quick_content\">\n<div class=\"container\">\n<div class=\"row\">\n<div class=\"col-xl-12 text-xs-center\">\n<h3>SPYMASTER PRO HESABINA\u015eU \u015eEK\u0130LDE G\u0130R\u0130\u015e YAPIN:<\/h3>\n<br \/>\n  <div class=\"carousel slide\" id=\"myCarousel\">\n    <div class=\"carousel-inner\">\n      <div class=\"carousel-item active\">\n        <div class=\"col-md-10 offset-md-1 text-xs-center\"><img decoding=\"async\" src=\"..\/rgopal\/uploads\/2017\/02\/pc_img1.png\"><\/div>\n        <div class=\"col-xs-12 silder_txt text-xs-center\">\n         <p>Takip edilen her t\u00fcrl\u00fc veriye ula\u015fmak i\u00e7in Kullan\u0131c\u0131 ad\u0131 & \u015eifrenizi girin. Sonras\u0131nda Giri\u015f butonuna t\u0131klay\u0131n. <a href=\"https:\/\/www.spymasterpro.com\/main_admin\/login.php\"><strong>Login<\/strong><\/a>.<\/p>\n       <\/div>\n      <\/div>\n      <div class=\"carousel-item\">\n        <div class=\"col-md-10 offset-md-1 text-xs-center\"><img decoding=\"async\" src=\"..\/rgopal\/uploads\/2017\/02\/pc_img2.png\"><\/div>\n         <div class=\"col-xs-12 silder_txt text-xs-center\">\n         <h3>KULLANICI SAYFASI<\/h3>\n        <p>SMS Giri\u015fleri, E-mailler, Telefon rehberi, Geo Alan, URL Takibi, Foto\u011fraf Takibi & Arama Kayd\u0131 gibi her t\u00fcrl\u00fc alan kullan\u0131c\u0131 sayfas\u0131nda mevcuttur. Takip edilen verilerden olu\u015fan her t\u00fcrl\u00fc alan kullan\u0131c\u0131 taraf\u0131ndan talep edilen \u00f6zelliklere ba\u011fl\u0131 olarak e\u015f zamanl\u0131 bir \u015fekilde takip edilen telefondan y\u00fcklenmektedir.<\/p>\n        <\/div>\n      <\/div>\n      <div class=\"carousel-item\">\n        <div class=\"col-md-10 offset-md-1 text-xs-center\"><img decoding=\"async\" src=\"..\/rgopal\/uploads\/2017\/02\/pc_img3.png\"><\/div>\n          <div class=\"col-xs-12 silder_txt text-xs-center\">\n         <h3>ARAMA KAYDI<\/h3>\n        <p>Arama Kayd\u0131na t\u0131klayarak her bir kay\u0131tl\u0131 ismin di\u011fer detaylar\u0131 da dahil olmak \u00fczere arama kay\u0131tlar\u0131na ula\u015fabilirsiniz.<\/p>\n        <\/div>\n      <\/div>\n      <div class=\"carousel-item\">\n        <div class=\"col-md-10 offset-md-1 text-xs-center\"><img decoding=\"async\" src=\"..\/rgopal\/uploads\/2017\/02\/pc_img4.png\"><\/div>\n          <div class=\"col-xs-12 silder_txt text-xs-center\">\n         <h3>SMS KAYDI<\/h3>\n        <p>SMS Kayd\u0131na t\u0131klad\u0131\u011f\u0131n\u0131zda ba\u015fl\u0131klar halinde sms listesini g\u00f6receksiniz. Gelen ve giden mesajlar\u0131 g\u00f6r\u00fcnt\u00fclerken ayn\u0131 zamanda o mesaj ile ilgili t\u00fcm detaylara da ula\u015fabilirsiniz, \u00fcstelik hedef telefon kullan\u0131c\u0131s\u0131 taraf\u0131ndan mesaj silinse dahi siz mesajlara eri\u015febilirsiniz.<\/p>\n        <\/div>\n      <\/div>\n      <div class=\"carousel-item\">\n        <div class=\"col-md-10 offset-md-1 text-xs-center\"><img decoding=\"async\" src=\"..\/rgopal\/uploads\/2017\/02\/pc_img5.png\"><\/div>\n          <div class=\"col-xs-12 silder_txt text-xs-center\">\n         <h3>WhatsApp<\/h3>\n        <p>Spymaster Pro, WhatsApp uygulamas\u0131nda gelen ve giden her t\u00fcrl\u00fc mesaj\u0131, ki\u015fi bilgileri dahil olmak \u00fczere payla\u015f\u0131lan foto\u011fraflar\u0131 ve videolar\u0131 ve tarihi ile birlikte cep telefonu numaralar\u0131n\u0131 takip eder.<\/p>\n        <\/div>\n      <\/div>\n      <div class=\"carousel-item\">\n        <div class=\"col-md-10 offset-md-1 text-xs-center\"><img decoding=\"async\" src=\"..\/rgopal\/uploads\/2017\/02\/pc_img6.png\"><\/div>\n            <div class=\"col-xs-12 silder_txt text-xs-center\">\n         <h3>EMAIL KAYDI<\/h3>\n        <p>Tarih, zaman, isim ve e\u011fer varsa e-mail ile ba\u011flant\u0131l\u0131 ekler ve i\u00e7erikleri gibi ayr\u0131cal\u0131kl\u0131 bilgileri bulabilece\u011finiz ak\u0131ll\u0131 format yap\u0131da e-mailler ba\u015fl\u0131klar halinde g\u00f6sterilir.<\/p>\n        <\/div>\n      <\/div>\n      <div class=\"carousel-item\">\n        <div class=\"col-md-10 offset-md-1 text-xs-center\"><img decoding=\"async\" src=\"..\/rgopal\/uploads\/2017\/02\/pc_img7.png\"><\/div>\n            <div class=\"col-xs-12 silder_txt text-xs-center\">\n         <h3>BA\u011eLANTILAR<\/h3>\n        <p>Hedef telefonda kaydedilmi\u015f t\u00fcm numaralara ek olarak \u201cBa\u011flant\u0131lar Listesi\u201dndeki t\u00fcm mevcut ba\u011flant\u0131lar her bir ba\u011flant\u0131 ki\u015fisinin kaydedilmi\u015f \u00f6zellikleri ile birlikte ortaya \u00e7\u0131kar\u0131l\u0131r.<\/p>\n        <\/div>\n      <\/div>\n      <div class=\"carousel-item\">\n        <div class=\"col-md-10 offset-md-1 text-xs-center\"><img decoding=\"async\" src=\"..\/rgopal\/uploads\/2017\/02\/pc_img8.png\"><\/div>\n            <div class=\"col-xs-12 silder_txt text-xs-center\">\n         <h3>URL GE\u00c7M\u0130\u015e\u0130<\/h3>\n        <p>Taray\u0131c\u0131 ge\u00e7mi\u015finde silinmi\u015f ya da arada kal\u0131p g\u00f6zden ka\u00e7abilen her t\u00fcrl\u00fc linke ula\u015fabilirsiniz. Hedef telefondaki taray\u0131c\u0131lar ile girilmi\u015f her t\u00fcrl\u00fc linke ait bilgileri ziyaret say\u0131s\u0131 ve ziyaret kay\u0131tlar\u0131 ile birlikte elde edebilirsiniz.<\/p>\n        <\/div>\n      <\/div>\n      <div class=\"carousel-item\">\n        <div class=\"col-md-10 offset-md-1 text-xs-center\"><img decoding=\"async\" src=\"..\/rgopal\/uploads\/2017\/02\/pc_img9.png\"><\/div>\n            <div class=\"col-xs-12 silder_txt text-xs-center\">\n         <h3>FOTO\u011eRAFLAR<\/h3>\n        <p>Hedef telefondan boyutu ya da format\u0131 her ne olursa olsun \u00e7ekilen veya indirilen foto\u011fraflar bir veri olarak size sunuluyor.<\/p>\n        <\/div>\n      <\/div>\n      <div class=\"carousel-item\">\n        <div class=\"col-md-10 offset-md-1 text-xs-center\"><img decoding=\"async\" src=\"..\/rgopal\/uploads\/2017\/02\/pc_img10.png\"><\/div>\n            <div class=\"col-xs-12 silder_txt text-xs-center\">\n         <h3>GEO LOKASYONU & GEO TAK\u0130B\u0130<\/h3>\n        <p>Hedef telefonun ta\u015f\u0131nd\u0131\u011f\u0131 her t\u00fcrl\u00fc alan ve mekan\u0131n adresi Spymaster Pro GPS \u00f6zelli\u011fi sayesinde takip edilebilir. Ayn\u0131 zamanda telefonun ger\u00e7ek ve g\u00fcncel olarak nerede oldu\u011funu da \u00f6\u011frenin.<\/p>\n        <\/div>\n      <\/div>\n      <div class=\"carousel-item\">\n        <div class=\"col-md-10 offset-md-1 text-xs-center\"><img decoding=\"async\" src=\"..\/rgopal\/uploads\/2017\/02\/pc_img11.png\"><\/div>\n            <div class=\"col-xs-12 silder_txt text-xs-center\">\n         <h3>Facebook<\/h3>\n        <p>E\u011fer \u00e7ocu\u011funuz Facebook ba\u011f\u0131ml\u0131s\u0131ysa ve siz de onu bu al\u0131\u015fkanl\u0131\u011f\u0131ndan al\u0131 koymak istiyorsan\u0131z art\u0131k endi\u015felenmenize gerek yok. Spymaster Pro hedef telefonun Facebook Messenger uygulamas\u0131n\u0131 t\u00fcm detaylar\u0131 ile birlikte size sunuyor.<\/p>\n        <\/div>\n      <\/div>\n    <\/div>\n    <a class=\"left carousel-control text-xs-left\" href=\"#myCarousel\" data-slide=\"prev\"><i class=\"fa fa-angle-left\"><\/i><\/a>\n    <a class=\"right carousel-control text-xs-right\" href=\"#myCarousel\" data-slide=\"next\"><i class=\"fa fa-angle-right\"><\/i><\/a>\n  <\/div>\n  \n  <div class=\"quick_customer\">\n  <h3>M\u00fc\u015fteri Hizmetleri<\/h3>\n  <p> <strong>support@spymasterpro.com<\/strong>dresi \u00fczerinden bize her t\u00fcrl\u00fc sorunuzu veya \u00f6nerinizi ula\u015ft\u0131rabilirsiniz..<\/p>\n  <img decoding=\"async\" src=\"..\/rgopal\/uploads\/2017\/02\/ios_icon_img.jpg\">\n  <\/div>\n<\/div>\n<\/div>\n<\/div>\n<\/section>\n\n<section id=\"quick_works\">\n<div class=\"container\">\n<div class=\"row\">\n<div class=\"col-xs-12 text-xs-center iphone_wrk\">\n<h3>ANDROID \u0130\u00c7\u0130N SPYMASTER PRO NASIL \u00c7ALI\u015eIR<\/h3>\n<p>G\u00fcn\u00fcm\u00fczde Android telefonu uzaktan kontrol etmek olduk\u00e7a kolayd\u0131r. Daha kolay, daha g\u00fcvenli ve daha h\u0131zl\u0131. \u015e\u00fcphelendi\u011finiz ki\u015finin android telefonuna gizli sakl\u0131 o yokken bakmak zorunda de\u011filsiniz. Tek yapman gereke modern takip yaz\u0131l\u0131m\u0131n\u0131 edinmek ve uzaktan hedef telefonun yapt\u0131\u011f\u0131 etkinlikleri takip etmek. Bu geli\u015ftirilmi\u015f takip yaz\u0131l\u0131m\u0131n\u0131n sahip oldu\u011fu \u00fcst d\u00fczey \u00f6zellikleri kullanarak tek t\u0131kla hedef olarak se\u00e7ti\u011finiz android cihaz\u0131n t\u00fcm i\u00e7eri\u011fini g\u00f6rebilir t\u00fcm etkinlikleri kontrol edebilirsiniz. Yaz\u0131l\u0131m\u0131 sat\u0131n al ve arkana yaslan\u0131p otur. Yaz\u0131l\u0131m size %100 g\u00fcvenilir bilgi sunuyor<\/p>\n<\/div>\n<div class=\"col-xl-4 col-lg-4 col-md-4 col-sm-4 col-xs-12 text-xs-center\">\n<div class=\"box_part\">\n<h5>SPYMASTER PRO SATIN AL<\/h5>\n<p>Cep Telefonu Kontrol Yaz\u0131l\u0131m\u0131 Sat\u0131n Al a t\u0131kla veya web sitemizin \u015eimdi Sat\u0131n Al sekmesinden sat\u0131n al\u0131n. Bilgilerinizi g\u00f6nderim. Gerekli alanlar\u0131 doldurduktan sonra i\u015flem i\u00e7in devam edin<\/p>\n<\/div>\n<\/div>\n<div class=\"col-xl-4 col-lg-4 col-md-4 col-sm-4 col-xs-12 text-xs-center\">\n<div class=\"box_part\">\n<h5>YAZILIMI KURUN<\/h5>\n<p>Yaz\u0131l\u0131m\u0131 yaln\u0131zca kontrol etmek istedi\u011finiz hedef telefona indirip kurun. Kurulum yaln\u0131zca 5 dakikan\u0131z\u0131 al\u0131r. E-mail adresine g\u00f6nderilen talimatlar\u0131 dikkatli bir \u015fekilde uygulay\u0131n.<\/p>\n<\/div>\n<\/div>\n<div class=\"col-xl-4 col-lg-4 col-md-4 col-sm-4 col-xs-12 text-xs-center\">\n<div class=\"box_part\">\n<h5>KONTROL ETMEYE BA\u015eLA!!<\/h5>\n<p>E-mail ile size g\u00f6nderilen giri\u015f bilgilerini kullanarak Spymaster Pro Kontrol Panel\u2019ine giri\u015f yap\u0131n. Takip etmek istedi\u011finiz sevdiklerinizi veya \u00e7al\u0131\u015fanlar\u0131n\u0131z\u0131 g\u00f6r\u00fcnt\u00fclemeye ba\u015flay\u0131n. Uzaktan hem i\u015finizi hem de ailenizi koruyabilirsiniz.<\/p>\n<\/div>\n<\/div>\n\n<div class=\"col-xl-12 col-xs-12 col-sm-12 col-md-12 strip_btn spy_btn feature_bottom text-xs-center\">\n <a href=\"..\/android-casus\/\" class=\"blue_btn\">Android Casus<\/a>\n <a href=\"..\/buynow\/\" class=\"white_btn demo_btn\">\u015eimdi sat\u0131n al<\/a>\n<\/div>\n<\/div>\n<\/div>\n<\/section><\/div>\n\t\t<\/div><\/div><\/div><\/div>","protected":false},"excerpt":{"rendered":"<p>Nas\u0131l \u00e7al\u0131\u015f\u0131r ** Hay\u0131r tesisat gerek iPhone&#8217;da IPHONE \u0130\u00c7\u0130N SPYMASTER PRO NASIL \u00c7ALI\u015eIR Gizlice ili\u015fkine bir zarar vermeden herhangi bir iPhone u mu takip etmek istiyorsun? \u015e\u00fcphelendi\u011fin biri \u00fczerinde devaml\u0131 olarak takip i\u015flemi olu\u015fturman normalde olduk\u00e7a zordur. Fakat buna ihtiyac\u0131n oldu\u011funu d\u00fc\u015f\u00fcnd\u00fc\u011f\u00fcnde h\u0131zl\u0131 ve kolay yolunu bir \u015fekilde bulursun. Bu durumda en zekice yolu iPhone &hellip; <a href=\"https:\/\/www.spymasterpro.com\/tr\/spymasterpro-nasil-calisir\/\" class=\"more-link\">Continue reading<span class=\"screen-reader-text\"> &#8220;Spymaster Pro Nas\u0131l \u00c7al\u0131\u015f\u0131r&#8221;<\/span><\/a><\/p>\n","protected":false},"author":1,"featured_media":0,"parent":0,"menu_order":0,"comment_status":"closed","ping_status":"closed","template":"page-full.php","meta":{"_acf_changed":false,"footnotes":""},"class_list":["post-128","page","type-page","status-publish","hentry"],"acf":[],"aioseo_notices":[],"_links":{"self":[{"href":"https:\/\/www.spymasterpro.com\/tr\/wp-json\/wp\/v2\/pages\/128","targetHints":{"allow":["GET"]}}],"collection":[{"href":"https:\/\/www.spymasterpro.com\/tr\/wp-json\/wp\/v2\/pages"}],"about":[{"href":"https:\/\/www.spymasterpro.com\/tr\/wp-json\/wp\/v2\/types\/page"}],"author":[{"embeddable":true,"href":"https:\/\/www.spymasterpro.com\/tr\/wp-json\/wp\/v2\/users\/1"}],"replies":[{"embeddable":true,"href":"https:\/\/www.spymasterpro.com\/tr\/wp-json\/wp\/v2\/comments?post=128"}],"version-history":[{"count":7,"href":"https:\/\/www.spymasterpro.com\/tr\/wp-json\/wp\/v2\/pages\/128\/revisions"}],"predecessor-version":[{"id":936,"href":"https:\/\/www.spymasterpro.com\/tr\/wp-json\/wp\/v2\/pages\/128\/revisions\/936"}],"wp:attachment":[{"href":"https:\/\/www.spymasterpro.com\/tr\/wp-json\/wp\/v2\/media?parent=128"}],"curies":[{"name":"wp","href":"https:\/\/api.w.org\/{rel}","templated":true}]}}