{"id":110,"date":"2016-01-21T09:42:27","date_gmt":"2016-01-21T09:42:27","guid":{"rendered":"https:\/\/www.spymasterpro.com\/tr\/?page_id=110"},"modified":"2022-08-08T11:17:15","modified_gmt":"2022-08-08T11:17:15","slug":"facebook-ajan-yazilimi-ile-facebook-mesajlarini-okuyun","status":"publish","type":"page","link":"https:\/\/www.spymasterpro.com\/tr\/facebook-ajan-yazilimi-ile-facebook-mesajlarini-okuyun\/","title":{"rendered":"Facebook Ajan Yaz\u0131l\u0131m\u0131 ile Facebook Mesajlar\u0131n\u0131 Okuyun"},"content":{"rendered":"<div id=\"pl-110\"  class=\"panel-layout\" >\n<div id=\"pg-110-0\"  class=\"panel-grid panel-no-style\" >\n<div id=\"pgc-110-0-0\"  class=\"panel-grid-cell\"  data-weight=\"1\" >\n<div id=\"panel-110-0-0-0\" class=\"so-panel widget widget_text panel-first-child\" data-index=\"0\" data-style=\"{&quot;background_image_attachment&quot;:false,&quot;background_display&quot;:&quot;tile&quot;}\" >\n<h3 class=\"widget-title\">Banner<\/h3>\n<div class=\"textwidget\">\n<section id=\"facebook_spy_banner\">\n<div class=\"container\">\n<div class=\"row\">\n<div class=\"col-xl-8 col-lg-8 col-md-8 col-sm-12 iphone_right_point\">\n<h4><img decoding=\"async\" src=\"..\/wp-content\/uploads\/2017\/02\/messenger_icon.png\" alt=\"img\">Facebook Takibi<\/h4>\n<h6>\u015e\u0130FRES\u0130N\u0130 B\u0130LMEDEN \u0130STED\u0130\u011e\u0130N\u0130Z B\u0130R\u0130N\u0130N FACEBOOK YAZI\u015eMALARINI OKUYUN<\/h6>\n<ul>\n<li>Arama kay\u0131tlar\u0131n\u0131, Mekan bilgilerini, Whatsapp ve daha fazlas\u0131n\u0131 g\u00f6r.<\/li>\n<li>Android telefonlar ve iPhone ile uyumlu \u00e7al\u0131\u015f\u0131r.<\/li>\n<li>Her t\u00fcrl\u00fc web taray\u0131c\u0131dan giri\u015f yap\u0131labilir.<\/li>\n<li>7\/24 \u00e7e\u015fitli dillerde m\u00fc\u015fteri hizmeti<\/li>\n<li>%100 G\u00fcvenli ve Ba\u015far\u0131l\u0131<\/li>\n<\/ul>\n<div class=\"slider_btn\">\n<a href=\"..\/ozellikler\/\" class=\"blue_btn\">\u00d6zellikler<\/a><br \/>\n<a href=\"https:\/\/www.spymasterpro.com\/demo\/\" class=\"blue_btn demo_btn\"><i class=\"fa fa-play\"><\/i>demo<\/a>\n<\/div>\n<\/div>\n<div class=\"col-xl-4 col-lg-4 col-md-4 hidden-sm-down iphone_left_img\">\n<img decoding=\"async\" src=\"..\/wp-content\/uploads\/2017\/02\/facebook_spy_phone_img.png\" alt=\"img\">\n<\/div>\n<\/div>\n<\/div>\n<\/section>\n<\/div><\/div>\n<div id=\"panel-110-0-0-1\" class=\"so-panel widget widget_text panel-last-child\" data-index=\"1\" data-style=\"{&quot;background_image_attachment&quot;:false,&quot;background_display&quot;:&quot;tile&quot;}\" >\n<h3 class=\"widget-title\">View Facebook Messages With Facebook Spy Software<\/h3>\n<div class=\"textwidget\">\n<section id=\"middle_part\">\n<div class=\"container\">\n<div class=\"row\">\n<div class=\"col-xl-12 col-lg-12 col-md-12 left_part\">\n<div class=\"side_heading\">\n<h3>Facebook Spy Yaz\u0131l\u0131m\u0131 ile T\u00fcm Facebook Mesajlar\u0131n\u0131 Okuyun<\/h3>\n<\/div>\n<p>Ak\u0131ll\u0131 bir yaz\u0131l\u0131m olarak geli\u015ftirilen Spymaster Pro hedef telefona dokunmadan telefondaki T\u00fcm Facebook mesajlar\u0131n\u0131 okuman\u0131za olanak tan\u0131r. Telefonda kay\u0131tl\u0131 Facebook \u015fifresine ve kullan\u0131c\u0131 ad\u0131n\u0131 bilmenize gerek yok. Yaln\u0131zca tek bir t\u0131kla her \u015feye uzaktan eri\u015fme hakk\u0131na sahipsiniz. Yaz\u0131l\u0131m\u0131 sat\u0131n al\u0131n ve evinizin konforlu ortam\u0131nda hedef olarak belirledi\u011finiz telefondaki t\u00fcm yaz\u0131\u015fmalar\u0131 okumaya balay\u0131n. Hem iPhone hem de Android i\u00e7in Facebook hesaplar\u0131n\u0131 kontrol etme \u015fans\u0131na sahipsiniz<\/p>\n<div class=\"col-xs-12 text-xs-center\">\n<\/p>\n<h2><strong>Facebook izleme i\u00e7in iPhone<\/strong><\/h2>\n<p><img loading=\"lazy\" decoding=\"async\" class=\"wp-image-4879 size-full aligncenter\" src=\"..\/wp-content\/uploads\/2017\/02\/facebok-image.png\" alt=\"facebok image\" width=\"400\" height=\"310\" \/>\n<\/div>\n<p><strong>iPhone cihazda facebook mesajlar\u0131n\u0131 kontrol etmek i\u00e7in takip edilecek basit ad\u0131mlar:<\/strong><\/p>\n<ul>\n<li>Yaz\u0131l\u0131m\u0131 sat\u0131n al\u0131n ve e-mail \u00fczerinden size iletti\u011fimiz giri\u015f bilgilerini ekranda ilgili yerlere yaz\u0131n. <\/li>\n<li>Hedef iPhone cihaz\u0131n iCloud bilgilerini edinin<\/li>\n<li>Size iletilen giri\u015f bilgilerini girin ve bu \u015fekilde Spymaster Pro hesab\u0131n\u0131za girmi\u015f olacaks\u0131n\u0131z.<\/li>\n<li>Sonras\u0131nda ise gerekli olan yerlerde hedef iPhone i\u00e7in edindi\u011finiz iCloud bilgilerini kullan\u0131n.<\/li>\n<li>Takip etmek istedi\u011finiz ki\u015finin whatsapp yaz\u0131\u015fmalar\u0131na bu \u015fekilde ula\u015fabilirsiniz.<\/li>\n<\/ul>\n<p><strong>Not:<\/strong> iPhone cihazlar i\u00e7in bu yaz\u0131l\u0131m\u0131 kurman\u0131za gerek yoktur<\/p>\n<div class=\"strip_space\">\n<\/p>\n<div class=\"col-xl-12 col-xs-12 col-sm-12 col-md-12 strip_txt text-xs-center bigtext-red\">\n9,99 $ sadece get casusa Pro iPhone \/ ay\n<\/div>\n<div class=\"buy_panel text-xs-center\">\n <a href=\"..\/iphone-jailbreak-olmadan\/\" class=\"blue_btn\">iPhone Casus<\/a><br \/>\n <a href=\"..\/buynow\/\" class=\"blue_btn\">\u015eimdi sat\u0131n al<\/a>\n<\/div>\n<\/div>\n<div class=\"col-xs-12 text-xs-center\">\n<h2><strong>ANDROID \u0130\u00c7\u0130N FACEBOOK KONTROL\u00dc<\/strong><\/h2>\n<p><img loading=\"lazy\" decoding=\"async\" class=\"aligncenter wp-image-4910 size-full\" src=\"..\/wp-content\/uploads\/2017\/02\/uyo.png\" width=\"400\" height=\"310\" \/><\/div>\n<p> <strong>Hedef android cihazda facebook yaz\u0131\u015fmalar\u0131n\u0131 takip etmek i\u00e7in a\u015fa\u011f\u0131da belirtti\u011fimiz i\u015flemleri dikkatli bir \u015fekilde s\u0131ras\u0131yla takip edin:<\/strong><\/p>\n<ul>\n<li>Yaz\u0131l\u0131m\u0131 sat\u0131n al\u0131n ve e-mail \u00fczerinden size iletti\u011fimiz giri\u015f bilgilerini ekranda ilgili yerlere yaz\u0131n.<\/li>\n<li>E-mail ile size iletilen linki kullanarak hedef Android cihaz\u0131nda yaz\u0131l\u0131m\u0131 kurun (Yaz\u0131l\u0131m kurulumu 5 dakika s\u00fcrmektedir.) ve telefonu art\u0131k b\u0131rakabilirsiniz.<\/li>\n<li>Herhangi bir cihazdan hesab\u0131n\u0131za giri\u015f yap\u0131n.<\/li>\n<li>Takip etmek istedi\u011finiz android cihaz\u0131n art\u0131k t\u00fcm Whatsapp yaz\u0131\u015fmalar\u0131n\u0131 okuyabilirsiniz<\/li>\n<\/ul>\n<p><\/p>\n<div class=\"strip_space\">\n<div class=\"col-xl-12 col-xs-12 col-sm-12 col-md-12 strip_txt text-xs-center bigtext-red\">\nSadece ayda $ 8.33 Spymaster Pro Android Premium al\u0131n\n<\/div>\n<div class=\"buy_panel text-xs-center\">\n <a href=\"..\/android-casus\/\" class=\"blue_btn\">Android Casus<\/a><br \/>\n <a href=\"..\/buynow\/\" class=\"blue_btn\"> \u015eimdi sat\u0131n al<\/a>\n<\/div>\n<\/div>\n<\/div>\n<p>\t<?php get_sidebar('secure'); ?>\n<\/div>\n<\/div>\n<\/section>\n<\/div><\/div>\n<\/div>\n<\/div>\n<\/div>\n<p><script type=\"application\/ld+json\">\n    {\n      \"@context\": \"https:\/\/schema.org\",\n      \"@type\": \"SoftwareApplication\",\n      \"name\" : \"Spymaster Pro\",\n  \t  \"image\" : \"https:\/\/www.spymasterpro.com\/tr\/wp-content\/uploads\/2017\/02\/facebook_spy_phone_img.png\",\n  \t  \"operatingSystem\": \"Windows 7, OSX 10.6, Android 1.6\",\n      \"applicationCategory\": \"BusinessApplication\",\n      \"featureList\": \"WhatsApp, Facebook, Instagram\",\n      \"aggregateRating\": {\n        \"@type\": \"AggregateRating\",\n        \"ratingValue\": \"4.9\",\n        \"ratingCount\": \"93523\"\n      },\n      \"offers\": {\n        \"@type\": \"Offer\",\n        \"price\": \"7.99\",\n        \"priceCurrency\": \"USD\"\n      }\n    }\n    <\/script><\/p>\n","protected":false},"excerpt":{"rendered":"<p>Banner Facebook Takibi \u015e\u0130FRES\u0130N\u0130 B\u0130LMEDEN \u0130STED\u0130\u011e\u0130N\u0130Z B\u0130R\u0130N\u0130N FACEBOOK YAZI\u015eMALARINI OKUYUN Arama kay\u0131tlar\u0131n\u0131, Mekan bilgilerini, Whatsapp ve daha fazlas\u0131n\u0131 g\u00f6r. Android telefonlar ve iPhone ile uyumlu \u00e7al\u0131\u015f\u0131r. Her t\u00fcrl\u00fc web taray\u0131c\u0131dan giri\u015f yap\u0131labilir. 7\/24 \u00e7e\u015fitli dillerde m\u00fc\u015fteri hizmeti %100 G\u00fcvenli ve Ba\u015far\u0131l\u0131 \u00d6zellikler demo View Facebook Messages With Facebook Spy Software Facebook Spy Yaz\u0131l\u0131m\u0131 ile T\u00fcm &hellip; <a href=\"https:\/\/www.spymasterpro.com\/tr\/facebook-ajan-yazilimi-ile-facebook-mesajlarini-okuyun\/\" class=\"more-link\">Continue reading<span class=\"screen-reader-text\"> &#8220;Facebook Ajan Yaz\u0131l\u0131m\u0131 ile Facebook Mesajlar\u0131n\u0131 Okuyun&#8221;<\/span><\/a><\/p>\n","protected":false},"author":1,"featured_media":0,"parent":0,"menu_order":0,"comment_status":"closed","ping_status":"closed","template":"page-full.php","meta":{"_acf_changed":false,"footnotes":""},"class_list":["post-110","page","type-page","status-publish","hentry"],"acf":[],"aioseo_notices":[],"_links":{"self":[{"href":"https:\/\/www.spymasterpro.com\/tr\/wp-json\/wp\/v2\/pages\/110","targetHints":{"allow":["GET"]}}],"collection":[{"href":"https:\/\/www.spymasterpro.com\/tr\/wp-json\/wp\/v2\/pages"}],"about":[{"href":"https:\/\/www.spymasterpro.com\/tr\/wp-json\/wp\/v2\/types\/page"}],"author":[{"embeddable":true,"href":"https:\/\/www.spymasterpro.com\/tr\/wp-json\/wp\/v2\/users\/1"}],"replies":[{"embeddable":true,"href":"https:\/\/www.spymasterpro.com\/tr\/wp-json\/wp\/v2\/comments?post=110"}],"version-history":[{"count":11,"href":"https:\/\/www.spymasterpro.com\/tr\/wp-json\/wp\/v2\/pages\/110\/revisions"}],"predecessor-version":[{"id":3668,"href":"https:\/\/www.spymasterpro.com\/tr\/wp-json\/wp\/v2\/pages\/110\/revisions\/3668"}],"wp:attachment":[{"href":"https:\/\/www.spymasterpro.com\/tr\/wp-json\/wp\/v2\/media?parent=110"}],"curies":[{"name":"wp","href":"https:\/\/api.w.org\/{rel}","templated":true}]}}