{"id":1078,"date":"2019-12-05T09:55:57","date_gmt":"2019-12-05T09:55:57","guid":{"rendered":"https:\/\/www.spymasterpro.com\/tr\/?page_id=1078"},"modified":"2020-02-12T12:54:12","modified_gmt":"2020-02-12T12:54:12","slug":"yuklu-uygulama-izleme","status":"publish","type":"page","link":"https:\/\/www.spymasterpro.com\/tr\/yuklu-uygulama-izleme\/","title":{"rendered":"Y\u00dcKL\u00dc UYGULAMA \u0130ZLEME"},"content":{"rendered":"<section id=\"install_banner\">\n<div class=\"container\">\n<div class=\"row\">\n<div class=\"col-xl-8 col-lg-8 col-md-8 col-sm-12 iphone_right_point\">\n<h4>Hedef kullan\u0131c\u0131n\u0131n telefonunda hangi uygulaman\u0131n y\u00fckl\u00fc oldu\u011funu bilmek ister misiniz?<\/h4>\n<h6>SPYMASTER PRO \u0130LE, HEDEF KULLANICININ TELEFONUNA HANG\u0130 UYGULAMALARI Y\u00dcKLED\u0130\u011e\u0130N\u0130 G\u00d6R\u00dcNT\u00dcLEYEB\u0130L\u0130RS\u0130N\u0130Z.<\/h6>\n<ul>\n<li>Sosyal medya uygulamalar\u0131 vb. dahil olmak \u00fczere son zamanlarda eklenen uygulamar\u0131 g\u00f6r\u00fcnt\u00fclemeye hemen ba\u015flay\u0131n. <\/li>\n<li>Risk varsa, telefonlar\u0131n\u0131 uygulama risklerine kar\u015f\u0131 koruyarak yak\u0131n ve sevdiklerinizi koruyun.<\/li>\n<li>Kontol panelinizdeli uygulamalar\u0131n tamam\u0131n\u0131 g\u00f6r\u00fcnt\u00fcleyin<\/li>\n<\/ul>\n<div class=\"slider_btn\">\n<a class=\"blue_btn demo_btn\" href=\"https:\/\/www.spymasterpro.com\/tr\/simdi-satin-al\/\">\u015eimdi sat\u0131n al<\/a>\n<\/div>\n<\/div>\n<div class=\"col-xl-4 col-lg-4 col-md-4 hidden-sm-down iphone_left_img text-xs-center\">\n<img decoding=\"async\" src=\"https:\/\/www.spymasterpro.com\/tr\/wp-content\/uploads\/2019\/12\/Y\u00dcKL\u00dc-UYGULAMA-\u0130ZLEME.png\" alt=\"img\">\n<\/div>\n<\/div>\n<\/div>\n<\/section>\n<section id=\"snapchat_info\">\n<div class=\"container\">\n<div class=\"row\">\n<div class=\"col-sm-6 insta_bx text-xs-center\">\n<div class=\"insta_icon text-xs-center\"><i class=\"fa fa-download\" aria-hidden=\"true\"><!--tr--><\/i><\/div>\n<h2>Y\u00fcklenen uygulamalar arac\u0131l\u0131\u011f\u0131yla dosyalar\u0131 indirin<\/h2>\n<p>Y\u00fckl\u00fc uygulamalar yard\u0131m\u0131yla foto\u011fraf gibi medyalar\u0131 kolayca takip edin.<\/p>\n<\/div>\n<div class=\"col-sm-6 insta_bx text-xs-center\">\n<div class=\"insta_icon text-xs-center\"><i class=\"fa fa-history\" aria-hidden=\"true\"><!--tr--><\/i><\/div>\n<h2>Uygulama Ge\u00e7mi\u015fini Kontrol Et<\/h2>\n<p>Ki\u015fiselle\u015ftirilmi\u015f kontrol panelinize y\u00fcklenen uygulamalar\u0131n ge\u00e7mi\u015fini g\u00f6r\u00fcnt\u00fcleyin.<\/p>\n<\/div>\n<\/div>\n<\/div>\n<\/section>\n<section id=\"snapchat_info\">\n<div class=\"container\">\n<div class=\"row offset-sm-1 col-sm-10\">\n<div class=\"col-sm-6 insta_bx text-xs-center\">\n<div class=\"insta_icon text-xs-center\"><i class=\"fa fa-phone\" aria-hidden=\"true\"><!--tr--><\/i><\/div>\n<h2>Arama g\u00fcnl\u00fc\u011f\u00fc ayr\u0131nt\u0131lar\u0131<\/h2>\n<p>Hedef kullan\u0131c\u0131lar\u0131n telefonunun gelen ve giden t\u00fcm g\u00f6r\u00fc\u015fme ayr\u0131nt\u0131lar\u0131n\u0131 tarih ve saat ile al\u0131n.<\/p>\n<\/div>\n<div class=\"col-sm-6 insta_bx text-xs-center\">\n<div class=\"insta_icon text-xs-center\"><i class=\"fa fa-mobile\" aria-hidden=\"true\"><!--tr--><\/i><\/div>\n<h2>Aramalar\u0131n S\u00fcresi<\/h2>\n<p>Gelen ve giden aramalar\u0131n s\u00fcresini kontrol edin.<\/p>\n<\/div>\n<\/div>\n<\/div>\n<\/section>\n<section id=\"snapchat_feature\">\n<div class=\"container\">\n<div class=\"row\">\n<div class=\"col-xs-12 text-xs-center\">\n<h3>Spymaster Pro \u00f6zellikleri<\/h3>\n<\/div>\n<div class=\"col-md-3 col-sm-6 col-xs-12 text-xs-center\">\n<a href=\"https:\/\/www.spymasterpro.com\/tr\/whataspp-casus\/\"><\/p>\n<div class=\"snapchat_bx\"><i class=\"fa fa-whatsapp\" aria-hidden=\"true\"><!--tr--><\/i><\/p>\n<h6>WhatsApp Casus<\/h6>\n<\/div>\n<p><\/a><br \/>\n&nbsp;<\/p>\n<\/div>\n<div class=\"col-md-3 col-sm-6 col-xs-12 text-xs-center\">\n<a href=\"https:\/\/www.spymasterpro.com\/tr\/facebook-ajan-yazilimi-ile-facebook-mesajlarini-okuyun\/\"><\/p>\n<div class=\"snapchat_bx\"><i class=\"fa fa-facebook-square\" aria-hidden=\"true\"><!--tr--><\/i><\/p>\n<h6>Facebook Casus<\/h6>\n<\/div>\n<p><\/a><br \/>\n&nbsp;<\/p>\n<\/div>\n<div class=\"col-md-3 col-sm-6 col-xs-12 text-xs-center\">\n<a href=\"https:\/\/www.spymasterpro.com\/tr\/gps-telefon-takibi\/\"><\/p>\n<div class=\"snapchat_bx\"><i class=\"fa fa-map-marker\" aria-hidden=\"true\"><!--tr--><\/i><\/p>\n<h6>Gps Telefon Takibi<\/h6>\n<\/div>\n<p><\/a><br \/>\n&nbsp;<\/p>\n<\/div>\n<div class=\"col-md-3 col-sm-6 col-xs-12 text-xs-center\">\n<a href=\"https:\/\/www.spymasterpro.com\/tr\/sms-izleme\/\"><\/p>\n<div class=\"snapchat_bx\"><i class=\"fa fa-commenting-o\" aria-hidden=\"true\"><!--tr--><\/i><\/p>\n<h6>sms izleme<\/h6>\n<\/div>\n<p><\/a><br \/>\n&nbsp;<\/p>\n<\/div>\n<div class=\"col-md-3 col-sm-6 col-xs-12 text-xs-center\">\n<a href=\"https:\/\/www.spymasterpro.com\/tr\/multimedya-izleme\/\"><\/p>\n<div class=\"snapchat_bx\"><i class=\"fa fa-picture-o\" aria-hidden=\"true\"><!--tr--><\/i><\/p>\n<h6>Foto\u011fraf izleme<\/h6>\n<\/div>\n<p><\/a><br \/>\n&nbsp;<\/p>\n<\/div>\n<div class=\"col-md-3 col-sm-6 col-xs-12 text-xs-center\">\n<a href=\"https:\/\/www.spymasterpro.com\/tr\/cagri-gunluk-izleme\/\"><\/p>\n<div class=\"snapchat_bx\"><i class=\"fa fa-phone\" aria-hidden=\"true\"><!--tr--><\/i><\/p>\n<h6>\u00e7a\u011fr\u0131 g\u00fcnl\u00fc\u011f\u00fc takibi<\/h6>\n<\/div>\n<p><\/a><br \/>\n&nbsp;<\/p>\n<\/div>\n<div class=\"col-md-3 col-sm-6 col-xs-12 text-xs-center\">\n<a href=\"https:\/\/www.spymasterpro.com\/tr\/e-posta-izleme-uygulamasi\/\"><\/p>\n<div class=\"snapchat_bx\"><i class=\"fa fa-envelope-o\" aria-hidden=\"true\"><!--tr--><\/i><\/p>\n<h6>e-posta izleme<\/h6>\n<\/div>\n<p><\/a><br \/>\n&nbsp;<\/p>\n<\/div>\n<div class=\"col-md-3 col-sm-6 col-xs-12 text-xs-center\">\n<a href=\"https:\/\/www.spymasterpro.com\/tr\/instagram-casus\/\"><\/p>\n<div class=\"snapchat_bx\"><i class=\"fa fa-instagram\" aria-hidden=\"true\"><!--tr--><\/i><\/p>\n<h6>Instagram casus<\/h6>\n<\/div>\n<p><\/a><br \/>\n&nbsp;<\/p>\n<\/div>\n<\/div>\n<\/div>\n<\/section>\n<section id=\"iphone_spy_work\">\n<div class=\"container\">\n<div class=\"row\">\n<div class=\"feature_heading text-xs-center\">\n<h3>Nas\u0131l \u00e7al\u0131\u015f\u0131r<\/h3>\n<\/div>\n<div class=\"row iphone_spy_work_phone\">\n<div class=\"col-xl-4 col-lg-4 col-md-4 col-sm-4 text-xs-center\">\n<div class=\"iphone_spy_bx\">\n<p><img decoding=\"async\" src=\"https:\/\/spymasterpro.com\/wp-content\/uploads\/2017\/09\/new_icon1-1.png\"><\/p>\n<h5>SPYMASTER PRO SATIN AL<\/h5>\n<p>Cep Telefonu Kontrol Yaz\u0131l\u0131m\u0131 Sat\u0131n Al a t\u0131kla veya web sitemizin \u015eimdi Sat\u0131n Al sekmesinden sat\u0131n al\u0131n. Bilgilerinizi g\u00f6nderim. Gerekli alanlar\u0131 doldurduktan sonra i\u015flem i\u00e7in devam edin.<\/p>\n<\/div>\n<\/div>\n<div class=\"col-xl-4 col-lg-4 col-md-4 col-sm-4 text-xs-center\">\n<div class=\"iphone_spy_bx\">\n<p><img decoding=\"async\" src=\"https:\/\/spymasterpro.com\/wp-content\/uploads\/2017\/09\/new_icon2-1.png\"><\/p>\n<h5>YAZILIMI KURUN<\/h5>\n<p>Yaz\u0131l\u0131m\u0131 yaln\u0131zca kontrol etmek istedi\u011finiz hedef telefona indirip kurun. Kurulum yaln\u0131zca 5 dakikan\u0131z\u0131 al\u0131r. E-mail adresine g\u00f6nderilen talimatlar\u0131 dikkatli bir \u015fekilde uygulay\u0131n.<\/p>\n<\/div>\n<\/div>\n<div class=\"col-xl-4 col-lg-4 col-md-4 col-sm-4 text-xs-center\">\n<div class=\"iphone_spy_bx\">\n<p><img decoding=\"async\" src=\"https:\/\/spymasterpro.com\/wp-content\/uploads\/2017\/09\/new_icon3-1.png\"><\/p>\n<h5>KONTROL ETMEYE BA\u015eLA!!<\/h5>\n<p>E-mail ile size g\u00f6nderilen giri\u015f bilgilerini kullanarak Spymaster Pro Kontrol Panel\u2019ine giri\u015f yap\u0131n. Takip etmek istedi\u011finiz sevdiklerinizi veya \u00e7al\u0131\u015fanlar\u0131n\u0131z\u0131 g\u00f6r\u00fcnt\u00fclemeye ba\u015flay\u0131n. Uzaktan hem i\u015finizi hem de ailenizi koruyabilirsiniz.<\/p>\n<\/div>\n<\/div>\n<div class=\"text-xs-center col-xs-12\">\n<strong><\/p>\n<p style=\"padding: 22px 0 0; color:red;\">** Hay\u0131r tesisat gerek iPhone\u2019da<\/p>\n<p><\/strong>\n<\/div>\n<div class=\"col-xl-12 col-xs-12 col-sm-12 col-md-12 text-xs-center\">\n<div class=\"strip_txt\">Ayda sadece 6.66 Dolara Spymaster Pro ya sahip olabilirsin<\/div>\n<\/div>\n<\/div>\n<\/div>\n<\/section>\n<section id=\"snapchat_safe_use\">\n<div class=\"container\">\n<div class=\"row\">\n<div class=\"col-xs-12 text-xs-center\">\n<h2>KULLANIMI G\u00dcVENL\u0130<\/h2>\n<\/div>\n<div class=\"col-md-6 col-xs-12 safe_box\">\n<div class=\"col-sm-3 no_padding\">\n<div class=\"safe_bx_icon text-xs-center\"><img decoding=\"async\" src=\"https:\/\/spymasterpro.com\/wp-content\/uploads\/2017\/02\/safe_icon.png\" alt=\"img\"><\/div>\n<\/div>\n<div class=\"col-sm-9\">\n<div class=\"safe_bx_info\">\n<h6>HEDEF TELEFONDA \u0130KON G\u00d6STER\u0130LMEZ<\/h6>\n<p>Bu yaz\u0131l\u0131m, uzmanlar taraf\u0131ndan g\u00f6r\u00fclmez \u00e7al\u0131\u015facak \u015fekilde tasarland\u0131. Hedef telefon kullan\u0131c\u0131s\u0131 telefonunda b\u00f6yle bir uygulaman\u0131n varl\u0131\u011f\u0131ndan asla haberdar olamayacak bir \u015fekilde uygulama \u00e7al\u0131\u015f\u0131r.<\/p>\n<\/div>\n<\/div>\n<\/div>\n<div class=\"col-md-6 col-xs-12 safe_box\">\n<div class=\"col-sm-3 no_padding\">\n<div class=\"safe_bx_icon text-xs-center\"><img decoding=\"async\" src=\"https:\/\/spymasterpro.com\/wp-content\/uploads\/2017\/02\/safe_icon2.png\" alt=\"img\"><\/div>\n<\/div>\n<div class=\"col-sm-9\">\n<div class=\"safe_bx_info\">\n<h6>HEDEF KULLANICININ HABER\u0130 OLAMAZ<\/h6>\n<p>Hedef ki\u015fi kendisinin takip edildi\u011fini asla fark edemez. \u015eimdi ba\u015fka birinin telefonuna h\u0131zl\u0131 bir \u015fekilde g\u00f6z atman\u0131za veya onlara herhangi bir \u015fey sorman\u0131za gerek kalmad\u0131.<\/p>\n<\/div>\n<\/div>\n<\/div>\n<div class=\"col-md-6 col-xs-12 safe_box\">\n<div class=\"col-sm-3 no_padding\">\n<div class=\"safe_bx_icon text-xs-center\"><img decoding=\"async\" src=\"https:\/\/spymasterpro.com\/wp-content\/uploads\/2017\/09\/safe_icon3.png\" alt=\"img\"><\/div>\n<\/div>\n<div class=\"col-sm-9\">\n<div class=\"safe_bx_info\">\n<h6>YAZILIM G\u0130ZL\u0130 MODDA \u00c7ALI\u015eIR<\/h6>\n<p>Bu yaz\u0131l\u0131m sessiz bir \u015fekilde hedef telefondaki her bir detay\u0131 kaydedip sizin kontrol panelinize g\u00f6nderiyor.<\/p>\n<\/div>\n<\/div>\n<\/div>\n<div class=\"col-md-6 col-xs-12 safe_box\">\n<div class=\"col-sm-3 no_padding\">\n<div class=\"safe_bx_icon text-xs-center\"><img decoding=\"async\" src=\"https:\/\/spymasterpro.com\/wp-content\/uploads\/2017\/02\/safe_icon4.png\" alt=\"img\"><\/div>\n<\/div>\n<div class=\"col-sm-9\">\n<div class=\"safe_bx_info\">\n<h6>UZAKTAN \u00c7ALI\u015eIYOR<\/h6>\n<p>Hedef ki\u015fi kendisinin takip edildi\u011fini asla fark edemez. \u015eimdi ba\u015fka birinin telefonuna h\u0131zl\u0131 bir \u015fekilde g\u00f6z atman\u0131za veya onlara herhangi bir \u015fey sorman\u0131za gerek kalmad\u0131.<\/p>\n<\/div>\n<\/div>\n<\/div>\n<\/div>\n<\/div>\n<\/section>\n<section id=\"iphone_spy_bottom\">\n<div class=\"container\">\n<div class=\"row\">\n<div class=\"col-xl-12 col-xs-12 col-sm-12 col-md-12 text-xs-center\">\n<div class=\"strip_txt\">Ayda sadece 9.99 Dolara Spymaster Pro ya sahip olabilirsin<\/div>\n<\/div>\n<div class=\"col-xl-12 col-xs-12 col-sm-12 col-md-12 strip_btn spy_btn feature_bottom text-xs-center\">\n<a class=\"blue_btn\" href=\"https:\/\/www.spymasterpro.com\/tr\/kullanimi-guvenli\/\">KULLANIMI G\u00dcVENL\u0130<\/a> <a class=\"white_btn demo_btn hidden-sm-down\" href=\"https:\/\/www.spymasterpro.com\/tr\/simdi-satin-al\/\">Simdi Satin Al<\/a>\n<\/div>\n<\/div>\n<\/div>\n<\/section>\n","protected":false},"excerpt":{"rendered":"<p>Hedef kullan\u0131c\u0131n\u0131n telefonunda hangi uygulaman\u0131n y\u00fckl\u00fc oldu\u011funu bilmek ister misiniz? SPYMASTER PRO \u0130LE, HEDEF KULLANICININ TELEFONUNA HANG\u0130 UYGULAMALARI Y\u00dcKLED\u0130\u011e\u0130N\u0130 G\u00d6R\u00dcNT\u00dcLEYEB\u0130L\u0130RS\u0130N\u0130Z. Sosyal medya uygulamalar\u0131 vb. dahil olmak \u00fczere son zamanlarda eklenen uygulamar\u0131 g\u00f6r\u00fcnt\u00fclemeye hemen ba\u015flay\u0131n. Risk varsa, telefonlar\u0131n\u0131 uygulama risklerine kar\u015f\u0131 koruyarak yak\u0131n ve sevdiklerinizi koruyun. Kontol panelinizdeli uygulamalar\u0131n tamam\u0131n\u0131 g\u00f6r\u00fcnt\u00fcleyin \u015eimdi sat\u0131n al Y\u00fcklenen uygulamalar &hellip; <a href=\"https:\/\/www.spymasterpro.com\/tr\/yuklu-uygulama-izleme\/\" class=\"more-link\">Continue reading<span class=\"screen-reader-text\"> &#8220;Y\u00dcKL\u00dc UYGULAMA \u0130ZLEME&#8221;<\/span><\/a><\/p>\n","protected":false},"author":1,"featured_media":0,"parent":0,"menu_order":0,"comment_status":"closed","ping_status":"closed","template":"page-full.php","meta":{"_acf_changed":false,"footnotes":""},"class_list":["post-1078","page","type-page","status-publish","hentry"],"acf":[],"aioseo_notices":[],"_links":{"self":[{"href":"https:\/\/www.spymasterpro.com\/tr\/wp-json\/wp\/v2\/pages\/1078","targetHints":{"allow":["GET"]}}],"collection":[{"href":"https:\/\/www.spymasterpro.com\/tr\/wp-json\/wp\/v2\/pages"}],"about":[{"href":"https:\/\/www.spymasterpro.com\/tr\/wp-json\/wp\/v2\/types\/page"}],"author":[{"embeddable":true,"href":"https:\/\/www.spymasterpro.com\/tr\/wp-json\/wp\/v2\/users\/1"}],"replies":[{"embeddable":true,"href":"https:\/\/www.spymasterpro.com\/tr\/wp-json\/wp\/v2\/comments?post=1078"}],"version-history":[{"count":8,"href":"https:\/\/www.spymasterpro.com\/tr\/wp-json\/wp\/v2\/pages\/1078\/revisions"}],"predecessor-version":[{"id":1213,"href":"https:\/\/www.spymasterpro.com\/tr\/wp-json\/wp\/v2\/pages\/1078\/revisions\/1213"}],"wp:attachment":[{"href":"https:\/\/www.spymasterpro.com\/tr\/wp-json\/wp\/v2\/media?parent=1078"}],"curies":[{"name":"wp","href":"https:\/\/api.w.org\/{rel}","templated":true}]}}