{"id":856,"date":"2015-05-07T12:39:01","date_gmt":"2015-05-07T12:39:01","guid":{"rendered":"https:\/\/www.spymasterpro.com\/pt\/?page_id=856"},"modified":"2019-05-09T06:29:10","modified_gmt":"2019-05-09T06:29:10","slug":"afiliadas","status":"publish","type":"page","link":"https:\/\/www.spymasterpro.com\/pt\/afiliadas\/","title":{"rendered":"Afiliadas"},"content":{"rendered":"<div id=\"pl-856\"  class=\"panel-layout\" >\n<div id=\"pg-856-0\"  class=\"panel-grid panel-no-style\" >\n<div id=\"pgc-856-0-0\"  class=\"panel-grid-cell\"  data-weight=\"1\" >\n<div id=\"panel-856-0-0-0\" class=\"so-panel widget_text panel-first-child\" data-index=\"0\" data-style=\"{&quot;background_display&quot;:&quot;tile&quot;}\" >\n<div class=\"textwidget\">\n<section id=\"affilate_program_banner\">\n<div class=\"container\">\n<div class=\"row\">\n<div class=\"col-xl-9 col-lg-9 col-md-9 col-sm-12 iphone_right_point\">\n<h4>Participe do programa de afiliados do SPYMASTERPRO<\/h4>\n<h6>Aumente seu rendimento em produtos premium<\/h6>\n<ul>\n<li>Venda m\u00e9dia de $95,5<\/li>\n<li>120 dias de vida \u00fatil do cookie<\/li>\n<li>Taxa de restitui\u00e7\u00e3o m\u00e9dia de 1,5%<\/li>\n<\/ul>\n<div class=\"slider_btn\"><a href=\"https:\/\/www.spymasterpro.com\/pt\/afiliadas-process\/\" class=\"blue_btn\">Torne-se parceiro<\/a> <a href=\"https:\/\/spymasterpro.offerit.com\/\" class=\"blue_btn\">Entrar<\/a><\/div>\n<\/div>\n<\/div>\n<\/div>\n<\/section>\n<\/div>\n<\/div>\n<div id=\"panel-856-0-0-1\" class=\"so-panel widget_text\" data-index=\"1\" data-style=\"{&quot;background_display&quot;:&quot;tile&quot;}\" >\n<div class=\"textwidget\">\n<section id=\"affilate_program\">\n<div class=\"container\">\n<div class=\"row\">\n<div class=\"col-xs-12 text-xs-center affilate_txt\">\n<h4>O que \u00e9 o programa de afiliados do SPYMASTERPRO?<\/h4>\n<p>Spymaster Pro \u00e9 um software de monitoramento de alto renome no mercado. Participe do nosso programa de afiliados e comece a ganhar dinheiro. Oferecemos um lucro m\u00ednimo de 50% em cada venda que conseguir para n\u00f3s. Mais oportunidades de vendas aumenta a porcentagem de lucro. Voc\u00ea pode conseguir at\u00e9 70% de participa\u00e7\u00e3o com cada venda de produtos do Spymaster Pro. Por isso, comece a vender nossos produtos e fique rico rapidamente.<\/p>\n<\/div>\n<div class=\"col-xs-12\">\n<div class=\"feature_heading text-xs-center\">\n<h3>A porcentagem da sua comiss\u00e3o aumenta<\/h3>\n<\/div>\n<div class=\"row\">\n<div class=\"col-xl-3 col-lg-3 col-md-3 col-sm-6 text-xs-center\">\n<div class=\"commision_bx\">\n<h3>$2,000<\/h3>\n<p>Nossos afiliados ganham por m\u00eas<\/p>\n<\/div>\n<\/div>\n<div class=\"col-xl-3 col-lg-3 col-md-3 col-sm-6 text-xs-center\">\n<div class=\"commision_bx\">\n<h3>30<\/h3>\n<p>Dias de monitoramento de vendas por n\u00f3s<\/p>\n<\/div>\n<\/div>\n<div class=\"col-xl-3 col-lg-3 col-md-3 col-sm-6 text-xs-center\">\n<div class=\"commision_bx\">\n<h3>$50<\/h3>\n<p>De comiss\u00e3o m\u00e9dia por venda<\/p>\n<\/div>\n<\/div>\n<div class=\"col-xl-3 col-lg-3 col-md-3 col-sm-6 text-xs-center\">\n<div class=\"commision_bx\">\n<h3>200<\/h3>\n<p>Afiliados j\u00e1 participaram<\/p>\n<\/div>\n<\/div>\n<\/div>\n<\/div>\n<div class=\"col-xs-12 text-xs-center affilate_txt\">\n<h4>Voc\u00ea n\u00e3o \u00e9 esquecido; n\u00f3s acompanhamos voc\u00ea o tempo todo<\/h4>\n<p>Spymaster Pro nunca te abandona depois que voc\u00ea se junta ao nosso programa de afiliados. Logo ap\u00f3s o registro como afiliado do Spymaster Pro, um profissional especialista dedicado ser\u00e1 atribu\u00eddo a voc\u00ea. Ambos trabalhar\u00e3o juntos durante todo o processo para que voc\u00ea consiga cada vez mais vendas.<\/p>\n<p><a href=\"https:\/\/www.spymasterpro.com\/pt\/afiliadas\/\" class=\"blue_btn\">Participe agora<\/a><\/p>\n<\/div>\n<div class=\"col-xs-12\">\n<div class=\"feature_heading text-xs-center\">\n<h3>Trabalhamos com voc\u00ea de perto durante todo o processo<\/h3>\n<\/div>\n<div class=\"row\">\n<div class=\"col-xl-4 col-lg-4 col-md-4 text-xs-center\">\n<div class=\"affilate_work\"> <img decoding=\"async\" src=\"..\/wp-content\/uploads\/2017\/02\/affilate_icon1.png\" alt=\"icon_img\"><\/p>\n<h5>Comiss\u00f5es elevadas<\/h5>\n<p>Torne-se nosso afiliado e ganhe uma grande comiss\u00e3o de 50% em cada venda. Agarre essa oportunidade hoje mesmo e aproveite todos os benef\u00edcios dessa parceria. <\/p>\n<p><a href=\"https:\/\/www.spymasterpro.com\/pt\/afiliadas\/\" class=\"blue_btn\">Torne-se parceiro<\/a><\/p>\n<\/div>\n<\/div>\n<div class=\"col-xl-4 col-lg-4 col-md-4 text-xs-center\">\n<div class=\"affilate_work\"> <img decoding=\"async\" src=\"..\/wp-content\/uploads\/2017\/02\/affilate_icon2.png\" alt=\"icon_img\"><\/p>\n<h5>Software de alta qualidade<\/h5>\n<p>Nosso software \u00e9 compat\u00edvel com as vers\u00f5es mais recentes dos sistemas operacionais do Android e iPhone. Ele funciona perfeitamente oferecendo in\u00fameras funcionalidades.<\/p>\n<p><a href=\"https:\/\/www.spymasterpro.com\/pt\/afiliadas\/\" class=\"blue_btn\">Torne-se parceiro<\/a><\/p>\n<\/div>\n<\/div>\n<div class=\"col-xl-4 col-lg-4 col-md-4 text-xs-center\">\n<div class=\"affilate_work\"> <img decoding=\"async\" src=\"..\/wp-content\/uploads\/2017\/02\/affilate_icon3.png\" alt=\"icon_img\"><\/p>\n<h5>Venda uma vez, seja pago<\/h5>\n<p>Sim, valorizamos cada venda e voc\u00ea ser\u00e1 pago por cada uma! Acreditamos na pr\u00e1tica empresarial justa e todas as alian\u00e7as s\u00e3o valorizadas.<\/p>\n<p><a href=\"https:\/\/www.spymasterpro.com\/pt\/afiliadas\/\" class=\"blue_btn\">Torne-se parceiro<\/a><\/p>\n<\/div>\n<\/div>\n<\/div>\n<\/div>\n<\/div>\n<\/div>\n<\/section>\n<\/div>\n<\/div>\n<div id=\"panel-856-0-0-2\" class=\"so-panel widget_text panel-last-child\" data-index=\"2\" data-style=\"{&quot;background_image_attachment&quot;:false,&quot;background_display&quot;:&quot;tile&quot;}\" >\n<div class=\"textwidget\">\n<section id=\"affilate_program\">\n<div class=\"container\">\n<div class=\"col-xs-12 affilate_faq\">\n<div class=\"feature_heading text-xs-center\">\n<h3>PERGUNTAS FREQUENTES<\/h3>\n<\/div>\n<div class=\"row\">\n<div id=\"bs-collapse\" class=\"panel-group wrap\">\n<div class=\"col-md-6 col-sm-12\">\n<div class=\"panel\">\n<div class=\"panel-heading\">\n<h4 class=\"panel-title\"><a href=\"#one\" data-toggle=\"collapse\" data-parent=\"#\">Como se tornar um afiliado do Spymaster Pro?<\/a><\/h4>\n<\/div>\n<div id=\"one\" class=\"panel-collapse collapse\">\n<div class=\"panel-body\">Preencha o Formul\u00e1rio de Afiliados dispon\u00edvel no nosso site: <a href=\"https:\/\/www.spymasterpro.com\/pt\/afiliadas\/\"><strong><!--?php echo site_url();?-->\/affiliates\/<\/strong><\/a><\/div>\n<\/div>\n<\/div>\n<p><!-- end of panel --><\/p>\n<div class=\"panel\">\n<div class=\"panel-heading\">\n<h4 class=\"panel-title\"><a href=\"#two\" data-toggle=\"collapse\" data-parent=\"#\">Tenho que pagar algo por isso?<\/a><\/h4>\n<\/div>\n<div id=\"two\" class=\"panel-collapse collapse\">\n<div class=\"panel-body\">N\u00e3o, n\u00e3o existe qualquer taxa de afiliados ou de outros tipos para se tornar um afiliado do Spymaster Pro. \u00c9 totalmente gratuito. Al\u00e9m disso, voc\u00ea pode ganhar mais dinheiro gerando mais vendas atrav\u00e9s do seu pr\u00f3prio link.<\/div>\n<\/div>\n<\/div>\n<p><!-- end of panel --><\/p>\n<div class=\"panel\">\n<div class=\"panel-heading\">\n<h4 class=\"panel-title\"><a href=\"#three\" data-toggle=\"collapse\" data-parent=\"#\">Posso colocar esse material promocional no meu site ou blog?<\/a><\/h4>\n<\/div>\n<div id=\"three\" class=\"panel-collapse collapse\">\n<div class=\"panel-body\">Com certeza! Para atrair mais vendas, voc\u00ea pode colocar o material promocional no seu site ou blog.<\/div>\n<\/div>\n<\/div>\n<p><!-- end of panel --><\/p>\n<div class=\"panel\">\n<div class=\"panel-heading\">\n<h4 class=\"panel-title\"><a href=\"#four\" data-toggle=\"collapse\" data-parent=\"#\">\u00c9 necess\u00e1rio ter um site ou blog para se tornar um afiliado?<\/a><\/h4>\n<\/div>\n<div id=\"four\" class=\"panel-collapse collapse\">\n<div class=\"panel-body\">N\u00e3o, n\u00e3o \u00e9 essencial ter o seu pr\u00f3prio site ou blog para se tornar um afiliado. Voc\u00ea pode usar outras maneiras para promover, como PPC, email marketing, etc. e ganhar dinheiro.<\/div>\n<\/div>\n<\/div>\n<p><!-- end of panel --><\/p>\n<div class=\"panel\">\n<div class=\"panel-heading\">\n<h4 class=\"panel-title\"><a href=\"#nine\" data-toggle=\"collapse\" data-parent=\"#\">Onde posso obter os links para colocar no meu site?<\/a><\/h4>\n<\/div>\n<div id=\"nine\" class=\"panel-collapse collapse\">\n<div class=\"panel-body\">Assim que preencher o formul\u00e1rio em <a href=\"https:\/\/www.spymasterpro.com\/pt\/afiliadas\/\"><strong>..\/affiliate\/<\/strong><\/a>, voc\u00ea se torna um afiliado do Spymaster Pro com o seu pr\u00f3prio nome de usu\u00e1rio e senha. Um link autom\u00e1tico ser\u00e1 gerado. Agora voc\u00ea est\u00e1 pronto para vender os produtos do Spymaster Pro usando esse link. Basta copiar e colar no seu site ou blog. O cliente clicar\u00e1 nesse link para visitar o site do Spymaster Pro atrav\u00e9s de sua refer\u00eancia.<\/div>\n<\/div>\n<\/div>\n<p><!-- end of panel --><\/p>\n<div class=\"panel\">\n<div class=\"panel-heading\">\n<h4 class=\"panel-title\"><a href=\"#ten\" data-toggle=\"collapse\" data-parent=\"#\">Como ficarei sabendo que fiz uma venda?<\/a><\/h4>\n<\/div>\n<div id=\"ten\" class=\"panel-collapse collapse\">\n<div class=\"panel-body\">Quando qualquer cliente visitar o site do Spymaster Pro atrav\u00e9s do seu link de refer\u00eancia (gerado com a sua identifica\u00e7\u00e3o de afiliado) e comprar o software, voc\u00ea receber\u00e1 um email avisando sobre essa compra. Voc\u00ea receber\u00e1 sua porcentagem de lucro fixa sobre o pre\u00e7o atual do produto<\/div>\n<\/div>\n<\/div>\n<\/div>\n<p><!-- end of #bs-collapse --><\/p>\n<div class=\"col-md-6 col-sm-12\">\n<div class=\"panel\">\n<div class=\"panel-heading\">\n<h4 class=\"panel-title\"><a href=\"#five\" data-toggle=\"collapse\" data-parent=\"#\">Como serei pago?<\/a><\/h4>\n<\/div>\n<div id=\"five\" class=\"panel-collapse collapse\">\n<div class=\"panel-body\">Voc\u00ea receber\u00e1 seu pagamento mensalmente.<\/div>\n<\/div>\n<\/div>\n<p><!-- end of panel --><\/p>\n<div class=\"panel\">\n<div class=\"panel-heading\">\n<h4 class=\"panel-title\"><a href=\"#six\" data-toggle=\"collapse\" data-parent=\"#\">Preciso oferecer suporte ap\u00f3s uma venda?<\/a><\/h4>\n<\/div>\n<div id=\"six\" class=\"panel-collapse collapse\">\n<div class=\"panel-body\">N\u00e3o, voc\u00ea n\u00e3o precisa se preocupar com o suporte ao cliente. Tomaremos conta disso. Voc\u00ea s\u00f3 precisa atrair o visitante para o nosso site e aproveitar o seu lucro ap\u00f3s a venda. A equipe do Spymaster Pro cuidar\u00e1 de todo o resto<\/div>\n<\/div>\n<\/div>\n<p><!-- end of panel --><\/p>\n<div class=\"panel\">\n<div class=\"panel-heading\">\n<h4 class=\"panel-title\"><a href=\"#seven\" data-toggle=\"collapse\" data-parent=\"#\">Posso promover atrav\u00e9s do meu boletim informativo ou e-zine?<\/a><\/h4>\n<\/div>\n<div id=\"seven\" class=\"panel-collapse collapse\">\n<div class=\"panel-body\">Voc\u00ea pode usar qualquer m\u00e9todo ou t\u00e9cnica de marketing avan\u00e7ado de Internet para atrair visitantes para o nosso site e aumentar nossas vendas.<\/div>\n<\/div>\n<\/div>\n<p><!-- end of panel --><\/p>\n<div class=\"panel\">\n<div class=\"panel-heading\">\n<h4 class=\"panel-title\"><a href=\"#eight\" data-toggle=\"collapse\" data-parent=\"#\">Quais s\u00e3o seus p\u00fablicos-alvo?<\/a><\/h4>\n<\/div>\n<div id=\"eight\" class=\"panel-collapse collapse\">\n<div class=\"panel-body\">\n<p>Apesar de todos poderem comprar o Spymaster Pro, ainda existe um mercado-alvo para este software:<\/p>\n<ul>\n<li><strong>Pais preocupados:<\/strong> para acompanharem ou monitorarem as atividades do celular de seus filhos adolescentes<\/li>\n<li><strong>Fam\u00edlias:<\/strong> para cuidarem uns dos outros<\/li>\n<li><strong>Empres\u00e1rios:<\/strong> para vigiarem seus empregados secretamente<\/li>\n<\/ul>\n<\/div>\n<\/div>\n<\/div>\n<div class=\"panel\">\n<div class=\"panel-heading\">\n<h4 class=\"panel-title\">\n<a href=\"#eleven\" data-toggle=\"collapse\" data-parent=\"#\">Que idiomas e localidades s\u00e3o suportados pelo Spymaster Pro?<\/a><\/h4>\n<\/div>\n<div id=\"eleven\" class=\"panel-collapse collapse\">\n<div class=\"panel-body\">\n<p>Trabalhamos duro para oferecer suporte completo a todas as regi\u00f5es que usam o Spymaster Pro. Somos considerados um l\u00edder mundial no mundo do monitoramento. Oferecemos os melhores servi\u00e7os poss\u00edveis aos nossos clientes dispon\u00edveis em todo o mundo. Esses servi\u00e7os s\u00e3o oferecidos nos seguintes idiomas:<\/p>\n<ul>\n<li>Italiano<\/li>\n<li>Portugu\u00eas<\/li>\n<li>Ingl\u00eas<\/li>\n<li>Espanhol<\/li>\n<li>Alem\u00e3o<\/li>\n<li>\u00c1rabe<\/li>\n<li>Franc\u00eas<\/li>\n<li>Tailand\u00eas<\/li>\n<li>Turco<\/li>\n<\/ul>\n<\/div>\n<\/div>\n<\/div>\n<div class=\"panel\">\n<div class=\"panel-heading\">\n<h4 class=\"panel-title\"><a href=\"#twelve\" data-toggle=\"collapse\" data-parent=\"#\">Tenho outra pergunta que n\u00e3o foi respondida nesta p\u00e1gina.<\/a><\/h4>\n<\/div>\n<div id=\"twelve\" class=\"panel-collapse collapse\">\n<div class=\"panel-body\">Teremos o maior prazer em atend\u00ea-lo a qualquer momento. Fale conosco atrav\u00e9s do email <strong>affiliates@spymasterpro.com<\/strong> para obter mais informa\u00e7\u00f5es.<\/div>\n<\/div>\n<\/div>\n<\/div>\n<\/div>\n<\/div>\n<\/div>\n<div class=\"col-xs-12 text-xs-center affilate_bottom\">\n<p><a class=\"blue_btn\" href=\"https:\/\/www.spymasterpro.com\/pt\/afiliadas-process\/\">Inscreva-se agora<\/a> <a class=\"blue_btn\" href=\"https:\/\/spymasterpro.offerit.com\/\">Entrar<\/a><\/p>\n<h4>Ainda tem alguma d\u00favida? N\u00e3o hesite em entrar em contato atrav\u00e9s do email affiliates@spymasterpro.com<\/h4>\n<\/div>\n<\/div>\n<\/section>\n<\/div>\n<\/div>\n<\/div>\n<\/div>\n<\/div>\n","protected":false},"excerpt":{"rendered":"<p>Participe do programa de afiliados do SPYMASTERPRO Aumente seu rendimento em produtos premium Venda m\u00e9dia de $95,5 120 dias de vida \u00fatil do cookie Taxa de restitui\u00e7\u00e3o m\u00e9dia de 1,5% Torne-se parceiro Entrar O que \u00e9 o programa de afiliados do SPYMASTERPRO? Spymaster Pro \u00e9 um software de monitoramento de alto renome no mercado. Participe &hellip; <a href=\"https:\/\/www.spymasterpro.com\/pt\/afiliadas\/\" class=\"more-link\">Continue reading<span class=\"screen-reader-text\"> &#8220;Afiliadas&#8221;<\/span><\/a><\/p>\n","protected":false},"author":1,"featured_media":0,"parent":0,"menu_order":0,"comment_status":"open","ping_status":"open","template":"page-full.php","meta":{"_acf_changed":false,"footnotes":""},"class_list":["post-856","page","type-page","status-publish","hentry"],"acf":[],"aioseo_notices":[],"_links":{"self":[{"href":"https:\/\/www.spymasterpro.com\/pt\/wp-json\/wp\/v2\/pages\/856","targetHints":{"allow":["GET"]}}],"collection":[{"href":"https:\/\/www.spymasterpro.com\/pt\/wp-json\/wp\/v2\/pages"}],"about":[{"href":"https:\/\/www.spymasterpro.com\/pt\/wp-json\/wp\/v2\/types\/page"}],"author":[{"embeddable":true,"href":"https:\/\/www.spymasterpro.com\/pt\/wp-json\/wp\/v2\/users\/1"}],"replies":[{"embeddable":true,"href":"https:\/\/www.spymasterpro.com\/pt\/wp-json\/wp\/v2\/comments?post=856"}],"version-history":[{"count":0,"href":"https:\/\/www.spymasterpro.com\/pt\/wp-json\/wp\/v2\/pages\/856\/revisions"}],"wp:attachment":[{"href":"https:\/\/www.spymasterpro.com\/pt\/wp-json\/wp\/v2\/media?parent=856"}],"curies":[{"name":"wp","href":"https:\/\/api.w.org\/{rel}","templated":true}]}}