{"id":585,"date":"2014-11-24T06:22:42","date_gmt":"2014-11-24T06:22:42","guid":{"rendered":"https:\/\/www.spymasterpro.com\/pt\/?page_id=585"},"modified":"2019-05-09T07:04:10","modified_gmt":"2019-05-09T07:04:10","slug":"espionagem-do-viber","status":"publish","type":"page","link":"https:\/\/www.spymasterpro.com\/pt\/espionagem-do-viber\/","title":{"rendered":"Espionagem do Viber"},"content":{"rendered":"<p><img loading=\"lazy\" decoding=\"async\" class=\"aligncenter\" src=\"https:\/\/www.spymasterpro.com\/pt\/wp-content\/uploads\/2019\/05\/viber-spy.png\" alt=\"Viber Spy\" width=\"600\" height=\"350\" \/><\/p>\n<p>O Spymaster Pro lhe d\u00e1 acesso a uma lista extensa de detalhes relacionados com a conta Viber do seu alvo \u2013 todas as chamadas e conversas feitas atrav\u00e9s do Viber. Com a ajuda do Aplicativo de Monitoramento do Viber do Spymaster Pro voc\u00ea pode:<\/p>\n<ul>\n<li>Ver\u00a0todas\u00a0as\u00a0conversas\u00a0do\u00a0Viber.<\/li>\n<li>Obter\u00a0informa\u00e7\u00f5es\u00a0sobre\u00a0as\u00a0chamadas\u00a0do\u00a0Viber,\u00a0como\u00a0a\u00a0data,\u00a0hora\u00a0e\u00a0dura\u00e7\u00e3o.<\/li>\n<li>Obter\u00a0os\u00a0detalhes\u00a0sobre\u00a0pessoas\u00a0que\u00a0foram\u00a0contactadas\u00a0atrav\u00e9s\u00a0do\u00a0Viber.<\/li>\n<li>Ver\u00a0em\u00a0que\u00a0dia\u00a0e\u00a0hora\u00a0aconteceram\u00a0as\u00a0conversas.<\/li>\n<li>Toda\u00a0a\u00a0informa\u00e7\u00e3o\u00a0gravada\u00a0sobre\u00a0a\u00a0conta\u00a0do\u00a0Viber\u00a0ser\u00e1\u00a0enviada\u00a0para\u00a0a\u00a0sua\u00a0conta\u00a0Spymaster\u00a0Pro,\u00a0a\u00a0que\u00a0poder\u00e1\u00a0ter\u00a0acesso\u00a0em\u00a0qualquer\u00a0lugar\u00a0e\u00a0a\u00a0qualquer\u00a0momento.<\/li>\n<\/ul>\n<h2>Por Que Essa Funcionalidade?<\/h2>\n<p><img loading=\"lazy\" decoding=\"async\" class=\"aligncenter\" src=\"https:\/\/www.spymasterpro.com\/wp-content\/uploads\/2014\/05\/viber_2.png\" alt=\"\" width=\"275\" height=\"378\" \/><\/p>\n<p>O Viber pode parecer um aplicativo muito moderno, mas voc\u00ea pode ter certeza de que n\u00e3o fica para tr\u00e1s. Instale o aplicativo de monitoramento do Viber do Spymaster Pro no celular da pessoa alvo e tenha toda a informa\u00e7\u00e3o facilmente dispon\u00edvel na sua conta de usu\u00e1rio. Todas as conversas, privadas e em grupo, e outros detalhes estar\u00e3o dispon\u00edveis para voc\u00ea. Os segredos do seu alvo deixaram de ser segredos para voc\u00ea!<\/p>\n<div class=\"bigtext-red\">\nObtenha o Spymaster Pro por Apenas, R$4.99 por m\u00eas\n<\/div>\n<div class=\"big-button\">\n<a class=\"blue_btnandroid\" href=\"https:\/\/www.spymasterpro.com\/pt\/compre-agora\/\">Compre Agora<\/a>\n<\/div>\n","protected":false},"excerpt":{"rendered":"<p>O Spymaster Pro lhe d\u00e1 acesso a uma lista extensa de detalhes relacionados com a conta Viber do seu alvo \u2013 todas as chamadas e conversas feitas atrav\u00e9s do Viber. Com a ajuda do Aplicativo de Monitoramento do Viber do Spymaster Pro voc\u00ea pode: Ver\u00a0todas\u00a0as\u00a0conversas\u00a0do\u00a0Viber. Obter\u00a0informa\u00e7\u00f5es\u00a0sobre\u00a0as\u00a0chamadas\u00a0do\u00a0Viber,\u00a0como\u00a0a\u00a0data,\u00a0hora\u00a0e\u00a0dura\u00e7\u00e3o. Obter\u00a0os\u00a0detalhes\u00a0sobre\u00a0pessoas\u00a0que\u00a0foram\u00a0contactadas\u00a0atrav\u00e9s\u00a0do\u00a0Viber. Ver\u00a0em\u00a0que\u00a0dia\u00a0e\u00a0hora\u00a0aconteceram\u00a0as\u00a0conversas. Toda\u00a0a\u00a0informa\u00e7\u00e3o\u00a0gravada\u00a0sobre\u00a0a\u00a0conta\u00a0do\u00a0Viber\u00a0ser\u00e1\u00a0enviada\u00a0para\u00a0a\u00a0sua\u00a0conta\u00a0Spymaster\u00a0Pro,\u00a0a\u00a0que\u00a0poder\u00e1\u00a0ter\u00a0acesso\u00a0em\u00a0qualquer\u00a0lugar\u00a0e\u00a0a\u00a0qualquer\u00a0momento. Por Que Essa Funcionalidade? O Viber &hellip; <a href=\"https:\/\/www.spymasterpro.com\/pt\/espionagem-do-viber\/\" class=\"more-link\">Continue reading<span class=\"screen-reader-text\"> &#8220;Espionagem do Viber&#8221;<\/span><\/a><\/p>\n","protected":false},"author":1,"featured_media":0,"parent":0,"menu_order":0,"comment_status":"open","ping_status":"open","template":"","meta":{"_acf_changed":false,"footnotes":""},"class_list":["post-585","page","type-page","status-publish","hentry"],"acf":[],"aioseo_notices":[],"_links":{"self":[{"href":"https:\/\/www.spymasterpro.com\/pt\/wp-json\/wp\/v2\/pages\/585","targetHints":{"allow":["GET"]}}],"collection":[{"href":"https:\/\/www.spymasterpro.com\/pt\/wp-json\/wp\/v2\/pages"}],"about":[{"href":"https:\/\/www.spymasterpro.com\/pt\/wp-json\/wp\/v2\/types\/page"}],"author":[{"embeddable":true,"href":"https:\/\/www.spymasterpro.com\/pt\/wp-json\/wp\/v2\/users\/1"}],"replies":[{"embeddable":true,"href":"https:\/\/www.spymasterpro.com\/pt\/wp-json\/wp\/v2\/comments?post=585"}],"version-history":[{"count":0,"href":"https:\/\/www.spymasterpro.com\/pt\/wp-json\/wp\/v2\/pages\/585\/revisions"}],"wp:attachment":[{"href":"https:\/\/www.spymasterpro.com\/pt\/wp-json\/wp\/v2\/media?parent=585"}],"curies":[{"name":"wp","href":"https:\/\/api.w.org\/{rel}","templated":true}]}}