{"id":577,"date":"2014-11-20T07:29:48","date_gmt":"2014-11-20T07:29:48","guid":{"rendered":"https:\/\/www.spymasterpro.com\/pt\/?page_id=577"},"modified":"2022-07-29T10:33:39","modified_gmt":"2022-07-29T05:03:39","slug":"software-espiao-facebook","status":"publish","type":"page","link":"https:\/\/www.spymasterpro.com\/pt\/software-espiao-facebook\/","title":{"rendered":"Monitoramento de Facebook"},"content":{"rendered":"<section id=\"facebook_spy_banner\">\n<div class=\"container\">\n<div class=\"row\">\n<div class=\"col-xl-8 col-lg-8 col-md-8 col-sm-12 iphone_right_point\">\n<h4><img decoding=\"async\" src=\"..\/wp-content\/uploads\/2017\/02\/messenger_icon.png\" alt=\"img\" \/> Monitoramento de Facebook<\/h4>\n<h6>Monitore todas as conversas do Facebook de algu\u00e9m sem saber a senha.<\/h6>\n<ul>\n<li>Veja os registros de chamadas, localiza\u00e7\u00e3o, Whatsapp e muito mais<\/li>\n<li>Compat\u00edvel com celular Android e iPhone<\/li>\n<li>Acess\u00edvel de qualquer navegador de Internet<\/li>\n<li>Suporte multil\u00edngue 24\/7<\/li>\n<li>100% seguro e bem-sucedido<\/li>\n<\/ul>\n<div class=\"slider_btn\"><a class=\"blue_btn\" href=\"https:\/\/www.spymasterpro.com\/pt\/caracteristicas\/\">Ver todos os recursos<\/a> <a class=\"blue_btn demo_btn\" href=\"https:\/\/www.spymasterpro.com\/demo\/\"><i class=\"fa fa-play\"><\/i>demonstra\u00e7\u00e3o ao vivo<\/a><\/div>\n<\/div>\n<div class=\"col-xl-4 col-lg-4 col-md-4 hidden-sm-down iphone_left_img\"><img loading=\"lazy\" decoding=\"async\" class=\"alignnone\" title=\"Monitoramento de Facebook\" src=\"..\/wp-content\/uploads\/2017\/02\/facebook_spy_phone_img.png\" alt=\"Monitoramento de Facebook\" width=\"219\" height=\"316\" \/><\/div>\n<\/div>\n<\/div>\n<\/section>\n<section id=\"middle_part\">\n<div class=\"container\">\n<div class=\"row\">\n<div class=\"col-xl-12 col-lg-12 col-md-12 left_part\">\n<div class=\"side_heading\">\n<h3>Monitoramento de Facebook atrav\u00e9s do Spymaster Pro<\/h3>\n<\/div>\n<p>Spymaster Pro \u00e9 um software inteligente que lhe ajuda a ler todos os bate-papos do Facebook do celular alvo sem que seja preciso tocar no aparelho. Voc\u00ea tem o poder de monitorar tudo remotamente com apenas um clique. Compre o software e comece a ler todas as conversas do celular alvo no conforto da sua casa. Voc\u00ea pode vigiar a conta do Facebook tanto de um iPhone como de um aparelho Android.<\/p>\n<div class=\"col-xs-12 text-xs-center\">\n<h2><strong>Monitoramento de Facebook para iPhone<\/strong><\/h2>\n<p><img loading=\"lazy\" decoding=\"async\" class=\"aligncenter wp-image-4879 size-full\" title=\"Monitoramento de Facebook para iPhone\" src=\"..\/wp-content\/uploads\/2017\/02\/facebok-image.png\" alt=\"Monitoramento de Facebook para iPhone\" width=\"400\" height=\"310\" \/><\/p>\n<\/div>\n<p><strong>Para acompanhar as mensagens do Facebook de um iPhone, basta seguir estes passos simples:<\/strong><\/p>\n<ul>\n<li>Compre o software e seus detalhes de login ser\u00e3o enviados a voc\u00ea por email<\/li>\n<li>Obtenha as credenciais do iCloud do iPhone alvo<\/li>\n<li>Entre na sua conta do Spymaster Pro a partir de qualquer lugar usando os detalhes que lhe foram enviados e preencha essas credenciais quando for solicitado<\/li>\n<li>Comece a monitorar remotamente as mensagens do Facebook do iPhone alvo<\/li>\n<\/ul>\n<p><strong>Observa\u00e7\u00e3o:<\/strong>N\u00e3o \u00e9 preciso instalar o software no iPhone<\/p>\n<div class=\"strip_space\">\n<div class=\"col-xl-12 col-xs-12 col-sm-12 col-md-12 strip_txt text-xs-center bigtext-red\">Obtenha o Spymaster Pro para iPhone por apenas $7.99 \/ m\u00eas<\/div>\n<div class=\"buy_panel text-xs-center\"><a class=\"blue_btn\" href=\"https:\/\/www.spymasterpro.com\/pt\/espiao-iphone-sem-jailbreak\/\">Espi\u00e3o iPhone<\/a> <a class=\"blue_btn\" href=\"https:\/\/www.spymasterpro.com\/pt\/buynow\/\"> Compre Agora<\/a><\/div>\n<\/div>\n<div class=\"col-xs-12 text-xs-center\">\n<h2><strong>Monitoramento de Facebook para Android<\/strong><\/h2>\n<p><img loading=\"lazy\" decoding=\"async\" class=\"aligncenter wp-image-4910 size-full\" title=\"Monitoramento de Facebook para Android\" src=\"..\/wp-content\/uploads\/2017\/02\/uyo.png\" alt=\"Monitoramento de Facebook para Android\" width=\"400\" height=\"310\" \/><br \/>\n<strong>Para monitorar as mensagens do Facebook de um celular Android, basta completar os seguintes passos:<\/strong><\/p>\n<ul style=\"text-align: left;\">\n<li>Compre o software e os detalhes de login ser\u00e3o enviados a voc\u00ea por email<\/li>\n<li>Instale o software no Android de destino usando o link fornecido no email e deixe o celular<\/li>\n<li>Entre na sua conta a partir de qualquer lugar<\/li>\n<li>Comece a ler os bate-papos do Facebook do Android alvo<\/li>\n<\/ul>\n<div class=\"strip_space\">\n<div class=\"col-xl-12 col-xs-12 col-sm-12 col-md-12 strip_txt text-xs-center bigtext-red\">Obtenha o Spymaster Pro para Android Premium por apenas $5.99 \/ m\u00eas<\/div>\n<div class=\"buy_panel text-xs-center\"><a class=\"blue_btn\" href=\"https:\/\/www.spymasterpro.com\/pt\/espiao-do-android\/\">Espi\u00e3o Android<\/a> <a class=\"blue_btn\" href=\"https:\/\/www.spymasterpro.com\/pt\/buynow\/\"> Compre Agora<\/a><\/div>\n<\/div>\n<\/div>\n<\/div>\n<\/div>\n<\/div>\n<\/section>\n<p><script type=\"application\/ld+json\">\n    {\n      \"@context\": \"https:\/\/schema.org\",\n      \"@type\": \"SoftwareApplication\",\n      \"name\" : \"Monitoramento de Facebook\",\n  \t  \"image\" : \"https:\/\/www.spymasterpro.com\/pt\/wp-content\/uploads\/2017\/02\/facebook_spy_phone_img.png\",\n  \t  \"operatingSystem\": \"Windows 7, OSX 10.6, Android 1.6\",\n      \"applicationCategory\": \"BusinessApplication\",\n      \"featureList\": \"WhatsApp, Facebook, Instagram\",\n      \"aggregateRating\": {\n        \"@type\": \"AggregateRating\",\n        \"ratingValue\": \"4.8\",\n        \"ratingCount\": \"65987\"\n      },\n      \"offers\": {\n        \"@type\": \"Offer\",\n        \"price\": \"7.99\",\n        \"priceCurrency\": \"USD\"\n      }\n    }\n    <\/script><\/p>\n","protected":false},"excerpt":{"rendered":"<p>Monitoramento de Facebook Monitore todas as conversas do Facebook de algu\u00e9m sem saber a senha. Veja os registros de chamadas, localiza\u00e7\u00e3o, Whatsapp e muito mais Compat\u00edvel com celular Android e iPhone Acess\u00edvel de qualquer navegador de Internet Suporte multil\u00edngue 24\/7 100% seguro e bem-sucedido Ver todos os recursos demonstra\u00e7\u00e3o ao vivo Monitoramento de Facebook atrav\u00e9s &hellip; <a href=\"https:\/\/www.spymasterpro.com\/pt\/software-espiao-facebook\/\" class=\"more-link\">Continue reading<span class=\"screen-reader-text\"> &#8220;Monitoramento de Facebook&#8221;<\/span><\/a><\/p>\n","protected":false},"author":1,"featured_media":0,"parent":0,"menu_order":0,"comment_status":"open","ping_status":"closed","template":"page-full.php","meta":{"_acf_changed":false,"footnotes":""},"class_list":["post-577","page","type-page","status-publish","hentry"],"acf":[],"aioseo_notices":[],"_links":{"self":[{"href":"https:\/\/www.spymasterpro.com\/pt\/wp-json\/wp\/v2\/pages\/577","targetHints":{"allow":["GET"]}}],"collection":[{"href":"https:\/\/www.spymasterpro.com\/pt\/wp-json\/wp\/v2\/pages"}],"about":[{"href":"https:\/\/www.spymasterpro.com\/pt\/wp-json\/wp\/v2\/types\/page"}],"author":[{"embeddable":true,"href":"https:\/\/www.spymasterpro.com\/pt\/wp-json\/wp\/v2\/users\/1"}],"replies":[{"embeddable":true,"href":"https:\/\/www.spymasterpro.com\/pt\/wp-json\/wp\/v2\/comments?post=577"}],"version-history":[{"count":0,"href":"https:\/\/www.spymasterpro.com\/pt\/wp-json\/wp\/v2\/pages\/577\/revisions"}],"wp:attachment":[{"href":"https:\/\/www.spymasterpro.com\/pt\/wp-json\/wp\/v2\/media?parent=577"}],"curies":[{"name":"wp","href":"https:\/\/api.w.org\/{rel}","templated":true}]}}