{"id":511,"date":"2014-03-06T06:21:24","date_gmt":"2014-03-06T06:21:24","guid":{"rendered":"https:\/\/www.spymasterpro.com\/pt\/?page_id=511"},"modified":"2025-03-01T22:22:07","modified_gmt":"2025-03-01T16:52:07","slug":"compatibilidade","status":"publish","type":"page","link":"https:\/\/www.spymasterpro.com\/pt\/compatibilidade\/","title":{"rendered":"Compatibilidade"},"content":{"rendered":"<div class=\"compatibility_part\">\n<h5 style=\"text-transform:none;\">Spymaster Pro \u00e9 totalmente compat\u00edvel com celulares Android e iPhone<\/h5>\n<div class=\"View\">\n&nbsp;<br \/>\n<strong>Selecione seu sistema operacional para saber mais:<\/strong>\n<\/div>\n<div class=\"row\">\n<div class=\"col-xl-5 col-lg-5  col-md-6  text-xs-center\">\n<div class=\"compatibility_bx\">\n<a href=\"https:\/\/www.spymasterpro.com\/pt\/espiao-do-android\/\"><img decoding=\"async\" src=\"https:\/\/www.spymasterpro.com\/pt\/wp-content\/uploads\/2017\/04\/compatibility_Android.png\" alt=\"img\"><\/a>\n<\/div>\n<h4><a href=\"https:\/\/www.spymasterpro.com\/pt\/espiao-do-android\/\"> ANDROID <\/a><\/h4>\n<\/div>\n<div class=\"col-xl-5 col-lg-5  col-md-6  text-xs-center\">\n<div class=\"compatibility_bx\">\n<a href=\"https:\/\/www.spymasterpro.com\/pt\/espiao-iphone-sem-jailbreak\/\"><img decoding=\"async\" src=\"https:\/\/www.spymasterpro.com\/pt\/wp-content\/uploads\/2017\/04\/compatibility_iphone.png\" alt=\"img\"><\/a>\n<\/div>\n<h4><a href=\"https:\/\/www.spymasterpro.com\/pt\/espiao-iphone-sem-jailbreak\/\"> iPHONE<\/a><\/h4>\n<\/div>\n<p><\/diV><\/p>\n<div class=\"compatibility_bx_txt text-xs-center col-xl-10 col-lg-10  col-md-12\">\n<p>**Compat\u00edvel com todas as \u00faltimas vers\u00f5es de iPhone e Android<\/p>\n<\/div>\n<\/div>\n<p>&nbsp;<\/p>\n","protected":false},"excerpt":{"rendered":"<p>Spymaster Pro \u00e9 totalmente compat\u00edvel com celulares Android e iPhone &nbsp; Selecione seu sistema operacional para saber mais: ANDROID iPHONE **Compat\u00edvel com todas as \u00faltimas vers\u00f5es de iPhone e Android &nbsp;<\/p>\n","protected":false},"author":1,"featured_media":0,"parent":0,"menu_order":0,"comment_status":"open","ping_status":"open","template":"","meta":{"_acf_changed":false,"footnotes":""},"class_list":["post-511","page","type-page","status-publish","hentry"],"acf":[],"aioseo_notices":[],"_links":{"self":[{"href":"https:\/\/www.spymasterpro.com\/pt\/wp-json\/wp\/v2\/pages\/511","targetHints":{"allow":["GET"]}}],"collection":[{"href":"https:\/\/www.spymasterpro.com\/pt\/wp-json\/wp\/v2\/pages"}],"about":[{"href":"https:\/\/www.spymasterpro.com\/pt\/wp-json\/wp\/v2\/types\/page"}],"author":[{"embeddable":true,"href":"https:\/\/www.spymasterpro.com\/pt\/wp-json\/wp\/v2\/users\/1"}],"replies":[{"embeddable":true,"href":"https:\/\/www.spymasterpro.com\/pt\/wp-json\/wp\/v2\/comments?post=511"}],"version-history":[{"count":1,"href":"https:\/\/www.spymasterpro.com\/pt\/wp-json\/wp\/v2\/pages\/511\/revisions"}],"predecessor-version":[{"id":4295,"href":"https:\/\/www.spymasterpro.com\/pt\/wp-json\/wp\/v2\/pages\/511\/revisions\/4295"}],"wp:attachment":[{"href":"https:\/\/www.spymasterpro.com\/pt\/wp-json\/wp\/v2\/media?parent=511"}],"curies":[{"name":"wp","href":"https:\/\/api.w.org\/{rel}","templated":true}]}}