{"id":460,"date":"2014-05-08T12:15:19","date_gmt":"2014-05-08T12:15:19","guid":{"rendered":"https:\/\/www.spymasterpro.com\/pt\/?page_id=460"},"modified":"2020-01-28T08:13:32","modified_gmt":"2020-01-28T08:13:32","slug":"rastreie-o-telefone-celular-dos-seus-filhos","status":"publish","type":"page","link":"https:\/\/www.spymasterpro.com\/pt\/rastreie-o-telefone-celular-dos-seus-filhos\/","title":{"rendered":"Rastreie o Telefone Celular dos Seus Filhos"},"content":{"rendered":"<h2>Pontos de Localiza\u00e7\u00e3o<\/h2>\n<p>Spymaster Pro consegue rastrear o ponto exato de localiza\u00e7\u00e3o do celular que est\u00e1 sendo monitorado. Desta forma, voc\u00ea consegue ver os lugares visitados pela pessoa em quest\u00e3o ou onde ela est\u00e1 em certos momentos do dia.<\/p>\n<h2>Voc\u00ea pode:<\/h2>\n<ul>\n<li>Ver o ponto de localiza\u00e7\u00e3o atual.<\/li>\n<li>Obter indica\u00e7\u00f5es de rota para esse local.<\/li>\n<\/ul>\n<h2>Por que voc\u00ea precisa disso?<\/h2>\n<p>Essa funcionalidade do Spymaster Pro \u00e9 um salva-vidas, principalmente nos casos em que voc\u00ea n\u00e3o consegue entrar em contato com o seu filho adolescente e voc\u00ea quer saber onde ele est\u00e1. Al\u00e9m disso, essa ferramenta te ajuda a ficar de olho nos seus funcion\u00e1rios, principalmente quando se sabe que eles saem durante o expediente. Portanto, caso tenha o Spymaster Pro instalado nos celulares que deseja rastrear, voc\u00ea pode facilmente saber sua localiza\u00e7\u00e3o GPS usando essa fun\u00e7\u00e3o!<\/p>\n<h2>Verifique a localiza\u00e7\u00e3o<\/h2>\n<p>Spymaster Pro marca todos os locais em que o celular monitorado esteve em um mapa, o que facilita a achar um local em particular sem se confundir. Todos os lugares s\u00e3o apresentados com precis\u00e3o no mapa.<\/p>\n<h2>Voc\u00ea pode:<\/h2>\n<ul>\n<li>Ver informa\u00e7\u00f5es precisas sobre a localiza\u00e7\u00e3o do celular rastreado.<\/li>\n<li>Ver os detalhes de data e hora em que a pessoa esteve em determinado local.<\/li>\n<\/ul>\n<h2>Por que voc\u00ea precisa disso?<\/h2>\n<p>N\u00e3o se deixe enganar com as constantes mentiras do seu parceiro(a) sobre onde ele(a) realmente est\u00e1! Nunca mais coloque sua empresa em risco por pensar que seus funcion\u00e1rios n\u00e3o est\u00e3o indo apenas aos lugares que deveriam ir. Aproveite o benef\u00edcio de usar o software Spymaster Pro para inspecionar todos os lugares que visitam.<\/p>\n<div class=\"col-xl-12 col-xs-12 col-sm-12 col-md-12 strip_txt text-xs-center bigtext-red\">Pre\u00e7o come\u00e7a a partir de $ 4.99 apenas \/ m\u00eas<\/div>\n<div class=\"strip_btn feature_bottom text-xs-center\"><a class=\"hidden-sm-down blue_btn\" href=\"https:\/\/spymasterpro.com\/demo\/\">demonstra\u00e7\u00e3o ao vivo<\/a> <a class=\"hidden-sm-down white_btn demo_btn\" href=\"https:\/\/www.spymasterpro.com\/pt\/buynow\/\">Compre Agora<\/a> <a class=\"white_btn demo_btn hidden-md-up\" href=\"https:\/\/www.spymasterpro.com\/pt\/caracteristicas\/\">Mais recursos<\/a> <a class=\"white_btn demo_btn hidden-md-up\" href=\"https:\/\/www.spymasterpro.com\/pt\/buynow\">Compre Agora<\/a><\/div>\n","protected":false},"excerpt":{"rendered":"<p>Pontos de Localiza\u00e7\u00e3o Spymaster Pro consegue rastrear o ponto exato de localiza\u00e7\u00e3o do celular que est\u00e1 sendo monitorado. Desta forma, voc\u00ea consegue ver os lugares visitados pela pessoa em quest\u00e3o ou onde ela est\u00e1 em certos momentos do dia. Voc\u00ea pode: Ver o ponto de localiza\u00e7\u00e3o atual. Obter indica\u00e7\u00f5es de rota para esse local. Por &hellip; <a href=\"https:\/\/www.spymasterpro.com\/pt\/rastreie-o-telefone-celular-dos-seus-filhos\/\" class=\"more-link\">Continue reading<span class=\"screen-reader-text\"> &#8220;Rastreie o Telefone Celular dos Seus Filhos&#8221;<\/span><\/a><\/p>\n","protected":false},"author":1,"featured_media":3062,"parent":0,"menu_order":0,"comment_status":"open","ping_status":"open","template":"","meta":{"_acf_changed":false,"footnotes":""},"class_list":["post-460","page","type-page","status-publish","has-post-thumbnail","hentry"],"acf":[],"aioseo_notices":[],"_links":{"self":[{"href":"https:\/\/www.spymasterpro.com\/pt\/wp-json\/wp\/v2\/pages\/460","targetHints":{"allow":["GET"]}}],"collection":[{"href":"https:\/\/www.spymasterpro.com\/pt\/wp-json\/wp\/v2\/pages"}],"about":[{"href":"https:\/\/www.spymasterpro.com\/pt\/wp-json\/wp\/v2\/types\/page"}],"author":[{"embeddable":true,"href":"https:\/\/www.spymasterpro.com\/pt\/wp-json\/wp\/v2\/users\/1"}],"replies":[{"embeddable":true,"href":"https:\/\/www.spymasterpro.com\/pt\/wp-json\/wp\/v2\/comments?post=460"}],"version-history":[{"count":0,"href":"https:\/\/www.spymasterpro.com\/pt\/wp-json\/wp\/v2\/pages\/460\/revisions"}],"wp:featuredmedia":[{"embeddable":true,"href":"https:\/\/www.spymasterpro.com\/pt\/wp-json\/wp\/v2\/media\/3062"}],"wp:attachment":[{"href":"https:\/\/www.spymasterpro.com\/pt\/wp-json\/wp\/v2\/media?parent=460"}],"curies":[{"name":"wp","href":"https:\/\/api.w.org\/{rel}","templated":true}]}}