{"id":43,"date":"2012-11-06T10:30:40","date_gmt":"2012-11-06T10:30:40","guid":{"rendered":"https:\/\/www.spymasterpro.com\/pt\/?page_id=43"},"modified":"2020-06-22T13:41:12","modified_gmt":"2020-06-22T13:41:12","slug":"monitoracao-de-empregado","status":"publish","type":"page","link":"https:\/\/www.spymasterpro.com\/pt\/monitoracao-de-empregado\/","title":{"rendered":"Software Monitoramento de Empregado"},"content":{"rendered":"<h2 class=\"tracking\" style=\"color: black;\">Monitore seus funcion\u00e1rios com o Spymaster Pro<\/h2>\n<ul>\n<li>Monitore onde seus empregados est\u00e3o indo e com quem est\u00e3o se encontrando, com a ajuda do rastreamento de localiza\u00e7\u00f5es ativado pelo GPS.<\/li>\n<li>AAceda a cada comunica\u00e7\u00e3o enviada do celular do seu empregado de forma legal.<\/li>\n<li>Me\u00e7a a produtividade de seus empregados ao seguir dinamicamente sua localiza\u00e7\u00e3o.<\/li>\n<li>Recolha provas concretas para confrontar seu funcion\u00e1rio que est\u00e1 tentando prejudicar sua empresa.<\/li>\n<li>Permanecer indetect\u00e1vel enquanto o monitoramento de Empregado.<\/li>\n<\/ul>\n<p>As atividades fraudulentas feitas por empregados podem trazer muita vergonha e m\u00e1 reputa\u00e7\u00e3o a uma empresa. Por isso, como gerente, voc\u00ea precisa se proteger contra a ocorr\u00eancia de tais atividades prejudiciais com vigil\u00e2ncia e monitoramento constantes.<\/p>\n<p>Vigiar constantemente a atividade de um funcion\u00e1rio pode ser dif\u00edcil, at\u00e9 mesmo para um gerente eficiente. Voc\u00ea pode implementar incentivos com base no desempenho para se proteger da incapacidade, mas isso ainda n\u00e3o cobrir\u00e1 os riscos associados com o vazamento de informa\u00e7\u00f5es da parte do empregado. Caso queira saber exatamente quais informa\u00e7\u00f5es est\u00e3o sendo vazadas, considere usar um Software de monitoramento de Empregado como o <a href=\"https:\/\/www.spymasterpro.com\/pt\/\" target=\"_blank\" rel=\"noopener noreferrer\"><strong>Spymaster Pro<\/strong><\/a> para vigiar suas comunica\u00e7\u00f5es.<\/p>\n<h2><strong>Saiba mais sobre monitoramento de Empregado<\/strong><\/h2>\n<p>O Spymaster Pro ajuda voc\u00ea para <a href=\"https:\/\/www.spymasterpro.com\/pt\/blog\/monitorar-as-conversas-das-redes-sociais-de-alguem\/\" target=\"_blank\" rel=\"noopener noreferrer\"><strong>rastrea seus empregados&#8217; todas recebida e chamada de sa\u00edda conversas<\/strong> <\/a>do seu painel de controle pessoal. Pesquisas e desenvolvimentos constantes est\u00e3o sendo feitos para melhorar outros atributos importantes do software, como o rastreamento da pessoa do outro lado da linha. Ao ter acesso a toda essa informa\u00e7\u00e3o, voc\u00ea pode se proteger imediatamente do vazamento de informa\u00e7\u00f5es delicadas e tomar medidas adequadas. Assim que o software \u00e9 instalado, voc\u00ea pode recuperar a informa\u00e7\u00e3o do seu computador pessoal em casa.<\/p>\n<h2><strong>Por que optar pelo Spymaster Pro?<\/strong><\/h2>\n<p>O Spymaster Pro se distingue de outros softwares de espionagem pela grande variedade de funcionalidades dispon\u00edveis ao usu\u00e1rio. A simplicidade e acessibilidade da interface s\u00e3o igualmente uma das principais raz\u00f5es pela qual esse software se tornou um favorito entre os utilizadores.<\/p>\n<h2 class=\"tracking\" style=\"color: black;\">Funcionalidades :<\/h2>\n<div class=\"content-1\">\n<h3 class=\"tracking\" style=\"color: black; font-size: 20px;\"><i class=\"fa fa-hand-o-right\" aria-hidden=\"true\"><!--tr--><\/i>Monitore as Chamadas<\/h3>\n<p>Com o Spymaster Pro, voc\u00ea pode salvar os n\u00fameros das chamadas feitas e recebidas e ver sua dura\u00e7\u00e3o no telefone do seu empregado. Com essa funcionalidade, \u00e9 poss\u00edvel saber se o seu funcion\u00e1rio est\u00e1 interagindo com algu\u00e9m de uma empresa concorrente.<\/p>\n<\/div>\n<div class=\"content-1\">\n<h3 class=\"tracking\" style=\"color: black; font-size: 20px;\"><i class=\"fa fa-hand-o-right\" aria-hidden=\"true\"><!--tr--><\/i>Monitore os SMS<\/h3>\n<p>O registro <a href=\"https:\/\/www.spymasterpro.com\/pt\/espiao-de-sms\/\" target=\"_blank\" rel=\"noopener noreferrer\"><strong>inteiro das mensagens de texto do telefone<\/strong><\/a> do seu empregado estar\u00e1 acess\u00edvel a voc\u00ea. At\u00e9 mesmo depois de terem sido exclu\u00eddas do celular, voc\u00ea receber\u00e1 o registro das mensagens, juntamente com os conte\u00fados de cada uma.<\/p>\n<\/div>\n<div class=\"content-1\">\n<h3 class=\"tracking\" style=\"color: black; font-size: 20px;\"><i class=\"fa fa-hand-o-right\" aria-hidden=\"true\"><!--tr--><\/i>Rastreie a Localiza\u00e7\u00e3o com GPS<\/h3>\n<p>Voc\u00ea pode descobrir exatamente onde est\u00e1 o seu empregado em um determinado momento do dia usando o rastreador de GPS. Isso pode ser extremamente \u00fatil para seguir um vendedor cuja localiza\u00e7\u00e3o exata pode ser seguida.<\/p>\n<\/div>\n<div class=\"content-1\">\n<h3 class=\"tracking\" style=\"color: black; font-size: 20px;\"><i class=\"fa fa-hand-o-right\" aria-hidden=\"true\"><!--tr--><\/i>Acesse a Agenda<\/h3>\n<p>Tenha acesso completo \u00e0 lista telef\u00f4nica de seus empregados e descubra se s\u00e3o amigos de algu\u00e9m que possa ser prejudicial para a sua empresa.<\/p>\n<\/div>\n<div class=\"content-1\">\n<h3 class=\"tracking\" style=\"color: black; font-size: 20px;\"><i class=\"fa fa-hand-o-right\" aria-hidden=\"true\"><!--tr--><\/i>Rastreie E-mails e Telefones<\/h3>\n<p>Tenha acesso aos conte\u00fados de cada e-mail enviado do telefone do seu empregado. As fotos clicadas por ele ser\u00e3o armazenadas em um lugar seguro de onde voc\u00ea possa recuperar em caso de necessidade.<\/p>\n<\/div>\n<div style=\"float: left; width: 100%;\">\n<div class=\"col-xl-12 col-xs-12 col-sm-12 col-md-12 strip_txt text-xs-center bigtext-red\">Obtenha o Spymaster B\u00e1sico por Apenas $4.99 por m\u00eas<\/div>\n<div class=\"strip_btn feature_bottom text-xs-center\" style=\"margin-bottom: 20px;\"><a class=\"hidden-sm-down blue_btn\" href=\"https:\/\/spymasterpro.com\/demo\/\">Demonstra\u00e7\u00e3o ao vivo<\/a> <a class=\"hidden-sm-down white_btn demo_btn\" href=\"https:\/\/www.spymasterpro.com\/pt\/buynow\/\">Compre Agora<\/a><\/div>\n<\/div>\n<h2 class=\"tracking\" style=\"color: black;\"><b>FUNCIONALIDADES AVAN\u00c7ADAS COM VERS\u00c3O PAGA<\/b><\/h2>\n<div class=\"content-1\">\n<h3 class=\"tracking\" style=\"color: black; font-size: 20px;\"><i class=\"fa fa-hand-o-right\" aria-hidden=\"true\"><!--tr--><\/i>Monitoramento do WhatsApp<\/h3>\n<p>Com esse software de espionagem para celular voc\u00ea pode ler toda a conversa nos bate-papos, assim como visualizar todas as fotos recebidas ou enviadas.<\/p>\n<\/div>\n<div class=\"content-1\">\n<h3 class=\"tracking\" style=\"color: black; font-size: 20px;\"><i class=\"fa fa-hand-o-right\" aria-hidden=\"true\"><!--tr--><\/i>Monitoramento do Facebook Messenger<\/h3>\n<p>Esse software de espionagem para celular garante um acesso completo \u00e0s conversas e arquivos compartilhados atrav\u00e9s do Facebook Messenger. O software \u00e9 compat\u00edvel com iPhone e Android.<\/p>\n<\/div>\n<div class=\"content-1\">\n<h3 class=\"tracking\" style=\"color: black; font-size: 20px;\"><i class=\"fa fa-hand-o-right\" aria-hidden=\"true\"><!--tr--><\/i>Instagram<\/h3>\n<p>Com o Spymaster Pro, voc\u00ea pode ler as mensagens de bate-papo e tem controle total sobre os arquivos de m\u00eddia (fotos e v\u00eddeos) que s\u00e3o trocados pelo Android\/iPhone.<\/p>\n<\/div>\n<div class=\"content-1\">\n<h3 class=\"tracking\" style=\"color: black; font-size: 20px;\"><i class=\"fa fa-hand-o-right\" aria-hidden=\"true\"><!--tr--><\/i>Snapchat<\/h3>\n<p>Com esse recurso, voc\u00ea pode ter total controle sobre as mensagens de texto que s\u00e3o trocadas pelo telefone alvo. Al\u00e9m disso, voc\u00ea pode acessar informa\u00e7\u00f5es completas como data e hora exatas em que os conversas foram trocadas.<\/p>\n<\/div>\n<div class=\"col-xl-12 col-xs-12 col-sm-12 col-md-12 strip_txt text-xs-center bigtext-red\">Obtenha o Spymaster por Apenas $5.99 por m\u00eas<\/div>\n<div class=\"strip_btn feature_bottom text-xs-center\"><a class=\"hidden-sm-down blue_btn\" href=\"https:\/\/spymasterpro.com\/demo\/\">Demonstra\u00e7\u00e3o ao vivo<\/a> <a class=\"hidden-sm-down white_btn demo_btn\" href=\"https:\/\/www.spymasterpro.com\/pt\/buynow\/\">Compre Agora<\/a> <a class=\"white_btn demo_btn hidden-md-up\" href=\"https:\/\/www.spymasterpro.com\/features\">more features<\/a> <a class=\"white_btn demo_btn hidden-md-up\" href=\"https:\/\/www.spymasterpro.com\/buynow\">Compre Agora<\/a><\/div>\n","protected":false},"excerpt":{"rendered":"<p>Monitore seus funcion\u00e1rios com o Spymaster Pro Monitore onde seus empregados est\u00e3o indo e com quem est\u00e3o se encontrando, com a ajuda do rastreamento de localiza\u00e7\u00f5es ativado pelo GPS. AAceda a cada comunica\u00e7\u00e3o enviada do celular do seu empregado de forma legal. Me\u00e7a a produtividade de seus empregados ao seguir dinamicamente sua localiza\u00e7\u00e3o. Recolha provas &hellip; <a href=\"https:\/\/www.spymasterpro.com\/pt\/monitoracao-de-empregado\/\" class=\"more-link\">Continue reading<span class=\"screen-reader-text\"> &#8220;Software Monitoramento de Empregado&#8221;<\/span><\/a><\/p>\n","protected":false},"author":1,"featured_media":3542,"parent":0,"menu_order":0,"comment_status":"open","ping_status":"open","template":"","meta":{"_acf_changed":false,"footnotes":""},"class_list":["post-43","page","type-page","status-publish","has-post-thumbnail","hentry"],"acf":[],"aioseo_notices":[],"_links":{"self":[{"href":"https:\/\/www.spymasterpro.com\/pt\/wp-json\/wp\/v2\/pages\/43","targetHints":{"allow":["GET"]}}],"collection":[{"href":"https:\/\/www.spymasterpro.com\/pt\/wp-json\/wp\/v2\/pages"}],"about":[{"href":"https:\/\/www.spymasterpro.com\/pt\/wp-json\/wp\/v2\/types\/page"}],"author":[{"embeddable":true,"href":"https:\/\/www.spymasterpro.com\/pt\/wp-json\/wp\/v2\/users\/1"}],"replies":[{"embeddable":true,"href":"https:\/\/www.spymasterpro.com\/pt\/wp-json\/wp\/v2\/comments?post=43"}],"version-history":[{"count":0,"href":"https:\/\/www.spymasterpro.com\/pt\/wp-json\/wp\/v2\/pages\/43\/revisions"}],"wp:featuredmedia":[{"embeddable":true,"href":"https:\/\/www.spymasterpro.com\/pt\/wp-json\/wp\/v2\/media\/3542"}],"wp:attachment":[{"href":"https:\/\/www.spymasterpro.com\/pt\/wp-json\/wp\/v2\/media?parent=43"}],"curies":[{"name":"wp","href":"https:\/\/api.w.org\/{rel}","templated":true}]}}