{"id":377,"date":"2014-02-13T10:13:40","date_gmt":"2014-02-13T10:13:40","guid":{"rendered":"https:\/\/www.spymasterpro.com\/pt\/?page_id=377"},"modified":"2020-03-07T09:41:17","modified_gmt":"2020-03-07T09:41:17","slug":"como-spymaster-pro-funciona","status":"publish","type":"page","link":"https:\/\/www.spymasterpro.com\/pt\/como-spymaster-pro-funciona\/","title":{"rendered":"Como Spymaster Pro Funciona"},"content":{"rendered":"<div id=\"pl-377\" class=\"panel-layout\">\n<div id=\"pg-377-0\" class=\"panel-grid panel-no-style\">\n<div id=\"pgc-377-0-0\" class=\"panel-grid-cell\" data-weight=\"1\">\n<div id=\"panel-377-0-0-0\" class=\"so-panel widget_text panel-first-child\" data-index=\"0\" data-style=\"{&quot;background_display&quot;:&quot;tile&quot;}\">\n<h3 class=\"widget-title\">Banner<\/h3>\n<div class=\"textwidget\">\n<section id=\"qick_tour_banner\">\n<div class=\"container\">\n<div class=\"row\">\n<div class=\"col-xl-8 col-lg-8 col-md-8 col-sm-12 iphone_right_point text-xs-center\">\n<h1>Como funciona?<\/h1>\n<p><img decoding=\"async\" src=\"https:\/\/www.spymasterpro.com\/pt\/wp-content\/uploads\/2017\/06\/pt.png\" alt=\"point_img\" \/><\/p>\n<h6>**Nenhuma instala\u00e7\u00e3o necess\u00e1ria no iPhone<\/h6>\n<\/div>\n<div class=\"col-xl-4 col-lg-4 col-md-4 hidden-sm-down iphone_left_img text-xs-center\"><img loading=\"lazy\" decoding=\"async\" class=\"alignnone\" title=\"Nenhuma instala\u00e7\u00e3o necess\u00e1ria no iPhone\" src=\"..\/wp-content\/uploads\/2017\/02\/quik_side_img.png\" alt=\"Nenhuma instala\u00e7\u00e3o necess\u00e1ria no iPhone\" width=\"284\" height=\"353\" \/><\/div>\n<\/div>\n<\/div>\n<\/section>\n<\/div>\n<\/div>\n<div id=\"panel-377-0-0-1\" class=\"so-panel widget_text panel-last-child\" data-index=\"1\" data-style=\"{&quot;background_image_attachment&quot;:false,&quot;background_display&quot;:&quot;tile&quot;}\">\n<h3 class=\"widget-title\">COMO O SPYMASTER PRO FUNCIONA PARA IPHONE<\/h3>\n<div class=\"textwidget\">\n<section id=\"quick_works\">\n<div class=\"container\">\n<div class=\"row\">\n<div class=\"col-xs-12 text-xs-center iphone_wrk\">\n<h3>COMO O SPYMASTER PRO FUNCIONA PARA IPHONE<\/h3>\n<p>Ficar continuamente de olho na pessoa suspeita nem sempre \u00e9 poss\u00edvel. Mas se for a necessidade do momento, ent\u00e3o \u00e9 preciso encontrar uma solu\u00e7\u00e3o f\u00e1cil e r\u00e1pida. Algumas pessoas escolhem investigadores secretos, mas eles n\u00e3o prometem resultados garantidos como desejado. Tamb\u00e9m h\u00e1 uma chance de ser apanhado. A outra forma \u00e9 verificar secretamente o celular da pessoa alvo, quando ele\/a estiver longe. Por\u00e9m, ambas as formas podem afetar o seu relacionamento. A t\u00e9cnica inteligente \u00e9 usar um software moderno de espionagem para espionar algu\u00e9m de forma secreta, sem tocar no iPhone. N\u00e3o \u00e9 preciso nenhuma instala\u00e7\u00e3o ou jailbreak.<\/p>\n<\/div>\n<div class=\"col-xl-4 col-lg-4 col-md-4 col-sm-4 col-xs-12 text-xs-center\">\n<div class=\"box_part\">\n<h5>COMPRE SPYMASTER PRO<\/h5>\n<p>Software de Monitoramento do Celular. Clique no bot\u00e3o Comprar Agora ou na p\u00e1gina Comprar Agora, em qualquer lugar no nosso site. Depois de preencher os detalhes obrigat\u00f3rios, fa\u00e7a a compra.<\/p>\n<\/div>\n<\/div>\n<div class=\"col-xl-4 col-lg-4 col-md-4 col-sm-4 col-xs-12 text-xs-center\">\n<div class=\"box_part\">\n<h5>USE AS CREDENCIAIS DO ICLOUD<\/h5>\n<p>N\u00e3o \u00e9 preciso instalar o software no iPhone, se quiser espionar. Basta usar as credenciais do iCloud do iPhone de destino quando for solicitado durante o processo. Siga as instru\u00e7\u00f5es com cuidado, enviadas a voc\u00ea por e-mail.<\/p>\n<\/div>\n<\/div>\n<div class=\"col-xl-4 col-lg-4 col-md-4 col-sm-4 col-xs-12 text-xs-center\">\n<div class=\"box_part\">\n<h5>COMECE A MONITORAR!!<\/h5>\n<p>Entre no seu Painel de Controle do Spymaster Pro usando os detalhes de login enviados a voc\u00ea por e-mail. Comece a monitorar seus entes queridos e as pessoas pr\u00f3ximas de voc\u00ea. Proteja sua fam\u00edlia e seu neg\u00f3cio remotamente<\/p>\n<\/div>\n<\/div>\n<div class=\"col-xl-12 col-xs-12 col-sm-12 col-md-12 strip_btn spy_btn feature_bottom text-xs-center\"><a class=\"blue_btn\" href=\"https:\/\/www.spymasterpro.com\/pt\/espiao-iphone-sem-jailbreak\/\">Espi\u00e3o iPhone<\/a> <a class=\"white_btn demo_btn\" href=\"https:\/\/www.spymasterpro.com\/pt\/buynow\/\">Compre Agora<\/a><\/div>\n<\/div>\n<\/div>\n<\/section>\n<section id=\"quick_content\">\n<div class=\"container\">\n<div class=\"row\">\n<div class=\"col-xl-12 text-xs-center\">\n<h3>Fa\u00e7a o login no Spymaster Pro assim:<\/h3>\n<p>&nbsp;<\/p>\n<div id=\"myCarousel\" class=\"carousel slide\">\n<div class=\"carousel-inner\">\n<div class=\"carousel-item active\">\n<div class=\"col-md-10 offset-md-1 text-xs-center\"><img loading=\"lazy\" decoding=\"async\" class=\"alignnone\" title=\"Fa\u00e7a o login no Spymaster Pro assim\" src=\"..\/wp-content\/uploads\/2017\/02\/pc_img1.png\" alt=\"Fa\u00e7a o login no Spymaster Pro assim\" width=\"835\" height=\"485\" \/><\/div>\n<div class=\"col-xs-12 silder_txt text-xs-center\">\n<p>Para ter todos os dados acompanhados, Login Nome de usu\u00e1rio e senhas. Clique em <a href=\"https:\/\/www.spymasterpro.com\/main_admin\/login.php\"><strong>Login<\/strong><\/a>.<\/p>\n<\/div>\n<\/div>\n<div class=\"carousel-item\">\n<div class=\"col-md-10 offset-md-1 text-xs-center\"><img decoding=\"async\" src=\"..\/wp-content\/uploads\/2017\/02\/pc_img2.png\" \/><\/div>\n<div class=\"col-xs-12 silder_txt text-xs-center\">\n<h3>Painel<\/h3>\n<p>Todas as abas como Registros de SMS, E-mails, Lista Telef\u00f4nica, Localiza\u00e7\u00e3o Geogr\u00e1fica, Monitoramento de URL, Monitoramento de Fotos e Registro de Chamadas s\u00e3o disponibilizadas no painel. Cada aba \u00e9 composta por todos os dados monitorados que foram recolhidos do celular alvo em tempo real em rela\u00e7\u00e3o \u00e0s funcionalidades oferecidas.<\/p>\n<\/div>\n<\/div>\n<div class=\"carousel-item\">\n<div class=\"col-md-10 offset-md-1 text-xs-center\"><img loading=\"lazy\" decoding=\"async\" class=\"alignnone\" title=\"Painel\" src=\"..\/wp-content\/uploads\/2017\/02\/pc_img3.png\" alt=\"Painel\" width=\"835\" height=\"485\" \/><\/div>\n<div class=\"col-xs-12 silder_txt text-xs-center\">\n<h3>Registros de Chamada<\/h3>\n<p>Examine secretamente o hist\u00f3rico de registro de chamadas da pessoa suspeita. Essa funcionalidade mostra todas as chamadas efetuadas ou recebidas com a hora e a dura\u00e7\u00e3o.<\/p>\n<\/div>\n<\/div>\n<div class=\"carousel-item\">\n<div class=\"col-md-10 offset-md-1 text-xs-center\"><img loading=\"lazy\" decoding=\"async\" class=\"alignnone\" title=\"Registros de Chamada\" src=\"..\/wp-content\/uploads\/2017\/02\/pc_img4.png\" alt=\"Registros de Chamada\" width=\"835\" height=\"485\" \/><\/div>\n<div class=\"col-xs-12 silder_txt text-xs-center\">\n<h3>Monitoramento de SMS<\/h3>\n<p>Leia todas as mensagens enviadas ou recebidas pelo celular alvo usando essa funcionalidade. Todas as mensagens ser\u00e3o mostradas com o texto e a hora.<\/p>\n<\/div>\n<\/div>\n<div class=\"carousel-item\">\n<div class=\"col-md-10 offset-md-1 text-xs-center\"><img loading=\"lazy\" decoding=\"async\" class=\"alignnone\" title=\"Monitoramento de SMS\" src=\"..\/wp-content\/uploads\/2017\/02\/pc_img5.png\" alt=\"Monitoramento de SMS\" width=\"835\" height=\"485\" \/><\/div>\n<div class=\"col-xs-12 silder_txt text-xs-center\">\n<h3>WhatsApp<\/h3>\n<p>Receba na sua conta todas as conversas do Whatsapp da pessoa que voc\u00ea quer monitorar. Leia todos os bate-papos e veja com quem e por quanto tempo ocorreu a conversa.<\/p>\n<\/div>\n<\/div>\n<div class=\"carousel-item\">\n<div class=\"col-md-10 offset-md-1 text-xs-center\"><img loading=\"lazy\" decoding=\"async\" class=\"alignnone\" title=\"WhatsApp\" src=\"..\/wp-content\/uploads\/2017\/02\/pc_img6.png\" alt=\"WhatsApp\" width=\"835\" height=\"485\" \/><\/div>\n<div class=\"col-xs-12 silder_txt text-xs-center\">\n<h3>E-mail<\/h3>\n<p>Verifique todos os e-mails enviados e recebidos pela conta da pessoa alvo. Todos os e-mails ser\u00e3o abertos para voc\u00ea com um \u00fanico clique juntamente com a hora, o texto, e a identifica\u00e7\u00e3o do remetente\/destinat\u00e1rio.<\/p>\n<\/div>\n<\/div>\n<div class=\"carousel-item\">\n<div class=\"col-md-10 offset-md-1 text-xs-center\"><img loading=\"lazy\" decoding=\"async\" class=\"alignnone\" title=\"E-mail\" src=\"..\/wp-content\/uploads\/2017\/02\/pc_img7.png\" alt=\"E-mail\" width=\"835\" height=\"485\" \/><\/div>\n<div class=\"col-xs-12 silder_txt text-xs-center\">\n<h3>Lista Telef\u00f4nica<\/h3>\n<p>Olhe com cuidado todos os contatos salvos no celular que deseja monitorar. Veja se voc\u00ea conhece as pessoas.<\/p>\n<\/div>\n<\/div>\n<div class=\"carousel-item\">\n<div class=\"col-md-10 offset-md-1 text-xs-center\"><img loading=\"lazy\" decoding=\"async\" class=\"alignnone\" title=\"Lista Telef\u00f4nica\" src=\"..\/wp-content\/uploads\/2017\/02\/pc_img8.png\" alt=\"Lista Telef\u00f4nica\" width=\"835\" height=\"485\" \/><\/div>\n<div class=\"col-xs-12 silder_txt text-xs-center\">\n<h3>Hist\u00f3rico da Internet<\/h3>\n<p>Veja todos os sites visitados pela pessoa com a qual est\u00e1 preocupado. Veja que tipo de coisa ela assiste ou os sites que ela visita.<\/p>\n<\/div>\n<\/div>\n<div class=\"carousel-item\">\n<div class=\"col-md-10 offset-md-1 text-xs-center\"><img loading=\"lazy\" decoding=\"async\" class=\"alignnone\" title=\"Hist\u00f3rico da Internet\" src=\"..\/wp-content\/uploads\/2017\/02\/pc_img9.png\" alt=\"Hist\u00f3rico da Internet\" width=\"835\" height=\"485\" \/><\/div>\n<div class=\"col-xs-12 silder_txt text-xs-center\">\n<h3>Fotos<\/h3>\n<p>Usando o bot\u00e3o dessa funcionalidade, voc\u00ea vai poder ver todas as fotos armazenadas no celular da pessoa que vai monitorar.<\/p>\n<\/div>\n<\/div>\n<div class=\"carousel-item\">\n<div class=\"col-md-10 offset-md-1 text-xs-center\"><img loading=\"lazy\" decoding=\"async\" class=\"alignnone\" title=\"Fotos\" src=\"..\/wp-content\/uploads\/2017\/02\/pc_img10.png\" alt=\"Fotos\" width=\"835\" height=\"485\" \/><\/div>\n<div class=\"col-xs-12 silder_txt text-xs-center\">\n<h3>Rastreamento via GPS:<\/h3>\n<p>Rastreamento via GPS \u00e9 uma funcionalidade excepcional usada para rastrear a localiza\u00e7\u00e3o exata do celular alvo em qualquer lugar do mundo. Saiba onde seu alvo est\u00e1 em itiner\u00e2ncia exatamente a qualquer momento.<\/p>\n<\/div>\n<\/div>\n<div class=\"carousel-item\">\n<div class=\"col-md-10 offset-md-1 text-xs-center\"><img loading=\"lazy\" decoding=\"async\" class=\"alignnone\" title=\"Rastreamento via GPS\" src=\"..\/wp-content\/uploads\/2017\/02\/pc_img11.png\" alt=\"Rastreamento via GPS\" width=\"835\" height=\"485\" \/><\/div>\n<div class=\"col-xs-12 silder_txt text-xs-center\">\n<h3>Monitoramento do Facebook<\/h3>\n<p>Acompanhe secretamente todas as mensagens ou threads de conversa do Facebook da pessoa com a qual est\u00e1 preocupado. Todas as informa\u00e7\u00f5es ser\u00e3o mostradas juntamente com a hora.<\/p>\n<\/div>\n<\/div>\n<\/div>\n<p><a class=\"left carousel-control text-xs-left\" href=\"#myCarousel\" data-slide=\"prev\"><i class=\"fa fa-angle-left\"><!--tr--><\/i><\/a><br \/>\n<a class=\"right carousel-control text-xs-right\" href=\"#myCarousel\" data-slide=\"next\"><i class=\"fa fa-angle-right\"><!--tr--><\/i><\/a><\/p>\n<\/div>\n<div class=\"quick_customer\">\n<h3>Suporte ao cliente<\/h3>\n<p>Para qualquer consulta pode-nos enviar um e-mail<strong>support@spymasterpro.com<\/strong>.<\/p>\n<p><img decoding=\"async\" src=\"..\/wp-content\/uploads\/2017\/02\/ios_icon_img.jpg\" \/><\/p>\n<\/div>\n<\/div>\n<\/div>\n<\/div>\n<\/section>\n<section id=\"quick_works\">\n<div class=\"container\">\n<div class=\"row\">\n<div class=\"col-xs-12 text-xs-center iphone_wrk\">\n<h3>COMO O SPYMASTER PRO FUNCIONA PARA ANDROID<\/h3>\n<p>O monitoramento secreto agora \u00e9 muito mais f\u00e1cil, seguro e r\u00e1pido. N\u00e3o \u00e9 preciso espreitar o celular da pessoa suspeita ou duvidosa. Basta comprar o aplicativo moderno de espionagem e monitorar suas atividades secreta e remotamente. Voc\u00ea pode olhar todo o conte\u00fado do celular Android com um \u00fanico clique usando as funcionalidades exclusivas associadas com o software de monitoramento. Compre o software, sente-se e relaxe. Ele fornece informa\u00e7\u00f5es 100% confi\u00e1veis.<\/p>\n<\/div>\n<div class=\"col-xl-4 col-lg-4 col-md-4 col-sm-4 col-xs-12 text-xs-center\">\n<div class=\"box_part\">\n<h5>COMPRE OSPYMASTER PRO<\/h5>\n<p>Software de Monitoramento de Celular. Clique no bot\u00e3o Comprar Agora ou na p\u00e1gina Comprar Agora no nosso site. Envie seus detalhes. Depois de preencher os detalhes obrigat\u00f3rios, finalize a compra.<\/p>\n<\/div>\n<\/div>\n<div class=\"col-xl-4 col-lg-4 col-md-4 col-sm-4 col-xs-12 text-xs-center\">\n<div class=\"box_part\">\n<h5>INSTALE O SOFTWARE<\/h5>\n<p>Baixe e instale o software no celular alvo que deseja espionar. Siga as instru\u00e7\u00f5es com cuidado, enviadas para voc\u00ea por e-mail.<\/p>\n<\/div>\n<\/div>\n<div class=\"col-xl-4 col-lg-4 col-md-4 col-sm-4 col-xs-12 text-xs-center\">\n<div class=\"box_part\">\n<h5>COMECE A MONITORAR!!<\/h5>\n<p>Entre no seu Painel de Controle do Spymaster Pro usando os detalhes de login enviados para voc\u00ea por e-mail. Comece a monitorar seus entes queridos. Proteja a sua fam\u00edlia e o seu neg\u00f3cio remotamente.<\/p>\n<\/div>\n<\/div>\n<div class=\"col-xl-12 col-xs-12 col-sm-12 col-md-12 strip_btn spy_btn feature_bottom text-xs-center\"><a class=\"blue_btn\" href=\"https:\/\/www.spymasterpro.com\/pt\/espiao-do-android\/\">Espi\u00e3o Android<\/a> <a class=\"white_btn demo_btn\" href=\"https:\/\/www.spymasterpro.com\/pt\/buynow\/\">Compre Agora<\/a><\/div>\n<\/div>\n<\/div>\n<\/section>\n<\/div>\n<\/div>\n<\/div>\n<\/div>\n<\/div>\n","protected":false},"excerpt":{"rendered":"<p>Banner Como funciona? **Nenhuma instala\u00e7\u00e3o necess\u00e1ria no iPhone COMO O SPYMASTER PRO FUNCIONA PARA IPHONE COMO O SPYMASTER PRO FUNCIONA PARA IPHONE Ficar continuamente de olho na pessoa suspeita nem sempre \u00e9 poss\u00edvel. Mas se for a necessidade do momento, ent\u00e3o \u00e9 preciso encontrar uma solu\u00e7\u00e3o f\u00e1cil e r\u00e1pida. Algumas pessoas escolhem investigadores secretos, mas &hellip; <a href=\"https:\/\/www.spymasterpro.com\/pt\/como-spymaster-pro-funciona\/\" class=\"more-link\">Continue reading<span class=\"screen-reader-text\"> &#8220;Como Spymaster Pro Funciona&#8221;<\/span><\/a><\/p>\n","protected":false},"author":1,"featured_media":0,"parent":0,"menu_order":0,"comment_status":"open","ping_status":"open","template":"page-full.php","meta":{"_acf_changed":false,"footnotes":""},"class_list":["post-377","page","type-page","status-publish","hentry"],"acf":[],"aioseo_notices":[],"_links":{"self":[{"href":"https:\/\/www.spymasterpro.com\/pt\/wp-json\/wp\/v2\/pages\/377","targetHints":{"allow":["GET"]}}],"collection":[{"href":"https:\/\/www.spymasterpro.com\/pt\/wp-json\/wp\/v2\/pages"}],"about":[{"href":"https:\/\/www.spymasterpro.com\/pt\/wp-json\/wp\/v2\/types\/page"}],"author":[{"embeddable":true,"href":"https:\/\/www.spymasterpro.com\/pt\/wp-json\/wp\/v2\/users\/1"}],"replies":[{"embeddable":true,"href":"https:\/\/www.spymasterpro.com\/pt\/wp-json\/wp\/v2\/comments?post=377"}],"version-history":[{"count":0,"href":"https:\/\/www.spymasterpro.com\/pt\/wp-json\/wp\/v2\/pages\/377\/revisions"}],"wp:attachment":[{"href":"https:\/\/www.spymasterpro.com\/pt\/wp-json\/wp\/v2\/media?parent=377"}],"curies":[{"name":"wp","href":"https:\/\/api.w.org\/{rel}","templated":true}]}}