{"id":333,"date":"2014-02-11T11:50:32","date_gmt":"2014-02-11T11:50:32","guid":{"rendered":"https:\/\/www.spymasterpro.com\/pt\/?page_id=333"},"modified":"2014-02-11T11:50:32","modified_gmt":"2014-02-11T11:50:32","slug":"acesso-a-lista-de-contatos-e-atividades-no-calendario","status":"publish","type":"page","link":"https:\/\/www.spymasterpro.com\/pt\/acesso-a-lista-de-contatos-e-atividades-no-calendario\/","title":{"rendered":"Acesso a Lista de Contatos e Atividades no Calend\u00e1rio"},"content":{"rendered":"<p><a href=\"https:\/\/www.spymasterpro.com\/pt\/wp-content\/uploads\/2014\/02\/PHONEBOOK11.png\"><img loading=\"lazy\" decoding=\"async\" class=\"aligncenter size-full wp-image-337\" alt=\"PHONEBOOK11\" src=\"https:\/\/www.spymasterpro.com\/pt\/wp-content\/uploads\/2014\/02\/PHONEBOOK11.png\" width=\"458\" height=\"319\" srcset=\"https:\/\/www.spymasterpro.com\/pt\/wp-content\/uploads\/2014\/02\/PHONEBOOK11.png 458w, https:\/\/www.spymasterpro.com\/pt\/wp-content\/uploads\/2014\/02\/PHONEBOOK11-300x209.png 300w\" sizes=\"auto, (max-width: 458px) 85vw, 458px\" \/><\/a><strong>Visualizar Lista de Contatos<\/strong><br \/>\nSpymaster Pro permite visualizar os detalhes dos contatos na agenda do celular monitorado. Voc\u00ea pode ver o nome e o n\u00famero dos contatos, bem como qualquer outra informa\u00e7\u00e3o.<\/p>\n<h2>Voc\u00ea pode:<\/h2>\n<ul>\n<li>Visualizar os contatos do telefone celular.<\/li>\n<li>Ver o n\u00famero e o nome dos contatos.<\/li>\n<\/ul>\n<h2>Por que voc\u00ea precisa disso?<\/h2>\n<p>Spymaster Pro fica dentro da agenda de contatos do telefone celular monitorado. Assim, ele atua como seu pr\u00f3prio espi\u00e3o pessoal, permitindo que voc\u00ea visualize todos os contatos. Voc\u00ea definitivamente precisa ver todos os contatos, especialmente quando voc\u00ea est\u00e1 monitorando o celular de algu\u00e9m.<\/p>\n<h2>Visualizar Atividades no Calend\u00e1rio<\/h2>\n<p>Com esse recurso do Spymaster Pro, voc\u00ea pode ver os compromissos e outras atividades que o usu\u00e1rio do aparelho monitorado marcou no calend\u00e1rio. Voc\u00ea pode ver quem eles decidiram encontrar e em que hor\u00e1rio.<\/p>\n<h2>Voc\u00ea pode:<\/h2>\n<ul>\n<li>Ver todas as reuni\u00f5es e compromissos programados.<\/li>\n<li>Acessar todas as notas e memorandos que j\u00e1 estavam marcadas no calend\u00e1rio.<\/li>\n<\/ul>\n<h2>Por que voc\u00ea precisa disso?<\/h2>\n<p>Quando voc\u00ea tem um recurso discreto e confi\u00e1vel, que permite ter acesso ao calend\u00e1rio do usu\u00e1rio monitorado, voc\u00ea certamente n\u00e3o pode perder nenhuma boa ocasi\u00e3o de desmascarar a pessoa em quest\u00e3o. Para tanto, este \u00e9 um recurso fundamental fornecido pelo Spymaster Pro, que permite ver todos os compromissos, reuni\u00f5es, hor\u00e1rios, memorandos e notas no telefone celular monitorado.<\/p>\n<p style=\"text-align: center; font-size: 25px; color: red;\"><strong>Obtenha o Spymaster B\u00e1sico por Apenas<del datetime=\"2016-01-22T12:01:57+00:00\">R$32.32<\/del> R$27.14 por m\u00eas<\/strong><\/p>\n<div class=\"main_button_left\" style=\"float:left; width: 100%;\" ><a title=\"Buy now\" href=\"https:\/\/www.spymasterpro.com\/pt\/buynow\/?2checkout\"><img loading=\"lazy\" decoding=\"async\" class=\"aligncenter  size-full wp-image-2152\" alt=\"buy now\" src=\"https:\/\/www.spymasterpro.com\/pt\/wp-content\/themes\/twentyten1\/images\/orange_buynow.png\" width=\"369\" height=\"67\" \/><\/a><\/div>\n<p><!--p style=\"text-align:center; font-size:\"16px; float:\"left;\"><span style=\"font-size:18px; font-weight:bold; \">Atualmente servindo apenas Enraizado usu\u00e1rios de telefones Android por Pro Version!<\/span><\/p-->\n","protected":false},"excerpt":{"rendered":"<p>Visualizar Lista de Contatos Spymaster Pro permite visualizar os detalhes dos contatos na agenda do celular monitorado. Voc\u00ea pode ver o nome e o n\u00famero dos contatos, bem como qualquer outra informa\u00e7\u00e3o. Voc\u00ea pode: Visualizar os contatos do telefone celular. Ver o n\u00famero e o nome dos contatos. Por que voc\u00ea precisa disso? Spymaster Pro &hellip; <a href=\"https:\/\/www.spymasterpro.com\/pt\/acesso-a-lista-de-contatos-e-atividades-no-calendario\/\" class=\"more-link\">Continue reading<span class=\"screen-reader-text\"> &#8220;Acesso a Lista de Contatos e Atividades no Calend\u00e1rio&#8221;<\/span><\/a><\/p>\n","protected":false},"author":1,"featured_media":0,"parent":0,"menu_order":0,"comment_status":"open","ping_status":"open","template":"","meta":{"_acf_changed":false,"footnotes":""},"class_list":["post-333","page","type-page","status-publish","hentry"],"acf":[],"aioseo_notices":[],"_links":{"self":[{"href":"https:\/\/www.spymasterpro.com\/pt\/wp-json\/wp\/v2\/pages\/333","targetHints":{"allow":["GET"]}}],"collection":[{"href":"https:\/\/www.spymasterpro.com\/pt\/wp-json\/wp\/v2\/pages"}],"about":[{"href":"https:\/\/www.spymasterpro.com\/pt\/wp-json\/wp\/v2\/types\/page"}],"author":[{"embeddable":true,"href":"https:\/\/www.spymasterpro.com\/pt\/wp-json\/wp\/v2\/users\/1"}],"replies":[{"embeddable":true,"href":"https:\/\/www.spymasterpro.com\/pt\/wp-json\/wp\/v2\/comments?post=333"}],"version-history":[{"count":0,"href":"https:\/\/www.spymasterpro.com\/pt\/wp-json\/wp\/v2\/pages\/333\/revisions"}],"wp:attachment":[{"href":"https:\/\/www.spymasterpro.com\/pt\/wp-json\/wp\/v2\/media?parent=333"}],"curies":[{"name":"wp","href":"https:\/\/api.w.org\/{rel}","templated":true}]}}