{"id":33,"date":"2012-11-06T10:16:13","date_gmt":"2012-11-06T10:16:13","guid":{"rendered":"https:\/\/www.spymasterpro.com\/pt\/?page_id=33"},"modified":"2022-08-13T12:43:46","modified_gmt":"2022-08-13T07:13:46","slug":"espiao-do-android","status":"publish","type":"page","link":"https:\/\/www.spymasterpro.com\/pt\/espiao-do-android\/","title":{"rendered":"Espionagem de Android"},"content":{"rendered":"<div id=\"pl-33\" class=\"panel-layout\">\n<div id=\"pg-33-0\" class=\"panel-grid panel-no-style\">\n<div id=\"pgc-33-0-0\" class=\"panel-grid-cell\" data-weight=\"1\">\n<div id=\"panel-33-0-0-0\" class=\"so-panel widget_text panel-first-child\" data-index=\"0\" data-style=\"{&quot;background_image_attachment&quot;:false,&quot;background_display&quot;:&quot;tile&quot;}\">\n<div class=\"textwidget\">\n<section id=\"android_spy_banner\">\n<div class=\"container\">\n<div class=\"row\">\n<div class=\"col-xl-8 col-lg-8 col-md-8 col-sm-12 iphone_right_point\">\n<h1>Monitoramento de Android<\/h1>\n<h6>Agora \u00e9 muito f\u00e1cil monitorar um Android<\/h6>\n<ul>\n<li>Adequado para todos os navegadores<\/li>\n<li>Funcionalidades essenciais a um pre\u00e7o m\u00ednimo garantido<\/li>\n<li>Compat\u00edvel com todas as vers\u00f5es, incluindo a mais recente Android 13<\/li>\n<li>Acess\u00edvel de qualquer navegador de Internet<\/li>\n<li>100% seguro e bem-sucedido<\/li>\n<li>Suporte multil\u00edngue 24\/7<\/li>\n<\/ul>\n<div class=\"slider_btn\"><a class=\"blue_btn\" href=\"https:\/\/www.spymasterpro.com\/demo\/\"><i class=\"fa fa-play\"><\/i> Demonstra\u00e7\u00e3o ao vivo<\/a> <a class=\"blue_btn demo_btn\" href=\"https:\/\/www.spymasterpro.com\/pt\/compre-agora\/\"> Compre Agora<\/a><\/div>\n<\/div>\n<div class=\"col-xl-4 col-lg-4 col-md-4 hidden-sm-down iphone_left_img\">\n<p><img loading=\"lazy\" decoding=\"async\" class=\"alignnone\" title=\"Espionagem de Android\" src=\"..\/wp-content\/uploads\/2017\/02\/android_spy_phone_img.png\" alt=\"Espionagem de Android\" width=\"340\" height=\"377\" \/><\/p>\n<\/div>\n<\/div>\n<\/div>\n<\/section>\n<\/div>\n<\/div>\n<div id=\"panel-33-0-0-1\" class=\"so-panel widget_text panel-last-child\" data-index=\"1\" data-style=\"{&quot;background_display&quot;:&quot;tile&quot;}\">\n<h3 class=\"widget-title\">Espi\u00e3o no Telefone Android com Spymaster Pro<\/h3>\n<div class=\"textwidget\">\n<section id=\"android_spy\">\n<div class=\"container\">\n<div class=\"row\">\n<div class=\"col-xs-12\">\n<h2>Espi\u00e3o no Telefone Android com Spymaster Pro<\/h2>\n<p>&nbsp;<\/p>\n<div class=\"col-xl-5 col-lg-5 col-sm-5 col-md-5 col-sm-12 col-xs-12\">\n<p><img loading=\"lazy\" decoding=\"async\" class=\"alignnone\" title=\"Espi\u00e3o no Telefone Android com Spymaster Pro\" src=\"..\/wp-content\/uploads\/2017\/02\/androind_spy_img.png\" alt=\"Espi\u00e3o no Telefone Android com Spymaster Pro\" width=\"477\" height=\"241\" \/><\/p>\n<\/div>\n<div class=\"col-xl-7 col-lg-7 col-sm-7 col-md-7 col-sm-12 col-xs-12\">\n<p>Spymaster Pro lheajuda a acompanhar todos os <strong>Rastrear celulares Android<\/strong>. N\u00e3o \u00e9 preciso tocar no aparelho: cada informa\u00e7\u00e3o \u00e9 acessada remotamente. <a href=\"https:\/\/www.spymasterpro.com\/pt\/compre-agora\/\" target=\"_blank\" rel=\"noopener noreferrer\"><strong>Basta comprar este software de espionagem<\/strong><\/a> e come\u00e7ar a vigiar os seus entes queridos ou funcion\u00e1rio duvidoso. Esse software de espionagem \u00e9 muito f\u00e1cil de usar e pode ser operado a partir de qualquer lugar. \u00c9 100% seguro de usar, pois a pessoa nunca fica sabendo da sua presen\u00e7a<\/p>\n<\/div>\n<\/div>\n<\/div>\n<\/div>\n<\/section>\n<section id=\"android_spy_feature\">\n<div class=\"container\">\n<div class=\"row\">\n<div class=\"col-xs-12 feature_heading text-xs-center\">\n<h3>CARACTER\u00cdSTICAS DA Spymaster PRO<\/h3>\n<\/div>\n<div class=\"clearfix\">\n<div class=\"col-xl-6 col-lg-6 col-sm-6 col-md-6 col-xs-6 android_spy_points\">\n<h5><img decoding=\"async\" src=\"..\/wp-content\/uploads\/2017\/02\/android_icon.png\" \/> monitoramento de chamadas<\/h5>\n<p>O software tem monitoramento de chamadas, fornecendo acesso a n\u00fameros de telefone que s\u00e3o feitas e recebidas, bem como a dura\u00e7\u00e3o das chamadas.<\/p>\n<\/div>\n<div class=\"col-xl-6 col-lg-6 col-sm-6 col-md-6 col-xs-6 android_spy_points\">\n<h5><img decoding=\"async\" src=\"..\/wp-content\/uploads\/2017\/02\/feature_icon2.png\" alt=\"icon_img\" \/> rastreamento de SMS<\/h5>\n<p>Tem um rastreamento do SMS que podem ajudar a controlar as mensagens enviadas e recebidas.<\/p>\n<\/div>\n<div class=\"col-xl-6 col-lg-6 col-sm-6 col-md-6 col-xs-6 android_spy_points\">\n<h5><img decoding=\"async\" src=\"..\/wp-content\/uploads\/2017\/02\/feature_icon3.png\" alt=\"icon_img\" \/>rastreamento de rota GPS<\/h5>\n<p>Tamb\u00e9m tem um rastreamento GPS para que voc\u00ea saiba onde o usu\u00e1rio. Atrav\u00e9s desta funcionalidade, voc\u00ea pode ver um mapa e identificar exatamente onde estava o celular.<\/p>\n<\/div>\n<div class=\"col-xl-6 col-lg-6 col-sm-6 col-md-6 col-xs-6 android_spy_points\">\n<h5><img decoding=\"async\" src=\"..\/wp-content\/uploads\/2017\/02\/feature_icon10.png\" alt=\"icon_img\" \/> Fotos de monitoramento<\/h5>\n<p>Monitoramento de fotos \u00e9 outra caracter\u00edstica adicionada a este software que permite monitorar as fotos que est\u00e3o armazenadas em seu telefone Android. \u00c9 certo que \u00e9 poss\u00edvel obter uma s\u00e9rie de informa\u00e7\u00f5es apenas a partir das imagens.<\/p>\n<\/div>\n<div class=\"col-xl-6 col-lg-6 col-sm-6 col-md-6 col-xs-6 android_spy_points\">\n<h5><img decoding=\"async\" src=\"..\/wp-content\/uploads\/2017\/02\/android_icon2.png\" \/> monitoramento de URL<\/h5>\n<p>Voc\u00ea sabia que voc\u00ea tamb\u00e9m pode monitorar URLs? Agora voc\u00ea pode assistir os sites que a pessoa est\u00e1 vendo e visitando.<\/p>\n<\/div>\n<div class=\"col-xl-6 col-lg-6 col-sm-6 col-md-6 col-xs-6 android_spy_points\">\n<h5><img decoding=\"async\" src=\"..\/wp-content\/uploads\/2017\/02\/feature_icon6.png\" alt=\"icon_img\" \/> Lista telef\u00f3nica monitoramento<\/h5>\n<p>O software vem com monitoramento agenda que permite visualizar todos os contatos.<\/p>\n<\/div>\n<div class=\"col-xl-6 col-lg-6 col-sm-6 col-md-6 col-xs-6 android_spy_points\">\n<h5><img decoding=\"async\" src=\"..\/wp-content\/uploads\/2017\/02\/feature_icon5.png\" alt=\"icon_img\" \/> Filtragem de Palavra-Chave<\/h5>\n<p>Filtragem de Palavra-Chave \u00e9 um recurso avan\u00e7ado que permite ao utilizador definir palavras-chave eficientes para filtrar algumas mensagens importantes no meio de outras.<\/p>\n<\/div>\n<div class=\"col-xl-6 col-lg-6 col-sm-6 col-md-6 col-xs-6 android_spy_points\">\n<h5><img decoding=\"async\" src=\"..\/wp-content\/uploads\/2017\/02\/feature_icon4.png\" alt=\"icon_img\" \/> Cerca Virtual Geogr\u00e1fica<\/h5>\n<p>Cerca virtual geogr\u00e1fica autoriza que o usu\u00e1rio defina uma barreira virtual para o dispositivo de destino e quando um dispositivo ultrapassa o limite definido<\/p>\n<\/div>\n<\/div>\n<div class=\"col-xl-12 col-xs-12 col-sm-12 col-md-12 strip_txt text-xs-center web_strip\">Obtenha o Spymaster Pro para Android B\u00e1sico por apenas $4,99 \/ m\u00eas<\/div>\n<div class=\"col-xl-12 col-xs-12 col-sm-12 col-md-12 strip_btn feature_bottom spy_btn text-xs-center hidden-md-up\">\n<p><a class=\"blue_btn\" href=\"https:\/\/www.spymasterpro.com\/pt\/como-spymaster-pro-funciona\/\">APRESENTA\u00c7\u00c3O<\/a> <a class=\"white_btn demo_btn\" href=\"https:\/\/www.spymasterpro.com\/pt\/buynow\/?2checkout\"> Compre Agora<\/a><\/p>\n<\/div>\n<div class=\"col-xl-6 col-lg-6 col-sm-6 col-md-6 col-xs-6 android_spy_points\">\n<h5><img decoding=\"async\" src=\"..\/wp-content\/uploads\/2017\/02\/feature_icon8.png\" alt=\"icon_img\" \/>WhatsApp monitoramento<\/h5>\n<p>Com a ajuda de Spymaster Pro, voc\u00ea pode ler as conversas de seus filhos adolescentes ou a \/ esposa infiel marido. Ele tamb\u00e9m monitora fotos compartilhadas, juntamente com as datas e hor\u00e1rios.<\/p>\n<\/div>\n<div class=\"col-xl-6 col-lg-6 col-sm-6 col-md-6 col-xs-6 android_spy_points\">\n<h5><img decoding=\"async\" src=\"..\/wp-content\/uploads\/2017\/02\/feature_icon9.png\" alt=\"icon_img\" \/> rastreamento Facebook<\/h5>\n<p>O Spymaster Pro permite monitorar todas as conversas gravadas remotamente a partir de Facebook, juntamente com a sua data e hora exatas.<\/p>\n<\/div>\n<div class=\"col-xl-12 col-xs-12 col-sm-12 col-md-12 strip_txt text-xs-center\">Obtenha o Spymaster Pro para Android Premium por apenas $5,99 \/ m\u00eas<\/div>\n<div class=\"col-xl-12 col-xs-12 col-sm-12 col-md-12 strip_btn spy_btn feature_bottom text-xs-center\">\n<p><a class=\"white_btn demo_btn hidden-md-up\" href=\"https:\/\/www.spymasterpro.com\/pt\/seguro-para-usar\/\">Seguro para usar<\/a> <a class=\"blue_btn hidden-sm-down\" href=\"https:\/\/www.spymasterpro.com\/pt\/como-spymaster-pro-funciona\/\">APRESENTA\u00c7\u00c3O<\/a> <a class=\"white_btn demo_btn\" href=\"https:\/\/www.spymasterpro.com\/pt\/buynow\/\"> Compre Agora<\/a><\/p>\n<\/div>\n<\/div>\n<\/div>\n<\/section>\n<\/div>\n<\/div>\n<\/div>\n<\/div>\n<\/div>\n<p><script type=\"application\/ld+json\"><br \/>\n    {<br \/>\n      \"@context\": \"https:\/\/schema.org\",<br \/>\n      \"@type\": \"SoftwareApplication\",<br \/>\n      \"name\" : \"Spymaster Pro\",<br \/>\n  \t  \"image\" : \"https:\/\/www.spymasterpro.com\/pt\/wp-content\/uploads\/2017\/02\/android_spy_phone_img.png\",<br \/>\n  \t  \"operatingSystem\": \"Windows 7, OSX 10.6, Android 1.6\",<br \/>\n      \"applicationCategory\": \"BusinessApplication\",<br \/>\n      \"featureList\": \"WhatsApp, Facebook, Instagram\",<br \/>\n      \"aggregateRating\": {<br \/>\n        \"@type\": \"AggregateRating\",<br \/>\n        \"ratingValue\": \"4.8\",<br \/>\n        \"ratingCount\": \"63524\"<br \/>\n      },<br \/>\n      \"offers\": {<br \/>\n        \"@type\": \"Offer\",<br \/>\n        \"price\": \"7.99\",<br \/>\n        \"priceCurrency\": \"USD\"<br \/>\n      }<br \/>\n    }<br \/>\n    <\/script\n<\/p>\n","protected":false},"excerpt":{"rendered":"<p>Monitoramento de Android Agora \u00e9 muito f\u00e1cil monitorar um Android Adequado para todos os navegadores Funcionalidades essenciais a um pre\u00e7o m\u00ednimo garantido Compat\u00edvel com todas as vers\u00f5es, incluindo a mais recente Android 13 Acess\u00edvel de qualquer navegador de Internet 100% seguro e bem-sucedido Suporte multil\u00edngue 24\/7 Demonstra\u00e7\u00e3o ao vivo Compre Agora Espi\u00e3o no Telefone Android &hellip; <a href=\"https:\/\/www.spymasterpro.com\/pt\/espiao-do-android\/\" class=\"more-link\">Continue reading<span class=\"screen-reader-text\"> &#8220;Espionagem de Android&#8221;<\/span><\/a><\/p>\n","protected":false},"author":1,"featured_media":0,"parent":0,"menu_order":0,"comment_status":"open","ping_status":"open","template":"page-full.php","meta":{"_acf_changed":false,"footnotes":""},"class_list":["post-33","page","type-page","status-publish","hentry"],"acf":[],"aioseo_notices":[],"_links":{"self":[{"href":"https:\/\/www.spymasterpro.com\/pt\/wp-json\/wp\/v2\/pages\/33","targetHints":{"allow":["GET"]}}],"collection":[{"href":"https:\/\/www.spymasterpro.com\/pt\/wp-json\/wp\/v2\/pages"}],"about":[{"href":"https:\/\/www.spymasterpro.com\/pt\/wp-json\/wp\/v2\/types\/page"}],"author":[{"embeddable":true,"href":"https:\/\/www.spymasterpro.com\/pt\/wp-json\/wp\/v2\/users\/1"}],"replies":[{"embeddable":true,"href":"https:\/\/www.spymasterpro.com\/pt\/wp-json\/wp\/v2\/comments?post=33"}],"version-history":[{"count":3,"href":"https:\/\/www.spymasterpro.com\/pt\/wp-json\/wp\/v2\/pages\/33\/revisions"}],"predecessor-version":[{"id":4044,"href":"https:\/\/www.spymasterpro.com\/pt\/wp-json\/wp\/v2\/pages\/33\/revisions\/4044"}],"wp:attachment":[{"href":"https:\/\/www.spymasterpro.com\/pt\/wp-json\/wp\/v2\/media?parent=33"}],"curies":[{"name":"wp","href":"https:\/\/api.w.org\/{rel}","templated":true}]}}