{"id":321,"date":"2014-02-11T11:24:22","date_gmt":"2014-02-11T11:24:22","guid":{"rendered":"https:\/\/www.spymasterpro.com\/pt\/?page_id=321"},"modified":"2020-08-20T07:15:24","modified_gmt":"2020-08-20T07:15:24","slug":"espionar-bate-papos","status":"publish","type":"page","link":"https:\/\/www.spymasterpro.com\/pt\/espionar-bate-papos\/","title":{"rendered":"Espionar Bate-papos"},"content":{"rendered":"<p><img loading=\"lazy\" decoding=\"async\" class=\"aligncenter \" src=\"https:\/\/www.spymasterpro.com\/pt\/wp-content\/uploads\/2017\/07\/Untitled-design1-2.png\" alt=\"Espionar Bate-papos\" width=\"400\" height=\"300\" \/><\/p>\n<div class=\"content-1\"><\/div>\n<div class=\"content-1\">\n<h2 class=\"tracking\"><img decoding=\"async\" src=\"https:\/\/www.spymasterpro.com\/wp-content\/uploads\/2015\/04\/whatsApp.png\" alt=\"\" \/>Rastrear WhatsApp<\/h2>\n<p>Spymaster Pro \u00e9 capaz de monitorar e rastrear todas as conversas acontecendo atrav\u00e9s de WhatsApp num telefone celular monitorado! Voc\u00ea pode ler todos os chats e ver outros tipos de media partilhados ao longo do chat.<\/p>\n<ul>\n<li style=\"list-style-type: none;\">\n<ul>\n<li>Leia na totalidade os Chats do WhatsApp.<\/li>\n<li>Controle os contactos do Whatsapp.<\/li>\n<li>Veja a data e a hora.<\/li>\n<li>Veja os meios trocado, sejam imagens, \u00e1udio, v\u00eddeo e localiza\u00e7\u00e3o.<\/li>\n<\/ul>\n<\/li>\n<\/ul>\n<p><strong>Porque precise disto?<\/strong><\/p>\n<p>WhatsApppode revelar a verdade escondida, por isso passe por todos os chats que aconteceram no WhatsApp do telefone celular alvo! V\u00e1 ao fundo e saiba a verdade que o seu amado lhe tem Escondido h\u00e1 muito tempo.<\/p>\n<\/div>\n<p>&nbsp;<\/p>\n<p><a href=\"https:\/\/www.spymasterpro.com\/pt\/como-spymaster-pro-funciona\/\"><img loading=\"lazy\" decoding=\"async\" class=\"aligncenter size-full wp-image-2528\" src=\"https:\/\/www.spymasterpro.com\/pt\/wp-content\/uploads\/2014\/02\/how-it-works.png\" alt=\"\" width=\"1110\" height=\"250\" \/><\/a><\/p>\n<hr \/>\n<div class=\"content-1\"><\/div>\n<div class=\"content-1\">\n<h2 class=\"tracking\"><img decoding=\"async\" src=\"https:\/\/www.spymasterpro.com\/wp-content\/uploads\/2015\/04\/fb.png\" alt=\"\" \/>Rastrear Facebook Messenger<\/h2>\n<p>Spymaster Pro permite-lhe ver todos os chats do Facebook. \u00c8 muito f\u00e1cil ver os chats do mensageiro do facebook com a ajuda do Spymaster Pro. O usu\u00e1rio pode:-<\/p>\n<ul>\n<li>Passar por todos os chats.<\/li>\n<li>Ver quem s\u00e3o as pessoas que est\u00e3o no chat.<\/li>\n<li>Verificar a data e hora em que aconteceram os chats.<\/li>\n<\/ul>\n<p><strong>Porque precise disto?<\/strong><\/p>\n<p>Se o seu filho est\u00e1 sempre online, a teclar no telefone celular, ent\u00e3o precise mesmo de saber o que o est\u00e1 a fazer ficar sempre colado a ele.Instale o Spymaster Pro no telefone celular dele e leia todos os chats do mensageiro do facebook.<\/p>\n<\/div>\n<div style=\"float: left; width: 100%;\">\n<div class=\"col-xl-12 col-xs-12 col-sm-12 col-md-12 strip_txt text-xs-center bigtext-red\">Pre\u00e7o come\u00e7a a partir de $ 6.66 apenas \/ m\u00eas<\/div>\n<div class=\"strip_btn feature_bottom text-xs-center\"><a class=\"hidden-sm-down blue_btn\" style=\"color: #fff;\" href=\"https:\/\/www.spymasterpro.com\/pt\/como-spymaster-pro-funciona\/\">saiba mais<\/a> <a class=\"hidden-sm-down white_btn demo_btn\" style=\"color: #fff;\" href=\"https:\/\/www.spymasterpro.com\/pt\/buynow\/\">Compre Agora<\/a> <a class=\"white_btn demo_btn hidden-md-up\" style=\"color: #fff;\" href=\"https:\/\/www.spymasterpro.com\/caracteristicas\/\">Mais recursos<\/a> <a class=\"white_btn demo_btn hidden-md-up\" style=\"color: #fff;\" href=\"https:\/\/www.spymasterpro.com\/buynow\">Compre Agora<\/a><\/div>\n<p><!--p style=\"text-align:center; font-size:\"16px; float:\"left;\"><span style=\"font-size:18px; font-weight:bold; \">Atualmente servindo apenas Enraizado usu\u00e1rios de telefones Android por Pro Version!<\/span>\nEstamos em manuten\u00e7\u00e3o para dispositivos <b>iPhone, BlackBerry, Windows e Symbian.<\/b>\nVoltaremos em Breve!<\/p-->\n<\/div>\n","protected":false},"excerpt":{"rendered":"<p>Rastrear WhatsApp Spymaster Pro \u00e9 capaz de monitorar e rastrear todas as conversas acontecendo atrav\u00e9s de WhatsApp num telefone celular monitorado! Voc\u00ea pode ler todos os chats e ver outros tipos de media partilhados ao longo do chat. Leia na totalidade os Chats do WhatsApp. Controle os contactos do Whatsapp. Veja a data e a &hellip; <a href=\"https:\/\/www.spymasterpro.com\/pt\/espionar-bate-papos\/\" class=\"more-link\">Continue reading<span class=\"screen-reader-text\"> &#8220;Espionar Bate-papos&#8221;<\/span><\/a><\/p>\n","protected":false},"author":1,"featured_media":0,"parent":0,"menu_order":0,"comment_status":"open","ping_status":"open","template":"","meta":{"_acf_changed":false,"footnotes":""},"class_list":["post-321","page","type-page","status-publish","hentry"],"acf":[],"aioseo_notices":[],"_links":{"self":[{"href":"https:\/\/www.spymasterpro.com\/pt\/wp-json\/wp\/v2\/pages\/321","targetHints":{"allow":["GET"]}}],"collection":[{"href":"https:\/\/www.spymasterpro.com\/pt\/wp-json\/wp\/v2\/pages"}],"about":[{"href":"https:\/\/www.spymasterpro.com\/pt\/wp-json\/wp\/v2\/types\/page"}],"author":[{"embeddable":true,"href":"https:\/\/www.spymasterpro.com\/pt\/wp-json\/wp\/v2\/users\/1"}],"replies":[{"embeddable":true,"href":"https:\/\/www.spymasterpro.com\/pt\/wp-json\/wp\/v2\/comments?post=321"}],"version-history":[{"count":0,"href":"https:\/\/www.spymasterpro.com\/pt\/wp-json\/wp\/v2\/pages\/321\/revisions"}],"wp:attachment":[{"href":"https:\/\/www.spymasterpro.com\/pt\/wp-json\/wp\/v2\/media?parent=321"}],"curies":[{"name":"wp","href":"https:\/\/api.w.org\/{rel}","templated":true}]}}