{"id":3136,"date":"2019-01-15T08:16:44","date_gmt":"2019-01-15T08:16:44","guid":{"rendered":"https:\/\/www.spymasterpro.com\/pt\/?page_id=3136"},"modified":"2023-02-01T00:43:50","modified_gmt":"2023-01-31T19:13:50","slug":"monitoramento-de-tinder","status":"publish","type":"page","link":"https:\/\/www.spymasterpro.com\/pt\/monitoramento-de-tinder\/","title":{"rendered":"Monitoramento de Tinder"},"content":{"rendered":"<section id=\"Tinder_spy_banner\">\n<div class=\"container\">\n<div class=\"row\">\n<div class=\"col-xl-9 col-lg-9 col-md-9 col-sm-12 iphone_right_point\">\n<h4><img loading=\"lazy\" decoding=\"async\" class=\"alignnone\" title=\"Monitoramento de Tinder\" src=\"https:\/\/www.spymasterpro.com\/pt\/wp-content\/uploads\/2019\/01\/spy-tinder-logo_03.png\" alt=\"Monitoramento de Tinder\" width=\"64\" height=\"81\" \/> Monitoramento de Tinder<\/h4>\n<h6>USE O APLICATIVO DE ESPIONAGEM DE TINDER PARA LER SECRETAMENTE AS CONVERSAS DO TINDER<\/h6>\n<ul>\n<li>Obtenha acesso remoto a todas as mensagens do Tinder do celular alvo<\/li>\n<li>Funciona em modo oculto<\/li>\n<li>Compat\u00edvel com Android e iPhone<\/li>\n<li>Suporte 24\/7 em v\u00e1rios idiomas<\/li>\n<li>100% seguro e f\u00e1cil de usar<\/li>\n<\/ul>\n<div class=\"slider_btn\"><a class=\"blue_btn\" href=\"https:\/\/www.spymasterpro.com\/demo\/index.php\"><i class=\"fa fa-play\"><\/i> Demo<\/a> <a class=\"blue_btn\" href=\"https:\/\/www.spymasterpro.com\/pt\/caracteristicas\/\">FUNCIONALIDADES<\/a><\/div>\n<\/div>\n<div class=\"col-xl-3 col-lg-3 col-md-3 hidden-sm-down iphone_left_img no_padding\"><img loading=\"lazy\" decoding=\"async\" class=\"alignnone\" title=\"FUNCIONALIDADES demonstra\u00e7\u00e3o\" src=\"https:\/\/www.spymasterpro.com\/pt\/wp-content\/uploads\/2019\/01\/spy-tinder-phone_03.png\" alt=\"FUNCIONALIDADES demonstra\u00e7\u00e3o\" width=\"286\" height=\"358\" \/><\/div>\n<\/div>\n<\/div>\n<\/section>\n<section id=\"whatsapp_middel\">\n<div class=\"container\">\n<div class=\"row\">\n<div class=\"col-lg-3 col-md-3 col-sm-12 col-xs-12 text-xs-center about_img2\"><img loading=\"lazy\" decoding=\"async\" class=\"alignnone\" title=\"Aplicativo de espionagem de Tinder para iPhone\" src=\"https:\/\/www.spymasterpro.com\/pt\/wp-content\/uploads\/2019\/01\/tinder-iphone.png\" alt=\"Aplicativo de espionagem de Tinder para iPhone\" width=\"326\" height=\"515\" \/><\/div>\n<div class=\"col-lg-9 col-md-9 col-sm-12 col-xs-12 inner_txt\">\n<h2>Aplicativo de espionagem de Tinder para iPhone<\/h2>\n<h6>Para espionar as conversas do Tinder o iPhone alvo, siga os seguintes passos:<\/h6>\n<ul>\n<li>Compre o aplicativo eminente de espionagem de Tinder e fa\u00e7a login com as credenciais que lhe forem enviadas por e-mail<\/li>\n<li>Obtenha as credenciais do iCloud do iPhone a ser vigiado<\/li>\n<li>Finalize o resto das formalidades<\/li>\n<li>Comece a espionar a pessoa de quem voc\u00ea suspeita<\/li>\n<\/ul>\n<p><strong>Observa\u00e7\u00e3o: n\u00e3o \u00e9 preciso instalar o software de espionagem no iPhone<\/strong><\/p>\n<div class=\"whatsapp_btns text-xs-center\"><a class=\"blue_btn\" href=\"https:\/\/www.spymasterpro.com\/pt\/espiao-iphone-sem-jailbreak\/\">Espi\u00e3o iPhone<\/a> <a class=\"blue_btn\" href=\"https:\/\/www.spymasterpro.com\/pt\/buynow\/\">Compre Agora<\/a><\/div>\n<\/div>\n<p><img decoding=\"async\" class=\"shape2\" src=\"..\/wp-content\/uploads\/2017\/02\/arrow_shape2.png\" \/><\/p>\n<\/div>\n<\/div>\n<\/section>\n<section id=\"whatsapp_middel\">\n<div class=\"container\">\n<div class=\"row\">\n<div class=\"col-lg-9 col-md-9 col-sm-12 col-xs-12 inner_txt\">\n<h2>Aplicativo de espionagem de Tinder para Android<\/h2>\n<h6>Para espionar as mensagens do Tinder do celular Android alvo, siga o procedimento indicado abaixo:<\/h6>\n<ul>\n<li>Fa\u00e7a uma compra online para obter as credenciais de login<\/li>\n<li>Baixe e instale o aplicativo no celular Android do suspeito. \u00c9 um processo muito f\u00e1cil que dura aproximadamente 5 minutos.<\/li>\n<li>Visite o site e fa\u00e7a login usando qualquer navegador<\/li>\n<li>Obtenha todas as mensagens do Tinder do celular Android que voc\u00ea quer espionar<\/li>\n<\/ul>\n<div class=\"whatsapp_btns text-xs-center\"><a class=\"blue_btn\" href=\"https:\/\/www.spymasterpro.com\/pt\/espiao-do-android\/\">Espi\u00e3o Android<\/a> <a class=\"blue_btn\" href=\"https:\/\/www.spymasterpro.com\/pt\/buynow\/\">Compre Agora<\/a><\/div>\n<\/div>\n<div class=\"col-lg-3 col-md-3 col-sm-3 col-xs-3 about_img2\"><img decoding=\"async\" src=\"https:\/\/www.spymasterpro.com\/pt\/wp-content\/uploads\/2019\/01\/tinder-android.png\" \/><\/div>\n<\/div>\n<\/div>\n<\/section>\n<p><script type=\"application\/ld+json\"><br \/>\n    {<br \/>\n      \"@context\": \"https:\/\/schema.org\",<br \/>\n      \"@type\": \"SoftwareApplication\",<br \/>\n      \"name\" : \"Spymaster Pro\",<br \/>\n  \t  \"image\" : \"https:\/\/www.spymasterpro.com\/pt\/wp-content\/uploads\/2019\/01\/spy-tinder-phone_03.png\",<br \/>\n  \t  \"operatingSystem\": \"Windows 7, OSX 10.6, Android 1.6\",<br \/>\n      \"applicationCategory\": \"BusinessApplication\",<br \/>\n      \"featureList\": \"WhatsApp, Facebook, Instagram\",<br \/>\n      \"aggregateRating\": {<br \/>\n        \"@type\": \"AggregateRating\",<br \/>\n        \"ratingValue\": \"4.8\",<br \/>\n        \"ratingCount\": \"63525\"<br \/>\n      },<br \/>\n      \"offers\": {<br \/>\n        \"@type\": \"Offer\",<br \/>\n        \"price\": \"7.99\",<br \/>\n        \"priceCurrency\": \"USD\"<br \/>\n      }<br \/>\n    }<br \/>\n    <\/script\n<\/p>\n","protected":false},"excerpt":{"rendered":"<p>Monitoramento de Tinder USE O APLICATIVO DE ESPIONAGEM DE TINDER PARA LER SECRETAMENTE AS CONVERSAS DO TINDER Obtenha acesso remoto a todas as mensagens do Tinder do celular alvo Funciona em modo oculto Compat\u00edvel com Android e iPhone Suporte 24\/7 em v\u00e1rios idiomas 100% seguro e f\u00e1cil de usar Demo FUNCIONALIDADES Aplicativo de espionagem de &hellip; <a href=\"https:\/\/www.spymasterpro.com\/pt\/monitoramento-de-tinder\/\" class=\"more-link\">Continue reading<span class=\"screen-reader-text\"> &#8220;Monitoramento de Tinder&#8221;<\/span><\/a><\/p>\n","protected":false},"author":1,"featured_media":0,"parent":0,"menu_order":0,"comment_status":"closed","ping_status":"closed","template":"page-full.php","meta":{"_acf_changed":false,"footnotes":""},"class_list":["post-3136","page","type-page","status-publish","hentry"],"acf":[],"aioseo_notices":[],"_links":{"self":[{"href":"https:\/\/www.spymasterpro.com\/pt\/wp-json\/wp\/v2\/pages\/3136","targetHints":{"allow":["GET"]}}],"collection":[{"href":"https:\/\/www.spymasterpro.com\/pt\/wp-json\/wp\/v2\/pages"}],"about":[{"href":"https:\/\/www.spymasterpro.com\/pt\/wp-json\/wp\/v2\/types\/page"}],"author":[{"embeddable":true,"href":"https:\/\/www.spymasterpro.com\/pt\/wp-json\/wp\/v2\/users\/1"}],"replies":[{"embeddable":true,"href":"https:\/\/www.spymasterpro.com\/pt\/wp-json\/wp\/v2\/comments?post=3136"}],"version-history":[{"count":2,"href":"https:\/\/www.spymasterpro.com\/pt\/wp-json\/wp\/v2\/pages\/3136\/revisions"}],"predecessor-version":[{"id":4139,"href":"https:\/\/www.spymasterpro.com\/pt\/wp-json\/wp\/v2\/pages\/3136\/revisions\/4139"}],"wp:attachment":[{"href":"https:\/\/www.spymasterpro.com\/pt\/wp-json\/wp\/v2\/media?parent=3136"}],"curies":[{"name":"wp","href":"https:\/\/api.w.org\/{rel}","templated":true}]}}