{"id":3128,"date":"2019-01-15T08:07:49","date_gmt":"2019-01-15T08:07:49","guid":{"rendered":"https:\/\/www.spymasterpro.com\/pt\/?page_id=3128"},"modified":"2023-02-01T00:46:42","modified_gmt":"2023-01-31T19:16:42","slug":"monitoramento-de-telegram","status":"publish","type":"page","link":"https:\/\/www.spymasterpro.com\/pt\/monitoramento-de-telegram\/","title":{"rendered":"Monitoramento de Telegram"},"content":{"rendered":"<section id=\"Telegram_spy_banner\">\n<div class=\"container\">\n<div class=\"row\">\n<div class=\"col-xl-9 col-lg-9 col-md-9 col-sm-12 iphone_right_point\">\n<h4><img loading=\"lazy\" decoding=\"async\" class=\"alignnone\" title=\"Monitoramento de Telegram\" src=\"https:\/\/www.spymasterpro.com\/pt\/wp-content\/uploads\/2019\/01\/spy-telegram-icon_03.png\" alt=\"Monitoramento de Telegram\" width=\"87\" height=\"95\" \/> Monitoramento de Telegram<\/h4>\n<h6>OBTENHA TODAS AS MENSAGENS DO TELEGRAM DO CELULAR ALVO<\/h6>\n<ul>\n<li>Veja, leia e fa\u00e7a download das mensagens remotamente<\/li>\n<li>Funciona silenciosamente sem deixar qualquer pista<\/li>\n<li>Acesso a partir de qualquer navegador web<\/li>\n<li>Totalmente compat\u00edvel com as vers\u00f5es mais recentes<\/li>\n<li>F\u00e1cil de usar<\/li>\n<\/ul>\n<div class=\"slider_btn\"><a class=\"blue_btn\" href=\"https:\/\/www.spymasterpro.com\/demo\/index.php\"><i class=\"fa fa-play\"><\/i> Demo<\/a> <a class=\"blue_btn\" href=\"https:\/\/www.spymasterpro.com\/pt\/caracteristicas\/\">FUNCIONALIDADES<\/a><\/div>\n<\/div>\n<div class=\"col-xl-3 col-lg-3 col-md-3 hidden-sm-down iphone_left_img no_padding\"><img loading=\"lazy\" decoding=\"async\" class=\"alignnone\" title=\"FUNCIONALIDADES demonstra\u00e7\u00e3o\" src=\"https:\/\/www.spymasterpro.com\/pt\/wp-content\/uploads\/2019\/01\/spy-telegram-icon_06.png\" alt=\"FUNCIONALIDADES demonstra\u00e7\u00e3o\" width=\"258\" height=\"346\" \/><\/div>\n<\/div>\n<\/div>\n<\/section>\n<section id=\"whatsapp_middel\">\n<div class=\"container\">\n<div class=\"row\">\n<div class=\"col-lg-3 col-md-3 col-sm-12 col-xs-12 text-xs-center about_img2\"><img loading=\"lazy\" decoding=\"async\" class=\"alignnone\" title=\"Aplicativo de espionagem de Telegram para iPhone\" src=\"https:\/\/www.spymasterpro.com\/pt\/wp-content\/uploads\/2019\/01\/telegram-iphon.png\" alt=\"Aplicativo de espionagem de Telegram para iPhone\" width=\"326\" height=\"515\" \/><\/div>\n<div class=\"col-lg-9 col-md-9 col-sm-12 col-xs-12 inner_txt\">\n<h2>Aplicativo de espionagem de Telegram para iPhone<\/h2>\n<h6>Veja todas as conversas do Telegram do iPhone alvo seguindo o seguinte processo:<\/h6>\n<ul>\n<li>Compre o aplicativo de espionagem de Telegram<\/li>\n<li>Verifique no seu e-mail a mensagem com as credenciais de login<\/li>\n<li>Obtenha as credenciais do iCloud do celular alvo<\/li>\n<li>Leia remotamente as mensagens do iPhone alvo<\/li>\n<\/ul>\n<p><strong>Observa\u00e7\u00e3o: n\u00e3o \u00e9 preciso fazer jailbreak no iPhone<\/strong><\/p>\n<div class=\"whatsapp_btns text-xs-center\"><a class=\"blue_btn\" href=\"https:\/\/www.spymasterpro.com\/pt\/espiao-iphone-sem-jailbreak\/\">Espi\u00e3o iPhone<\/a> <a class=\"blue_btn\" href=\"https:\/\/www.spymasterpro.com\/pt\/buynow\/\">Compre Agora<\/a><\/div>\n<\/div>\n<\/div>\n<\/div>\n<\/section>\n<section id=\"whatsapp_middel\">\n<div class=\"container\">\n<div class=\"row\">\n<div class=\"col-lg-9 col-md-9 col-sm-12 col-xs-12 inner_txt\">\n<h2>Monitoramento de Telegram para Android<\/h2>\n<h6>Para ler as mensagens do Telegram do suspeito, siga este processo simples:<\/h6>\n<ul>\n<li>Fa\u00e7a uma compra online do aplicativo de espionagem de Telegram<\/li>\n<li>Baixe e instale o aplicativo no celular da pessoa que deseja espionar. Geralmente, a instala\u00e7\u00e3o demora 5 minutos.<\/li>\n<li>Visite o site e abra a p\u00e1gina de login<\/li>\n<li>Forne\u00e7a o nome de usu\u00e1rio e senha<\/li>\n<\/ul>\n<p><strong>Comece a ver todas as mensagens do Telegram do celular Android alvo<\/strong><\/p>\n<div class=\"whatsapp_btns text-xs-center\"><a class=\"blue_btn\" href=\"https:\/\/www.spymasterpro.com\/pt\/espiao-do-android\/\">Espi\u00e3o Android<\/a> <a class=\"blue_btn\" href=\"https:\/\/www.spymasterpro.com\/pt\/buynow\/\">Compre Agora<\/a><\/div>\n<\/div>\n<div class=\"col-lg-3 col-md-3 col-sm-3 col-xs-3 about_img2\"><img loading=\"lazy\" decoding=\"async\" class=\"alignnone\" title=\"Espi\u00e3o Android Compre Agora\" src=\"https:\/\/www.spymasterpro.com\/pt\/wp-content\/uploads\/2019\/01\/telegram-android.png\" alt=\"Espi\u00e3o Android Compre Agora\" width=\"185\" height=\"371\" \/><\/div>\n<\/div>\n<\/div>\n<\/section>\n<p><script type=\"application\/ld+json\"><br \/>\n    {<br \/>\n      \"@context\": \"https:\/\/schema.org\",<br \/>\n      \"@type\": \"SoftwareApplication\",<br \/>\n      \"name\" : \"Spymaster Pro\",<br \/>\n  \t  \"image\" : \"https:\/\/www.spymasterpro.com\/pt\/wp-content\/uploads\/2019\/01\/spy-telegram-icon_06.png\",<br \/>\n  \t  \"operatingSystem\": \"Windows 7, OSX 10.6, Android 1.6\",<br \/>\n      \"applicationCategory\": \"BusinessApplication\",<br \/>\n      \"featureList\": \"WhatsApp, Facebook, Instagram\",<br \/>\n      \"aggregateRating\": {<br \/>\n        \"@type\": \"AggregateRating\",<br \/>\n        \"ratingValue\": \"4.8\",<br \/>\n        \"ratingCount\": \"63524\"<br \/>\n      },<br \/>\n      \"offers\": {<br \/>\n        \"@type\": \"Offer\",<br \/>\n        \"price\": \"5.99\",<br \/>\n        \"priceCurrency\": \"USD\"<br \/>\n      }<br \/>\n    }<br \/>\n    <\/script\n<\/p>\n","protected":false},"excerpt":{"rendered":"<p>Monitoramento de Telegram OBTENHA TODAS AS MENSAGENS DO TELEGRAM DO CELULAR ALVO Veja, leia e fa\u00e7a download das mensagens remotamente Funciona silenciosamente sem deixar qualquer pista Acesso a partir de qualquer navegador web Totalmente compat\u00edvel com as vers\u00f5es mais recentes F\u00e1cil de usar Demo FUNCIONALIDADES Aplicativo de espionagem de Telegram para iPhone Veja todas as &hellip; <a href=\"https:\/\/www.spymasterpro.com\/pt\/monitoramento-de-telegram\/\" class=\"more-link\">Continue reading<span class=\"screen-reader-text\"> &#8220;Monitoramento de Telegram&#8221;<\/span><\/a><\/p>\n","protected":false},"author":1,"featured_media":0,"parent":0,"menu_order":0,"comment_status":"closed","ping_status":"closed","template":"page-full.php","meta":{"_acf_changed":false,"footnotes":""},"class_list":["post-3128","page","type-page","status-publish","hentry"],"acf":[],"aioseo_notices":[],"_links":{"self":[{"href":"https:\/\/www.spymasterpro.com\/pt\/wp-json\/wp\/v2\/pages\/3128","targetHints":{"allow":["GET"]}}],"collection":[{"href":"https:\/\/www.spymasterpro.com\/pt\/wp-json\/wp\/v2\/pages"}],"about":[{"href":"https:\/\/www.spymasterpro.com\/pt\/wp-json\/wp\/v2\/types\/page"}],"author":[{"embeddable":true,"href":"https:\/\/www.spymasterpro.com\/pt\/wp-json\/wp\/v2\/users\/1"}],"replies":[{"embeddable":true,"href":"https:\/\/www.spymasterpro.com\/pt\/wp-json\/wp\/v2\/comments?post=3128"}],"version-history":[{"count":3,"href":"https:\/\/www.spymasterpro.com\/pt\/wp-json\/wp\/v2\/pages\/3128\/revisions"}],"predecessor-version":[{"id":4142,"href":"https:\/\/www.spymasterpro.com\/pt\/wp-json\/wp\/v2\/pages\/3128\/revisions\/4142"}],"wp:attachment":[{"href":"https:\/\/www.spymasterpro.com\/pt\/wp-json\/wp\/v2\/media?parent=3128"}],"curies":[{"name":"wp","href":"https:\/\/api.w.org\/{rel}","templated":true}]}}