{"id":3126,"date":"2019-01-15T07:58:53","date_gmt":"2019-01-15T07:58:53","guid":{"rendered":"https:\/\/www.spymasterpro.com\/pt\/?page_id=3126"},"modified":"2023-02-01T00:47:51","modified_gmt":"2023-01-31T19:17:51","slug":"monitoramento-de-kik","status":"publish","type":"page","link":"https:\/\/www.spymasterpro.com\/pt\/monitoramento-de-kik\/","title":{"rendered":"Monitoramento de Kik"},"content":{"rendered":"<section id=\"Kik_spy_banner\">\n<div class=\"container\">\n<div class=\"row\">\n<div class=\"col-xl-9 col-lg-9 col-md-9 col-sm-12 iphone_right_point\">\n<h4><img loading=\"lazy\" decoding=\"async\" class=\"alignnone\" title=\"Monitoramento de Kik\" src=\"https:\/\/www.spymasterpro.com\/pt\/wp-content\/uploads\/2019\/01\/spy-kik-phone_03.png\" alt=\"Monitoramento de Kik\" width=\"102\" height=\"65\" \/> Monitoramento de Kik<\/h4>\n<h6>LEIA AS MENSAGENS DO KIK DO CELULAR ALVO NO CONFORTO DE SUA CASA<\/h6>\n<ul>\n<li>Leia mensagens enviadas e recebidas do usu\u00e1rio alvo no Kik<\/li>\n<li>100% seguro e f\u00e1cil de usar<\/li>\n<li>Compat\u00edvel com iPhone e Android<\/li>\n<li>Acess\u00edvel a partir de qualquer navegador web<\/li>\n<li>Suporte 24\/7 em v\u00e1rios idiomas<\/li>\n<\/ul>\n<div class=\"slider_btn\"><a class=\"blue_btn\" href=\"https:\/\/www.spymasterpro.com\/pt\/caracteristicas\/\">FUNCIONALIDADES<\/a> <a class=\"blue_btn demo_btn\" href=\"https:\/\/www.spymasterpro.com\/demo\/\"><i class=\"fa fa-play\"><\/i> demonstra\u00e7\u00e3o<\/a><\/div>\n<\/div>\n<div class=\"col-xl-3 col-lg-3 col-md-3 hidden-sm-down iphone_left_img no_padding\"><img loading=\"lazy\" decoding=\"async\" class=\"alignnone\" title=\"FUNCIONALIDADES demonstra\u00e7\u00e3o\" src=\"https:\/\/www.spymasterpro.com\/pt\/wp-content\/uploads\/2019\/01\/spy-kik-phoness_06.png\" alt=\"FUNCIONALIDADES demonstra\u00e7\u00e3o\" width=\"249\" height=\"336\" \/><\/div>\n<\/div>\n<\/div>\n<\/section>\n<section id=\"whatsapp_middel\">\n<div class=\"container\">\n<div class=\"row\">\n<div class=\"col-lg-3 col-md-3 col-sm-12 col-xs-12 text-xs-center about_img2\"><img loading=\"lazy\" decoding=\"async\" class=\"alignnone\" title=\"MONITORAMENTO DE KIK PARA IPHONE\" src=\"https:\/\/www.spymasterpro.com\/pt\/wp-content\/uploads\/2019\/01\/kik-iphone.png\" alt=\"MONITORAMENTO DE KIK PARA IPHONE\" width=\"326\" height=\"515\" \/><\/div>\n<div class=\"col-lg-9 col-md-9 col-sm-12 col-xs-12 inner_txt\">\n<h2>MONITORAMENTO DE KIK PARA IPHONE<\/h2>\n<h6>Para ler as mensagens do Kik de um iPhone, basta seguir estes passos simples:<\/h6>\n<ul>\n<li>Compre o aplicativo de espionagem de Kik<\/li>\n<li>Obtenha as credenciais do iCloud do celular alvo<\/li>\n<li>Verifique seu e-mail e fa\u00e7a login na sua conta<\/li>\n<li>Veja cada detalhe do iPhone alvo no conforto de sua casa<\/li>\n<\/ul>\n<p><strong>Observa\u00e7\u00e3o: n\u00e3o \u00e9 preciso instalar o software no iPhone<\/strong><\/p>\n<div class=\"whatsapp_btns text-xs-center\"><a class=\"blue_btn\" href=\"https:\/\/www.spymasterpro.com\/pt\/espiao-iphone-sem-jailbreak\/\">Espi\u00e3o iPhone<\/a> <a class=\"blue_btn\" href=\"https:\/\/www.spymasterpro.com\/pt\/buynow\/\">Compre Agora<\/a><\/div>\n<\/div>\n<\/div>\n<\/div>\n<\/section>\n<section id=\"whatsapp_middel\">\n<div class=\"container\">\n<div class=\"row\">\n<div class=\"col-lg-9 col-md-9 col-sm-12 col-xs-12 inner_txt\">\n<h2>MONITORAMENTO DE KIK PARA ANDROID<\/h2>\n<h6>Para ler as mensagens do Kik de um iPhone, basta seguir estes passos simples:<\/h6>\n<ul>\n<li>Obtenha o aplicativo de espionagem de Kik e voc\u00ea receber\u00e1 um e-mail com o nome de usu\u00e1rio e senha para fazer login na conta<\/li>\n<li>Instale o software no celular Android a ser vigiado. \u00c9 um processo muito f\u00e1cil que dura menos de 5 minutos.<\/li>\n<li>Use as credenciais para fazer login e acessar o celular alvo a qualquer momento e em qualquer lugar.<\/li>\n<li>Comece a ler todas as mensagens do Kik do celular Android alvo<\/li>\n<\/ul>\n<div class=\"whatsapp_btns text-xs-center\"><a class=\"blue_btn\" href=\"https:\/\/www.spymasterpro.com\/pt\/espiao-do-android\/\">Espi\u00e3o Android<\/a> <a class=\"blue_btn\" href=\"https:\/\/www.spymasterpro.com\/pt\/buynow\/\">Compre Agora<\/a><\/div>\n<\/div>\n<div class=\"col-lg-3 col-md-3 col-sm-3 col-xs-3 about_img2\"><img loading=\"lazy\" decoding=\"async\" class=\"alignnone\" title=\"Espi\u00e3o Android Compre Agora\" src=\"https:\/\/www.spymasterpro.com\/pt\/wp-content\/uploads\/2019\/01\/kik-android.png\" alt=\"Espi\u00e3o Android Compre Agora\" width=\"185\" height=\"371\" \/><\/div>\n<\/div>\n<\/div>\n<\/section>\n<p><script type=\"application\/ld+json\"><br \/>\n    {<br \/>\n      \"@context\": \"https:\/\/schema.org\",<br \/>\n      \"@type\": \"SoftwareApplication\",<br \/>\n      \"name\" : \"Spymaster Pro\",<br \/>\n  \t  \"image\" : \"https:\/\/www.spymasterpro.com\/pt\/wp-content\/uploads\/2019\/01\/spy-kik-phoness_06.png\",<br \/>\n  \t  \"operatingSystem\": \"Windows 7, OSX 10.6, Android 1.6\",<br \/>\n      \"applicationCategory\": \"BusinessApplication\",<br \/>\n      \"featureList\": \"WhatsApp, Facebook, Instagram\",<br \/>\n      \"aggregateRating\": {<br \/>\n        \"@type\": \"AggregateRating\",<br \/>\n        \"ratingValue\": \"4.8\",<br \/>\n        \"ratingCount\": \"63523\"<br \/>\n      },<br \/>\n      \"offers\": {<br \/>\n        \"@type\": \"Offer\",<br \/>\n        \"price\": \"7.99\",<br \/>\n        \"priceCurrency\": \"USD\"<br \/>\n      }<br \/>\n    }<br \/>\n    <\/script\n<\/p>\n","protected":false},"excerpt":{"rendered":"<p>Monitoramento de Kik LEIA AS MENSAGENS DO KIK DO CELULAR ALVO NO CONFORTO DE SUA CASA Leia mensagens enviadas e recebidas do usu\u00e1rio alvo no Kik 100% seguro e f\u00e1cil de usar Compat\u00edvel com iPhone e Android Acess\u00edvel a partir de qualquer navegador web Suporte 24\/7 em v\u00e1rios idiomas FUNCIONALIDADES demonstra\u00e7\u00e3o MONITORAMENTO DE KIK PARA &hellip; <a href=\"https:\/\/www.spymasterpro.com\/pt\/monitoramento-de-kik\/\" class=\"more-link\">Continue reading<span class=\"screen-reader-text\"> &#8220;Monitoramento de Kik&#8221;<\/span><\/a><\/p>\n","protected":false},"author":1,"featured_media":0,"parent":0,"menu_order":0,"comment_status":"closed","ping_status":"closed","template":"page-full.php","meta":{"_acf_changed":false,"footnotes":""},"class_list":["post-3126","page","type-page","status-publish","hentry"],"acf":[],"aioseo_notices":[],"_links":{"self":[{"href":"https:\/\/www.spymasterpro.com\/pt\/wp-json\/wp\/v2\/pages\/3126","targetHints":{"allow":["GET"]}}],"collection":[{"href":"https:\/\/www.spymasterpro.com\/pt\/wp-json\/wp\/v2\/pages"}],"about":[{"href":"https:\/\/www.spymasterpro.com\/pt\/wp-json\/wp\/v2\/types\/page"}],"author":[{"embeddable":true,"href":"https:\/\/www.spymasterpro.com\/pt\/wp-json\/wp\/v2\/users\/1"}],"replies":[{"embeddable":true,"href":"https:\/\/www.spymasterpro.com\/pt\/wp-json\/wp\/v2\/comments?post=3126"}],"version-history":[{"count":1,"href":"https:\/\/www.spymasterpro.com\/pt\/wp-json\/wp\/v2\/pages\/3126\/revisions"}],"predecessor-version":[{"id":4143,"href":"https:\/\/www.spymasterpro.com\/pt\/wp-json\/wp\/v2\/pages\/3126\/revisions\/4143"}],"wp:attachment":[{"href":"https:\/\/www.spymasterpro.com\/pt\/wp-json\/wp\/v2\/media?parent=3126"}],"curies":[{"name":"wp","href":"https:\/\/api.w.org\/{rel}","templated":true}]}}