{"id":3050,"date":"2018-07-16T13:12:07","date_gmt":"2018-07-16T13:12:07","guid":{"rendered":"https:\/\/www.spymasterpro.com\/pt\/?page_id=3050"},"modified":"2023-09-06T15:39:28","modified_gmt":"2023-09-06T10:09:28","slug":"espiao-iphone","status":"publish","type":"page","link":"https:\/\/www.spymasterpro.com\/pt\/espiao-iphone\/","title":{"rendered":"Espi\u00e3o iPhone"},"content":{"rendered":"<section id=\"iphone_spy_banner\">\n<div class=\"container\">\n<div class=\"row\">\n<div class=\"col-xl-3 col-lg-3 col-md-3 hidden-sm-down iphone_left_img\">\n<p><img loading=\"lazy\" decoding=\"async\" class=\"alignnone\" title=\"Espi\u00e3o iPhone\" src=\"..\/wp-content\/themes\/spymaster\/images\/iphone_spy_phone_img.png\" alt=\"Espi\u00e3o iPhone\" width=\"236\" height=\"295\" \/><\/p>\n<\/div>\n<div class=\"col-xl-9 col-lg-9 col-md-9 col-sm-12 iphone_right_point\">\n<h1>Espione remotamente qualquer iPhone usando o Spymaster Pro<\/h1>\n<ul>\n<li>Monitore remotamente todas as atividades m\u00f3veis do seu filho ou parceiro<\/li>\n<li>Leia mensagens exclu\u00eddas: Whatsapp, Facebook, Instagram, Snapchat e muito mais\u2026<\/li>\n<li>N\u00e3o necessita de acesso f\u00edsico ao iPhone alvo<\/li>\n<li>Funciona em modo oculto<\/li>\n<li>100% de seguran\u00e7a garantida<\/li>\n<li>Acess\u00edvel de todos os navegadores<\/li>\n<\/ul>\n<div class=\"slider_btn\">\n<p><a class=\"blue_btn\" href=\"https:\/\/www.spymasterpro.com\/demo\/index.php\"><i class=\"fa fa-play\"><\/i> Demo<\/a><a class=\"blue_btn demo_btn\" href=\"https:\/\/www.spymasterpro.com\/pt\/comprar-ahora\/\">CONSIGALO AQU\u00cd<\/a><\/p>\n<\/div>\n<\/div>\n<\/div>\n<\/div>\n<\/section>\n<section id=\"android_spy\">\n<div class=\"container\">\n<div class=\"row\">\n<div class=\"col-xs-12\">\n<h2>Espione um iPhone com o Spymaster Pro!<\/h2>\n<div class=\"col-xl-5 col-lg-5 col-sm-5 col-md-5 col-sm-12 col-xs-12\"><img loading=\"lazy\" decoding=\"async\" class=\"alignnone\" title=\"Espione um iPhone com o Spymaster Pro\" src=\"https:\/\/www.spymasterpro.com\/wp-content\/uploads\/2018\/06\/new.png\" alt=\"Espione um iPhone com o Spymaster Pro\" width=\"477\" height=\"241\" \/><\/div>\n<div class=\"col-xl-7 col-lg-7 col-sm-7 col-md-7 col-sm-12 col-xs-12\">\n<p>Spymaster Pro \u00e9 um software de espionagem para iPhone inteligentemente criado que facilita bastante a tarefa de vigiar todas as atividades do iPhone alvo. Espione remotamente e obtenha todas as informa\u00e7\u00f5es precisas que est\u00e1 procurando. N\u00e3o necessita de acesso f\u00edsico ao iPhone alvo. Basta comprar este confi\u00e1vel software de espionagem para iPhone e come\u00e7ar a espionar a pessoa suspeita. A melhor parte \u00e9 que o usu\u00e1rio que est\u00e1 sendo vigiado n\u00e3o desconfiar\u00e1 de nada.<\/p>\n<\/div>\n<\/div>\n<\/div>\n<\/div>\n<\/section>\n<section id=\"android_spy_feature\" class=\"iphone_spy_feature\">\n<div class=\"container\">\n<div class=\"row\">\n<div class=\"feature_heading text-xs-center\">\n<h3>Aproveite as seguintes funcionalidades de espionagem para iPhone do Spymaster Pro<\/h3>\n<\/div>\n<div class=\"col-xl-6 col-lg-6 col-sm-6 col-md-6 col-xs-6 android_spy_points\">\n<h5><img loading=\"lazy\" decoding=\"async\" class=\"alignnone\" title=\"Monitoramento de Chamada\" src=\"..\/wp-content\/uploads\/2017\/02\/feature_newicon3.png\" alt=\"Monitoramento de Chamada\" width=\"182\" height=\"182\" \/> Monitoramento de Chamada<\/h5>\n<p>A funcionalidade de monitoramento de chamada lhe d\u00e1 acesso a todos os registros de chamadas da pessoa alvo. Voc\u00ea pode ver todas as chamadas feitas e recebidas (n\u00fameros discados e recebidos) do iPhone alvo, e at\u00e9 mesmo a dura\u00e7\u00e3o das mesmas.<\/p>\n<\/div>\n<div class=\"col-xl-6 col-lg-6 col-sm-6 col-md-6 col-xs-6 android_spy_points\">\n<h5><img loading=\"lazy\" decoding=\"async\" class=\"alignnone\" title=\"Monitoramento de WhatsApp\" src=\"..\/wp-content\/uploads\/2017\/02\/feature_newicon7.png\" alt=\"Monitoramento de WhatsApp\" width=\"186\" height=\"187\" \/> Monitoramento de WhatsApp<\/h5>\n<p>O Spymaster Pro transfere eficazmente todas as conversas do Whatsapp do iPhone alvo para a sua conta pessoal do Spymaster Pro. Agora voc\u00ea pode ler secretamente todas as conversas do Whatsapp da pessoa suspeita.<\/p>\n<\/div>\n<div class=\"col-xl-6 col-lg-6 col-sm-6 col-md-6 col-xs-6 android_spy_points\">\n<h5><img loading=\"lazy\" decoding=\"async\" class=\"alignnone\" title=\"Monitoramento de SMS\" src=\"..\/wp-content\/uploads\/2017\/02\/feature_newicon1.png\" alt=\"Monitoramento de SMS\" width=\"185\" height=\"191\" \/> \u00a0Monitoramento de SMS<\/h5>\n<p>Sim, tamb\u00e9m \u00e9 poss\u00edvel monitorar SMS com este magn\u00edfico software de espionagem. Voc\u00ea pode monitorar remotamente e ler todas as mensagens enviadas e recebidas do iPhone alvo. Voc\u00ea tamb\u00e9m pode ver o n\u00famero do remetente e do destinat\u00e1rio.<\/p>\n<\/div>\n<div class=\"col-xl-6 col-lg-6 col-sm-6 col-md-6 col-xs-6 android_spy_points\">\n<h5><img loading=\"lazy\" decoding=\"async\" class=\"alignnone\" title=\"Monitoramento de Fotos\" src=\"..\/wp-content\/uploads\/2017\/02\/feature_newicon11.png\" alt=\"Monitoramento de Fotos\" width=\"178\" height=\"180\" \/> Monitoramento de Fotos<\/h5>\n<p>O lugar secreto no celular de algu\u00e9m \u00e9 a galeria de multim\u00eddia. O monitoramento de fotos ou multim\u00eddia lhe permite ver todos os arquivos de imagem armazenados no iPhone alvo. Com certeza voc\u00ea pode obter muitas informa\u00e7\u00f5es somente da galeria de fotos e v\u00eddeos da pessoa alvo.<\/p>\n<\/div>\n<div class=\"col-xl-6 col-lg-6 col-sm-6 col-md-6 col-xs-6 android_spy_points\">\n<h5><img decoding=\"async\" src=\"..\/wp-content\/uploads\/2017\/02\/feature_2.png\" alt=\"\" \/> Monitoramento de\u00a0Instagram<\/h5>\n<p>Para aumentar suas \u00e1reas de espionagem, apresentamos outra funcionalidade \u00fanica de espionagem do Spymaster Pro: as conversas do Instagram. Voc\u00ea l\u00ea e salva a prova mesmo se a conversa for exclu\u00edda no iPhone alvo.<\/p>\n<\/div>\n<div class=\"col-xl-6 col-lg-6 col-sm-6 col-md-6 col-xs-6 android_spy_points\">\n<h5><img loading=\"lazy\" decoding=\"async\" class=\"alignnone\" title=\"Monitoramento de\u00a0Facebook Messenger\" src=\"..\/wp-content\/uploads\/2017\/02\/feature_newicon8.jpg\" alt=\"Monitoramento de\u00a0Facebook Messenger\" width=\"200\" height=\"163\" \/>Monitoramento de\u00a0Facebook Messenger<\/h5>\n<p>O Spymaster Pro \u00e9 o poderoso software de espionagem que lhe permite espionar secretamente o Facebook Messenger da pessoa alvo. Voc\u00ea pode monitorar remotamente todas as conversas do bate-papo do Facebook com data e hora exatas.<\/p>\n<\/div>\n<div class=\"col-xl-6 col-lg-6 col-sm-6 col-md-6 col-xs-6 android_spy_points\">\n<h5><img decoding=\"async\" src=\"..\/wp-content\/uploads\/2017\/02\/feature_1.png\" alt=\"\" \/> Monitoramento de Snapchat<\/h5>\n<p>A funcionalidade de monitoramento de Snapchat do Spymaster Pro lhe permite acessar todas as conversas que a pessoa alvo est\u00e1 tendo atrav\u00e9s desse aplicativo. Com este software de espionagem de iPhone, voc\u00ea pode acessar informa\u00e7\u00f5es completas como data e hora exatas das conversas.<\/p>\n<\/div>\n<div class=\"col-xl-6 col-lg-6 col-sm-6 col-md-6 col-xs-6 android_spy_points\">\n<h5><img loading=\"lazy\" decoding=\"async\" class=\"alignnone\" title=\"Monitoramento da Agenda\" src=\"..\/wp-content\/uploads\/2017\/02\/feature_newicon10.png\" alt=\"Monitoramento da Agenda\" width=\"182\" height=\"182\" \/>\u00a0Monitoramento da Agenda<\/h5>\n<p>O Spymaster Pro tamb\u00e9m oferece a funcionalidade de monitoramento de agenda telef\u00f4nica que transfere todos os contatos armazenados no iPhone da pessoa vigiada.<\/p>\n<\/div>\n<\/div>\n<\/div>\n<\/section>\n<section id=\"iphone_spy_work\">\n<div class=\"container\">\n<div class=\"row\">\n<div class=\"feature_heading text-xs-center\">\n<h3>Como funciona<\/h3>\n<\/div>\n<div class=\"row iphone_spy_work_phone\">\n<div class=\"col-xl-4 col-lg-4 col-md-4 col-sm-4 text-xs-center\">\n<div class=\"iphone_spy_bx\">\n<p><img decoding=\"async\" src=\"..\/wp-content\/uploads\/2017\/02\/iphone_spy_img1.png\" \/><\/p>\n<h5>Obtenha as Credenciais do iCloud<\/h5>\n<p>Obtenha as credenciais do iCloud do dispositivo alvo de forma inteligente. Entre na sua conta do Spymaster e envie essas credenciais quando for solicitado durante o processo.<\/p>\n<\/div>\n<\/div>\n<div class=\"col-xl-4 col-lg-4 col-md-4 col-sm-4 text-xs-center\">\n<div class=\"iphone_spy_bx\">\n<p><img decoding=\"async\" src=\"..\/wp-content\/uploads\/2017\/02\/iphone_spy_img2.png\" \/><\/p>\n<h5>Use as Funcionalidades<\/h5>\n<p>Selecione as funcionalidades que gostaria de usar para monitorar as informa\u00e7\u00f5es da pessoa alvo. Por exemplo: WhatsApp, Facebook, Registro de Chamadas, etc.<\/p>\n<\/div>\n<\/div>\n<div class=\"col-xl-4 col-lg-4 col-md-4 col-sm-4 text-xs-center\">\n<div class=\"iphone_spy_bx\">\n<p><img decoding=\"async\" src=\"..\/wp-content\/uploads\/2017\/02\/iphone_spy_img3.jpg\" \/><\/p>\n<h5>Monitore todas as informa\u00e7\u00f5es remotamente every information remotely<\/h5>\n<p>Comece a monitorar o iPhone remotamente sem que seja preciso tocar nele. Tudo ser\u00e1 vis\u00edvel no seu painel de controle. Confira tudo a qualquer momento e em qualquer lugar.<\/p>\n<\/div>\n<\/div>\n<\/div>\n<\/div>\n<\/div>\n<\/section>\n<section id=\"iphone_spy_bottom\">\n<div class=\"container\">\n<div class=\"row\">\n<div class=\"col-xl-12 col-xs-12 col-sm-12 col-md-12 strip_txt text-xs-center\">Obtenha o Spymaster Pro para iPhone por apenas $7.99 \/ m\u00eas<\/div>\n<div class=\"col-xl-12 col-xs-12 col-sm-12 col-md-12 strip_btn spy_btn feature_bottom text-xs-center\"><a class=\"blue_btn\" href=\"https:\/\/www.spymasterpro.com\/pt\/seguro-para-usar\/\">Seguro de usar<\/a> <a class=\"white_btn demo_btn hidden-sm-down\" href=\"https:\/\/www.spymasterpro.com\/pt\/compre-agora\/\">Compre Agora<\/a> <a class=\"white_btn demo_btn hidden-md-up\" href=\"https:\/\/www.spymasterpro.com\/pt\/compre-agora\/\">Compre Agora<\/a><\/div>\n<\/div>\n<\/div>\n<\/section>\n<p><script type=\"application\/ld+json\">\n    {\n      \"@context\": \"https:\/\/schema.org\",\n      \"@type\": \"SoftwareApplication\",\n      \"name\" : \"Spymaster Pro\",\n  \t  \"image\" : \"https:\/\/www.spymasterpro.com\/pt\/wp-content\/themes\/spymaster\/images\/iphone_spy_phone_img.png\",\n  \t  \"operatingSystem\": \"Windows 7, OSX 10.6, Android 1.6\",\n      \"applicationCategory\": \"BusinessApplication\",\n      \"featureList\": \"WhatsApp, Facebook, Instagram\",\n      \"aggregateRating\": {\n        \"@type\": \"AggregateRating\",\n        \"ratingValue\": \"5.0\",\n        \"ratingCount\": \"96590\"\n      },\n      \"offers\": {\n        \"@type\": \"Offer\",\n        \"price\": \"7.99\",\n        \"priceCurrency\": \"USD\"\n      }\n    }\n    <\/script><\/p>\n","protected":false},"excerpt":{"rendered":"<p>Espione remotamente qualquer iPhone usando o Spymaster Pro Monitore remotamente todas as atividades m\u00f3veis do seu filho ou parceiro Leia mensagens exclu\u00eddas: Whatsapp, Facebook, Instagram, Snapchat e muito mais\u2026 N\u00e3o necessita de acesso f\u00edsico ao iPhone alvo Funciona em modo oculto 100% de seguran\u00e7a garantida Acess\u00edvel de todos os navegadores DemoCONSIGALO AQU\u00cd Espione um iPhone &hellip; <a href=\"https:\/\/www.spymasterpro.com\/pt\/espiao-iphone\/\" class=\"more-link\">Continue reading<span class=\"screen-reader-text\"> &#8220;Espi\u00e3o iPhone&#8221;<\/span><\/a><\/p>\n","protected":false},"author":1,"featured_media":0,"parent":0,"menu_order":0,"comment_status":"closed","ping_status":"closed","template":"page-full.php","meta":{"_acf_changed":false,"footnotes":""},"class_list":["post-3050","page","type-page","status-publish","hentry"],"acf":[],"aioseo_notices":[],"_links":{"self":[{"href":"https:\/\/www.spymasterpro.com\/pt\/wp-json\/wp\/v2\/pages\/3050","targetHints":{"allow":["GET"]}}],"collection":[{"href":"https:\/\/www.spymasterpro.com\/pt\/wp-json\/wp\/v2\/pages"}],"about":[{"href":"https:\/\/www.spymasterpro.com\/pt\/wp-json\/wp\/v2\/types\/page"}],"author":[{"embeddable":true,"href":"https:\/\/www.spymasterpro.com\/pt\/wp-json\/wp\/v2\/users\/1"}],"replies":[{"embeddable":true,"href":"https:\/\/www.spymasterpro.com\/pt\/wp-json\/wp\/v2\/comments?post=3050"}],"version-history":[{"count":1,"href":"https:\/\/www.spymasterpro.com\/pt\/wp-json\/wp\/v2\/pages\/3050\/revisions"}],"predecessor-version":[{"id":4221,"href":"https:\/\/www.spymasterpro.com\/pt\/wp-json\/wp\/v2\/pages\/3050\/revisions\/4221"}],"wp:attachment":[{"href":"https:\/\/www.spymasterpro.com\/pt\/wp-json\/wp\/v2\/media?parent=3050"}],"curies":[{"name":"wp","href":"https:\/\/api.w.org\/{rel}","templated":true}]}}