{"id":2802,"date":"2018-04-25T06:27:52","date_gmt":"2018-04-25T06:27:52","guid":{"rendered":"https:\/\/www.spymasterpro.com\/pt\/?page_id=2802"},"modified":"2022-07-29T10:26:36","modified_gmt":"2022-07-29T04:56:36","slug":"espiao-viber","status":"publish","type":"page","link":"https:\/\/www.spymasterpro.com\/pt\/espiao-viber\/","title":{"rendered":"Espi\u00e3o Viber"},"content":{"rendered":"<section id=\"snapchat_banner\">\n<div class=\"container\">\n<div class=\"row\">\n<div class=\"col-xl-8 col-lg-8 col-md-8 col-sm-12 iphone_right_point\">\n<h4>Disposto a espionar as mensagens do Viber de algu\u00e9m? Use o Spymaster Pro!<\/h4>\n<h6>Agora proteja seus entes queridos contra os infratores com a ajuda do Spymaster Pro!<\/h6>\n<ul>\n<li>Rastrear sem problemas todas as conversas do usu\u00e1rio<\/li>\n<li>Acessar todos os dados monitorados atrav\u00e9s do painel de controle do software<\/li>\n<li>Monitorar no momento mais oportuno para voc\u00ea e sem que ningu\u00e9m saiba<\/li>\n<\/ul>\n<div class=\"slider_btn\"><a class=\"blue_btn\" href=\"https:\/\/www.spymasterpro.com\/demo\/index.php\"><i class=\"fa fa-play\"><\/i> Demo<\/a> <a class=\"blue_btn demo_btn\" href=\"https:\/\/www.spymasterpro.com\/pt\/compre-agora\/\">Compre Agora<\/a><\/div>\n<\/div>\n<div class=\"col-xl-4 col-lg-4 col-md-4 hidden-sm-down iphone_left_img text-xs-center\"><img loading=\"lazy\" decoding=\"async\" class=\"alignnone\" title=\"Espi\u00e3o Viber\" src=\"https:\/\/www.spymasterpro.com\/pt\/wp-content\/uploads\/2018\/04\/viber_mobile-150x300.png\" alt=\"Espi\u00e3o Viber\" width=\"150\" height=\"300\" \/><\/div>\n<\/div>\n<\/div>\n<\/section>\n<section id=\"snapchat_info\">\n<div class=\"container\">\n<div class=\"row\">\n<div class=\"col-xs-12 text-xs-center\">\n<p><img decoding=\"async\" src=\"https:\/\/www.spymasterpro.com\/pt\/wp-content\/uploads\/2018\/04\/viber.png\" alt=\"img\" \/><\/p>\n<h6>Monitoramento de conversas no Viber<\/h6>\n<p>O monitoramento do Viber introduzido pelo Spymaster Pro oferece uma maneira \u00fanica de espionar as mensagens do viber de algu\u00e9m secretamente. Todos os dados recolhidos ser\u00e3o enviados para em seu painel de controle, juntamente com a data e hora corretas.<\/p>\n<\/div>\n<\/div>\n<\/div>\n<\/section>\n<section id=\"snapchat_feature\">\n<div class=\"container\">\n<div class=\"row\">\n<div class=\"col-xs-12 text-xs-center\">\n<h3>FUNCIONALIDADES DO SPYMASTER PRO<\/h3>\n<\/div>\n<div class=\"col-md-3 col-sm-6 col-xs-12 text-xs-center\">\n<div class=\"snapchat_bx\">\n<p><i class=\"fa fa-whatsapp\" aria-hidden=\"true\"><!--tr--><\/i><\/p>\n<h6>Espi\u00e3o do Whatsapp<\/h6>\n<\/div>\n<p>&nbsp;<\/p>\n<\/div>\n<div class=\"col-md-3 col-sm-6 col-xs-12 text-xs-center\">\n<div class=\"snapchat_bx\">\n<p><i class=\"fa fa-facebook-square\" aria-hidden=\"true\"><!--tr--><\/i><\/p>\n<h6>Espi\u00e3o do Facebook<\/h6>\n<\/div>\n<p>&nbsp;<\/p>\n<\/div>\n<div class=\"col-md-3 col-sm-6 col-xs-12 text-xs-center\">\n<div class=\"snapchat_bx\">\n<p><i class=\"fa fa-map-marker\" aria-hidden=\"true\"><!--tr--><\/i><\/p>\n<h6>Rastreamento de localiza\u00e7\u00e3o GPS<\/h6>\n<\/div>\n<p>&nbsp;<\/p>\n<\/div>\n<div class=\"col-md-3 col-sm-6 col-xs-12 text-xs-center\">\n<div class=\"snapchat_bx\">\n<p><i class=\"fa fa-commenting-o\" aria-hidden=\"true\"><!--tr--><\/i><\/p>\n<h6>Rastreamento de SMS<\/h6>\n<\/div>\n<p>&nbsp;<\/p>\n<\/div>\n<div class=\"col-md-3 col-sm-6 col-xs-12 text-xs-center\">\n<div class=\"snapchat_bx\">\n<p><i class=\"fa fa-picture-o\" aria-hidden=\"true\"><!--tr--><\/i><\/p>\n<h6>Rastreamento de Fotos<\/h6>\n<\/div>\n<p>&nbsp;<\/p>\n<\/div>\n<div class=\"col-md-3 col-sm-6 col-xs-12 text-xs-center\">\n<div class=\"snapchat_bx\">\n<p><i class=\"fa fa-quote-right\" aria-hidden=\"true\"><!--tr--><\/i><\/p>\n<h6>Rastreamento de Hangouts<\/h6>\n<\/div>\n<p>&nbsp;<\/p>\n<\/div>\n<div class=\"col-md-3 col-sm-6 col-xs-12 text-xs-center\">\n<div class=\"snapchat_bx\">\n<p><i class=\"fa fa-envelope-o\" aria-hidden=\"true\"><!--tr--><\/i><\/p>\n<h6>Rastreamento de email<\/h6>\n<\/div>\n<p>&nbsp;<\/p>\n<\/div>\n<div class=\"col-md-3 col-sm-6 col-xs-12 text-xs-center\">\n<div class=\"snapchat_bx\">\n<p><i class=\"fa fa-snapchat-ghost\" aria-hidden=\"true\"><!--tr--><\/i><\/p>\n<h6>Espi\u00e3o de snapchat<\/h6>\n<\/div>\n<p>&nbsp;<\/p>\n<\/div>\n<\/div>\n<\/div>\n<\/section>\n<section id=\"iphone_spy_work\">\n<div class=\"container\">\n<div class=\"row\">\n<div class=\"feature_heading text-xs-center\">\n<h3>COMO O SPYMASTER PRO FUNCIONA<\/h3>\n<\/div>\n<div class=\"row iphone_spy_work_phone\">\n<div class=\"col-xl-4 col-lg-4 col-md-4 col-sm-4 text-xs-center\">\n<div class=\"iphone_spy_bx\">\n<p><img decoding=\"async\" src=\"https:\/\/spymasterpro.com\/wp-content\/uploads\/2017\/09\/new_icon1-1.png\" \/><\/p>\n<h5>COMPRE OSPYMASTER PRO<\/h5>\n<p>Software de Monitoramento de Celular. Clique no bot\u00e3o Comprar Agora ou na p\u00e1gina Comprar Agora no nosso site. Envie seus detalhes. Depois de preencher os detalhes obrigat\u00f3rios, finalize a compra.<\/p>\n<\/div>\n<\/div>\n<div class=\"col-xl-4 col-lg-4 col-md-4 col-sm-4 text-xs-center\">\n<div class=\"iphone_spy_bx\">\n<p><img decoding=\"async\" src=\"https:\/\/spymasterpro.com\/wp-content\/uploads\/2017\/09\/new_icon2-1.png\" \/><\/p>\n<h5>INSTALE O SOFTWARE<\/h5>\n<p>Baixe e instale o software no celular alvo que deseja espionar. Siga as instru\u00e7\u00f5es com cuidado, enviadas para voc\u00ea por e-mail.<\/p>\n<\/div>\n<\/div>\n<div class=\"col-xl-4 col-lg-4 col-md-4 col-sm-4 text-xs-center\">\n<div class=\"iphone_spy_bx\">\n<p><img decoding=\"async\" src=\"https:\/\/spymasterpro.com\/wp-content\/uploads\/2017\/09\/new_icon3-1.png\" \/><\/p>\n<h5>COMECE A MONITORAR!!<\/h5>\n<p>Entre no seu Painel de Controle do Spymaster Pro usando os detalhes de login enviados para voc\u00ea por e-mail. Comece a monitorar seus entes queridos. Proteja a sua fam\u00edlia e o seu neg\u00f3cio remotamente.<\/p>\n<\/div>\n<\/div>\n<div class=\"text-xs-center col-xs-12\">\n<p style=\"padding: 22px 0 0; color: red;\">**Nenhuma instala\u00e7\u00e3o necess\u00e1ria no iPhone<\/p>\n<p>&nbsp;<\/p>\n<\/div>\n<div class=\"col-xl-12 col-xs-12 col-sm-12 col-md-12 text-xs-center\">\n<div class=\"strip_txt\">Obtenha o Spymaster Pro para Android B\u00e1sico por apenas $4.99 \/ m\u00eas<\/div>\n<\/div>\n<\/div>\n<\/div>\n<\/div>\n<\/section>\n<section id=\"snapchat_safe_use\">\n<div class=\"container\">\n<div class=\"row\">\n<div class=\"col-xs-12 text-xs-center\">\n<h2>Seguro Para Usar<\/h2>\n<\/div>\n<div class=\"col-md-6 col-xs-12 safe_box\">\n<div class=\"col-sm-3 no_padding\">\n<div class=\"safe_bx_icon text-xs-center\"><img decoding=\"async\" src=\"https:\/\/spymasterpro.com\/wp-content\/uploads\/2017\/02\/safe_icon.png\" alt=\"img\" \/><\/div>\n<\/div>\n<div class=\"col-sm-9\">\n<div class=\"safe_bx_info\">\n<h6>Nenhum \u00edcone ser\u00e1 mostrado no celular alvo<\/h6>\n<p>Este software \u00e9 inteligentemente concebido por especialistas que o tornaram invis\u00edvel.<\/p>\n<\/div>\n<\/div>\n<\/div>\n<div class=\"col-md-6 col-xs-12 safe_box\">\n<div class=\"col-sm-3 no_padding\">\n<div class=\"safe_bx_icon text-xs-center\"><img decoding=\"async\" src=\"https:\/\/spymasterpro.com\/wp-content\/uploads\/2017\/02\/safe_icon2.png\" alt=\"img\" \/><\/div>\n<\/div>\n<div class=\"col-sm-9\">\n<div class=\"safe_bx_info\">\n<h6>O usu\u00e1rio alvo n\u00e3o faz ideia at\u00e9 que voc\u00ea lhe diga<\/h6>\n<p>A pessoa alvo pode nunca perceber que algu\u00e9m est\u00e1 secretamente de olho nela.<\/p>\n<\/div>\n<\/div>\n<\/div>\n<div class=\"col-md-6 col-xs-12 safe_box\">\n<div class=\"col-sm-3 no_padding\">\n<div class=\"safe_bx_icon text-xs-center\"><img decoding=\"async\" src=\"https:\/\/spymasterpro.com\/wp-content\/uploads\/2017\/09\/safe_icon3.png\" alt=\"img\" \/><\/div>\n<\/div>\n<div class=\"col-sm-9\">\n<div class=\"safe_bx_info\">\n<h6>O software funciona em modo oculto<\/h6>\n<p>Este software copia silenciosamente cada detalhe do celular alvo e envia tudo para o seu painel de controle.<\/p>\n<\/div>\n<\/div>\n<\/div>\n<div class=\"col-md-6 col-xs-12 safe_box\">\n<div class=\"col-sm-3 no_padding\">\n<div class=\"safe_bx_icon text-xs-center\"><img decoding=\"async\" src=\"https:\/\/spymasterpro.com\/wp-content\/uploads\/2017\/02\/safe_icon4.png\" alt=\"img\" \/><\/div>\n<\/div>\n<div class=\"col-sm-9\">\n<div class=\"safe_bx_info\">\n<h6>Funciona remotamente<\/h6>\n<p>Este software de monitoramento funciona remotamente, o que significa que voc\u00ea pode monitorar o seu alvo a partir de qualquer lugar do mundo, quer ele esteja numa viagem de neg\u00f3cios<\/p>\n<\/div>\n<\/div>\n<\/div>\n<\/div>\n<\/div>\n<\/section>\n<section id=\"iphone_spy_bottom\">\n<div class=\"container\">\n<div class=\"row\">\n<div class=\"col-xl-12 col-xs-12 col-sm-12 col-md-12 text-xs-center\">\n<div class=\"strip_txt\">Obtenha o Spymaster Pro para iPhone por apenas $7.99 \/ m\u00eas<\/div>\n<\/div>\n<div class=\"col-xl-12 col-xs-12 col-sm-12 col-md-12 strip_btn spy_btn feature_bottom text-xs-center\"><a class=\"blue_btn\" href=\"https:\/\/www.spymasterpro.com\/pt\/seguro-para-usar\/\">Seguro para usar<\/a> <a class=\"white_btn demo_btn hidden-sm-down\" href=\"https:\/\/www.spymasterpro.com\/pt\/compre-agora\/\">Compre Agora<\/a><\/div>\n<\/div>\n<\/div>\n<\/section>\n<p><script type=\"application\/ld+json\"><br \/>\n    {<br \/>\n      \"@context\": \"https:\/\/schema.org\",<br \/>\n      \"@type\": \"SoftwareApplication\",<br \/>\n      \"name\" : \"Spymaster Pro\",<br \/>\n  \t  \"image\" : \"https:\/\/www.spymasterpro.com\/pt\/wp-content\/uploads\/2018\/04\/viber_mobile-150x300.png\",<br \/>\n  \t  \"operatingSystem\": \"Windows 7, OSX 10.6, Android 1.6\",<br \/>\n      \"applicationCategory\": \"BusinessApplication\",<br \/>\n      \"featureList\": \"WhatsApp, Facebook, Instagram\",<br \/>\n      \"aggregateRating\": {<br \/>\n        \"@type\": \"AggregateRating\",<br \/>\n        \"ratingValue\": \"4.9\",<br \/>\n        \"ratingCount\": \"64523\"<br \/>\n      },<br \/>\n      \"offers\": {<br \/>\n        \"@type\": \"Offer\",<br \/>\n        \"price\": \"7.99\",<br \/>\n        \"priceCurrency\": \"USD\"<br \/>\n      }<br \/>\n    }<br \/>\n    <\/script\n<\/p>\n","protected":false},"excerpt":{"rendered":"<p>Disposto a espionar as mensagens do Viber de algu\u00e9m? Use o Spymaster Pro! Agora proteja seus entes queridos contra os infratores com a ajuda do Spymaster Pro! Rastrear sem problemas todas as conversas do usu\u00e1rio Acessar todos os dados monitorados atrav\u00e9s do painel de controle do software Monitorar no momento mais oportuno para voc\u00ea e &hellip; <a href=\"https:\/\/www.spymasterpro.com\/pt\/espiao-viber\/\" class=\"more-link\">Continue reading<span class=\"screen-reader-text\"> &#8220;Espi\u00e3o Viber&#8221;<\/span><\/a><\/p>\n","protected":false},"author":1,"featured_media":0,"parent":0,"menu_order":0,"comment_status":"closed","ping_status":"closed","template":"page-full.php","meta":{"_acf_changed":false,"footnotes":""},"class_list":["post-2802","page","type-page","status-publish","hentry"],"acf":[],"aioseo_notices":[],"_links":{"self":[{"href":"https:\/\/www.spymasterpro.com\/pt\/wp-json\/wp\/v2\/pages\/2802","targetHints":{"allow":["GET"]}}],"collection":[{"href":"https:\/\/www.spymasterpro.com\/pt\/wp-json\/wp\/v2\/pages"}],"about":[{"href":"https:\/\/www.spymasterpro.com\/pt\/wp-json\/wp\/v2\/types\/page"}],"author":[{"embeddable":true,"href":"https:\/\/www.spymasterpro.com\/pt\/wp-json\/wp\/v2\/users\/1"}],"replies":[{"embeddable":true,"href":"https:\/\/www.spymasterpro.com\/pt\/wp-json\/wp\/v2\/comments?post=2802"}],"version-history":[{"count":0,"href":"https:\/\/www.spymasterpro.com\/pt\/wp-json\/wp\/v2\/pages\/2802\/revisions"}],"wp:attachment":[{"href":"https:\/\/www.spymasterpro.com\/pt\/wp-json\/wp\/v2\/media?parent=2802"}],"curies":[{"name":"wp","href":"https:\/\/api.w.org\/{rel}","templated":true}]}}