{"id":2791,"date":"2018-04-07T06:54:48","date_gmt":"2018-04-07T06:54:48","guid":{"rendered":"https:\/\/www.spymasterpro.com\/pt\/?page_id=2791"},"modified":"2020-01-28T08:09:08","modified_gmt":"2020-01-28T08:09:08","slug":"como-espionar-celulares-vivo","status":"publish","type":"page","link":"https:\/\/www.spymasterpro.com\/pt\/como-espionar-celulares-vivo\/","title":{"rendered":"Como espionar celulares Vivo"},"content":{"rendered":"<p>Os smartphones Vivo est\u00e3o bastante populares hoje em dia devido \u00e0s muitas funcionalidades, ao design e aos aplicativos que oferecem. Estabelecida em 2009 em Doangdong, a Vivo lan\u00e7ou v\u00e1rias marcas de celular como <strong>X5Max, V5 Plus, X5pro, V1 Max<\/strong>, Xshot e v\u00e1rios outros modelos. Desde ent\u00e3o, a empresa est\u00e1 indo bem no mercado de telefonia m\u00f3vel e surgiu na lista dos 10 melhores fabricantes de smartphones.<\/p>\n<p>Ent\u00e3o, voc\u00ea tem um celular Vivo e deu um aparelho da mesma marca para algum familiar que deseja espionar? Ou voc\u00ea quer espionar o celular Vivo de outra pessoa? Se sim, o Spymaster Pro \u00e9 o <strong>melhor aplicativo de monitoramento de celular<\/strong> que funciona perfeitamente nos smartphones Vivo para essa finalidade. Este software \u00e9 um dos melhores softwares de monitoramento de celular que \u00e9 mundialmente popular entre os pais que querem monitorar o celular de seus filhos, c\u00f4njuges que querem espionar um parceiro infiel e at\u00e9 mesmo patr\u00f5es que querem monitorar as atividades di\u00e1rias no celular de seus funcion\u00e1rios.<\/p>\n<p>Por\u00e9m, recomendamos aos nossos clientes para primeiro conhecer o software Spymaster Pro, se \u00e9 compat\u00edvel com o telefone que desejam espionar, como funciona e quais s\u00e3o as funcionalidades que o usu\u00e1rio poder\u00e1 ver do celular vigiado. Al\u00e9m disso, voc\u00ea tamb\u00e9m precisa verificar se o celular que deseja monitorar \u00e9 um Android ou iPhone, para poder comprar a vers\u00e3o certa do software.<\/p>\n<h2><strong>Como espionar um celular Vivo?<\/strong><\/h2>\n<p>O Spymaster Pro \u00e9 uma ferramenta eficiente que mant\u00e9m a paz de esp\u00edrito, ajudando voc\u00ea a se manter informado sobre as atividades do celular alvo em todos os momentos. Ele lhe permite monitorar todos os tipos de dados do celular Vivo, incluindo registros de chamadas, localiza\u00e7\u00e3o do GPS, mensagens de texto, hist\u00f3rico do navegador de Internet, redes sociais, e-mails e muito mais.<\/p>\n<p>Por isso, se voc\u00ea estiver curioso em rastrear as informa\u00e7\u00f5es do celular de algu\u00e9m, tudo isso sem tocar no celular, sem problemas: o <strong>Spymaster Pro<\/strong> est\u00e1 aqui para ajud\u00e1-lo. Basta seguir os passos abaixo para come\u00e7ar:<\/p>\n<p>1.Visite o site <a href=\"https:\/\/www.spymasterpro.com\/pt\/\" target=\"_blank\" rel=\"noopener noreferrer\"><strong>Spymaster Pro<\/strong><\/a> e crie uma conta<br \/>\n2.Selecione o pacote desejado, compre e v\u00e1 para a p\u00e1gina de check-out<br \/>\n3.Clique no link enviado para o seu endere\u00e7o de e-mail, que \u00e9 um arquivo APK<br \/>\n4.Use esse arquivo APK para instalar o software no celular alvo<br \/>\n5.Assim que o software for instalado, deixe o celular alvo de lado<br \/>\n6.Abra o painel de controle do Spymaster Pro onde voc\u00ea pode ver as atividades do celular de um usu\u00e1rio<\/p>\n<p>Spymaster Pro \u00e9 uma ferramenta de espionagem criada especificamente para monitorar um celular sem permitir que o usu\u00e1rio alvo saiba que o aparelho est\u00e1 sendo vigiado. O software monitora secretamente os dados do celular e envia tudo para o seu painel de controle. Esse \u00e9 um dos motivos que faz com que os usu\u00e1rios escolham este software. Por isso n\u00e3o perca tempo: compre o <strong>software e espione celulares Vivo<\/strong> usando o Spymaster Pro.<\/p>\n<div class=\"strip_btn feature_bottom text-xs-center\"><a class=\"blue_btn\" href=\"https:\/\/www.spymasterpro.com\/pt\/espiao-do-android\/\" target=\"_blank\" rel=\"noopener noreferrer\">Espiao Android<\/a> <a class=\"white_btn demo_btn\" href=\"https:\/\/www.spymasterpro.com\/pt\/compre-agora\/\" target=\"_blank\" rel=\"noopener noreferrer\">Compre Ahora<\/a><\/div>\n","protected":false},"excerpt":{"rendered":"<p>Os smartphones Vivo est\u00e3o bastante populares hoje em dia devido \u00e0s muitas funcionalidades, ao design e aos aplicativos que oferecem. Estabelecida em 2009 em Doangdong, a Vivo lan\u00e7ou v\u00e1rias marcas de celular como X5Max, V5 Plus, X5pro, V1 Max, Xshot e v\u00e1rios outros modelos. Desde ent\u00e3o, a empresa est\u00e1 indo bem no mercado de telefonia &hellip; <a href=\"https:\/\/www.spymasterpro.com\/pt\/como-espionar-celulares-vivo\/\" class=\"more-link\">Continue reading<span class=\"screen-reader-text\"> &#8220;Como espionar celulares Vivo&#8221;<\/span><\/a><\/p>\n","protected":false},"author":1,"featured_media":3066,"parent":0,"menu_order":0,"comment_status":"closed","ping_status":"closed","template":"","meta":{"_acf_changed":false,"footnotes":""},"class_list":["post-2791","page","type-page","status-publish","has-post-thumbnail","hentry"],"acf":[],"aioseo_notices":[],"_links":{"self":[{"href":"https:\/\/www.spymasterpro.com\/pt\/wp-json\/wp\/v2\/pages\/2791","targetHints":{"allow":["GET"]}}],"collection":[{"href":"https:\/\/www.spymasterpro.com\/pt\/wp-json\/wp\/v2\/pages"}],"about":[{"href":"https:\/\/www.spymasterpro.com\/pt\/wp-json\/wp\/v2\/types\/page"}],"author":[{"embeddable":true,"href":"https:\/\/www.spymasterpro.com\/pt\/wp-json\/wp\/v2\/users\/1"}],"replies":[{"embeddable":true,"href":"https:\/\/www.spymasterpro.com\/pt\/wp-json\/wp\/v2\/comments?post=2791"}],"version-history":[{"count":0,"href":"https:\/\/www.spymasterpro.com\/pt\/wp-json\/wp\/v2\/pages\/2791\/revisions"}],"wp:featuredmedia":[{"embeddable":true,"href":"https:\/\/www.spymasterpro.com\/pt\/wp-json\/wp\/v2\/media\/3066"}],"wp:attachment":[{"href":"https:\/\/www.spymasterpro.com\/pt\/wp-json\/wp\/v2\/media?parent=2791"}],"curies":[{"name":"wp","href":"https:\/\/api.w.org\/{rel}","templated":true}]}}