{"id":2779,"date":"2018-03-30T07:41:00","date_gmt":"2018-03-30T07:41:00","guid":{"rendered":"https:\/\/www.spymasterpro.com\/pt\/?page_id=2779"},"modified":"2022-07-22T15:34:38","modified_gmt":"2022-07-22T10:04:38","slug":"espione-um-samsung-galaxy-s9-usando-o-spymaster-pro","status":"publish","type":"page","link":"https:\/\/www.spymasterpro.com\/pt\/espione-um-samsung-galaxy-s9-usando-o-spymaster-pro\/","title":{"rendered":"Espionar Samsung Galaxy S9+ usando o Spymaster Pro!"},"content":{"rendered":"<p><img loading=\"lazy\" decoding=\"async\" class=\"aligncenter wp-image-3568 size-full\" title=\"Espionar Samsung Galaxy S9+ usando o Spymaster Pro\" src=\"https:\/\/www.spymasterpro.com\/pt\/wp-content\/uploads\/2020\/08\/Espionar-Samsung-Galaxy-S9-usando-o-Spymaster-Pro.png\" alt=\"Espionar Samsung Galaxy S9+ usando o Spymaster Pro\" width=\"650\" height=\"350\" srcset=\"https:\/\/www.spymasterpro.com\/pt\/wp-content\/uploads\/2020\/08\/Espionar-Samsung-Galaxy-S9-usando-o-Spymaster-Pro.png 650w, https:\/\/www.spymasterpro.com\/pt\/wp-content\/uploads\/2020\/08\/Espionar-Samsung-Galaxy-S9-usando-o-Spymaster-Pro-600x323.png 600w, https:\/\/www.spymasterpro.com\/pt\/wp-content\/uploads\/2020\/08\/Espionar-Samsung-Galaxy-S9-usando-o-Spymaster-Pro-300x162.png 300w\" sizes=\"auto, (max-width: 650px) 85vw, 650px\" \/><\/p>\n<p>Voc\u00ea j\u00e1 ouviu falar sobre um aplicativo espi\u00e3o eminente que pode ajud\u00e1-lo a espionar todos os dispositivos Android e iPhone? Vamos discutir sobre um mega gigante (Samsung) e seus mais recentes Smartphones lan\u00e7ados. Al\u00e9m disso, saiba sobre o melhor <a href=\"https:\/\/www.spymasterpro.com\/pt\/\" target=\"_blank\" rel=\"noopener noreferrer\"><strong>aplicativo espi\u00e3o de celular<\/strong><\/a> que lhe permite espionar Samsung Galaxy S9 plus.<\/p>\n<p>Ao escolher um celular para comprar, um nome que vem \u00e0 mente do cliente \u00e9 a Samsung. Sem d\u00favidas, a marca possui um nome importante no mercado de dispositivos m\u00f3veis, dando uma concorr\u00eancia dif\u00edcil para a Apple.<\/p>\n<p>Recentemente, tem havido muitas especula\u00e7\u00f5es no mercado em rela\u00e7\u00e3o aos pr\u00f3ximos aparelhos topo de gama da Samsung. Bem, para todos os f\u00e3s da marca que est\u00e3o curiosos para saber sobre esses celulares: a espera acabou. Recentemente, a <a href=\"https:\/\/www.samsung.com\/br\/\" target=\"_blank\" rel=\"noopener noreferrer\"><strong>Samsung<\/strong><\/a> lan\u00e7ou seus celulares topo de gama mais recentes Samsung Galaxy S9 e S9+ no mercado. Os clientes parecem estar muito animados com o produto. E por que n\u00e3o? A Samsung nunca decepcionou seus clientes quando se trata de usabilidade, funcionalidade e especifica\u00e7\u00f5es do celular.<\/p>\n<h2><strong>Samsung Galaxy S9 vs Samsung Galaxy S9+:<\/strong><\/h2>\n<p><strong>O Samsung Galaxy S9 e o S9+ n\u00e3o t\u00eam nenhuma altera\u00e7\u00e3o importante no aparelho. Ainda assim, algumas varia\u00e7\u00f5es em ambos s\u00e3o mencionadas abaixo:<\/strong><\/p>\n<ul>\n<li>Tamanho da tela: O Samsung Galaxy S9+ vem com uma tela maior de 6.2 polegadas, quando comparada com a de 5.8 do Samsung Galaxy S9<\/li>\n<li>Bateria: O Samsung Galaxy S9+ vem com uma bateria reserva de 3500 mAh, enquanto a vers\u00e3o S9 vem com uma bateria de 3000 mAh<\/li>\n<li>RAM: O Samsung Galaxy S9+ tem uma mem\u00f3ria RAM de 6 GB e a do Galaxy S9 \u00e9 de 4 GB<\/li>\n<li>Largura: Por \u00faltimo, a largura da variante S9+ \u00e9 de 189 gm e a do Samsung Galaxy S9 \u00e9 de 163 gm<\/li>\n<\/ul>\n<p>Ent\u00e3o, voc\u00ea comprou o celular para dar de presente a um ente querido ou est\u00e1 planejando fazer exatamente isso? Se n\u00e3o, compre um sem medo, pois o seu Spymaster Pro favorito \u00e9 compat\u00edvel com o Samsung Galaxy S9 Plus e S9.<\/p>\n<p>No nosso post antigo, anunciamos a compatibilidade do Spymaster Pro com o Samsung Galaxy S9. E a partir de agora que o Samsung Galaxy foi lan\u00e7ado no mercado, pensamos que seria uma boa ideia compartilhar essa not\u00edcia com voc\u00ea.<\/p>\n<h2><strong>Saiba como instalar o Spymaster Pro no Samsung Galaxy S9+:<\/strong><\/h2>\n<ul>\n<li>Para instalar o software no Samsung Galaxy S9+, voc\u00ea precisar\u00e1 ter acesso ao celular.<\/li>\n<li>Compre o software visitando o site <a href=\"https:\/\/www.spymasterpro.com\/pt\/\"><strong>www.spymasterpro.com\/pt<\/strong><\/a> e clicando no bot\u00e3o Comprar Agora.<\/li>\n<li>Depois disso, um e-mail de registro ser\u00e1 enviado para o endere\u00e7o de e-mail fornecido. Abra-o para baixar e instalar o software no celular que deseja monitorar.<\/li>\n<li>Quando terminar, voc\u00ea pode deixar o celular alvo de lado e passar a monitorar cada atividade desse aparelho a partir do seu computador, celular ou o aparelho que preferir.<\/li>\n<\/ul>\n<p><strong>Portanto, sem perder muito do seu tempo, compre este software hoje espionar Samsung Galaxy S9 Plus remotamente.<\/strong><\/p>\n<div class=\"strip_btn feature_bottom text-xs-center\"><a class=\"blue_btn\" href=\"https:\/\/www.spymasterpro.com\/pt\/espiao-do-android\/\">Espiao Android<\/a> <a class=\"white_btn demo_btn\" href=\"https:\/\/www.spymasterpro.com\/pt\/compre-agora\/\">Compre Ahora<\/a><\/div>\n<p><script type=\"application\/ld+json\">\n    {\n      \"@context\": \"https:\/\/schema.org\",\n      \"@type\": \"SoftwareApplication\",\n      \"name\" : \"Spymaster Pro\",\n  \t  \"image\" : \"https:\/\/www.spymasterpro.com\/pt\/wp-content\/uploads\/2020\/08\/Espionar-Samsung-Galaxy-S9-usando-o-Spymaster-Pro.png\",\n  \t  \"operatingSystem\": \"Windows 7, OSX 10.6, Android 1.6\",\n      \"applicationCategory\": \"BusinessApplication\",\n      \"featureList\": \"WhatsApp, Facebook, Espionar Samsung Galaxy S9 Plus\",\n      \"aggregateRating\": {\n        \"@type\": \"AggregateRating\",\n        \"ratingValue\": \"4.9\",\n        \"ratingCount\": \"56265\"\n      },\n      \"offers\": {\n        \"@type\": \"Offer\",\n        \"price\": \"31.7\",\n        \"priceCurrency\": \"R$\"\n      }\n    }\n    <\/script><\/p>\n","protected":false},"excerpt":{"rendered":"<p>Voc\u00ea j\u00e1 ouviu falar sobre um aplicativo espi\u00e3o eminente que pode ajud\u00e1-lo a espionar todos os dispositivos Android e iPhone? Vamos discutir sobre um mega gigante (Samsung) e seus mais recentes Smartphones lan\u00e7ados. Al\u00e9m disso, saiba sobre o melhor aplicativo espi\u00e3o de celular que lhe permite espionar Samsung Galaxy S9 plus. Ao escolher um celular &hellip; <a href=\"https:\/\/www.spymasterpro.com\/pt\/espione-um-samsung-galaxy-s9-usando-o-spymaster-pro\/\" class=\"more-link\">Continue reading<span class=\"screen-reader-text\"> &#8220;Espionar Samsung Galaxy S9+ usando o Spymaster Pro!&#8221;<\/span><\/a><\/p>\n","protected":false},"author":1,"featured_media":0,"parent":0,"menu_order":0,"comment_status":"closed","ping_status":"closed","template":"","meta":{"_acf_changed":false,"footnotes":""},"class_list":["post-2779","page","type-page","status-publish","hentry"],"acf":[],"aioseo_notices":[],"_links":{"self":[{"href":"https:\/\/www.spymasterpro.com\/pt\/wp-json\/wp\/v2\/pages\/2779","targetHints":{"allow":["GET"]}}],"collection":[{"href":"https:\/\/www.spymasterpro.com\/pt\/wp-json\/wp\/v2\/pages"}],"about":[{"href":"https:\/\/www.spymasterpro.com\/pt\/wp-json\/wp\/v2\/types\/page"}],"author":[{"embeddable":true,"href":"https:\/\/www.spymasterpro.com\/pt\/wp-json\/wp\/v2\/users\/1"}],"replies":[{"embeddable":true,"href":"https:\/\/www.spymasterpro.com\/pt\/wp-json\/wp\/v2\/comments?post=2779"}],"version-history":[{"count":0,"href":"https:\/\/www.spymasterpro.com\/pt\/wp-json\/wp\/v2\/pages\/2779\/revisions"}],"wp:attachment":[{"href":"https:\/\/www.spymasterpro.com\/pt\/wp-json\/wp\/v2\/media?parent=2779"}],"curies":[{"name":"wp","href":"https:\/\/api.w.org\/{rel}","templated":true}]}}