{"id":2587,"date":"2017-08-19T08:10:56","date_gmt":"2017-08-19T08:10:56","guid":{"rendered":"https:\/\/www.spymasterpro.com\/pt\/?page_id=2587"},"modified":"2020-09-02T13:12:13","modified_gmt":"2020-09-02T13:12:13","slug":"espiao-no-iphone-8","status":"publish","type":"page","link":"https:\/\/www.spymasterpro.com\/pt\/espiao-no-iphone-8\/","title":{"rendered":"Remotamente Espione um iPhone 8 Sem Jailbreak"},"content":{"rendered":"<p>Se voc\u00ea est\u00e1 se perguntando <strong>como espione um iPhone 8<\/strong>, ent\u00e3o voc\u00ea est\u00e1 no lugar certo. Leia at\u00e9 o final, como estaremos dizendo aqui uma maneira infal\u00edvel ao remotamente <strong>espione um iPhone 8<\/strong> <strong>Sem Jailbreak<\/strong>.<\/p>\n<p>Em 2007, a <strong>Apple<\/strong> apresentou seu primeiro iPhone e, desde ent\u00e3o, as vendas desse produto nunca pararam. Cerca de <strong>1 bilh\u00e3o<\/strong> de pessoas, de adolescentes a adultos, s\u00e3o clientes satisfeitos do iPhone. Por que n\u00e3o? A maioria dos usu\u00e1rios acredita que o aparelho tem uma interface intuitiva em compara\u00e7\u00e3o com outros celulares no mercado mundial de celulares.<\/p>\n<p>Por isso, se estiver pensando em comprar um iPhone 8 para seus entes queridos, aqui est\u00e1 uma boa novidade. Voc\u00ea pode monitorar o aparelho usando um aplicativo chamado <a href=\"https:\/\/www.spymasterpro.com\/pt\/\" target=\"_blank\" rel=\"noopener noreferrer\"><strong>SpymasterPro<\/strong><\/a>. A melhor parte deste aplicativo \u00e9 que ele n\u00e3o requer nenhum jailbreak para <strong>Espione um iPhone 8<\/strong>. Voc\u00ea s\u00f3 precisa das credenciais de login do celular alvo que estar\u00e1 remotamente ativo no seu pr\u00f3prio celular para visualizar as atividades do aparelho que estiver monitorando. Al\u00e9m disso, o celular de destino n\u00e3o ter\u00e1 como saber do software, pois n\u00e3o ser\u00e1 exibido nenhum \u00edcone.<\/p>\n<h2><strong>Precisa fazer alguma instala\u00e7\u00e3o?<\/strong><\/h2>\n<p><img loading=\"lazy\" decoding=\"async\" class=\"aligncenter wp-image-3573 size-large\" title=\"Precisa fazer alguma instala\u00e7\u00e3o\" src=\"https:\/\/www.spymasterpro.com\/pt\/wp-content\/uploads\/2020\/08\/Precisa-fazer-alguma-instala\u00e7\u00e3o-1024x285.png\" alt=\"Precisa fazer alguma instala\u00e7\u00e3o\" width=\"840\" height=\"234\" srcset=\"https:\/\/www.spymasterpro.com\/pt\/wp-content\/uploads\/2020\/08\/Precisa-fazer-alguma-instala\u00e7\u00e3o-1024x285.png 1024w, https:\/\/www.spymasterpro.com\/pt\/wp-content\/uploads\/2020\/08\/Precisa-fazer-alguma-instala\u00e7\u00e3o-600x167.png 600w, https:\/\/www.spymasterpro.com\/pt\/wp-content\/uploads\/2020\/08\/Precisa-fazer-alguma-instala\u00e7\u00e3o-300x84.png 300w, https:\/\/www.spymasterpro.com\/pt\/wp-content\/uploads\/2020\/08\/Precisa-fazer-alguma-instala\u00e7\u00e3o-768x214.png 768w, https:\/\/www.spymasterpro.com\/pt\/wp-content\/uploads\/2020\/08\/Precisa-fazer-alguma-instala\u00e7\u00e3o.png 1141w\" sizes=\"auto, (max-width: 709px) 85vw, (max-width: 909px) 67vw, (max-width: 1362px) 62vw, 840px\" \/><\/p>\n<p>N\u00e3o precisa fazer nenhuma instala\u00e7\u00e3o do SpyMasterPro, tampouco um <a href=\"https:\/\/www.spymasterpro.com\/pt\/espiao-iphone-sem-jailbreak\/\" target=\"_blank\" rel=\"noopener noreferrer\"><strong>jailbreak<\/strong><\/a>. Em vez disso, voc\u00ea s\u00f3 precisa obter as credenciais do iPhone, enviar os detalhes na sua conta e pronto. Comece a monitorar as atividades do celular alvo e saiba o que a pessoa est\u00e1 fazendo sem tocar no aparelho monitorado.<\/p>\n<p>Essa \u00e9 a melhor solu\u00e7\u00e3o para as pessoas que est\u00e3o preocupadas com a seguran\u00e7a dos seus entes queridos. N\u00e3o h\u00e1 necessidade de bisbilhotar o celular da outra pessoa. Seja discreto monitorando as atividades sem o seu conhecimento.<\/p>\n<h3><strong>Assim que comprar o software, voc\u00ea poder\u00e1 aproveitar os seguintes benef\u00edcios:<\/strong><\/h3>\n<ul>\n<li>Conversas do Facebook<\/li>\n<li>Mensagens do Whatsapp<\/li>\n<li>Registros de chamada<\/li>\n<li>Rastreamento Snapchat<\/li>\n<li>Seguimento Instagram<\/li>\n<li>Mensagens de texto e muito mais<\/li>\n<\/ul>\n<div class=\"strip_btn feature_bottom text-xs-center\"><a class=\"blue_btn\" href=\"https:\/\/www.spymasterpro.com\/pt\/espiao-iphone-sem-jailbreak\/\" target=\"_blank\" rel=\"noopener noreferrer\">Espiao iPhone<\/a> <a class=\"white_btn demo_btn\" href=\"https:\/\/www.spymasterpro.com\/pt\/compre-agora\/\" target=\"_blank\" rel=\"noopener noreferrer\">Compre Ahora<\/a><\/div>\n<p><script type=\"application\/ld+json\">\n    {\n      \"@context\": \"https:\/\/schema.org\",\n      \"@type\": \"SoftwareApplication\",\n      \"name\" : \"Spymaster Pro\",\n  \t  \"image\" : \"https:\/\/www.spymasterpro.com\/pt\/wp-content\/uploads\/2020\/08\/Remotamente-Espione-um-iPhone-8-Sem-Jailbreak.jpg\",\n  \t  \"operatingSystem\": \"Windows 7, OSX 10.6, Android 1.6\",\n      \"applicationCategory\": \"BusinessApplication\",\n      \"featureList\": \"WhatsApp, Facebook, Instagram\",\n      \"aggregateRating\": {\n        \"@type\": \"AggregateRating\",\n        \"ratingValue\": \"4.9\",\n        \"ratingCount\": \"23656\"\n      },\n      \"offers\": {\n        \"@type\": \"Offer\",\n        \"price\": \"33.29\",\n        \"priceCurrency\": \"R$\"\n      }\n    }\n    <\/script><\/p>\n","protected":false},"excerpt":{"rendered":"<p>Se voc\u00ea est\u00e1 se perguntando como espione um iPhone 8, ent\u00e3o voc\u00ea est\u00e1 no lugar certo. Leia at\u00e9 o final, como estaremos dizendo aqui uma maneira infal\u00edvel ao remotamente espione um iPhone 8 Sem Jailbreak. Em 2007, a Apple apresentou seu primeiro iPhone e, desde ent\u00e3o, as vendas desse produto nunca pararam. Cerca de 1 &hellip; <a href=\"https:\/\/www.spymasterpro.com\/pt\/espiao-no-iphone-8\/\" class=\"more-link\">Continue reading<span class=\"screen-reader-text\"> &#8220;Remotamente Espione um iPhone 8 Sem Jailbreak&#8221;<\/span><\/a><\/p>\n","protected":false},"author":1,"featured_media":3572,"parent":0,"menu_order":0,"comment_status":"closed","ping_status":"closed","template":"","meta":{"_acf_changed":false,"footnotes":""},"class_list":["post-2587","page","type-page","status-publish","has-post-thumbnail","hentry"],"acf":[],"aioseo_notices":[],"_links":{"self":[{"href":"https:\/\/www.spymasterpro.com\/pt\/wp-json\/wp\/v2\/pages\/2587","targetHints":{"allow":["GET"]}}],"collection":[{"href":"https:\/\/www.spymasterpro.com\/pt\/wp-json\/wp\/v2\/pages"}],"about":[{"href":"https:\/\/www.spymasterpro.com\/pt\/wp-json\/wp\/v2\/types\/page"}],"author":[{"embeddable":true,"href":"https:\/\/www.spymasterpro.com\/pt\/wp-json\/wp\/v2\/users\/1"}],"replies":[{"embeddable":true,"href":"https:\/\/www.spymasterpro.com\/pt\/wp-json\/wp\/v2\/comments?post=2587"}],"version-history":[{"count":0,"href":"https:\/\/www.spymasterpro.com\/pt\/wp-json\/wp\/v2\/pages\/2587\/revisions"}],"wp:featuredmedia":[{"embeddable":true,"href":"https:\/\/www.spymasterpro.com\/pt\/wp-json\/wp\/v2\/media\/3572"}],"wp:attachment":[{"href":"https:\/\/www.spymasterpro.com\/pt\/wp-json\/wp\/v2\/media?parent=2587"}],"curies":[{"name":"wp","href":"https:\/\/api.w.org\/{rel}","templated":true}]}}