{"id":2468,"date":"2017-06-27T11:00:48","date_gmt":"2017-06-27T11:00:48","guid":{"rendered":"https:\/\/www.spymasterpro.com\/pt\/?page_id=2468"},"modified":"2020-03-03T09:36:59","modified_gmt":"2020-03-03T09:36:59","slug":"espiao-de-facebook-para-iphone","status":"publish","type":"page","link":"https:\/\/www.spymasterpro.com\/pt\/espiao-de-facebook-para-iphone\/","title":{"rendered":"Espi\u00e3o de Facebook para iPhone"},"content":{"rendered":"<p>Usando o Spymaster Pro, qualquer um pode espionar remotamente as mensagens de Facebook do iPhone de outra pessoa. Esse software<a href=\"https:\/\/www.spymasterpro.com\/pt\/espiao-iphone\/\" target=\"_blank\" rel=\"noopener noreferrer\"><strong> espi\u00e3o de Facebook para iPhone<\/strong><\/a> permite que voc\u00ea controle todos os dados da pessoa alvo. \u00c9 muito r\u00e1pido e f\u00e1cil monitorar um iPhone com a ajuda desse software de monitoramento <strong>n\u00ba 1 no Brasil em 2019<\/strong>.<\/p>\n<p><strong>Com a ajuda da funcionalidade espi\u00e3o de Facebook do Spymaster Pro, voc\u00ea pode:<\/strong><\/p>\n<ul>\n<li>Ler todas as mensagens do Facebook da pessoa alvo<\/li>\n<li>Verificar os detalhes de contato das pessoas com quem ele conversa<\/li>\n<li>Ver a hora em que a mensagem foi enviada ou recebida<\/li>\n<\/ul>\n<p><strong>Como funciona?<\/strong><\/p>\n<p>O <a href=\"https:\/\/www.spymasterpro.com\/pt\/\" target=\"_blank\" rel=\"noopener noreferrer\"><strong>Spymaster Pro<\/strong><\/a> \u00e9 o melhor espi\u00e3o de Facebook para iPhone que funciona de maneira completamente oculta. Ele copia secretamente todos os dados do iPhone de destino e os envia para a conta do usu\u00e1rio. O usu\u00e1rio ent\u00e3o pode acessar essa conta em qualquer lugar a qualquer momento para ver todas as conversas do Facebook ou outros dados do celular da pessoa que est\u00e1 sendo monitorada. Basta seguir 2 passos para come\u00e7ar a espionar o Facebook no iPhone<strong><img loading=\"lazy\" decoding=\"async\" class=\"aligncenter\" title=\"Como funciona\" src=\"https:\/\/www.spymasterpro.com\/pt\/wp-content\/uploads\/2017\/06\/spymaster-working-iPhone-pt.png\" alt=\"Como funciona\" width=\"876\" height=\"266\" \/>Outras funcionalidades do Spymaster Pro:<\/strong><\/p>\n<p>Al\u00e9m de espionar o Facebook, voc\u00ea tamb\u00e9m pode ver os seguintes detalhes do celular alvo:<\/p>\n<ul>\n<li>Conversas e contatos do WhatsApp<\/li>\n<li>Mensagens de texto<\/li>\n<li>Registros de chamadas<\/li>\n<li>Contatos da agenda<\/li>\n<li>Fotos tiradas<\/li>\n<li>Seguimento Instagram<\/li>\n<li>Rastreamento Snapchat<\/li>\n<li>Emails<\/li>\n<li>Todas as mensagens exclu\u00eddas e muito mais<\/li>\n<\/ul>\n<div class=\"strip_btn feature_bottom text-xs-center\">\n<p><a class=\"white_btn demo_btn\" href=\"https:\/\/www.spymasterpro.com\/pt\/como-spymaster-pro-funciona\/\">Como spymaster funciona <\/a> <a class=\"blue_btn\" href=\"https:\/\/www.spymasterpro.com\/pt\/compre-agora\/\"> Compre Agora<\/a><\/p>\n<\/div>\n","protected":false},"excerpt":{"rendered":"<p>Usando o Spymaster Pro, qualquer um pode espionar remotamente as mensagens de Facebook do iPhone de outra pessoa. Esse software espi\u00e3o de Facebook para iPhone permite que voc\u00ea controle todos os dados da pessoa alvo. \u00c9 muito r\u00e1pido e f\u00e1cil monitorar um iPhone com a ajuda desse software de monitoramento n\u00ba 1 no Brasil em &hellip; <a href=\"https:\/\/www.spymasterpro.com\/pt\/espiao-de-facebook-para-iphone\/\" class=\"more-link\">Continue reading<span class=\"screen-reader-text\"> &#8220;Espi\u00e3o de Facebook para iPhone&#8221;<\/span><\/a><\/p>\n","protected":false},"author":1,"featured_media":3001,"parent":0,"menu_order":0,"comment_status":"closed","ping_status":"closed","template":"","meta":{"_acf_changed":false,"footnotes":""},"class_list":["post-2468","page","type-page","status-publish","has-post-thumbnail","hentry"],"acf":[],"aioseo_notices":[],"_links":{"self":[{"href":"https:\/\/www.spymasterpro.com\/pt\/wp-json\/wp\/v2\/pages\/2468","targetHints":{"allow":["GET"]}}],"collection":[{"href":"https:\/\/www.spymasterpro.com\/pt\/wp-json\/wp\/v2\/pages"}],"about":[{"href":"https:\/\/www.spymasterpro.com\/pt\/wp-json\/wp\/v2\/types\/page"}],"author":[{"embeddable":true,"href":"https:\/\/www.spymasterpro.com\/pt\/wp-json\/wp\/v2\/users\/1"}],"replies":[{"embeddable":true,"href":"https:\/\/www.spymasterpro.com\/pt\/wp-json\/wp\/v2\/comments?post=2468"}],"version-history":[{"count":0,"href":"https:\/\/www.spymasterpro.com\/pt\/wp-json\/wp\/v2\/pages\/2468\/revisions"}],"wp:featuredmedia":[{"embeddable":true,"href":"https:\/\/www.spymasterpro.com\/pt\/wp-json\/wp\/v2\/media\/3001"}],"wp:attachment":[{"href":"https:\/\/www.spymasterpro.com\/pt\/wp-json\/wp\/v2\/media?parent=2468"}],"curies":[{"name":"wp","href":"https:\/\/api.w.org\/{rel}","templated":true}]}}