{"id":2437,"date":"2017-06-23T12:58:20","date_gmt":"2017-06-23T12:58:20","guid":{"rendered":"https:\/\/www.spymasterpro.com\/pt\/?page_id=2437"},"modified":"2022-07-22T16:06:18","modified_gmt":"2022-07-22T10:36:18","slug":"espiao-de-facebook-no-android","status":"publish","type":"page","link":"https:\/\/www.spymasterpro.com\/pt\/espiao-de-facebook-no-android\/","title":{"rendered":"Espi\u00e3o de Facebook para Android"},"content":{"rendered":"<p>Com a ajuda do <strong>software de monitoramento n\u00ba 1 no Brasil<\/strong>, Spymaster Pro, a espionagem do Facebook no Android ficou mais f\u00e1cil que nunca. Isso \u00e9 o melhor espi\u00e3o de Facebook para Android que permite que voc\u00ea controle todas as mensagens do Facebook da pessoa alvo.<\/p>\n<p><strong>Com a ajuda da funcionalidade espi\u00e3o de Facebook do Spymaster Pro, voc\u00ea pode:<\/strong><\/p>\n<ul>\n<li>Ler todas as conversas do Facebook da pessoa alvo, enviadas e recebidas<\/li>\n<li>Verificar os detalhes de contato das pessoas com quem ele conversa<\/li>\n<li>Ver a hora em que a mensagem foi enviada ou recebida<\/li>\n<\/ul>\n<h2><strong>Como funciona?<\/strong><\/h2>\n<p><strong>O Spymaster Pro funciona em modo oculto<\/strong> e copia secretamente todos os dados do celular de destino e os envia para a conta do usu\u00e1rio. O usu\u00e1rio pode abrir essa conta em qualquer lugar a qualquer momento e ler todas as conversas do Facebook e outros dados do celular da pessoa que est\u00e1 sendo vigiada. Ele funciona sem qualquer problema e \u00e9 muito f\u00e1cil de usar.<\/p>\n<ul>\n<li>Compre o software <a href=\"https:\/\/www.spymasterpro.com\/pt\/software-espiao-facebook\/\" target=\"_blank\" rel=\"noopener noreferrer\"><strong>espi\u00e3o de Facebook<\/strong><\/a> para Android on-line<\/li>\n<li>Instale-o no celular Android que quiser monitorar, o que leva apenas 3-5 minutos<\/li>\n<li>Comece a <a href=\"https:\/\/www.spymasterpro.com\/pt\/software-espiao-facebook\/\">monitorar todas as mensagens do Facebook<\/a> na sua conta pessoal<\/li>\n<\/ul>\n<p><img loading=\"lazy\" decoding=\"async\" class=\"aligncenter\" title=\"Instala\u00e7\u00e3o do Spymaster Pro\" src=\"https:\/\/www.spymasterpro.com\/pt\/wp-content\/uploads\/2017\/06\/spymaster-working-android-pt.png\" alt=\"Instala\u00e7\u00e3o do Spymaster Pro\" width=\"911\" height=\"255\" \/><\/p>\n<h3><strong>Outras funcionalidades do Spymaster Pro:<\/strong><\/h3>\n<p>Al\u00e9m de espionar o Facebook, voc\u00ea tamb\u00e9m pode ver os seguintes detalhes do celular alvo:<\/p>\n<ul>\n<li>Conversas e contatos do WhatsApp<\/li>\n<li>Mensagens de texto<\/li>\n<li>Registros de chamadas<\/li>\n<li>Seguimento Instagram<\/li>\n<li>Rastreamento Snapchat<\/li>\n<li>Contatos da agenda<\/li>\n<li>Fotos tiradas<\/li>\n<li>Localiza\u00e7\u00e3o do GPS<\/li>\n<li>Emails<\/li>\n<li>Todas as mensagens exclu\u00eddas e muito mais..<\/li>\n<\/ul>\n<div class=\"strip_btn feature_bottom text-xs-center\">\n<a class=\"white_btn demo_btn\" href=\"https:\/\/www.spymasterpro.com\/pt\/como-spymaster-pro-funciona\/\">Como spymaster funciona <\/a> <a class=\"blue_btn\" href=\"https:\/\/www.spymasterpro.com\/pt\/compre-agora\/\"> Compre Agora<\/a>\n<\/div>\n<p><script type=\"application\/ld+json\">\n    {\n      \"@context\": \"https:\/\/schema.org\",\n      \"@type\": \"SoftwareApplication\",\n      \"name\" : \"Spymaster Pro\",\n  \t  \"image\" : \"https:\/\/www.spymasterpro.com\/pt\/wp-content\/uploads\/2018\/06\/Facebook-spy.jpg\",\n  \t  \"operatingSystem\": \"Windows 7, OSX 10.6, Android 1.6\",\n      \"applicationCategory\": \"BusinessApplication\",\n      \"featureList\": \"WhatsApp, Facebook, Android Rastreamento\",\n      \"aggregateRating\": {\n        \"@type\": \"AggregateRating\",\n        \"ratingValue\": \"4.9\",\n        \"ratingCount\": \"63256\"\n      },\n      \"offers\": {\n        \"@type\": \"Offer\",\n        \"price\": \"32.24\",\n        \"priceCurrency\": \"R$\"\n      }\n    }\n    <\/script><\/p>\n","protected":false},"excerpt":{"rendered":"<p>Com a ajuda do software de monitoramento n\u00ba 1 no Brasil, Spymaster Pro, a espionagem do Facebook no Android ficou mais f\u00e1cil que nunca. Isso \u00e9 o melhor espi\u00e3o de Facebook para Android que permite que voc\u00ea controle todas as mensagens do Facebook da pessoa alvo. Com a ajuda da funcionalidade espi\u00e3o de Facebook do &hellip; <a href=\"https:\/\/www.spymasterpro.com\/pt\/espiao-de-facebook-no-android\/\" class=\"more-link\">Continue reading<span class=\"screen-reader-text\"> &#8220;Espi\u00e3o de Facebook para Android&#8221;<\/span><\/a><\/p>\n","protected":false},"author":1,"featured_media":3031,"parent":0,"menu_order":0,"comment_status":"closed","ping_status":"closed","template":"","meta":{"_acf_changed":false,"footnotes":""},"class_list":["post-2437","page","type-page","status-publish","has-post-thumbnail","hentry"],"acf":[],"aioseo_notices":[],"_links":{"self":[{"href":"https:\/\/www.spymasterpro.com\/pt\/wp-json\/wp\/v2\/pages\/2437","targetHints":{"allow":["GET"]}}],"collection":[{"href":"https:\/\/www.spymasterpro.com\/pt\/wp-json\/wp\/v2\/pages"}],"about":[{"href":"https:\/\/www.spymasterpro.com\/pt\/wp-json\/wp\/v2\/types\/page"}],"author":[{"embeddable":true,"href":"https:\/\/www.spymasterpro.com\/pt\/wp-json\/wp\/v2\/users\/1"}],"replies":[{"embeddable":true,"href":"https:\/\/www.spymasterpro.com\/pt\/wp-json\/wp\/v2\/comments?post=2437"}],"version-history":[{"count":0,"href":"https:\/\/www.spymasterpro.com\/pt\/wp-json\/wp\/v2\/pages\/2437\/revisions"}],"wp:featuredmedia":[{"embeddable":true,"href":"https:\/\/www.spymasterpro.com\/pt\/wp-json\/wp\/v2\/media\/3031"}],"wp:attachment":[{"href":"https:\/\/www.spymasterpro.com\/pt\/wp-json\/wp\/v2\/media?parent=2437"}],"curies":[{"name":"wp","href":"https:\/\/api.w.org\/{rel}","templated":true}]}}