{"id":2429,"date":"2017-06-23T12:09:07","date_gmt":"2017-06-23T12:09:07","guid":{"rendered":"https:\/\/www.spymasterpro.com\/pt\/?page_id=2429"},"modified":"2020-08-18T11:12:04","modified_gmt":"2020-08-18T11:12:04","slug":"rastrear-celulares-android","status":"publish","type":"page","link":"https:\/\/www.spymasterpro.com\/pt\/rastrear-celulares-android\/","title":{"rendered":"Rastrear Celular Android"},"content":{"rendered":"<p>Quem quiser monitorar o celular Android de outra pessoa pode contar com a ajuda do Spymaster Pro, pois \u00e9 o melhor aplicativo de monitoramento de Android do Brasil no ano de 2017. \u00c9 muito r\u00e1pido e f\u00e1cil <strong>rastrear celular Android<\/strong> com a ajuda do Spymaster Pro. Quer voc\u00ea queira monitorar seu filho adolescente, c\u00f4njuge ou funcion\u00e1rio, o software apresenta detalhes de cada minuto do alvo na sua conta pessoal sem que ele saiba.<\/p>\n<p><strong>Rastrear celulares Android com o Spymaster Pro:<\/strong><\/p>\n<p><img loading=\"lazy\" decoding=\"async\" class=\"aligncenter wp-image-2980\" title=\"Rastrear Android\" src=\"https:\/\/www.spymasterpro.com\/pt\/wp-content\/uploads\/2018\/06\/PT-Rastrear-celulare-Android-2-300x291.jpg\" alt=\"Rastrear Android\" width=\"357\" height=\"346\" srcset=\"https:\/\/www.spymasterpro.com\/pt\/wp-content\/uploads\/2018\/06\/PT-Rastrear-celulare-Android-2-300x291.jpg 300w, https:\/\/www.spymasterpro.com\/pt\/wp-content\/uploads\/2018\/06\/PT-Rastrear-celulare-Android-2.jpg 388w\" sizes=\"auto, (max-width: 357px) 85vw, 357px\" \/><\/p>\n<p>O Spymaster Pro \u00e9 muito f\u00e1cil de usar e oferece fun\u00e7\u00f5es exclusivas. Depois de comprar esse software, dedique 3-4 minutos para instal\u00e1-lo no celular Android de destino e ent\u00e3o comece a monitorar todas as informa\u00e7\u00f5es no seu painel de controle. A pessoa que est\u00e1 sendo vigiada n\u00e3o desconfia de nada, pois o software trabalha em modo oculto em segundo plano. Ele nunca mostra qualquer \u00edcone ou notifica\u00e7\u00e3o para o usu\u00e1rio do celular.<\/p>\n<p><img loading=\"lazy\" decoding=\"async\" class=\"aligncenter size-full\" src=\"https:\/\/www.spymasterpro.com\/pt\/wp-content\/uploads\/2017\/06\/spymaster-working-android-pt.png\" alt=\"spymaster funciona: Espia android\" width=\"911\" height=\"255\" \/><\/p>\n<p><strong>Funcionalidades do software de monitoramento de Android:<\/strong><\/p>\n<p>Com a ajuda desse software, voc\u00ea pode ver secretamente as seguintes informa\u00e7\u00f5es do celular Android:<\/p>\n<p>1. Mensagens do Facebook<br \/>\n2. Conversas do WhatsApp<br \/>\n3. Registros de chamadas<br \/>\n4. Contatos da agenda<br \/>\n5. SMS<br \/>\n6. Seguimento Instagram<br \/>\n7. Fotos<br \/>\n8. Localiza\u00e7\u00e3o do GPS<br \/>\n9. Email<br \/>\n10. Hist\u00f3rico da Internet<br \/>\n11. <a href=\"https:\/\/www.spymasterpro.com\/pt\/espiao-snapchat\/\">Monitoramento do snapchat<\/a><\/p>\n<p>Voc\u00ea pode comprar esse software para rastrear celular Android dos seus entes queridos ou funcion\u00e1rios.<\/p>\n<div class=\"strip_btn feature_bottom text-xs-center\">\n<p><a class=\"white_btn demo_btn\" href=\"https:\/\/www.spymasterpro.com\/pt\/como-spymaster-pro-funciona\/\">Como spymaster funciona <\/a> <a class=\"blue_btn\" href=\"https:\/\/www.spymasterpro.com\/pt\/compre-agora\/\"> Compre Agora<\/a><\/p>\n<\/div>\n","protected":false},"excerpt":{"rendered":"<p>Quem quiser monitorar o celular Android de outra pessoa pode contar com a ajuda do Spymaster Pro, pois \u00e9 o melhor aplicativo de monitoramento de Android do Brasil no ano de 2017. \u00c9 muito r\u00e1pido e f\u00e1cil rastrear celular Android com a ajuda do Spymaster Pro. Quer voc\u00ea queira monitorar seu filho adolescente, c\u00f4njuge ou &hellip; <a href=\"https:\/\/www.spymasterpro.com\/pt\/rastrear-celulares-android\/\" class=\"more-link\">Continue reading<span class=\"screen-reader-text\"> &#8220;Rastrear Celular Android&#8221;<\/span><\/a><\/p>\n","protected":false},"author":1,"featured_media":2978,"parent":0,"menu_order":0,"comment_status":"closed","ping_status":"closed","template":"","meta":{"_acf_changed":false,"footnotes":""},"class_list":["post-2429","page","type-page","status-publish","has-post-thumbnail","hentry"],"acf":[],"aioseo_notices":[],"_links":{"self":[{"href":"https:\/\/www.spymasterpro.com\/pt\/wp-json\/wp\/v2\/pages\/2429","targetHints":{"allow":["GET"]}}],"collection":[{"href":"https:\/\/www.spymasterpro.com\/pt\/wp-json\/wp\/v2\/pages"}],"about":[{"href":"https:\/\/www.spymasterpro.com\/pt\/wp-json\/wp\/v2\/types\/page"}],"author":[{"embeddable":true,"href":"https:\/\/www.spymasterpro.com\/pt\/wp-json\/wp\/v2\/users\/1"}],"replies":[{"embeddable":true,"href":"https:\/\/www.spymasterpro.com\/pt\/wp-json\/wp\/v2\/comments?post=2429"}],"version-history":[{"count":0,"href":"https:\/\/www.spymasterpro.com\/pt\/wp-json\/wp\/v2\/pages\/2429\/revisions"}],"wp:featuredmedia":[{"embeddable":true,"href":"https:\/\/www.spymasterpro.com\/pt\/wp-json\/wp\/v2\/media\/2978"}],"wp:attachment":[{"href":"https:\/\/www.spymasterpro.com\/pt\/wp-json\/wp\/v2\/media?parent=2429"}],"curies":[{"name":"wp","href":"https:\/\/api.w.org\/{rel}","templated":true}]}}