{"id":2421,"date":"2017-06-22T13:12:21","date_gmt":"2017-06-22T13:12:21","guid":{"rendered":"https:\/\/www.spymasterpro.com\/pt\/?page_id=2421"},"modified":"2022-07-29T10:20:38","modified_gmt":"2022-07-29T04:50:38","slug":"rastrear-celular","status":"publish","type":"page","link":"https:\/\/www.spymasterpro.com\/pt\/rastrear-celular\/","title":{"rendered":"Rastreador de Cellular"},"content":{"rendered":"<p><img loading=\"lazy\" decoding=\"async\" class=\"aligncenter\" title=\"Rastreador de Cellular\" src=\"https:\/\/www.spymasterpro.com\/pt\/wp-content\/uploads\/2017\/06\/track-cellphone-3.png\" alt=\"Rastreador de Cellular\" width=\"794\" height=\"400\" \/><\/p>\n<p>Use o <a href=\"https:\/\/www.spymasterpro.com\/pt\/\" target=\"_blank\" rel=\"noopener noreferrer\">Spymaster Pro<\/a> para <strong>rastrear o celular<\/strong> de uma pessoa secretamente de uma localiza\u00e7\u00e3o remota sem tocar no celular alvo. Com esse software de monitoramento de celular, voc\u00ea pode acessar todos os detalhes da pessoa alvo que deseja vigiar. Quer voc\u00ea queira <a href=\"https:\/\/www.spymasterpro.com\/pt\/espiao-do-android\/\" target=\"_blank\" rel=\"noopener noreferrer\"><strong>rastrear um celular Android<\/strong><\/a> ou um iPhone, funciona perfeitamente para ambos. Tudo \u00e9 feito em modo oculto.<\/p>\n<h2><strong>Como rastrear um celular?<\/strong><\/h2>\n<p><img loading=\"lazy\" decoding=\"async\" class=\"aligncenter\" title=\"Como rastrear um celular\" src=\"https:\/\/www.spymasterpro.com\/pt\/wp-content\/uploads\/2017\/06\/spymaster-working-both-pt.png\" alt=\"Como rastrear um celular\" width=\"911\" height=\"255\" \/><\/p>\n<p>O <strong>Spymaster Pro \u00e9 o aplicativo de espionagem n\u00ba 1 no Brasil<\/strong> que funciona em modo oculto. Ele copia todos os dados do celular de destino e os envia para a conta pessoal do cliente, de onde este pode visualizar tudo a qualquer momento. A pessoa alvo n\u00e3o vai desconfiar de nada. Por isso dizemos que \u00e9 100% seguro. Al\u00e9m disso, todas as informa\u00e7\u00f5es fornecidas est\u00e3o diretamente conectadas com o celular do usu\u00e1rio, ent\u00e3o s\u00e3o corretas e genu\u00ednas com detalhes de hor\u00e1rio.<\/p>\n<p><strong>Use o Spymaster Pro para rastrear os detalhes do celular como:<\/strong><\/p>\n<p>1. Ler todas as mensagens SMS enviadas e recebidas<br \/>\n2. Ver todos os registros de chamadas com o tempo de dura\u00e7\u00e3o<br \/>\n3. Conferir os nomes e n\u00fameros salvos nos contatos da agenda<br \/>\n4. Ver todas as fotos armazenadas na mem\u00f3ria do celular<br \/>\n5. Rastrear conversas do WhatsApp<br \/>\n6. Ler todas as mensagens do Facebook<br \/>\n7. Ler conversas do Viber<br \/>\n8. Olhar todos os emails enviados e recebidos<br \/>\n9. Verificar o hist\u00f3rico completo da Internet para saber que tipo de conte\u00fado e sites a pessoa visita<br \/>\n10. Rastrear a localiza\u00e7\u00e3o exata do GPS da pessoa alvo<br \/>\n11. Todas as mensagens exclu\u00eddas<\/p>\n<p>Compre o software agora mesmo e comece a rastrear um celular Android ou iPhone de forma segura.<\/p>\n<div class=\"strip_btn feature_bottom text-xs-center\">\n<p><a class=\"white_btn demo_btn\" href=\"https:\/\/www.spymasterpro.com\/pt\/como-spymaster-pro-funciona\/\" target=\"_blank\" rel=\"noopener noreferrer\">Como spymaster funciona <\/a> <a class=\"blue_btn\" href=\"https:\/\/www.spymasterpro.com\/pt\/compre-agora\/\" target=\"_blank\" rel=\"noopener noreferrer\">Compre Agora<\/a><\/p>\n<\/div>\n<p><script type=\"application\/ld+json\">\n    {\n      \"@context\": \"https:\/\/schema.org\",\n      \"@type\": \"SoftwareApplication\",\n      \"name\" : \"Rastreador de Cellular\",\n  \t  \"image\" : \"https:\/\/www.spymasterpro.com\/pt\/wp-content\/uploads\/2017\/06\/track-cellphone-3.png\",\n  \t  \"operatingSystem\": \"Windows 7, OSX 10.6, Android 1.6\",\n      \"applicationCategory\": \"BusinessApplication\",\n      \"featureList\": \"WhatsApp, Facebook, Instagram\",\n      \"aggregateRating\": {\n        \"@type\": \"AggregateRating\",\n        \"ratingValue\": \"4.9\",\n        \"ratingCount\": \"26590\"\n      },\n      \"offers\": {\n        \"@type\": \"Offer\",\n        \"price\": \"7.99\",\n        \"priceCurrency\": \"USD\"\n      }\n    }\n    <\/script><\/p>\n","protected":false},"excerpt":{"rendered":"<p>Use o Spymaster Pro para rastrear o celular de uma pessoa secretamente de uma localiza\u00e7\u00e3o remota sem tocar no celular alvo. Com esse software de monitoramento de celular, voc\u00ea pode acessar todos os detalhes da pessoa alvo que deseja vigiar. Quer voc\u00ea queira rastrear um celular Android ou um iPhone, funciona perfeitamente para ambos. Tudo &hellip; <a href=\"https:\/\/www.spymasterpro.com\/pt\/rastrear-celular\/\" class=\"more-link\">Continue reading<span class=\"screen-reader-text\"> &#8220;Rastreador de Cellular&#8221;<\/span><\/a><\/p>\n","protected":false},"author":1,"featured_media":0,"parent":0,"menu_order":0,"comment_status":"closed","ping_status":"closed","template":"","meta":{"_acf_changed":false,"footnotes":""},"class_list":["post-2421","page","type-page","status-publish","hentry"],"acf":[],"aioseo_notices":[],"_links":{"self":[{"href":"https:\/\/www.spymasterpro.com\/pt\/wp-json\/wp\/v2\/pages\/2421","targetHints":{"allow":["GET"]}}],"collection":[{"href":"https:\/\/www.spymasterpro.com\/pt\/wp-json\/wp\/v2\/pages"}],"about":[{"href":"https:\/\/www.spymasterpro.com\/pt\/wp-json\/wp\/v2\/types\/page"}],"author":[{"embeddable":true,"href":"https:\/\/www.spymasterpro.com\/pt\/wp-json\/wp\/v2\/users\/1"}],"replies":[{"embeddable":true,"href":"https:\/\/www.spymasterpro.com\/pt\/wp-json\/wp\/v2\/comments?post=2421"}],"version-history":[{"count":0,"href":"https:\/\/www.spymasterpro.com\/pt\/wp-json\/wp\/v2\/pages\/2421\/revisions"}],"wp:attachment":[{"href":"https:\/\/www.spymasterpro.com\/pt\/wp-json\/wp\/v2\/media?parent=2421"}],"curies":[{"name":"wp","href":"https:\/\/api.w.org\/{rel}","templated":true}]}}