{"id":2274,"date":"2017-03-16T07:14:56","date_gmt":"2017-03-16T07:14:56","guid":{"rendered":"https:\/\/spymasterpro.com\/pt\/?page_id=2274"},"modified":"2019-02-20T11:03:03","modified_gmt":"2019-02-20T11:03:03","slug":"sobre-nos","status":"publish","type":"page","link":"https:\/\/www.spymasterpro.com\/pt\/sobre-nos\/","title":{"rendered":"SOBRE N\u00d3S"},"content":{"rendered":"<p><img decoding=\"async\" src=\"https:\/\/www.spymasterpro.com\/pt\/wp-content\/uploads\/2017\/04\/about_top_banner.jpg\" alt=\"img\" \/><\/p>\n<p style=\"text-align: justify;\">Spymaster Pro \u00e9 o principal especialista na \u00e1rea de solu\u00e7\u00f5es de supervis\u00e3o para celular. N\u00f3s oferecemos a melhor tecnologia de monitoramento de celular, garantindo que nossos clientes possam usar uma interface intuitiva. Sua jornada continua conosco mesmo ap\u00f3s a compra do produto. N\u00f3s acreditamos em um servi\u00e7o ao consumidor de alta qualidade, e \u00e9 por isso que temos uma equipe de pessoas dedicadas que est\u00e3o sempre prontas para responder as suas d\u00favidas.<\/p>\n<p style=\"text-align: justify;\">Depois de comprar esse aplicativo, al\u00e9m de ganhar o suporte de uma das empresas pioneiras nesse ramo, tamb\u00e9m estamos determinados em oferecer a melhor experi\u00eancia do usu\u00e1rio.<\/p>\n<p style=\"text-align: justify;\">Est\u00e1 procurando uma parceria com a nossa empresa? Voc\u00ea pode fazer isso atrav\u00e9s do nosso programa de afiliados. Caso precise de mais informa\u00e7\u00f5es nossas, entre em contato atrav\u00e9s do nosso site ou do telefone. Nossa equipe de servi\u00e7o ao consumidor est\u00e1 sempre pronta para responder as suas d\u00favidas. Para mais alguma quest\u00e3o, fale conosco por aqui.<\/p>\n","protected":false},"excerpt":{"rendered":"<p>Spymaster Pro \u00e9 o principal especialista na \u00e1rea de solu\u00e7\u00f5es de supervis\u00e3o para celular. N\u00f3s oferecemos a melhor tecnologia de monitoramento de celular, garantindo que nossos clientes possam usar uma interface intuitiva. Sua jornada continua conosco mesmo ap\u00f3s a compra do produto. N\u00f3s acreditamos em um servi\u00e7o ao consumidor de alta qualidade, e \u00e9 por &hellip; <a href=\"https:\/\/www.spymasterpro.com\/pt\/sobre-nos\/\" class=\"more-link\">Continue reading<span class=\"screen-reader-text\"> &#8220;SOBRE N\u00d3S&#8221;<\/span><\/a><\/p>\n","protected":false},"author":1,"featured_media":0,"parent":0,"menu_order":0,"comment_status":"closed","ping_status":"closed","template":"","meta":{"_acf_changed":false,"footnotes":""},"class_list":["post-2274","page","type-page","status-publish","hentry"],"acf":[],"aioseo_notices":[],"_links":{"self":[{"href":"https:\/\/www.spymasterpro.com\/pt\/wp-json\/wp\/v2\/pages\/2274","targetHints":{"allow":["GET"]}}],"collection":[{"href":"https:\/\/www.spymasterpro.com\/pt\/wp-json\/wp\/v2\/pages"}],"about":[{"href":"https:\/\/www.spymasterpro.com\/pt\/wp-json\/wp\/v2\/types\/page"}],"author":[{"embeddable":true,"href":"https:\/\/www.spymasterpro.com\/pt\/wp-json\/wp\/v2\/users\/1"}],"replies":[{"embeddable":true,"href":"https:\/\/www.spymasterpro.com\/pt\/wp-json\/wp\/v2\/comments?post=2274"}],"version-history":[{"count":0,"href":"https:\/\/www.spymasterpro.com\/pt\/wp-json\/wp\/v2\/pages\/2274\/revisions"}],"wp:attachment":[{"href":"https:\/\/www.spymasterpro.com\/pt\/wp-json\/wp\/v2\/media?parent=2274"}],"curies":[{"name":"wp","href":"https:\/\/api.w.org\/{rel}","templated":true}]}}