{"id":194,"date":"2014-02-11T07:03:26","date_gmt":"2014-02-11T07:03:26","guid":{"rendered":"https:\/\/www.spymasterpro.com\/pt\/?page_id=194"},"modified":"2023-03-21T12:36:51","modified_gmt":"2023-03-21T07:06:51","slug":"caracteristicas","status":"publish","type":"page","link":"https:\/\/www.spymasterpro.com\/pt\/caracteristicas\/","title":{"rendered":"FUNCIONALIDADES"},"content":{"rendered":"<div id=\"pl-194\" class=\"panel-layout\">\n<div id=\"pg-194-0\" class=\"panel-grid panel-no-style\">\n<div id=\"pgc-194-0-0\" class=\"panel-grid-cell\" data-weight=\"1\">\n<div id=\"panel-194-0-0-0\" class=\"so-panel widget widget_text panel-first-child\" data-index=\"0\">\n<h3 class=\"widget-title\">Banner<\/h3>\n<div class=\"textwidget\">\n<section id=\"new_feature_banner\">\n<div class=\"container\">\n<div class=\"row\">\n<div class=\"col-xl-8 col-lg-8 col-md-8 col-sm-12 iphone_right_point text-xs-center text-md-left\">\n<h6>SpymasterPro oferece<br \/>\n\t\t\t\t\t\t\t\t\t\tfuncionalidades incr\u00edveis<br \/>\n\t\t\t\t\t\t\t\t\t<\/h6>\n<div class=\"slider_btn\">\n\t\t\t\t\t\t\t\t\t\t<a class=\"blue_btn\" href=\"https:\/\/www.spymasterpro.com\/pt\/espiao-do-android\/\">Android <\/a> <a class=\"blue_btn demo_btn\" href=\"https:\/\/www.spymasterpro.com\/pt\/espiao-iphone-sem-jailbreak\/\">iPhone <\/a>\n\t\t\t\t\t\t\t\t\t<\/div>\n<\/p><\/div>\n<div class=\"col-xl-4 col-lg-4 col-md-4 hidden-sm-down iphone_left_img\">\n\t\t\t\t\t\t\t\t\t<img decoding=\"async\" src=\"..\/wp-content\/uploads\/2017\/02\/features_img.png\" alt=\"img\" \/>\n\t\t\t\t\t\t\t\t<\/div>\n<\/p><\/div>\n<\/p><\/div>\n<\/section><\/div>\n<\/p><\/div>\n<div id=\"panel-194-0-0-1\" class=\"so-panel widget widget_text panel-last-child\" data-index=\"1\">\n<h3 class=\"widget-title\">Features<\/h3>\n<div class=\"textwidget\">\n<section id=\"feature\">\n<div class=\"container\">\n<div class=\"new_feature_part row align-items-center\">\n<div class=\"col-12 col-md-3 text-center\">\n\t\t\t\t\t\t\t\t\t<img decoding=\"async\" src=\"https:\/\/www.spymasterpro.com\/pt\/wp-content\/uploads\/2019\/02\/tinder-feature.png\" alt=\"img\" \/>\n\t\t\t\t\t\t\t\t<\/div>\n<div class=\"col-12 col-md-9 text-center text-md-start feature_new\">\n<h5>TINDER RASTREAMENTO<\/h5>\n<p>\t\t\t\t\t\t\t\t\tEssa parte do software permitir\u00e1 que voc\u00ea tenha acesso total a todas as mensagens compartilhadas no celular do usu\u00e1rio-alvo em seu perfil do Tinder. Os detalhes de hora e data tamb\u00e9m estar\u00e3o dispon\u00edveis para voc\u00ea com este recurso.<br \/>\n\t\t\t\t\t\t\t\t\t<img decoding=\"async\" class=\"feature_line2\" src=\"..\/wp-content\/uploads\/2017\/02\/feature_line.png\" alt=\"img\" \/>\n\t\t\t\t\t\t\t\t<\/div>\n<\/p><\/div>\n<div class=\"new_feature_part row flex-row-reverse align-items-center\">\n<div class=\"col-12 col-md-3 text-center\">\n\t\t\t\t\t\t\t\t\t<img decoding=\"async\" src=\"https:\/\/www.spymasterpro.com\/pt\/wp-content\/uploads\/2019\/02\/kik-feature.png\" alt=\"img\" \/>\n\t\t\t\t\t\t\t\t<\/div>\n<div class=\"col-12 col-md-9 text-center text-md-start feature_new\">\n<h5>KIK RASTREAMENTO<\/h5>\n<p>\t\t\t\t\t\t\t\t\tOs bate-papos, fotos e v\u00eddeos estar\u00e3o diretamente dispon\u00edveis no seu painel do Spymaster Pro. O recurso de rastreamento ao vivo ajudar\u00e1 voc\u00ea a se manter pr\u00f3ximo do perfil Kik do usu\u00e1rio de destino.<br \/>\n\t\t\t\t\t\t\t\t\t<img decoding=\"async\" class=\"feature_line\" src=\"..\/wp-content\/uploads\/2017\/02\/feature_line.png\" alt=\"img\" \/>\n\t\t\t\t\t\t\t\t<\/div>\n<\/p><\/div>\n<div class=\"new_feature_part row align-items-center\">\n<div class=\"col-12 col-md-3 text-center\">\n\t\t\t\t\t\t\t\t\t<img decoding=\"async\" src=\"https:\/\/www.spymasterpro.com\/pt\/wp-content\/uploads\/2019\/02\/telegram-feature.png\" alt=\"img\" \/>\n\t\t\t\t\t\t\t\t<\/div>\n<div class=\"col-12 col-md-9 text-center text-md-start feature_new\">\n<h5>RASTREAMENTO DE TELEGRAMA<\/h5>\n<p>\t\t\t\t\t\t\t\t\tVoc\u00ea pode ver todos os bate-papos no perfil Telegram do usu\u00e1rio alvo atrav\u00e9s do Spymaster Pro. \u00c9 super f\u00e1cil e nunca alerta uma vez o usu\u00e1rio sobre os dados que est\u00e3o sendo enviados para o seu painel. Voc\u00ea receber\u00e1 os dados com detalhes de hora e data.<br \/>\n\t\t\t\t\t\t\t\t\t<img decoding=\"async\" class=\"feature_line2\" src=\"..\/wp-content\/uploads\/2017\/02\/feature_line.png\" alt=\"img\" \/>\n\t\t\t\t\t\t\t\t<\/div>\n<\/p><\/div>\n<div class=\"new_feature_part row flex-row-reverse align-items-center\">\n<div class=\"col-12 col-md-3 text-center\">\n\t\t\t\t\t\t\t\t\t<img decoding=\"async\" src=\"..\/wp-content\/uploads\/2017\/02\/feature_newicon1.png\" alt=\"img\" \/>\n\t\t\t\t\t\t\t\t<\/div>\n<div class=\"col-12 col-md-9 text-center text-md-start feature_new\">\n<h5>Rastreamento de SMS<\/h5>\n<p>\t\t\t\t\t\t\t\t\tUma das funcionalidades \u00fanicas que voc\u00ea recebe com o Spymaster Pro \u00e9 o monitoramento de SMS. Essa ferramenta lhe permite obter uma vis\u00e3o privilegiada de todas as mensagens de texto no celular monitorado. Dessa forma, voc\u00ea pode ler todas as mensagens; recebidas, enviadas ou exclu\u00eddas.<br \/>\n\t\t\t\t\t\t\t\t\t<img decoding=\"async\" class=\"feature_line\" src=\"..\/wp-content\/uploads\/2017\/02\/feature_line.png\" alt=\"img\" \/>\n\t\t\t\t\t\t\t\t<\/div>\n<\/p><\/div>\n<div class=\"new_feature_part row align-items-center\">\n<div class=\"col-12 col-md-3 text-center\">\n\t\t\t\t\t\t\t\t\t<img decoding=\"async\" src=\"..\/wp-content\/uploads\/2017\/02\/feature_newicon3.png\" alt=\"img\" \/>\n\t\t\t\t\t\t\t\t<\/div>\n<div class=\"col-12 col-md-9 text-center text-md-start feature_new\">\n<h5>Monitoramento de Chamadas<\/h5>\n<p>\t\t\t\t\t\t\t\t\tO usu\u00e1rio pode ver facilmente todas as chamadas recebidas e efetuadas pelo celular monitorado. As atividades de chamada do telefone ficar\u00e3o gravadas, e o usu\u00e1rio consegue ver todas as chamadas recebidas e efetuadas, o hor\u00e1rio, a dura\u00e7\u00e3o e muito mais.<br \/>\n\t\t\t\t\t\t\t\t\t<img decoding=\"async\" class=\"feature_line2\" src=\"..\/wp-content\/uploads\/2017\/02\/feature_line.png\" alt=\"img\" \/>\n\t\t\t\t\t\t\t\t<\/div>\n<\/p><\/div>\n<div class=\"new_feature_part row flex-row-reverse align-items-center\">\n<div class=\"col-12 col-md-3 text-center\">\n\t\t\t\t\t\t\t\t\t<img decoding=\"async\" src=\"..\/wp-content\/uploads\/2017\/02\/feature_newicon3.png\" alt=\"img\" \/>\n\t\t\t\t\t\t\t\t<\/div>\n<div class=\"col-12 col-md-9 text-center text-md-start feature_new\">\n<h5>Monitoramento da Localiza\u00e7\u00e3o via GPS<\/h5>\n<p>\t\t\t\t\t\t\t\t\tO Spymaster Pro permite visualizar a localiza\u00e7\u00e3o do celular monitorado seguindo-o no mapa. Desta forma, voc\u00ea pode ver facilmente todos os lugares por onde passa o telefone de destino!<br \/>\n\t\t\t\t\t\t\t\t\t<img decoding=\"async\" class=\"feature_line\" src=\"..\/wp-content\/uploads\/2017\/02\/feature_line.png\" alt=\"img\" \/>\n\t\t\t\t\t\t\t\t<\/div>\n<\/p><\/div>\n<div class=\"col-xl-12 strip_txt text-xs-center\">Obtenha o Spymaster Pro para Android por apenas $4,99 \/ m\u00eas<\/div>\n<div class=\"strip_btn feature_bottom text-xs-center\">\n\t\t\t\t\t\t\t\t<a class=\"white_btn demo_btn\" href=\"https:\/\/www.spymasterpro.com\/pt\/espiao-do-android\/\">Espi\u00e3o Android<\/a> <a class=\"blue_btn\" href=\"https:\/\/www.spymasterpro.com\/pt\/buynow\/\"> Compre Agora<\/a>\n\t\t\t\t\t\t\t<\/div>\n<div class=\"new_feature_part row align-items-center\">\n<div class=\"col-12 col-md-3 text-center\">\n\t\t\t\t\t\t\t\t\t<img decoding=\"async\" src=\"..\/wp-content\/uploads\/2017\/02\/feature_newicon6.png\" alt=\"img\" \/>\n\t\t\t\t\t\t\t\t<\/div>\n<div class=\"col-12 col-md-9 text-center text-md-start feature_new\">\n<h5>Rastreamento de E-mails<\/h5>\n<p>\t\t\t\t\t\t\t\t\tO Spymaster Pro \u00e9 um craque na \u00e1rea de interceptar mensagens e chamadas, bem como um especialista em monitorar e-mails! O usu\u00e1rio passa a poder ler todos os e-mails monitorados e a visualizar o seu conte\u00fado.<br \/>\n\t\t\t\t\t\t\t\t\t<img decoding=\"async\" class=\"feature_line2\" src=\"..\/wp-content\/uploads\/2017\/02\/feature_line.png\" alt=\"img\" \/>\n\t\t\t\t\t\t\t\t<\/div>\n<\/p><\/div>\n<div class=\"new_feature_part row flex-row-reverse align-items-center\">\n<div class=\"col-12 col-md-3 text-center\">\n\t\t\t\t\t\t\t\t\t<img decoding=\"async\" src=\"..\/wp-content\/uploads\/2017\/02\/feature_newicon7.png\" alt=\"img\" \/>\n\t\t\t\t\t\t\t\t<\/div>\n<div class=\"col-12 col-md-9 text-center text-md-start feature_new\">\n<h5>Monitoramento do WhatsApp<\/h5>\n<p>\t\t\t\t\t\t\t\t\tO Spymaster Pro \u00e9 proficiente quando se trata de interceptar mensagens, da mesma forma que copia todas as conversas que aconteceram no WhatsApp e as envia diretamente para o painel do usu\u00e1rio. Desta forma, voc\u00ea pode ler todas as conversas.<br \/>\n\t\t\t\t\t\t\t\t\t<img decoding=\"async\" class=\"feature_line\" src=\"..\/wp-content\/uploads\/2017\/02\/feature_line.png\" alt=\"img\" \/>\n\t\t\t\t\t\t\t\t<\/div>\n<\/p><\/div>\n<div class=\"new_feature_part row align-items-center\">\n<div class=\"col-12 col-md-3 text-center\">\n\t\t\t\t\t\t\t\t\t<img loading=\"lazy\" decoding=\"async\" src=\"https:\/\/www.spymasterpro.com\/pt\/wp-content\/uploads\/2022\/07\/facebooklogo.jpg\" alt=\"Facebook\" width=\"200\" height=\"163\" \/>\n\t\t\t\t\t\t\t\t<\/div>\n<div class=\"col-12 col-md-9 text-center text-md-start feature_new\">\n<h5>Monitoramento do Facebook<\/h5>\n<p>\t\t\t\t\t\t\t\t\tCom a ajuda do Spymaster Pro, voc\u00ea pode monitorar todas as conversas do Facebook do celular de destino. De uma maneira inteligente, ele busca os bate-papos do Facebook no telefone de destino e copia-os para o seu painel. Voc\u00ea pode ver todas as conversas com data e hora.<br \/>\n\t\t\t\t\t\t\t\t\t<img decoding=\"async\" class=\"feature_line2\" src=\"..\/wp-content\/uploads\/2017\/02\/feature_line.png\" alt=\"img\" \/>\n\t\t\t\t\t\t\t\t<\/div>\n<\/p><\/div>\n<div class=\"new_feature_part row flex-row-reverse align-items-center\">\n<div class=\"col-12 col-md-3 text-center\">\n\t\t\t\t\t\t\t\t\t<img decoding=\"async\" src=\"..\/wp-content\/uploads\/2017\/02\/feature_newicon10.png\" alt=\"img\" \/>\n\t\t\t\t\t\t\t\t<\/div>\n<div class=\"col-12 col-md-9 text-center text-md-start feature_new\">\n<h5>Acesso aos Contatos e Calend\u00e1rio<\/h5>\n<p>\t\t\t\t\t\t\t\t\tCom a ajuda do Spymaster Pro voc\u00ea pode verificar facilmente todos os contatos do celular monitorado. Todos os detalhes s\u00e3o fornecidos junto com os contatos, facilitando o seu monitoramento. Da mesma forma, voc\u00ea tamb\u00e9m poder\u00e1 ver as atividades do calend\u00e1rio.<br \/>\n\t\t\t\t\t\t\t\t\t<img decoding=\"async\" class=\"feature_line\" src=\"..\/wp-content\/uploads\/2017\/02\/feature_line.png\" alt=\"img\" \/>\n\t\t\t\t\t\t\t\t<\/div>\n<\/p><\/div>\n<div class=\"new_feature_part row align-items-center\">\n<div class=\"col-12 col-md-3 text-center\">\n\t\t\t\t\t\t\t\t\t<img decoding=\"async\" src=\"..\/wp-content\/uploads\/2017\/02\/feature_newicon11.png\" alt=\"img\" \/>\n\t\t\t\t\t\t\t\t<\/div>\n<div class=\"col-12 col-md-9 text-center text-md-start feature_new\">\n<h5>Monitoramento de Fotos<\/h5>\n<p>\t\t\t\t\t\t\t\t\tO Spymaster Pro permite acompanhar todos os arquivos de m\u00eddia do celular monitorado. Isso lhe d\u00e1 um acesso direto para o \u00e1lbum e voc\u00ea pode ver todas as imagens armazenados nele.<br \/>\n\t\t\t\t\t\t\t\t\t<img decoding=\"async\" class=\"feature_line2\" src=\"..\/wp-content\/uploads\/2017\/02\/feature_line.png\" alt=\"img\" \/>\n\t\t\t\t\t\t\t\t<\/div>\n<\/p><\/div>\n<div class=\"new_feature_part row flex-row-reverse align-items-center\">\n<div class=\"col-12 col-md-3 text-center\">\n\t\t\t\t\t\t\t\t\t<img decoding=\"async\" src=\"https:\/\/www.spymasterpro.com\/pt\/wp-content\/uploads\/2014\/02\/feature_1.png\" alt=\"img\" \/>\n\t\t\t\t\t\t\t\t<\/div>\n<div class=\"col-12 col-md-9 text-center text-md-start feature_new\">\n<h5>SNAPCHAT rastreamento<\/h5>\n<p>\t\t\t\t\t\t\t\t\tCom esse recurso, voc\u00ea pode ter total controle sobre as mensagens de texto que s\u00e3o trocadas pelo telefone alvo. Al\u00e9m disso, voc\u00ea pode acessar informa\u00e7\u00f5es completas como data e hora exatas em que os conversas foram trocadas.<br \/>\n\t\t\t\t\t\t\t\t\t<img decoding=\"async\" class=\"feature_line\" src=\"..\/wp-content\/uploads\/2017\/02\/feature_line.png\" alt=\"img\" \/>\n\t\t\t\t\t\t\t\t<\/div>\n<\/p><\/div>\n<div class=\"new_feature_part row align-items-center\">\n<div class=\"col-12 col-md-3 text-center\">\n\t\t\t\t\t\t\t\t\t<img decoding=\"async\" src=\"https:\/\/www.spymasterpro.com\/pt\/wp-content\/uploads\/2014\/02\/feature_2.png\" alt=\"img\" \/>\n\t\t\t\t\t\t\t\t<\/div>\n<div class=\"col-12 col-md-9 text-center text-md-start feature_new\">\n<h5>INSTAGRAM rastreamento<\/h5>\n<p>\t\t\t\t\t\t\t\t\tCom o Spymaster Pro, voc\u00ea pode ler as mensagens de bate-papo e tem controle total sobre os arquivos de m\u00eddia (fotos e v\u00eddeos) que s\u00e3o trocados pelo Android\/iPhone.<br \/>\n\t\t\t\t\t\t\t\t\t<img decoding=\"async\" class=\"feature_line2\" src=\"..\/wp-content\/uploads\/2017\/02\/feature_line.png\" alt=\"img\" \/>\n\t\t\t\t\t\t\t\t<\/div>\n<\/p><\/div>\n<div class=\"col-xl-12 strip_txt text-xs-center\">Obtenha o Spymaster Pro para iPhone por apenas $7,99 \/ m\u00eas<\/div>\n<div class=\"strip_btn feature_bottom text-xs-center\">\n\t\t\t\t\t\t\t\t<a class=\"white_btn demo_btn\" href=\"https:\/\/www.spymasterpro.com\/pt\/espiao-iphone-sem-jailbreak\/\">Espi\u00e3o iPhone<\/a> <a class=\"blue_btn\" href=\"https:\/\/www.spymasterpro.com\/pt\/buynow\/\"> Compre Agora<\/a>\n\t\t\t\t\t\t\t<\/div>\n<\/p><\/div>\n<\/section><\/div>\n<\/p><\/div>\n<\/p><\/div>\n<\/p><\/div>\n<\/div>\n","protected":false},"excerpt":{"rendered":"<p>Banner SpymasterPro oferece funcionalidades incr\u00edveis Android iPhone Features TINDER RASTREAMENTO Essa parte do software permitir\u00e1 que voc\u00ea tenha acesso total a todas as mensagens compartilhadas no celular do usu\u00e1rio-alvo em seu perfil do Tinder. Os detalhes de hora e data tamb\u00e9m estar\u00e3o dispon\u00edveis para voc\u00ea com este recurso. KIK RASTREAMENTO Os bate-papos, fotos e v\u00eddeos &hellip; <a href=\"https:\/\/www.spymasterpro.com\/pt\/caracteristicas\/\" class=\"more-link\">Continue reading<span class=\"screen-reader-text\"> &#8220;FUNCIONALIDADES&#8221;<\/span><\/a><\/p>\n","protected":false},"author":1,"featured_media":0,"parent":0,"menu_order":0,"comment_status":"open","ping_status":"open","template":"page-full.php","meta":{"_acf_changed":false,"footnotes":""},"class_list":["post-194","page","type-page","status-publish","hentry"],"acf":[],"aioseo_notices":[],"_links":{"self":[{"href":"https:\/\/www.spymasterpro.com\/pt\/wp-json\/wp\/v2\/pages\/194","targetHints":{"allow":["GET"]}}],"collection":[{"href":"https:\/\/www.spymasterpro.com\/pt\/wp-json\/wp\/v2\/pages"}],"about":[{"href":"https:\/\/www.spymasterpro.com\/pt\/wp-json\/wp\/v2\/types\/page"}],"author":[{"embeddable":true,"href":"https:\/\/www.spymasterpro.com\/pt\/wp-json\/wp\/v2\/users\/1"}],"replies":[{"embeddable":true,"href":"https:\/\/www.spymasterpro.com\/pt\/wp-json\/wp\/v2\/comments?post=194"}],"version-history":[{"count":7,"href":"https:\/\/www.spymasterpro.com\/pt\/wp-json\/wp\/v2\/pages\/194\/revisions"}],"predecessor-version":[{"id":4165,"href":"https:\/\/www.spymasterpro.com\/pt\/wp-json\/wp\/v2\/pages\/194\/revisions\/4165"}],"wp:attachment":[{"href":"https:\/\/www.spymasterpro.com\/pt\/wp-json\/wp\/v2\/media?parent=194"}],"curies":[{"name":"wp","href":"https:\/\/api.w.org\/{rel}","templated":true}]}}