{"id":19,"date":"2012-11-06T09:48:35","date_gmt":"2012-11-06T09:48:35","guid":{"rendered":"https:\/\/www.spymasterpro.com\/pt\/?page_id=19"},"modified":"2019-05-03T06:57:43","modified_gmt":"2019-05-03T06:57:43","slug":"espionagem-de-iphone","status":"publish","type":"page","link":"https:\/\/www.spymasterpro.com\/pt\/espionagem-de-iphone\/","title":{"rendered":"Espionagem de iPhone"},"content":{"rendered":"<p>Spymaster Pro \u00e9 um software inteligente de monitoramento de celular apropriado para monitorar iPhones. \u00c9 o software de monitoramento de iPhone mais confi\u00e1vel e poderoso que lhe permite vigiar cada atividade de um iPhone. N\u00e3o \u00e9 preciso instal\u00e1-lo no aparelho, muito menos fazer jailbreak. Receba atualiza\u00e7\u00f5es constantes de cada atividade no seu painel de controle a intervalos de alguns minutos sem tocar no celular. Simplesmente entre na sua conta do Spymaster Pro e comece a acessar o iPhonede destino usando suas credenciais do iCloud.<\/p>\n<p><strong>N\u00e3o deixe suas d\u00favidas pairarem, transforme-as em provas com o Spymaster Pro!<\/strong><\/p>\n<div class=\"pro_version_only\">\n<h2>FUNCIONALIDADES DO SPYMASTER PRO<\/h2>\n<\/div>\n<div class=\"content-1\">\n<h2 class=\"tracking\" style=\"font-size: 20px;\"><i class=\"fa fa-hand-o-right\" aria-hidden=\"true\"><\/i>Monitoramento de Chamadas<\/h2>\n<p>As chamadas recebidas e efetuadas s\u00e3o monitoradas. Voc\u00ea v\u00ea at\u00e9 mesmo os n\u00fameros e a dura\u00e7\u00e3o da chamada. Esse \u00e9 o tipo de prova que voc\u00ea precisa \u2013 fatos sem desculpas.<\/p>\n<\/div>\n<div class=\"content-1\">\n<h2 class=\"tracking\" style=\"font-size: 20px;\"><i class=\"fa fa-hand-o-right\" aria-hidden=\"true\"><\/i>Monitoramento de SMS<\/h2>\n<p>N\u00e3o s\u00e3o s\u00f3 os adolescentes que gostam de trocar mensagens. O Spymaster Pro rastreia e registra cada mensagem enviada e recebida no iPhone e apresenta a hora de cada uma.<\/p>\n<\/div>\n<div class=\"content-1\">\n<h2 class=\"tracking\" style=\"font-size: 20px;\"><i class=\"fa fa-hand-o-right\" aria-hidden=\"true\"><\/i>Rastreamento da Localiza\u00e7\u00e3o via GPS<\/h2>\n<p>O Spymaster Pro exibe facilmente todas as coordenadas da localiza\u00e7\u00e3o do iPhone que est\u00e1 sendo vigiado. Somente o Spymaster Pro oferece a verdade: onde ele estava? Quando esteve l\u00e1? Nosso software de Rastreamento de iPhone localiza o lugar exato do usu\u00e1rio e apresenta os resultados que voc\u00ea quer.<\/p>\n<\/div>\n<div class=\"content-1\">\n<h2 class=\"tracking\" style=\"font-size: 20px;\"><i class=\"fa fa-hand-o-right\" aria-hidden=\"true\"><\/i>Acesso aos Contatos<\/h2>\n<p>Quem tem o n\u00famero dele? Voc\u00ea precisa saber. \u00c9 poss\u00edvel monitorar todos os contatos armazenados na lista telef\u00f4nica do iPhone, assim voc\u00ea pode descobrir para que contato a pessoa est\u00e1 fazendo a maioria das chamadas.<\/p>\n<\/div>\n<p><!--\n\n\n<div class=\"content-1\">\n\n\n<h2 class=\"tracking\"><img decoding=\"async\" src=\"https:\/\/www.spymasterpro.com\/wp-content\/uploads\/2015\/04\/call-tracking.png\" alt=\"\" \/>Monitoramento de E-mails e Telefone<\/h2>\n\n\nTenha acesso aos conte\u00fados de cada e-mail enviado do telefone do seu empregado. As fotos clicadas por ele ser\u00e3o armazenadas em um lugar seguro de onde voc\u00ea possa recuperar em caso de necessidade.<\/div>\n\n\n\n\n<div class=\"view-more\"><a title=\"saber mais\" href=\"https:\/\/www.spymasterpro.com\/pt\/como-spymaster-pro-funciona\/\">saber mais<\/a><\/div>\n\n\n<!--p style=\"text-align:center; font-size:\"16px; float:\"left;\"><span style=\"font-size:18px; font-weight:bold; \">Atualmente apenas dispon\u00edvel para usu\u00e1rios Android!<\/span>\n<\/p-->\n<div class=\"content-1\">\n<h2 class=\"tracking\" style=\"font-size: 20px;\"><i class=\"fa fa-hand-o-right\" aria-hidden=\"true\"><\/i>Monitoramento do WhatsApp<\/h2>\n<p>Spymaster Pro \u00e9 um aplicativo de rastreamento do WhatsApp para ler toda a conversa dos seus filhos adolescentes ou de um c\u00f4njuge infiel. Ele tamb\u00e9m monitora fotos compartilhadas, juntamente com datas e horas.<\/p>\n<\/div>\n<div class=\"content-1\">\n<h2 class=\"tracking\" style=\"font-size: 20px;\"><i class=\"fa fa-hand-o-right\" aria-hidden=\"true\"><\/i>Monitoramento do Skype<\/h2>\n<p>Spymaster Pro \u00e9 um aplicativo de rastreamento do skype para ler toda a conversa dos seus filhos adolescentes ou de um c\u00f4njuge infiel. Ele tamb\u00e9m monitora fotos compartilhadas, juntamente com datas e horas.<\/p>\n<\/div>\n<div class=\"bigtext-red\">\nObtenha o Spymaster Pro por Apenas, R$4.99 por m\u00eas\n<\/div>\n<div class=\"big-button\">\n<a class=\"blue_btnandroid\" href=\"https:\/\/www.spymasterpro.com\/pt\/compre-agora\/\">Compre Agora<\/a>\n<\/div>\n","protected":false},"excerpt":{"rendered":"<p>Spymaster Pro \u00e9 um software inteligente de monitoramento de celular apropriado para monitorar iPhones. \u00c9 o software de monitoramento de iPhone mais confi\u00e1vel e poderoso que lhe permite vigiar cada atividade de um iPhone. N\u00e3o \u00e9 preciso instal\u00e1-lo no aparelho, muito menos fazer jailbreak. Receba atualiza\u00e7\u00f5es constantes de cada atividade no seu painel de controle &hellip; <a href=\"https:\/\/www.spymasterpro.com\/pt\/espionagem-de-iphone\/\" class=\"more-link\">Continue reading<span class=\"screen-reader-text\"> &#8220;Espionagem de iPhone&#8221;<\/span><\/a><\/p>\n","protected":false},"author":1,"featured_media":0,"parent":0,"menu_order":0,"comment_status":"open","ping_status":"closed","template":"","meta":{"_acf_changed":false,"footnotes":""},"class_list":["post-19","page","type-page","status-publish","hentry"],"acf":[],"aioseo_notices":[],"_links":{"self":[{"href":"https:\/\/www.spymasterpro.com\/pt\/wp-json\/wp\/v2\/pages\/19","targetHints":{"allow":["GET"]}}],"collection":[{"href":"https:\/\/www.spymasterpro.com\/pt\/wp-json\/wp\/v2\/pages"}],"about":[{"href":"https:\/\/www.spymasterpro.com\/pt\/wp-json\/wp\/v2\/types\/page"}],"author":[{"embeddable":true,"href":"https:\/\/www.spymasterpro.com\/pt\/wp-json\/wp\/v2\/users\/1"}],"replies":[{"embeddable":true,"href":"https:\/\/www.spymasterpro.com\/pt\/wp-json\/wp\/v2\/comments?post=19"}],"version-history":[{"count":0,"href":"https:\/\/www.spymasterpro.com\/pt\/wp-json\/wp\/v2\/pages\/19\/revisions"}],"wp:attachment":[{"href":"https:\/\/www.spymasterpro.com\/pt\/wp-json\/wp\/v2\/media?parent=19"}],"curies":[{"name":"wp","href":"https:\/\/api.w.org\/{rel}","templated":true}]}}