{"id":1799,"date":"2016-11-30T13:23:02","date_gmt":"2016-11-30T13:23:02","guid":{"rendered":"https:\/\/www.spymasterpro.com\/pt\/?page_id=1799"},"modified":"2016-11-30T13:23:02","modified_gmt":"2016-11-30T13:23:02","slug":"guia-de-download-do-software-de-espionagem-de-whatsapp","status":"publish","type":"page","link":"https:\/\/www.spymasterpro.com\/pt\/guia-de-download-do-software-de-espionagem-de-whatsapp\/","title":{"rendered":"Guia de download do software de espionagem de Whatsapp"},"content":{"rendered":"<p><img loading=\"lazy\" decoding=\"async\" class=\"aligncenter wp-image-719 size-full\" src=\"https:\/\/www.spymasterpro.com\/pt\/wp-content\/uploads\/2016\/11\/whats-app-android-download.jpg\" alt=\"Guia de download do software de espionagem de Whatsapp\" width=\"605\" height=\"287\" \/><\/p>\n<p>Voc\u00ea comprou o software? Se n\u00e3o, compre agora.<br \/>\nDepois de comprar o software de espionagem de Whatsapp do site Spymaster Pro, voc\u00ea receber\u00e1 autoriza\u00e7\u00e3o para baixar e instal\u00e1-lo no celular Android de destino. Lembre-se: n\u00e3o h\u00e1 necessidade de instalar o software se estiver espionando um iPhone. Esse processo \u00e9 diferente para os dois aparelhos. Vamos analisar o guia com cuidado.<br \/>\nEm caso de espionagem de Whatsapp para Android:<br \/>\n1.Compre o software do site.<br \/>\n2.Abra um email que foi enviado para voc\u00ea pelo Spymaster que inclui o link de download do software de espionagem de Whatsapp, um c\u00f3digo \u00fanico de registro e os detalhes de login para entrar na conta do Spymaster.<br \/>\n3.O pr\u00f3ximo passo \u00e9 baixar o software no celular Android de destino usando o link de download enviado.<br \/>\n4.O download e a instala\u00e7\u00e3o levar\u00e3o apenas 5 minutos. Deixe o celular. Veja os passos para instalar o Spymaster Pro no celular Android.<br \/>\n5.Agora volta para o seu pr\u00f3prio celular ou computador e entre na sua conta do Spymaster usando os detalhes de login enviados.<br \/>\n6.Um painel de controle ser\u00e1 aberto mostrando todos os detalhes do celular da pessoa alvo: conversas do Whatsapp, registros de chamadas, mensagens do Facebook, mensagens de texto, etc.<br \/>\nEspionagem de Whatsapp para Android<br \/>\nEm caso de espionagem de Whatsapp para iPhone:<br \/>\n1.A primeira coisa a fazer \u00e9 comprar o software de espionagem de iPhone do Spymaster Pro.<br \/>\n2.Abra um email que foi enviado para voc\u00ea pelo Spymaster que inclui os detalhes de login para entrar na conta do Spymaster.<br \/>\n3.Abra sua conta do Spymaster Pro em qualquer dispositivo usando os detalhes de login.<br \/>\n4.Durante o processo, voc\u00ea ser\u00e1 solicitado a introduzir as credenciais do iCloud do iPhone alvo.<br \/>\nNota: esteja preparado com as credenciais do iCloud do iPhone de destino com anteced\u00eancia<br \/>\nEspionagem de Whatsapp para iPhone<\/p>\n","protected":false},"excerpt":{"rendered":"<p>Voc\u00ea comprou o software? Se n\u00e3o, compre agora. Depois de comprar o software de espionagem de Whatsapp do site Spymaster Pro, voc\u00ea receber\u00e1 autoriza\u00e7\u00e3o para baixar e instal\u00e1-lo no celular Android de destino. Lembre-se: n\u00e3o h\u00e1 necessidade de instalar o software se estiver espionando um iPhone. Esse processo \u00e9 diferente para os dois aparelhos. Vamos &hellip; <a href=\"https:\/\/www.spymasterpro.com\/pt\/guia-de-download-do-software-de-espionagem-de-whatsapp\/\" class=\"more-link\">Continue reading<span class=\"screen-reader-text\"> &#8220;Guia de download do software de espionagem de Whatsapp&#8221;<\/span><\/a><\/p>\n","protected":false},"author":1,"featured_media":0,"parent":0,"menu_order":0,"comment_status":"closed","ping_status":"closed","template":"","meta":{"_acf_changed":false,"footnotes":""},"class_list":["post-1799","page","type-page","status-publish","hentry"],"acf":[],"aioseo_notices":[],"_links":{"self":[{"href":"https:\/\/www.spymasterpro.com\/pt\/wp-json\/wp\/v2\/pages\/1799","targetHints":{"allow":["GET"]}}],"collection":[{"href":"https:\/\/www.spymasterpro.com\/pt\/wp-json\/wp\/v2\/pages"}],"about":[{"href":"https:\/\/www.spymasterpro.com\/pt\/wp-json\/wp\/v2\/types\/page"}],"author":[{"embeddable":true,"href":"https:\/\/www.spymasterpro.com\/pt\/wp-json\/wp\/v2\/users\/1"}],"replies":[{"embeddable":true,"href":"https:\/\/www.spymasterpro.com\/pt\/wp-json\/wp\/v2\/comments?post=1799"}],"version-history":[{"count":0,"href":"https:\/\/www.spymasterpro.com\/pt\/wp-json\/wp\/v2\/pages\/1799\/revisions"}],"wp:attachment":[{"href":"https:\/\/www.spymasterpro.com\/pt\/wp-json\/wp\/v2\/media?parent=1799"}],"curies":[{"name":"wp","href":"https:\/\/api.w.org\/{rel}","templated":true}]}}