{"id":1793,"date":"2016-11-30T13:11:27","date_gmt":"2016-11-30T13:11:27","guid":{"rendered":"https:\/\/www.spymasterpro.com\/pt\/?page_id=1793"},"modified":"2016-11-30T13:11:27","modified_gmt":"2016-11-30T13:11:27","slug":"espionagem-de-whatsapp-para-iphone","status":"publish","type":"page","link":"https:\/\/www.spymasterpro.com\/pt\/espionagem-de-whatsapp-para-iphone\/","title":{"rendered":"Espionagem de Whatsapp para iPhone"},"content":{"rendered":"<p>A funcionalidade de espionagem de Whatsapp do Spymaster Pro ajuda voc\u00ea a espionar todas as mensagens do Whatsapp de aparelhos Android e iPhones. Leia todas as conversas do Whatsapp da pessoa alvo a qualquer momento, de qualquer lugar no mundo, sem tocar no iPhone dele(a). Voc\u00ea simplesmente precisa comprar o software e come\u00e7ar a monitorar.<\/p>\n<p><img loading=\"lazy\" decoding=\"async\" class=\"aligncenter wp-image-719 size-full\" src=\"https:\/\/www.spymasterpro.com\/pt\/wp-content\/uploads\/2016\/11\/iphone-whatsapp-spy-1.jpg\" alt=\"Espionagem de Whatsapp para iPhone\" width=\"605\" height=\"287\" \/><\/p>\n<p><strong>Monitoramento de Whatsapp no iPhone<\/strong><br \/>\nPara monitorar as conversas do Whatsapp do iPhone de destino, siga estes passos simples:<br \/>\n<strong>1.<\/strong> Compre o software do nosso site Spymaster Pro<br \/>\n<strong>2.<\/strong> Os detalhes de login ser\u00e3o enviados para voc\u00ea por email<br \/>\n<strong>3.<\/strong> Obtenha as credenciais do iCloud do iPhone de destino de forma inteligente<br \/>\n<strong>4.<\/strong> Entre na sua conta do Spymaster Pro usando os detalhes enviados e preencha as credenciais do iCloud quando for pedido durante o processo e pronto.<br \/>\nNota: N\u00e3o \u00e9 preciso instalar o software no iPhone. N\u00e3o precisa de jailbreak<br \/>\nComece a ler as mensagens do Whatsapp do iPhone alvo<\/p>\n<div class=\"bttn_12\">\n<div class=\"bttn_12\"><a href=\"https:\/\/www.spymasterpro.com\/demo\/\">DEMONSTRA\u00c7\u00c3O AO VIVO<\/a><\/div>\n<div class=\"spyfeaturebutton_101\"><a href=\"https:\/\/www.spymasterpro.com\/pt\/buynow\/\">COMPRE AGORA<\/a><\/div>\n<\/div>\n","protected":false},"excerpt":{"rendered":"<p>A funcionalidade de espionagem de Whatsapp do Spymaster Pro ajuda voc\u00ea a espionar todas as mensagens do Whatsapp de aparelhos Android e iPhones. Leia todas as conversas do Whatsapp da pessoa alvo a qualquer momento, de qualquer lugar no mundo, sem tocar no iPhone dele(a). Voc\u00ea simplesmente precisa comprar o software e come\u00e7ar a monitorar. &hellip; <a href=\"https:\/\/www.spymasterpro.com\/pt\/espionagem-de-whatsapp-para-iphone\/\" class=\"more-link\">Continue reading<span class=\"screen-reader-text\"> &#8220;Espionagem de Whatsapp para iPhone&#8221;<\/span><\/a><\/p>\n","protected":false},"author":1,"featured_media":0,"parent":0,"menu_order":0,"comment_status":"closed","ping_status":"closed","template":"","meta":{"_acf_changed":false,"footnotes":""},"class_list":["post-1793","page","type-page","status-publish","hentry"],"acf":[],"aioseo_notices":[],"_links":{"self":[{"href":"https:\/\/www.spymasterpro.com\/pt\/wp-json\/wp\/v2\/pages\/1793","targetHints":{"allow":["GET"]}}],"collection":[{"href":"https:\/\/www.spymasterpro.com\/pt\/wp-json\/wp\/v2\/pages"}],"about":[{"href":"https:\/\/www.spymasterpro.com\/pt\/wp-json\/wp\/v2\/types\/page"}],"author":[{"embeddable":true,"href":"https:\/\/www.spymasterpro.com\/pt\/wp-json\/wp\/v2\/users\/1"}],"replies":[{"embeddable":true,"href":"https:\/\/www.spymasterpro.com\/pt\/wp-json\/wp\/v2\/comments?post=1793"}],"version-history":[{"count":0,"href":"https:\/\/www.spymasterpro.com\/pt\/wp-json\/wp\/v2\/pages\/1793\/revisions"}],"wp:attachment":[{"href":"https:\/\/www.spymasterpro.com\/pt\/wp-json\/wp\/v2\/media?parent=1793"}],"curies":[{"name":"wp","href":"https:\/\/api.w.org\/{rel}","templated":true}]}}