{"id":1691,"date":"2016-07-11T10:50:24","date_gmt":"2016-07-11T10:50:24","guid":{"rendered":"https:\/\/www.spymasterpro.com\/pt\/?page_id=1691"},"modified":"2023-03-22T13:31:41","modified_gmt":"2023-03-22T08:01:41","slug":"seguro-para-usar","status":"publish","type":"page","link":"https:\/\/www.spymasterpro.com\/pt\/seguro-para-usar\/","title":{"rendered":"Seguro para usar"},"content":{"rendered":"<section id=\"inner_banner\">\n<div class=\"container\">\n<div class=\"row\">\n<div class=\"col-lg-6 col-md-6 col-sm-6 col-xs-7 text-xs-center spy_banner_txt\">\n<h1>Seguro para usar<\/h1>\n<h4 class=\"my-2\">100% de seguran\u00e7a garantida<\/h4>\n<\/div>\n<div class=\"col-lg-6 col-md-6 col-sm-6 col-xs-5 \"><img loading=\"lazy\" decoding=\"async\" class=\"alignnone\" title=\"Seguro para usar\" src=\"..\/wp-content\/uploads\/2017\/02\/spy_use_banner.png\" alt=\"Seguro para usar\" width=\"672\" height=\"435\" \/><\/div>\n<\/div>\n<\/div>\n<\/section>\n<p><!-- inner banner section end --><\/p>\n<p><!-- spy text part start --><\/p>\n<section id=\"about_content\">\n<div class=\"container\">\n<div class=\"row\">\n<div class=\"col-lg-9 col-md-9 col-sm-9 col-xs-9 about_para\">\n<h5><img decoding=\"async\" src=\"..\/wp-content\/uploads\/2017\/02\/safe_icon.png\" alt=\"icon1\" \/>Nenhum \u00edcone ser\u00e1 mostrado no celular alvo<\/h5>\n<p>este software \u00e9 inteligentemente concebido por especialistas que o tornaram invis\u00edvel. Ele faz seu trabalho em modo oculto, de modo que o usu\u00e1rio alvo nunca vai saber sobre a sua exist\u00eancia no aparelho.<\/p>\n<\/div>\n<div class=\"col-lg-3 col-md-3 col-sm-3 col-xs-3 about_img\"><img decoding=\"async\" src=\"..\/wp-content\/uploads\/2017\/02\/side_img1.png\" alt=\"img\" \/><\/div>\n<div class=\"col-lg-3 col-md-3 col-sm-3 col-xs-3 about_img2\"><img decoding=\"async\" src=\"..\/wp-content\/uploads\/2017\/02\/side_img2.png\" alt=\"img\" \/><\/div>\n<div class=\"col-lg-9 col-md-9 col-sm-9 col-xs-9 about_para\">\n<h5><img decoding=\"async\" src=\"..\/wp-content\/uploads\/2017\/02\/safe_icon2.png\" alt=\"icon1\" \/>O usu\u00e1rio alvo n\u00e3o faz ideia at\u00e9 que voc\u00ea lhe diga<\/h5>\n<p>a pessoa alvo pode nunca perceber que algu\u00e9m est\u00e1 secretamente de olho nela.<\/p>\n<\/div>\n<div class=\"col-lg-9 col-md-9 col-sm-9 col-xs-9 about_para\">\n<h5><img decoding=\"async\" src=\"..\/wp-content\/uploads\/2017\/02\/safe_icon3.png\" alt=\"icon1\" \/>O software funciona em modo oculto<\/h5>\n<p>3. este software copia silenciosamente cada detalhe do celular alvo e envia tudo para o seu painel de controle. Voc\u00ea pode entrar a qualquer momento na sua conta Spymaster Pro e ver tudo o que foi feito no celular da pessoa alvo.<\/p>\n<\/div>\n<div class=\"col-lg-3 col-md-3 col-sm-3 col-xs-3 about_img\"><img decoding=\"async\" src=\"..\/wp-content\/uploads\/2017\/02\/side_img3.png\" alt=\"img\" \/><\/div>\n<div class=\"col-lg-3 col-md-3 col-sm-3 col-xs-3 about_img2\"><img decoding=\"async\" src=\"..\/wp-content\/uploads\/2017\/02\/side_img4.png\" alt=\"img\" \/><\/div>\n<div class=\"col-lg-9 col-md-9 col-sm-9 col-xs-9 about_para\">\n<h5><img decoding=\"async\" src=\"..\/wp-content\/uploads\/2017\/02\/safe_icon4.png\" alt=\"icon1\" \/> Funciona remotamente<\/h5>\n<p>este software de monitoramento funciona remotamente, o que significa que voc\u00ea pode monitorar o seu alvo a partir de qualquer lugar do mundo, quer ele esteja numa viagem de neg\u00f3cios, na aula ou simplesmente descansando na sala ao lado. As atividades do celular dele est\u00e3o sempre vis\u00edveis para voc\u00ea na sua conta.<\/p>\n<\/div>\n<\/div>\n<\/div>\n<\/section>\n<p><!-- spy text part end --><\/p>\n<p><!-- bottom button part start --><\/p>\n<section id=\"blue_strip\">\n<div class=\"container-fluid\">\n<div class=\"row\">\n<div class=\"col-xl-12 strip_txt text-xs-center\">\n<p>Obtenha o Spymaster Pro para iPhone por apenas $9,99 \/ m\u00eas<\/p>\n<\/div>\n<div class=\"col-lg-12\">\n<div class=\"strip_btn feature_bottom text-xs-center\"><a class=\"white_btn\" href=\"https:\/\/www.spymasterpro.com\/pt\/caracteristicas\/\">FUNCIONALIDADES<\/a> <a class=\"white_btn demo_btn hidden-md-up\" href=\"https:\/\/www.spymasterpro.com\/pt\/buynow\/\">compre agora<\/a> <a class=\"white_btn demo_btn hidden-sm-down\" href=\"https:\/\/www.spymasterpro.com\/pt\/buynow\/\">compre agora<\/a><\/div>\n<\/div>\n<\/div>\n<\/div>\n<\/section>\n","protected":false},"excerpt":{"rendered":"<p>Seguro para usar 100% de seguran\u00e7a garantida Nenhum \u00edcone ser\u00e1 mostrado no celular alvo este software \u00e9 inteligentemente concebido por especialistas que o tornaram invis\u00edvel. Ele faz seu trabalho em modo oculto, de modo que o usu\u00e1rio alvo nunca vai saber sobre a sua exist\u00eancia no aparelho. O usu\u00e1rio alvo n\u00e3o faz ideia at\u00e9 que &hellip; <a href=\"https:\/\/www.spymasterpro.com\/pt\/seguro-para-usar\/\" class=\"more-link\">Continue reading<span class=\"screen-reader-text\"> &#8220;Seguro para usar&#8221;<\/span><\/a><\/p>\n","protected":false},"author":1,"featured_media":0,"parent":0,"menu_order":0,"comment_status":"closed","ping_status":"closed","template":"page-full.php","meta":{"_acf_changed":false,"footnotes":""},"class_list":["post-1691","page","type-page","status-publish","hentry"],"acf":[],"aioseo_notices":[],"_links":{"self":[{"href":"https:\/\/www.spymasterpro.com\/pt\/wp-json\/wp\/v2\/pages\/1691","targetHints":{"allow":["GET"]}}],"collection":[{"href":"https:\/\/www.spymasterpro.com\/pt\/wp-json\/wp\/v2\/pages"}],"about":[{"href":"https:\/\/www.spymasterpro.com\/pt\/wp-json\/wp\/v2\/types\/page"}],"author":[{"embeddable":true,"href":"https:\/\/www.spymasterpro.com\/pt\/wp-json\/wp\/v2\/users\/1"}],"replies":[{"embeddable":true,"href":"https:\/\/www.spymasterpro.com\/pt\/wp-json\/wp\/v2\/comments?post=1691"}],"version-history":[{"count":2,"href":"https:\/\/www.spymasterpro.com\/pt\/wp-json\/wp\/v2\/pages\/1691\/revisions"}],"predecessor-version":[{"id":4168,"href":"https:\/\/www.spymasterpro.com\/pt\/wp-json\/wp\/v2\/pages\/1691\/revisions\/4168"}],"wp:attachment":[{"href":"https:\/\/www.spymasterpro.com\/pt\/wp-json\/wp\/v2\/media?parent=1691"}],"curies":[{"name":"wp","href":"https:\/\/api.w.org\/{rel}","templated":true}]}}