{"id":142,"date":"2014-01-23T07:37:02","date_gmt":"2014-01-23T07:37:02","guid":{"rendered":"https:\/\/www.spymasterpro.com\/pt\/?page_id=142"},"modified":"2023-02-01T00:16:02","modified_gmt":"2023-01-31T18:46:02","slug":"espiao-whatsapp","status":"publish","type":"page","link":"https:\/\/www.spymasterpro.com\/pt\/espiao-whatsapp\/","title":{"rendered":"Monitoramento de WhatsApp"},"content":{"rendered":"<section id=\"whatsapp_spy_banner\">\n<div class=\"container\">\n<div class=\"row\">\n<div class=\"col-xl-9 col-lg-9 col-md-9 col-sm-12 iphone_right_point\">\n<h4><img decoding=\"async\" src=\"..\/wp-content\/uploads\/2017\/02\/whatsapp_icon.png\" alt=\"Whatsapp Tracking\" \/> Monitoramento de Whatsapp<\/h4>\n<h6>Use a funcionalidade de monitoramento de Whatsapp do Spymasterpro para ler todas as conversas secretamente.<\/h6>\n<ul>\n<li>Veja os registros de chamadas, localiza\u00e7\u00e3o, Whatsapp e muito mais.<\/li>\n<li>Compat\u00edvel com celular Android e iPhone.<\/li>\n<li>Acess\u00edvel de qualquer navegador de Internet.<\/li>\n<li>Suporte multil\u00edngue 24\/7.<\/li>\n<li>100% seguro e bem-sucedido.<\/li>\n<\/ul>\n<div class=\"slider_btn\"><a class=\"blue_btn\" href=\"https:\/\/www.spymasterpro.com\/pt\/caracteristicas\/\">FUNCIONALIDADES<\/a> <a class=\"blue_btn demo_btn\" href=\"https:\/\/www.spymasterpro.com\/demo\/\"><i class=\"fa fa-play\"><\/i> demonstra\u00e7\u00e3o<\/a><\/div>\n<\/p><\/div>\n<div class=\"col-xl-3 col-lg-3 col-md-3 hidden-sm-down iphone_left_img no_padding\"><img loading=\"lazy\" decoding=\"async\" class=\"alignnone\" title=\"Monitoramento de WhatsApp\" src=\"..\/wp-content\/uploads\/2017\/02\/phone_banner.png\" alt=\"Monitoramento de WhatsApp\" width=\"387\" height=\"442\" \/><\/div>\n<\/p><\/div>\n<\/p><\/div>\n<\/section>\n<section id=\"whatsapp_middel\">\n<div class=\"container\">\n<div class=\"row\">\n<div class=\"col-lg-3 col-md-3 col-sm-12 col-xs-12 text-xs-center about_img2\"><img loading=\"lazy\" decoding=\"async\" class=\"alignnone\" title=\"Monitoramento de Whatsapp para iPhone\" src=\"..\/wp-content\/uploads\/2017\/02\/mobile_img.png\" alt=\"Monitoramento de Whatsapp para iPhone\" width=\"326\" height=\"515\" \/><\/div>\n<div class=\"col-lg-9 col-md-9 col-sm-12 col-xs-12 inner_txt\">\n<h2>Monitoramento de Whatsapp para iPhone<\/h2>\n<p>\t\t\t\t\tPara monitorar as conversas do Whatsapp do iPhone de destino, siga estes passos simples:<\/p>\n<ul>\n<li>Compre o software e seus detalhes de login ser\u00e3o enviados a voc\u00ea por email<\/li>\n<li>Obtenha as credenciais doiClouddo iPhone alvo<\/li>\n<li>Use os detalhes de login que voc\u00ea recebeu para entrar na sua conta do Spymaster Pro e preencha essas credenciais quando for solicitado<\/li>\n<li>Comece a monitorar as conversas do Whatsapp da pessoa que deseja vigiar<\/li>\n<\/ul>\n<p>\t\t\t\t\t<strong>Observa\u00e7\u00e3o: N\u00e3o \u00e9 preciso instalar o software no iPhone<\/strong><\/p>\n<h4>Obtenha o Spymaster Pro para iPhone por apenas$7,99 \/ m\u00eas<\/h4>\n<div class=\"whatsapp_btns text-xs-center\"><a class=\"blue_btn\" href=\"https:\/\/www.spymasterpro.com\/pt\/espiao-iphone-sem-jailbreak\/\">Espi\u00e3o iPhone<\/a> <a class=\"blue_btn\" href=\"https:\/\/www.spymasterpro.com\/pt\/buynow\/\">Compre Agora<\/a><\/div>\n<\/p><\/div>\n<p>\t\t\t\t<img decoding=\"async\" class=\"shape2\" src=\"..\/wp-content\/uploads\/2017\/02\/arrow_shape2.png\" \/>\n\t\t<\/div>\n<\/p><\/div>\n<\/section>\n<section id=\"whatsapp_middel\">\n<div class=\"container\">\n<div class=\"row\">\n<div class=\"col-lg-9 col-md-9 col-sm-12 col-xs-12 inner_txt\">\n<h2>Monitoramento de Whatsapp para Android<\/h2>\n<p>\t\t\t\t\tPara vigiar as mensagens do Whatsapp do Android, complete os seguintes passos:<\/p>\n<ul>\n<li>Compre o software e os detalhes de login ser\u00e3o enviados a voc\u00ea por email<\/li>\n<li>Instale o software no Android alvo usando o link fornecido no email e deixe o celular<\/li>\n<li>Entre na sua conta a partir de qualquer dispositivo<\/li>\n<li>Comece a ler todas as mensagens do Whatsapp do celular Android que deseja vigiar<\/li>\n<\/ul>\n<h4>Obtenha o Spymaster Pro para Android Premium por apenas $5.99 \/ m\u00eas<\/h4>\n<div class=\"whatsapp_btns text-xs-center\"><a class=\"blue_btn\" href=\"https:\/\/www.spymasterpro.com\/pt\/espiao-do-android\/\">Espi\u00e3o Android<\/a> <a class=\"blue_btn\" href=\"https:\/\/www.spymasterpro.com\/pt\/buynow\/\">Compre Agora<\/a><\/div>\n<\/p><\/div>\n<div class=\"col-lg-3 col-md-3 col-sm-3 col-xs-3 about_img2 hidden-sm-down\"><img loading=\"lazy\" decoding=\"async\" class=\"alignnone\" title=\"Espi\u00e3o Android Compre Agora\" src=\"..\/wp-content\/uploads\/2017\/02\/mobile_img2.png\" alt=\"Espi\u00e3o Android Compre Agora\" width=\"185\" height=\"371\" \/><\/div>\n<\/p><\/div>\n<\/p><\/div>\n<div class=\"container\">\n<div class=\"row inner_txt\">\n<div class=\"col-md-12 showmlcontent\">\n<h3>Agora monitorize facilmente algu\u00e9m que utilize o WhatsApp a partir de uma aplica\u00e7\u00e3o Spymaster pro<\/h3>\n<p>\t\t\t\t\u00c9 necess\u00e1rio estar consciente dos passos essenciais para mitigar os riscos \u00e0 medida que a tecnologia avan\u00e7a. Com a inven\u00e7\u00e3o da Internet, dos meios de comunica\u00e7\u00e3o social, etc., h\u00e1 mais formas do que nunca de os estranhos se aproveitarem de pessoas inocentes. \u00c9 por isso que \u00e9 necess\u00e1rio ter o software espi\u00e3o Whatsapp para manter os seus entes queridos protegidos de tudo isto. Uma aplica\u00e7\u00e3o ou software WhatsApp tracker permite-lhe monitorizar, seguir e espiar as actividades do WhatsApp.<\/p>\n<div id=\"intro\" class=\"collapse\">\n<h3>O que torna necess\u00e1ria uma aplica\u00e7\u00e3o de rastreio WhatsApp?<\/h3>\n<p>\t\t\t\t\tH\u00e1 in\u00fameras raz\u00f5es pelas quais pode necessitar de uma aplica\u00e7\u00e3o de rastreio WhatsApp. Permite aos pais vigiar os seus filhos e assegurar-se de que n\u00e3o est\u00e3o a ser incomodados ou a conversar com estranhos. As empresas podem utilizar isto para controlar a produtividade dos funcion\u00e1rios e garantir que os segredos e dados essenciais da empresa n\u00e3o s\u00e3o revelados ao p\u00fablico.<\/p>\n<h3> Quais s\u00e3o as caracter\u00edsticas que um software espi\u00e3o Whatsapp inclui?<\/h3>\n<ol>\n<li><strong>Monitoriza\u00e7\u00e3o de chamadas<\/strong>: Pode monitorizar as chamadas das pessoas atrav\u00e9s da fun\u00e7\u00e3o de espiar registo de chamadas da WhatsApp nesta aplica\u00e7\u00e3o.<\/li>\n<li><strong>Observar a actividade de outras pessoas:<\/strong> <strong>Software de monitoriza\u00e7\u00e3o Whatsapp<\/strong> permite observar o que outras pessoas est\u00e3o a fazer ao telefone, o que est\u00e1 a ser discutido, e em que momento espec\u00edfico.<\/li>\n<li><strong>Compatibilidade<\/strong>: Estas aplica\u00e7\u00f5es de rastreio s\u00e3o tipicamente compat\u00edveis com todos os dispositivos, e n\u00e3o tem de root ou fazer jailbreak do seu telefone; pode usar a aplica\u00e7\u00e3o de espionagem WhatsApp para ios, android, e at\u00e9 mesmo num tablet.<\/li>\n<li><strong>Espiar nas conversas WhatsApp:<\/strong> Estas aplica\u00e7\u00f5es tamb\u00e9m permitem rastrear as mensagens WhatsApp, verificando todas as mensagens enviadas e recebidas juntamente com os seus registos de hora.<\/li>\n<\/ol>\n<p>\t\t\t\t\tFinalmente, poder\u00e1 tomar medidas apropriadas se vir algo que o fa\u00e7a desconfiar enquanto v\u00ea as conversas.<\/p>\n<h3>Vantagens da app spymaster pro<\/h3>\n<p>\t\t\t\t\tThere are numerous advantages to using the spymaster pro app that is mentioned below:<\/p>\n<ol>\n<li><strong> Receba alertas em tempo real: <\/strong>Com esta aplica\u00e7\u00e3o de rastreio, ir\u00e1 receber alertas sempre que uma conversa ou chamada WhatsApp for feita, permitindo-lhe tomar medidas imediatas se necess\u00e1rio.<\/li>\n<li><strong> Veja o registo de chamadas:<\/strong>Esta aplica\u00e7\u00e3o de rastreio ir\u00e1 permitir-lhe ver todos os registos de chamadas WhatsApp, o que lhe confere a possibilidade de ver quem fez a chamada, quando a chamada foi feita e quanto tempo durou a conversa.<\/li>\n<li><strong> F\u00e1cil de usar:<\/strong>Estas aplica\u00e7\u00f5es de rastreio s\u00e3o tipicamente simples de configurar e utilizar, pelo que poder\u00e1 come\u00e7ar a rastrear a actividade do WhatsApp rapidamente.<\/li>\n<li><strong> Informa\u00e7\u00e3o de localiza\u00e7\u00e3o: <\/strong>Com o rastreio GPS e o Geo-Fencing, pode ser determinada informa\u00e7\u00e3o detalhada sobre a localiza\u00e7\u00e3o.<\/li>\n<\/ol>\n<h3>Algumas coisas a procurar em aplica\u00e7\u00f5es de rastreio<\/h3>\n<p>\t\t\t\t\tQualquer que seja o motivo, h\u00e1 algumas caracter\u00edsticas a procurar numa aplica\u00e7\u00e3o de rastreio do WhatsApp antes de seleccionar uma.<\/p>\n<ul>\n<li>Antes de mais, a aplica\u00e7\u00e3o deve ser simples de utilizar. A sua utiliza\u00e7\u00e3o n\u00e3o deve requerer muitos conhecimentos t\u00e9cnicos.<\/li>\n<li>Em segundo lugar, a aplica\u00e7\u00e3o deve ser ocultada \u00e0 pessoa que est\u00e1 a ser seguida. A outra pessoa n\u00e3o deve ser capaz de saber que est\u00e1 a espi\u00e1-la. Em terceiro lugar, a aplica\u00e7\u00e3o deve monitorizar todas as actividades do WhatsApp, tais como chamadas, mensagens, e at\u00e9 fotografias e v\u00eddeos enviados e recebidos.<\/li>\n<\/ul>\n<h3>A app Spymaster pro abrange todas as coisas essenciais que s\u00e3o muito importantes nas aplica\u00e7\u00f5es de rastreio<\/h3>\n<p>\t\t\t\t\tDiga n\u00e3o ao cyberbullying e proteja os dispositivos dos seus filhos contra conte\u00fados nocivos. Livre-se dos burl\u00f5es e esteja sempre atento \u00e0s actividades online dos seus filhos. A Spymaster pro \u00e9 a resposta a todas as suas necessidades de rastreio, e obtenha-a hoje.\n    <\/p><\/div>\n<p>\t\t\t\t<button id=\"showbtn\" class=\"btnS blue_btn\" data-toggle=\"collapse\" data-target=\"#intro\">Show More<\/button><\/p><\/div>\n<\/p><\/div>\n<\/p><\/div>\n<\/section>\n<p><script type=\"application\/ld+json\">\n\t{\n\t  \"@context\": \"https:\/\/schema.org\",\n\t  \"@type\": \"SoftwareApplication\",\n\t  \"name\" : \"Monitoramento de Whatsapp\",\n\t \"image\" : \"https:\/\/www.spymasterpro.com\/pt\/wp-content\/uploads\/2017\/02\/phone_banner.png\",\n\t \"operatingSystem\": \"Windows 7, OSX 10.6, Android 1.6\",\n\t  \"applicationCategory\": \"BusinessApplication\",\n\t  \"featureList\": \"WhatsApp, Facebook, Instagram\",\n\t  \"aggregateRating\": {\n\t    \"@type\": \"AggregateRating\",\n\t    \"ratingValue\": \"4.8\",\n\t    \"ratingCount\": \"56896\"\n\t  },\n\t  \"offers\": {\n\t    \"@type\": \"Offer\",\n\t    \"price\": \"7.99\",\n\t    \"priceCurrency\": \"USD\"\n\t  }\n\t}\n<\/script><\/p>\n","protected":false},"excerpt":{"rendered":"<p>Monitoramento de Whatsapp Use a funcionalidade de monitoramento de Whatsapp do Spymasterpro para ler todas as conversas secretamente. Veja os registros de chamadas, localiza\u00e7\u00e3o, Whatsapp e muito mais. Compat\u00edvel com celular Android e iPhone. Acess\u00edvel de qualquer navegador de Internet. Suporte multil\u00edngue 24\/7. 100% seguro e bem-sucedido. FUNCIONALIDADES demonstra\u00e7\u00e3o Monitoramento de Whatsapp para iPhone Para &hellip; <a href=\"https:\/\/www.spymasterpro.com\/pt\/espiao-whatsapp\/\" class=\"more-link\">Continue reading<span class=\"screen-reader-text\"> &#8220;Monitoramento de WhatsApp&#8221;<\/span><\/a><\/p>\n","protected":false},"author":1,"featured_media":0,"parent":0,"menu_order":0,"comment_status":"open","ping_status":"open","template":"page-full.php","meta":{"_acf_changed":false,"footnotes":""},"class_list":["post-142","page","type-page","status-publish","hentry"],"acf":[],"aioseo_notices":[],"_links":{"self":[{"href":"https:\/\/www.spymasterpro.com\/pt\/wp-json\/wp\/v2\/pages\/142","targetHints":{"allow":["GET"]}}],"collection":[{"href":"https:\/\/www.spymasterpro.com\/pt\/wp-json\/wp\/v2\/pages"}],"about":[{"href":"https:\/\/www.spymasterpro.com\/pt\/wp-json\/wp\/v2\/types\/page"}],"author":[{"embeddable":true,"href":"https:\/\/www.spymasterpro.com\/pt\/wp-json\/wp\/v2\/users\/1"}],"replies":[{"embeddable":true,"href":"https:\/\/www.spymasterpro.com\/pt\/wp-json\/wp\/v2\/comments?post=142"}],"version-history":[{"count":12,"href":"https:\/\/www.spymasterpro.com\/pt\/wp-json\/wp\/v2\/pages\/142\/revisions"}],"predecessor-version":[{"id":4137,"href":"https:\/\/www.spymasterpro.com\/pt\/wp-json\/wp\/v2\/pages\/142\/revisions\/4137"}],"wp:attachment":[{"href":"https:\/\/www.spymasterpro.com\/pt\/wp-json\/wp\/v2\/media?parent=142"}],"curies":[{"name":"wp","href":"https:\/\/api.w.org\/{rel}","templated":true}]}}