{"id":1395,"date":"2016-01-15T06:48:25","date_gmt":"2016-01-15T06:48:25","guid":{"rendered":"https:\/\/www.spymasterpro.com\/pt\/?page_id=1395"},"modified":"2020-08-20T09:31:24","modified_gmt":"2020-08-20T09:31:24","slug":"rastreador-de-celular","status":"publish","type":"page","link":"https:\/\/www.spymasterpro.com\/pt\/rastreador-de-celular\/","title":{"rendered":"Software rastreador de celular"},"content":{"rendered":"<p><center><img loading=\"lazy\" decoding=\"async\" class=\"wp-image-3545 size-full aligncenter\" title=\"Software rastreador de celular\" src=\"https:\/\/www.spymasterpro.com\/pt\/wp-content\/uploads\/2020\/06\/Software-rastreador-de-celular.png\" alt=\"Software rastreador de celular\" width=\"605\" height=\"287\" srcset=\"https:\/\/www.spymasterpro.com\/pt\/wp-content\/uploads\/2020\/06\/Software-rastreador-de-celular.png 605w, https:\/\/www.spymasterpro.com\/pt\/wp-content\/uploads\/2020\/06\/Software-rastreador-de-celular-600x285.png 600w, https:\/\/www.spymasterpro.com\/pt\/wp-content\/uploads\/2020\/06\/Software-rastreador-de-celular-300x142.png 300w\" sizes=\"auto, (max-width: 605px) 85vw, 605px\" \/><\/center>Spymaster Pro \u00e9 uma das <strong>rastreador de celular<\/strong> testadas e confi\u00e1veis que garantem o monitoramento do local onde at\u00e9 mesmo os aplicativos baseados em GPS n\u00e3o funcionam. Al\u00e9m disso, o Spymaster Pro tem a vantagem de fornecer ferramentas adicionais de rastreamento de celular, de forma a garantir que voc\u00ea tenha os registros completos de todas as atividades que alguma vez existiram no celular que est\u00e1 sendo vigiado.<\/p>\n<p>O software rastreamento de celular registra todas as atividades e ao mesmo tempo envia os dados dessas atividades para o conta do usu\u00e1rio Spymaster Pro. Esse aplicativo \u00e9 compat\u00edvel com todos os tipos de smartphones, como o iPhone, Samsung, Sony, Micromax, etc. O Spymaster Pro \u00e9 reconhecido como o Software Rastreador de Celular mais abrangente, pois al\u00e9m de rastrear o dispositivo m\u00f3vel, ele tamb\u00e9m pode:<\/p>\n<ul>\n<li>Rever todos os e-mails e mensagens recebidas e enviadas<\/li>\n<li>Percorrer o hist\u00f3rico de navega\u00e7\u00e3o da internet<\/li>\n<li>Rastrear um celular at\u00e9 mesmo onde o tradicional GPS n\u00e3o funciona<\/li>\n<li>Monitorar conversas do WhatsApp com data e horas exatas<\/li>\n<li>Monitorar o bate-papo do Facebook Messenger<\/li>\n<li>Rastreamento Snapchat<\/li>\n<li>Seguimento Instagram<\/li>\n<\/ul>\n<div class=\"col-xl-12 col-xs-12 col-sm-12 col-md-12 strip_txt text-xs-center bigtext-red\">Obtenha o Spymaster B\u00e1sico por Apenas $4.99 por m\u00eas<\/div>\n<div class=\"strip_btn feature_bottom text-xs-center\"><a class=\"hidden-sm-down blue_btn\" href=\"https:\/\/spymasterpro.com\/demo\/\">Demonstra\u00e7\u00e3o ao vivo<\/a> <a class=\"hidden-sm-down white_btn demo_btn\" href=\"https:\/\/www.spymasterpro.com\/pt\/buynow\/\"> Compre Agora<br \/>\n<\/a> <a class=\"white_btn demo_btn hidden-md-up\" href=\"https:\/\/www.spymasterpro.com\/como-spymaster-pro-funciona\/\">saiba mais<\/a> <a class=\"white_btn demo_btn hidden-md-up\" href=\"https:\/\/www.spymasterpro.com\/buynow\"> Compre Agora<br \/>\n<\/a><\/div>\n","protected":false},"excerpt":{"rendered":"<p>Spymaster Pro \u00e9 uma das rastreador de celular testadas e confi\u00e1veis que garantem o monitoramento do local onde at\u00e9 mesmo os aplicativos baseados em GPS n\u00e3o funcionam. Al\u00e9m disso, o Spymaster Pro tem a vantagem de fornecer ferramentas adicionais de rastreamento de celular, de forma a garantir que voc\u00ea tenha os registros completos de todas &hellip; <a href=\"https:\/\/www.spymasterpro.com\/pt\/rastreador-de-celular\/\" class=\"more-link\">Continue reading<span class=\"screen-reader-text\"> &#8220;Software rastreador de celular&#8221;<\/span><\/a><\/p>\n","protected":false},"author":1,"featured_media":0,"parent":0,"menu_order":0,"comment_status":"closed","ping_status":"closed","template":"","meta":{"_acf_changed":false,"footnotes":""},"class_list":["post-1395","page","type-page","status-publish","hentry"],"acf":[],"aioseo_notices":[],"_links":{"self":[{"href":"https:\/\/www.spymasterpro.com\/pt\/wp-json\/wp\/v2\/pages\/1395","targetHints":{"allow":["GET"]}}],"collection":[{"href":"https:\/\/www.spymasterpro.com\/pt\/wp-json\/wp\/v2\/pages"}],"about":[{"href":"https:\/\/www.spymasterpro.com\/pt\/wp-json\/wp\/v2\/types\/page"}],"author":[{"embeddable":true,"href":"https:\/\/www.spymasterpro.com\/pt\/wp-json\/wp\/v2\/users\/1"}],"replies":[{"embeddable":true,"href":"https:\/\/www.spymasterpro.com\/pt\/wp-json\/wp\/v2\/comments?post=1395"}],"version-history":[{"count":0,"href":"https:\/\/www.spymasterpro.com\/pt\/wp-json\/wp\/v2\/pages\/1395\/revisions"}],"wp:attachment":[{"href":"https:\/\/www.spymasterpro.com\/pt\/wp-json\/wp\/v2\/media?parent=1395"}],"curies":[{"name":"wp","href":"https:\/\/api.w.org\/{rel}","templated":true}]}}