{"id":1385,"date":"2016-01-15T06:31:33","date_gmt":"2016-01-15T06:31:33","guid":{"rendered":"https:\/\/www.spymasterpro.com\/pt\/?page_id=1385"},"modified":"2019-05-09T07:06:08","modified_gmt":"2019-05-09T07:06:08","slug":"politica-de-reembolso","status":"publish","type":"page","link":"https:\/\/www.spymasterpro.com\/pt\/politica-de-reembolso\/","title":{"rendered":"Pol\u00edtica de Reembolso"},"content":{"rendered":"<p>De acordo com a Pol\u00edtica de Reembolso do Spymaster Pro, se as condi\u00e7\u00f5es seguintes forem verificadas, o usu\u00e1rio tem o direito de receber <b>um reembolso completo no prazo de 10 dias da compra<\/b>, apenas se os motivos diferirem das condi\u00e7\u00f5es mencionadas na Pol\u00edtica de Reembolso. Por favor, leia atentamente as seguintes condi\u00e7\u00f5es:<\/p>\n<p>Um usu\u00e1rio n\u00e3o ser\u00e1 eleg\u00edvel para receber um reembolso ap\u00f3s 10 dias da compra do software. Todas as reclama\u00e7\u00f5es precisam ser feitas e resolvidas dentro do prazo de reembolso, ou seja, 10 dias ap\u00f3s a compra do Spymaster Pro.<\/p>\n<p>O reembolso ser\u00e1 iniciado apenas uma vez. Se um usu\u00e1rio comprar outra licen\u00e7a do Spymaster Pro e depois pedir outro reembolso, o pedido ser\u00e1 negado.<\/p>\n<p>O reembolso ser\u00e1 iniciado apenas uma vez. Se um usu\u00e1rio comprar outra licen\u00e7a do Spymaster Pro e depois pedir outro reembolso, o pedido ser\u00e1 negado.<\/p>\n<p>O cliente n\u00e3o ter\u00e1 direito a qualquer reembolso, principalmente se o software sofrer uma atualiza\u00e7\u00e3o e ele n\u00e3o for atualizado no telefone de destino. Isso seria considerado culpa do cliente.<\/p>\n<p><b>O Spymaster Pro n\u00e3o processa nenhum pedido de reembolso para as seguintes condi\u00e7\u00f5es:<\/b><\/p>\n<ul>\n<li>Se o celular de destino n\u00e3o tiver uma conex\u00e3o ativa com a Internet, ou uma conex\u00e3o de outro tipo, por qualquer raz\u00e3o que seja.<\/li>\n<li>Se o usu\u00e1rio de celular alvo trocar o provedor de rede, interrompendo assim a conectividade com a Internet e resultando na perda de dados.<\/li>\n<li>Poss\u00edvel atualiza\u00e7\u00e3o do sistema operacional do celular de destino.<\/li>\n<li>Restaura\u00e7\u00e3o das configura\u00e7\u00f5es de f\u00e1brica no telefone de destino.<\/li>\n<li>Instala\u00e7\u00e3o incorreta de software por parte do cliente.<\/li>\n<li>Indisponibilidade do telefone de destino por parte do cliente.<\/li>\n<li>Raz\u00f5es pessoais indicando que o cliente quer um reembolso simplesmente por ter comprado por engano, etc.<\/li>\n<li><strong>Nenhum reembolso ser\u00e1 emitido para um usu\u00e1rio, caso a conta do usu\u00e1rio seja expirada.<\/strong><\/li>\n<\/ul>\n<p>Para qualquer d\u00favida ou pergunta, envie um e-mail para <a href=\"mailto:support@spymasterpro.com\"><b>support@spymasterpro.com<\/b><\/a><\/p>\n","protected":false},"excerpt":{"rendered":"<p>De acordo com a Pol\u00edtica de Reembolso do Spymaster Pro, se as condi\u00e7\u00f5es seguintes forem verificadas, o usu\u00e1rio tem o direito de receber um reembolso completo no prazo de 10 dias da compra, apenas se os motivos diferirem das condi\u00e7\u00f5es mencionadas na Pol\u00edtica de Reembolso. Por favor, leia atentamente as seguintes condi\u00e7\u00f5es: Um usu\u00e1rio n\u00e3o &hellip; <a href=\"https:\/\/www.spymasterpro.com\/pt\/politica-de-reembolso\/\" class=\"more-link\">Continue reading<span class=\"screen-reader-text\"> &#8220;Pol\u00edtica de Reembolso&#8221;<\/span><\/a><\/p>\n","protected":false},"author":1,"featured_media":0,"parent":0,"menu_order":0,"comment_status":"closed","ping_status":"closed","template":"","meta":{"_acf_changed":false,"footnotes":""},"class_list":["post-1385","page","type-page","status-publish","hentry"],"acf":[],"aioseo_notices":[],"_links":{"self":[{"href":"https:\/\/www.spymasterpro.com\/pt\/wp-json\/wp\/v2\/pages\/1385","targetHints":{"allow":["GET"]}}],"collection":[{"href":"https:\/\/www.spymasterpro.com\/pt\/wp-json\/wp\/v2\/pages"}],"about":[{"href":"https:\/\/www.spymasterpro.com\/pt\/wp-json\/wp\/v2\/types\/page"}],"author":[{"embeddable":true,"href":"https:\/\/www.spymasterpro.com\/pt\/wp-json\/wp\/v2\/users\/1"}],"replies":[{"embeddable":true,"href":"https:\/\/www.spymasterpro.com\/pt\/wp-json\/wp\/v2\/comments?post=1385"}],"version-history":[{"count":0,"href":"https:\/\/www.spymasterpro.com\/pt\/wp-json\/wp\/v2\/pages\/1385\/revisions"}],"wp:attachment":[{"href":"https:\/\/www.spymasterpro.com\/pt\/wp-json\/wp\/v2\/media?parent=1385"}],"curies":[{"name":"wp","href":"https:\/\/api.w.org\/{rel}","templated":true}]}}