{"id":1312,"date":"2015-12-29T12:01:03","date_gmt":"2015-12-29T12:01:03","guid":{"rendered":"https:\/\/www.spymasterpro.com\/pt\/?page_id=1312"},"modified":"2019-08-07T05:54:44","modified_gmt":"2019-08-07T05:54:44","slug":"iphone-instalacao","status":"publish","type":"page","link":"https:\/\/www.spymasterpro.com\/pt\/iphone-instalacao\/","title":{"rendered":"Instala\u00e7\u00e3o em iPhone"},"content":{"rendered":"<h4 style=\"text-align: left;\">Guia de Instala\u00e7\u00e3o para iPhones<\/h4>\n<p align=\"justify\">Bem-vindo ao guia de instala\u00e7\u00e3o do Spymaster Pro para iPhones. O Spymaster Pro introduziu um processo muito conveniente para a instala\u00e7\u00e3o no iPhone. Ao comprar um software, voc\u00ea recebe um link para entrar no site e criar um nome de usu\u00e1rio e senha.<\/p>\n<p><strong>Link: \u201c <a href=\"https:\/\/senseye.spymasterpro.com\/main_admin\/login.php\">https:\/\/senseye.spymasterpro.com\/main_admin\/login.php<\/a>\u201d <\/strong><\/p>\n<p>Entre nessa p\u00e1gina usando o nome de usu\u00e1rio e senha. Ap\u00f3s o login, voc\u00ea ser\u00e1 redirecionado para o seu painel de controle\/painel. A partir da\u00ed, siga os seguintes passos:<\/p>\n<p><b>Passo 1: Clique no iPhone<\/b><br \/>\n<img loading=\"lazy\" decoding=\"async\" class=\"alignright wp-image-1596 size-large\" title=\"Instala\u00e7\u00e3o em iPhone\" src=\"https:\/\/www.spymasterpro.com\/pt\/wp-content\/uploads\/2015\/12\/1-1-1024x705.png\" alt=\"Instala\u00e7\u00e3o em iPhone\" width=\"840\" height=\"578\" srcset=\"https:\/\/www.spymasterpro.com\/pt\/wp-content\/uploads\/2015\/12\/1-1-1024x705.png 1024w, https:\/\/www.spymasterpro.com\/pt\/wp-content\/uploads\/2015\/12\/1-1-600x413.png 600w, https:\/\/www.spymasterpro.com\/pt\/wp-content\/uploads\/2015\/12\/1-1-300x207.png 300w, https:\/\/www.spymasterpro.com\/pt\/wp-content\/uploads\/2015\/12\/1-1-768x529.png 768w, https:\/\/www.spymasterpro.com\/pt\/wp-content\/uploads\/2015\/12\/1-1-1200x826.png 1200w, https:\/\/www.spymasterpro.com\/pt\/wp-content\/uploads\/2015\/12\/1-1.png 1287w\" sizes=\"auto, (max-width: 709px) 85vw, (max-width: 909px) 67vw, (max-width: 1362px) 62vw, 840px\" \/><\/p>\n<p><b>Passo 2: Em seguida, configure o dispositivo. Para isso, verifique se o backup atrav\u00e9s do iCloud do iPhone alvo est\u00e1 habilitado (ON).<\/b><\/p>\n<ul>\n<li>Se sim, clique no bot\u00e3o \u201cNEXT\u201d.<\/li>\n<li>Se n\u00e3o, ative-o e, em seguida, clique no bot\u00e3o \u201cNEXT\u201d.<\/li>\n<\/ul>\n<p>Voc\u00ea ser\u00e1 redirecionado para a p\u00e1gina da conta iCloud. (Nota: \u00e9 obrigad\u00f3rio que o backup via iCloud esteja ativo).<br \/>\n<img loading=\"lazy\" decoding=\"async\" class=\"aligncenter size-full wp-image-4491\" src=\"https:\/\/www.spymasterpro.com\/pt\/wp-content\/uploads\/2017\/04\/2-nw.png\" alt=\"2 -nw\" width=\"999\" height=\"1125\" \/><\/p>\n<p><b>Passo 3: Entre com as credenciais do iCloud do iPhone alvo, ou seja, seu nome de usu\u00e1rio e senha.<\/b><\/p>\n<p><img loading=\"lazy\" decoding=\"async\" class=\"alignright wp-image-1597 size-large\" src=\"https:\/\/www.spymasterpro.com\/pt\/wp-content\/uploads\/2015\/12\/3-1024x745.png\" alt=\"3\" width=\"604\" height=\"439\" srcset=\"https:\/\/www.spymasterpro.com\/pt\/wp-content\/uploads\/2015\/12\/3-1024x745.png 1024w, https:\/\/www.spymasterpro.com\/pt\/wp-content\/uploads\/2015\/12\/3-600x436.png 600w, https:\/\/www.spymasterpro.com\/pt\/wp-content\/uploads\/2015\/12\/3-300x218.png 300w, https:\/\/www.spymasterpro.com\/pt\/wp-content\/uploads\/2015\/12\/3-768x559.png 768w, https:\/\/www.spymasterpro.com\/pt\/wp-content\/uploads\/2015\/12\/3-1200x873.png 1200w, https:\/\/www.spymasterpro.com\/pt\/wp-content\/uploads\/2015\/12\/3.png 1287w\" sizes=\"auto, (max-width: 604px) 85vw, 604px\" \/><\/p>\n<p>&nbsp;<\/p>\n<p>Ap\u00f3s a conclus\u00e3o da etapa 3, em breve voc\u00ea come\u00e7ar\u00e1 a receber no seu painel as informa\u00e7\u00f5es do iPhone que est\u00e1 sendo monitorado.<\/p>\n<p style=\"text-align: justify;\" align=\"justify\">Para mais informa\u00e7\u00f5es, por favor contacte-nos atrav\u00e9s do e-mail <strong>support@spymasterpro.com.<\/strong><\/p>\n<div class=\"buy_panel\"><a class=\"blue_btn hidden-sm-down\" href=\"https:\/\/www.spymasterpro.com\/pt\/Seguro-para-usar\/\">Seguro para usar<\/a> <a class=\"blue_btn demo_btn hidden-sm-down\" href=\"https:\/\/www.spymasterpro.com\/pt\/buynow\/\">VENHA AQUI<\/a> <a class=\"blue_btn\" href=\"https:\/\/www.spymasterpro.com\/espiao-iphone-sem-jailbreak\/\">Espi\u00e3o iPhone<\/a> <a class=\"blue_btn hidden-md-up\" href=\"https:\/\/www.spymasterpro.com\/buynow\">Compre Agora<\/a><\/div>\n","protected":false},"excerpt":{"rendered":"<p>Guia de Instala\u00e7\u00e3o para iPhones Bem-vindo ao guia de instala\u00e7\u00e3o do Spymaster Pro para iPhones. O Spymaster Pro introduziu um processo muito conveniente para a instala\u00e7\u00e3o no iPhone. Ao comprar um software, voc\u00ea recebe um link para entrar no site e criar um nome de usu\u00e1rio e senha. Link: \u201c https:\/\/senseye.spymasterpro.com\/main_admin\/login.php\u201d Entre nessa p\u00e1gina usando &hellip; <a href=\"https:\/\/www.spymasterpro.com\/pt\/iphone-instalacao\/\" class=\"more-link\">Continue reading<span class=\"screen-reader-text\"> &#8220;Instala\u00e7\u00e3o em iPhone&#8221;<\/span><\/a><\/p>\n","protected":false},"author":1,"featured_media":0,"parent":0,"menu_order":0,"comment_status":"open","ping_status":"open","template":"","meta":{"_acf_changed":false,"footnotes":""},"class_list":["post-1312","page","type-page","status-publish","hentry"],"acf":[],"aioseo_notices":[],"_links":{"self":[{"href":"https:\/\/www.spymasterpro.com\/pt\/wp-json\/wp\/v2\/pages\/1312","targetHints":{"allow":["GET"]}}],"collection":[{"href":"https:\/\/www.spymasterpro.com\/pt\/wp-json\/wp\/v2\/pages"}],"about":[{"href":"https:\/\/www.spymasterpro.com\/pt\/wp-json\/wp\/v2\/types\/page"}],"author":[{"embeddable":true,"href":"https:\/\/www.spymasterpro.com\/pt\/wp-json\/wp\/v2\/users\/1"}],"replies":[{"embeddable":true,"href":"https:\/\/www.spymasterpro.com\/pt\/wp-json\/wp\/v2\/comments?post=1312"}],"version-history":[{"count":0,"href":"https:\/\/www.spymasterpro.com\/pt\/wp-json\/wp\/v2\/pages\/1312\/revisions"}],"wp:attachment":[{"href":"https:\/\/www.spymasterpro.com\/pt\/wp-json\/wp\/v2\/media?parent=1312"}],"curies":[{"name":"wp","href":"https:\/\/api.w.org\/{rel}","templated":true}]}}