{"id":91,"date":"2014-11-10T07:53:10","date_gmt":"2014-11-10T07:53:10","guid":{"rendered":"http:\/\/www.spymasterpro.com\/it\/?page_id=91"},"modified":"2014-11-10T07:53:10","modified_gmt":"2014-11-10T07:53:10","slug":"spia-iphone","status":"publish","type":"page","link":"https:\/\/www.spymasterpro.com\/nl\/spia-iphone\/","title":{"rendered":"Spiare iPhone"},"content":{"rendered":"<p><img loading=\"lazy\" decoding=\"async\" class=\"aligncenter wp-image-719 size-full\" src=\"http:\/\/www.spymasterpro.com\/it\/wp-content\/uploads\/2015\/03\/facebook.png\" alt=\"facebook\" width=\"605\" height=\"287\" srcset=\"https:\/\/www.spymasterpro.com\/nl\/wp-content\/uploads\/2015\/03\/facebook.png 605w, https:\/\/www.spymasterpro.com\/nl\/wp-content\/uploads\/2015\/03\/facebook-600x285.png 600w, https:\/\/www.spymasterpro.com\/nl\/wp-content\/uploads\/2015\/03\/facebook-300x142.png 300w\" sizes=\"auto, (max-width: 605px) 85vw, 605px\" \/><\/p>\n<p>Spymaster Pro \u00e8 un software Intelligente per monitorare i cellulari, in particolare per monitorare iPhone. Si tratta del software pi\u00f9 potente ed affidabile per monitorare iPhone, dato che ti permette di tracciare ogni singola attivit\u00e0 svoltasi all&#8217;interno di un iPhone. Non sar\u00e0 necessario installarlo su iPhone, e non dovrai nemmeno eseguire il jailbreak iPhone. Potrai cos\u00ec ottenere direttamente nella tua bacheca, tutti gli aggiornamenti sulle attivit\u00e0 che si svolgeranno sul cellulare. Tutto questo a intervalli di qualche minuto e senza toccare il telefono. Dovrai solamente accedere al tuo account Spymaster Pro e potrai cos\u00ec controllare tutte le informazioni iPhone utilizzando le sue credenziali iCloud.<\/p>\n<p><strong>Non restare seduto a dubitare, trasforma le incertezze in prove grazie a Spymaster Pro!<\/strong><\/p>\n<div class=\"pro_version_only\" style=\"float: left;\">Spymaster Pro Funzioni base<\/div>\n<p><!--\n\n\n<div class=\"content-1\">\n\n\n<h2 class=\"tracking\"><img decoding=\"async\" src=\"http:\/\/www.spymasterpro.com\/wp-content\/uploads\/2015\/04\/call-tracking.png\" alt=\"\" \/>Track Calls<\/h2>\n\n\nIncoming and outgoing calls are monitored. You even see both numbers and the length of the call. This is the kind of evidence you need \u2013 excuse-proof facts.\n\n<\/div>\n\n\n--><\/p>\n<div class=\"content-1\">\n<h2 class=\"tracking\"><span class=\"tracking1\"><img decoding=\"async\" src=\"http:\/\/www.spymasterpro.com\/wp-content\/uploads\/2015\/04\/sms.png\" alt=\"\" \/><\/span>Log dei Messaggi di Testo\/SMS:<\/h2>\n<p>Non solamente gli adolescenti continuano a inviare messaggi di testo. Spymaster Pro traccia e registra ogni messaggio di testo inviato verso e da un iPhone, vi offre inoltre di orari di ogni messaggio.<\/p>\n<\/div>\n<div class=\"content-1\">\n<h2 class=\"tracking\"><img decoding=\"async\" src=\"http:\/\/www.spymasterpro.com\/wp-content\/uploads\/2015\/04\/contact.png\" alt=\"\" \/>Accesso alla rubrica telefonica:<\/h2>\n<p>Scoprite i contatti immagazzinate in un telefono \u2013 potrete tracciare tutti i contatti immagazzinati in una rubrica telefonica di un iPhone, in questo modo potrete scoprire a chi vengono effettuate tutte quelle chiamate e messaggi.<\/p>\n<\/div>\n<div class=\"content-1\">\n<h2 class=\"tracking\"><img decoding=\"async\" src=\"http:\/\/www.spymasterpro.com\/wp-content\/uploads\/2015\/04\/gps-tracking.png\" alt=\"\" \/>Tracciamento della posizione GPS<\/h2>\n<p>Spymaster Pro visualizza facilmente le differenti coordinate della posizione GPS dell&#8217; iPhone monitorato. Solo Spymaster Pro pu\u00f2 svelare la verit\u00e0: Dove si trovavano in quel momento? Il nostro software di tracciamento iPhone evidenzia la posizione dell&#8217;utente con precisione dandovi i risultati che volete.<\/p>\n<\/div>\n<p><!--div class=\"content-1\"><\/div>\n\n\n\n\n<div class=\"content-1\"><\/div>\n\n\n\n\n<div style=\"float: left; width: 100%;\">\n\n\n<div class=\"bigtext-red\">Ottenere il Spymaster Pro solo da <span style=\"color: #993300;\"><del datetime=\"2016-01-22T10:00:57+00:00\">$8.32\u00a0<\/del><\/span> $6.66 al mese<\/div>\n\n\n\n\n<div class=\"big-button\"><a title=\"Acquista ora\" href=\"http:\/\/iphone.spymasterpro.com\/it\/buynow\/?2checkout\"><img loading=\"lazy\" decoding=\"async\" class=\"aligncenter size-full wp-image-35\" title=\"Acquista ora\" src=\"http:\/\/www.spymasterpro.com\/it\/wp-content\/uploads\/2015\/04\/REGISTER1.png\" alt=\"Buy Now\" width=\"369\" height=\"97\" \/><\/a><\/div>\n\n\n\n\n<div class=\"view-more\">\n\n<a title=\"Scopri di Pi\u00f9\" href=\"http:\/\/www.spymasterpro.com\/it\/come-funziona-spymaster-pro\/\">Scopri di Pi\u00f9<\/a><\/div--> <!--p style=\"text-align:center; font-size:\"16px; float:\"left;\"><span style=\"font-size:18px; font-weight:bold; \">Al momento con la versione Pro \u00e8 possibile utilizzare solo telefoni Android!<\/span><\/p--> <!--div class=\"cart_img\"><img loading=\"lazy\" decoding=\"async\" class=\"aligncenter\" style=\"padding-left: 10px;\" title=\"\" src=\"http:\/\/www.spymasterpro.com\/wp-content\/themes\/twentyten\/images\/mastercard.png\" alt=\"\" width=\"250\" height=\"33\" \/><\/div<-->\n<div class=\"content-1\">\n<h2 class=\"tracking\"><img decoding=\"async\" src=\"http:\/\/www.spymasterpro.com\/wp-content\/uploads\/2015\/04\/whatsApp.png\" alt=\"\" \/>Tracciamento WhatsApp<\/h2>\n<p>Spymaster Pro \u00e8 un app WhatsApp Tracker che vi permette di leggere le conversazioni complete dei vostri adolescenti o del vostro sposo che vi tradisce. Traccer\u00e0 inoltre tutte le foto condivisi con la data e l&#8217;ora.<\/p>\n<\/div>\n<div class=\"content-1\">\n<h2 class=\"tracking\"><img decoding=\"async\" src=\"http:\/\/www.spymasterpro.com\/wp-content\/uploads\/2015\/04\/icon-skype.png\" alt=\"\" \/>Tracciamento Skype<\/h2>\n<p>Spymaster Pro \u00e8 un app Skype Tracker che vi permette di leggere le conversazioni complete dei vostri adolescenti o del vostro sposo che vi tradisce. Traccer\u00e0 inoltre tutte le foto condivisi con la data e l&#8217;ora.<\/p>\n<\/div>\n<p><!--\n\n\n<div class=\"content-1\">\n\n\n<h2 class=\"tracking\"><img decoding=\"async\" src=\"http:\/\/www.spymasterpro.com\/wp-content\/uploads\/2015\/04\/viber.png\" alt=\"\" \/>Tracciamento Viber<\/h2>\n\n\nSpymaster Pro traccia i log delle chat Viber, chiamate, foto inviate e ricevute con data e ora. \u00c8 compatibile con iPhone e Android Phone.\n\n<\/div>\n\n\n--><\/p>\n<div class=\"content-1\">\n<h2 class=\"tracking\"><img decoding=\"async\" src=\"http:\/\/www.spymasterpro.com\/wp-content\/uploads\/2015\/04\/fb.png\" alt=\"\" \/>Tracciamento Facebook Messenger<\/h2>\n<p>Spymaster Pro vi permette di tracciare tutte le chat delle conversazioni Facebook in modo remoto con i dettagli delle date e orari, in modo che possiate ottenere prove evidenti e innegabili.<\/p>\n<\/div>\n<p><!--\n\n\n<div class=\"content-1\">\n\n\n<h2 class=\"tracking\"><img decoding=\"async\" src=\"http:\/\/www.spymasterpro.com\/wp-content\/uploads\/2015\/04\/Call-listening.png\" alt=\"\" \/>Call Interception<\/h2>\n\n\nSpymaster Pro gives you the ability to listen live phone calls! It couldn't get easier \u2013 you can put alerts on certain numbers you want to keep an eye on, and whenever the iPhone receives or sends a call to-from those numbers, you get all the details in your Spymaster Pro dashboard.\n\n<\/div>\n\n\n--><br \/>\n<!--\n\n\n<div class=\"content-1\">\n\n\n<h2 class=\"tracking\"><img decoding=\"async\" src=\"http:\/\/www.spymasterpro.com\/wp-content\/uploads\/2015\/04\/Surround-listening.png\" alt=\"\" \/>Environment Listening<\/h2>\n\n\nSpymaster Pro is proud to give this innovative technology to you! With our unique Environment Listening ability, you can actually hear the target phone's surroundings!<\/div>\n\n\n--><\/p>\n<div class=\"content-1\"><!--h2 class=\"tracking\"><img decoding=\"async\" src=\"http:\/\/www.spymasterpro.com\/wp-content\/uploads\/2015\/04\/photo-tracking1.png\" alt=\"\" \/>Live Picture<\/h2>\n\n\nThis feature can give you visual proof to confirm those nagging suspicions. All you do is send a text\/SMS to the target phone, and a picture is immediately taken on the phone 's camera and sent to your control panel. Just think \u2013 what would that picture show you?\n\n<\/div-->\n<div style=\"float: left; width: 100%;\">\n<div class=\"bigtext-red\">Ottenere il Spymaster Pro solo da <del datetime=\"2016-01-22T10:00:57+00:00\">$12.48<\/del> $9.99 al mese<\/div>\n<div class=\"big-button\"><a title=\"Acquista ora\" href=\"http:\/\/www.spymasterpro.com\/it\/buynow\/?2checkout\"><img loading=\"lazy\" decoding=\"async\" class=\"wp-image-722 size-medium aligncenter\" title=\"Acquista ora\" src=\"http:\/\/www.spymasterpro.com\/it\/wp-content\/uploads\/2015\/03\/button-300x54.png\" width=\"300\" height=\"54\" srcset=\"https:\/\/www.spymasterpro.com\/nl\/wp-content\/uploads\/2015\/03\/button-300x54.png 300w, https:\/\/www.spymasterpro.com\/nl\/wp-content\/uploads\/2015\/03\/button.png 369w\" sizes=\"auto, (max-width: 300px) 85vw, 300px\" \/><\/a><\/div>\n<div class=\"view-more\"><a title=\"Scopri di Pi\u00f9\" href=\"http:\/\/www.spymasterpro.com\/it\/come-funziona-spymaster-pro\/\">Scopri di Pi\u00f9<\/a><\/div>\n<p><!--p style=\"text-align:center; font-size:\"16px; float:\"left;\"><span style=\"font-size:18px; font-weight:bold; \">Al momento con la versione Pro \u00e8 possibile utilizzare solo telefoni Android!<\/span><\/p-->\n<div class=\"cart_img\"><img loading=\"lazy\" decoding=\"async\" class=\"aligncenter\" style=\"padding-left: 10px;\" title=\"\" src=\"http:\/\/www.spymasterpro.com\/wp-content\/themes\/twentyten\/images\/mastercard.png\" alt=\"\" width=\"250\" height=\"33\" \/><\/div>\n<\/div>\n<\/div>\n","protected":false},"excerpt":{"rendered":"<p>Spymaster Pro \u00e8 un software Intelligente per monitorare i cellulari, in particolare per monitorare iPhone. Si tratta del software pi\u00f9 potente ed affidabile per monitorare iPhone, dato che ti permette di tracciare ogni singola attivit\u00e0 svoltasi all&#8217;interno di un iPhone. Non sar\u00e0 necessario installarlo su iPhone, e non dovrai nemmeno eseguire il jailbreak iPhone. Potrai &hellip; <a href=\"https:\/\/www.spymasterpro.com\/nl\/spia-iphone\/\" class=\"more-link\">Continue reading<span class=\"screen-reader-text\"> &#8220;Spiare iPhone&#8221;<\/span><\/a><\/p>\n","protected":false},"author":1,"featured_media":0,"parent":0,"menu_order":0,"comment_status":"open","ping_status":"closed","template":"","meta":{"_acf_changed":false,"footnotes":""},"class_list":["post-91","page","type-page","status-publish","hentry"],"acf":[],"yoast_head":"<!-- This site is optimized with the Yoast SEO plugin v27.1.1 - https:\/\/yoast.com\/product\/yoast-seo-wordpress\/ -->\n<title>iPhone Software Di monitoraggio | iPhone spia App<\/title>\n<meta name=\"description\" content=\"Spymaster Pro Software spia per iPhone Monitora segretamente il tuo iPhone. Traccia l&#039;iPhone, registra le chiamate telefoniche, leggi i messaggi di testo e le chat, guarda i contatti e molto di pi\u00f9 con questo dispositivo di monitoraggio.\" \/>\n<meta name=\"robots\" content=\"index, follow, max-snippet:-1, max-image-preview:large, max-video-preview:-1\" \/>\n<link rel=\"canonical\" href=\"https:\/\/www.spymasterpro.com\/nl\/spia-iphone\/\" \/>\n<meta property=\"og:locale\" content=\"en_US\" \/>\n<meta property=\"og:type\" content=\"article\" \/>\n<meta property=\"og:title\" content=\"iPhone Software Di monitoraggio | iPhone spia App\" \/>\n<meta property=\"og:description\" content=\"Spymaster Pro Software spia per iPhone Monitora segretamente il tuo iPhone. Traccia l&#039;iPhone, registra le chiamate telefoniche, leggi i messaggi di testo e le chat, guarda i contatti e molto di pi\u00f9 con questo dispositivo di monitoraggio.\" \/>\n<meta property=\"og:url\" content=\"https:\/\/www.spymasterpro.com\/nl\/spia-iphone\/\" \/>\n<meta property=\"og:site_name\" content=\"Spymaster Pro\" \/>\n<meta property=\"og:image\" content=\"http:\/\/www.spymasterpro.com\/it\/wp-content\/uploads\/2015\/03\/facebook.png\" \/>\n<meta name=\"twitter:card\" content=\"summary_large_image\" \/>\n<meta name=\"twitter:label1\" content=\"Est. reading time\" \/>\n\t<meta name=\"twitter:data1\" content=\"2 minutes\" \/>\n<script type=\"application\/ld+json\" class=\"yoast-schema-graph\">{\"@context\":\"https:\/\/schema.org\",\"@graph\":[{\"@type\":\"WebPage\",\"@id\":\"https:\/\/www.spymasterpro.com\/nl\/spia-iphone\/\",\"url\":\"https:\/\/www.spymasterpro.com\/nl\/spia-iphone\/\",\"name\":\"iPhone Software Di monitoraggio | iPhone spia App\",\"isPartOf\":{\"@id\":\"https:\/\/www.spymasterpro.com\/nl\/#website\"},\"primaryImageOfPage\":{\"@id\":\"https:\/\/www.spymasterpro.com\/nl\/spia-iphone\/#primaryimage\"},\"image\":{\"@id\":\"https:\/\/www.spymasterpro.com\/nl\/spia-iphone\/#primaryimage\"},\"thumbnailUrl\":\"http:\/\/www.spymasterpro.com\/it\/wp-content\/uploads\/2015\/03\/facebook.png\",\"datePublished\":\"2014-11-10T07:53:10+00:00\",\"description\":\"Spymaster Pro Software spia per iPhone Monitora segretamente il tuo iPhone. Traccia l'iPhone, registra le chiamate telefoniche, leggi i messaggi di testo e le chat, guarda i contatti e molto di pi\u00f9 con questo dispositivo di monitoraggio.\",\"breadcrumb\":{\"@id\":\"https:\/\/www.spymasterpro.com\/nl\/spia-iphone\/#breadcrumb\"},\"inLanguage\":\"en-US\",\"potentialAction\":[{\"@type\":\"ReadAction\",\"target\":[\"https:\/\/www.spymasterpro.com\/nl\/spia-iphone\/\"]}]},{\"@type\":\"ImageObject\",\"inLanguage\":\"en-US\",\"@id\":\"https:\/\/www.spymasterpro.com\/nl\/spia-iphone\/#primaryimage\",\"url\":\"http:\/\/www.spymasterpro.com\/it\/wp-content\/uploads\/2015\/03\/facebook.png\",\"contentUrl\":\"http:\/\/www.spymasterpro.com\/it\/wp-content\/uploads\/2015\/03\/facebook.png\"},{\"@type\":\"BreadcrumbList\",\"@id\":\"https:\/\/www.spymasterpro.com\/nl\/spia-iphone\/#breadcrumb\",\"itemListElement\":[{\"@type\":\"ListItem\",\"position\":1,\"name\":\"Home\",\"item\":\"https:\/\/www.spymasterpro.com\/nl\/\"},{\"@type\":\"ListItem\",\"position\":2,\"name\":\"Spiare iPhone\"}]},{\"@type\":\"WebSite\",\"@id\":\"https:\/\/www.spymasterpro.com\/nl\/#website\",\"url\":\"https:\/\/www.spymasterpro.com\/nl\/\",\"name\":\"Spymaster Pro\",\"description\":\"\",\"publisher\":{\"@id\":\"https:\/\/www.spymasterpro.com\/nl\/#organization\"},\"potentialAction\":[{\"@type\":\"SearchAction\",\"target\":{\"@type\":\"EntryPoint\",\"urlTemplate\":\"https:\/\/www.spymasterpro.com\/nl\/?s={search_term_string}\"},\"query-input\":{\"@type\":\"PropertyValueSpecification\",\"valueRequired\":true,\"valueName\":\"search_term_string\"}}],\"inLanguage\":\"en-US\"},{\"@type\":\"Organization\",\"@id\":\"https:\/\/www.spymasterpro.com\/nl\/#organization\",\"name\":\"Spymaster Pro\",\"url\":\"https:\/\/www.spymasterpro.com\/nl\/\",\"logo\":{\"@type\":\"ImageObject\",\"inLanguage\":\"en-US\",\"@id\":\"https:\/\/www.spymasterpro.com\/nl\/#\/schema\/logo\/image\/\",\"url\":\"https:\/\/www.spymasterpro.com\/nl\/wp-content\/uploads\/2017\/02\/footer_logo-1.png\",\"contentUrl\":\"https:\/\/www.spymasterpro.com\/nl\/wp-content\/uploads\/2017\/02\/footer_logo-1.png\",\"width\":188,\"height\":45,\"caption\":\"Spymaster Pro\"},\"image\":{\"@id\":\"https:\/\/www.spymasterpro.com\/nl\/#\/schema\/logo\/image\/\"}}]}<\/script>\n<!-- \/ Yoast SEO plugin. -->","yoast_head_json":{"title":"iPhone Software Di monitoraggio | iPhone spia App","description":"Spymaster Pro Software spia per iPhone Monitora segretamente il tuo iPhone. Traccia l'iPhone, registra le chiamate telefoniche, leggi i messaggi di testo e le chat, guarda i contatti e molto di pi\u00f9 con questo dispositivo di monitoraggio.","robots":{"index":"index","follow":"follow","max-snippet":"max-snippet:-1","max-image-preview":"max-image-preview:large","max-video-preview":"max-video-preview:-1"},"canonical":"https:\/\/www.spymasterpro.com\/nl\/spia-iphone\/","og_locale":"en_US","og_type":"article","og_title":"iPhone Software Di monitoraggio | iPhone spia App","og_description":"Spymaster Pro Software spia per iPhone Monitora segretamente il tuo iPhone. Traccia l'iPhone, registra le chiamate telefoniche, leggi i messaggi di testo e le chat, guarda i contatti e molto di pi\u00f9 con questo dispositivo di monitoraggio.","og_url":"https:\/\/www.spymasterpro.com\/nl\/spia-iphone\/","og_site_name":"Spymaster Pro","og_image":[{"url":"http:\/\/www.spymasterpro.com\/it\/wp-content\/uploads\/2015\/03\/facebook.png","type":"","width":"","height":""}],"twitter_card":"summary_large_image","twitter_misc":{"Est. reading time":"2 minutes"},"schema":{"@context":"https:\/\/schema.org","@graph":[{"@type":"WebPage","@id":"https:\/\/www.spymasterpro.com\/nl\/spia-iphone\/","url":"https:\/\/www.spymasterpro.com\/nl\/spia-iphone\/","name":"iPhone Software Di monitoraggio | iPhone spia App","isPartOf":{"@id":"https:\/\/www.spymasterpro.com\/nl\/#website"},"primaryImageOfPage":{"@id":"https:\/\/www.spymasterpro.com\/nl\/spia-iphone\/#primaryimage"},"image":{"@id":"https:\/\/www.spymasterpro.com\/nl\/spia-iphone\/#primaryimage"},"thumbnailUrl":"http:\/\/www.spymasterpro.com\/it\/wp-content\/uploads\/2015\/03\/facebook.png","datePublished":"2014-11-10T07:53:10+00:00","description":"Spymaster Pro Software spia per iPhone Monitora segretamente il tuo iPhone. Traccia l'iPhone, registra le chiamate telefoniche, leggi i messaggi di testo e le chat, guarda i contatti e molto di pi\u00f9 con questo dispositivo di monitoraggio.","breadcrumb":{"@id":"https:\/\/www.spymasterpro.com\/nl\/spia-iphone\/#breadcrumb"},"inLanguage":"en-US","potentialAction":[{"@type":"ReadAction","target":["https:\/\/www.spymasterpro.com\/nl\/spia-iphone\/"]}]},{"@type":"ImageObject","inLanguage":"en-US","@id":"https:\/\/www.spymasterpro.com\/nl\/spia-iphone\/#primaryimage","url":"http:\/\/www.spymasterpro.com\/it\/wp-content\/uploads\/2015\/03\/facebook.png","contentUrl":"http:\/\/www.spymasterpro.com\/it\/wp-content\/uploads\/2015\/03\/facebook.png"},{"@type":"BreadcrumbList","@id":"https:\/\/www.spymasterpro.com\/nl\/spia-iphone\/#breadcrumb","itemListElement":[{"@type":"ListItem","position":1,"name":"Home","item":"https:\/\/www.spymasterpro.com\/nl\/"},{"@type":"ListItem","position":2,"name":"Spiare iPhone"}]},{"@type":"WebSite","@id":"https:\/\/www.spymasterpro.com\/nl\/#website","url":"https:\/\/www.spymasterpro.com\/nl\/","name":"Spymaster Pro","description":"","publisher":{"@id":"https:\/\/www.spymasterpro.com\/nl\/#organization"},"potentialAction":[{"@type":"SearchAction","target":{"@type":"EntryPoint","urlTemplate":"https:\/\/www.spymasterpro.com\/nl\/?s={search_term_string}"},"query-input":{"@type":"PropertyValueSpecification","valueRequired":true,"valueName":"search_term_string"}}],"inLanguage":"en-US"},{"@type":"Organization","@id":"https:\/\/www.spymasterpro.com\/nl\/#organization","name":"Spymaster Pro","url":"https:\/\/www.spymasterpro.com\/nl\/","logo":{"@type":"ImageObject","inLanguage":"en-US","@id":"https:\/\/www.spymasterpro.com\/nl\/#\/schema\/logo\/image\/","url":"https:\/\/www.spymasterpro.com\/nl\/wp-content\/uploads\/2017\/02\/footer_logo-1.png","contentUrl":"https:\/\/www.spymasterpro.com\/nl\/wp-content\/uploads\/2017\/02\/footer_logo-1.png","width":188,"height":45,"caption":"Spymaster Pro"},"image":{"@id":"https:\/\/www.spymasterpro.com\/nl\/#\/schema\/logo\/image\/"}}]}},"_links":{"self":[{"href":"https:\/\/www.spymasterpro.com\/nl\/wp-json\/wp\/v2\/pages\/91","targetHints":{"allow":["GET"]}}],"collection":[{"href":"https:\/\/www.spymasterpro.com\/nl\/wp-json\/wp\/v2\/pages"}],"about":[{"href":"https:\/\/www.spymasterpro.com\/nl\/wp-json\/wp\/v2\/types\/page"}],"author":[{"embeddable":true,"href":"https:\/\/www.spymasterpro.com\/nl\/wp-json\/wp\/v2\/users\/1"}],"replies":[{"embeddable":true,"href":"https:\/\/www.spymasterpro.com\/nl\/wp-json\/wp\/v2\/comments?post=91"}],"version-history":[{"count":0,"href":"https:\/\/www.spymasterpro.com\/nl\/wp-json\/wp\/v2\/pages\/91\/revisions"}],"wp:attachment":[{"href":"https:\/\/www.spymasterpro.com\/nl\/wp-json\/wp\/v2\/media?parent=91"}],"curies":[{"name":"wp","href":"https:\/\/api.w.org\/{rel}","templated":true}]}}