{"id":863,"date":"2016-11-30T13:01:12","date_gmt":"2016-11-30T13:01:12","guid":{"rendered":"http:\/\/www.spymasterpro.com\/it\/?page_id=863"},"modified":"2016-11-30T13:01:12","modified_gmt":"2016-11-30T13:01:12","slug":"guida-al-download-deo-software-spia-whatsapp","status":"publish","type":"page","link":"https:\/\/www.spymasterpro.com\/nl\/guida-al-download-deo-software-spia-whatsapp\/","title":{"rendered":"Guida al download de\u00f2 software spia Whatsapp"},"content":{"rendered":"<p><img loading=\"lazy\" decoding=\"async\" class=\"aligncenter wp-image-719 size-full\" src=\"http:\/\/www.spymasterpro.com\/it\/wp-content\/uploads\/2016\/11\/whats-app-android-download.jpg\" alt=\"iphone whatsapp spy\" width=\"605\" height=\"287\" \/><\/p>\n<p><strong>Hai acquistato il software? Nel caso tu non lo abbia fatto, Acquistalo ora.<\/strong><br \/>\nDopo aver acquistato il software spia Whatsapp dal sito Web Spymaster Pro, avrai il diritto di scaricare e installare il software all&#8217;interno del telefono Android selezionato. Ricordati, non \u00e8 necessario installare il software nel caso tu voglia spiare un dispositivo iPhone. Questo processo \u00e8 differente tra Android e iPhone. Ora \u00e8 il momento di seguire attentamente la guida.<br \/>\nNel caso tu voglia spiare Whatsapp su Android:<br \/>\n1.Acquista il software sul sito Web.<br \/>\n2.Apri la e-mail che ti \u00e8 stata inviata da Spymaster, questa include il link per scaricare il software spia Whatsapp, il codice unico di registrazione e i dettagli di login per accedere al tuo account Spymaster.<br \/>\n3.Il passo successivo \u00e8 scaricare il software all&#8217;interno del telefono Android da tenere sotto controllo utilizzando il link di download che ti \u00e8 stato inviato.<br \/>\n4.Il download e l&#8217;installazione necessitavano appena cinque minuti. Successivamente potrai lasciare il telefono. Dai uno sguardo ai passi per installare Spymaster Pro su telefoni Android.<br \/>\n5.Ora potrai tornare sul tuo dispositivo-cellulare o PC e accedere al tuo account Spymaster, utilizzando i dettagli di accesso che ti sono stati inviati.<br \/>\n6.Potrai cos\u00ec visualizzare un pannello di controllo che ti mostrer\u00e0 tutti i dettagli del cellulare della persona tenuta sotto controllo: chat WhatsApp, registri delle chiamate, messaggi Facebook, messaggi di testo, ecc.<br \/>\nSpia WhatsApp su Android<br \/>\nNel caso tu voglia spiare Whatsapp su iPhone<br \/>\n1.La prima cosa da fare \u00e8 acquistare il software Spia Spymaster Pro &#8211; iPhone.<br \/>\n2.Apri la e-mail che ti \u00e8 stata inviata da Spymaster, questa include i dettagli di login per accedere al tuo account Spymaster.<br \/>\n3.Apri il tuo account Spymaster Pro da qualsiasi dispositivo, utilizzando i dettagli di accesso.<br \/>\n4.Durante il processo, ti verr\u00e0 richiesto di inserire le credenziali iCloud del telefono iPhone da tenere sotto controllo.<br \/>\nNota: sono necessarie le credenziali iCloud del telefono iPhone da tenere sotto controllo<br \/>\nSpia WhatsAppsu iPhone<\/p>\n","protected":false},"excerpt":{"rendered":"<p>Hai acquistato il software? Nel caso tu non lo abbia fatto, Acquistalo ora. Dopo aver acquistato il software spia Whatsapp dal sito Web Spymaster Pro, avrai il diritto di scaricare e installare il software all&#8217;interno del telefono Android selezionato. Ricordati, non \u00e8 necessario installare il software nel caso tu voglia spiare un dispositivo iPhone. Questo &hellip; <a href=\"https:\/\/www.spymasterpro.com\/nl\/guida-al-download-deo-software-spia-whatsapp\/\" class=\"more-link\">Continue reading<span class=\"screen-reader-text\"> &#8220;Guida al download de\u00f2 software spia Whatsapp&#8221;<\/span><\/a><\/p>\n","protected":false},"author":1,"featured_media":0,"parent":0,"menu_order":0,"comment_status":"closed","ping_status":"closed","template":"","meta":{"_acf_changed":false,"footnotes":""},"class_list":["post-863","page","type-page","status-publish","hentry"],"acf":[],"yoast_head":"<!-- This site is optimized with the Yoast SEO plugin v27.1.1 - https:\/\/yoast.com\/product\/yoast-seo-wordpress\/ -->\n<title>Guida al download de\u00f2 software spia Whatsapp - Spymaster Pro<\/title>\n<meta name=\"robots\" content=\"index, follow, max-snippet:-1, max-image-preview:large, max-video-preview:-1\" \/>\n<link rel=\"canonical\" href=\"https:\/\/www.spymasterpro.com\/nl\/guida-al-download-deo-software-spia-whatsapp\/\" \/>\n<meta property=\"og:locale\" content=\"en_US\" \/>\n<meta property=\"og:type\" content=\"article\" \/>\n<meta property=\"og:title\" content=\"Guida al download de\u00f2 software spia Whatsapp - Spymaster Pro\" \/>\n<meta property=\"og:description\" content=\"Hai acquistato il software? Nel caso tu non lo abbia fatto, Acquistalo ora. Dopo aver acquistato il software spia Whatsapp dal sito Web Spymaster Pro, avrai il diritto di scaricare e installare il software all&#8217;interno del telefono Android selezionato. Ricordati, non \u00e8 necessario installare il software nel caso tu voglia spiare un dispositivo iPhone. Questo &hellip; Continue reading &quot;Guida al download de\u00f2 software spia Whatsapp&quot;\" \/>\n<meta property=\"og:url\" content=\"https:\/\/www.spymasterpro.com\/nl\/guida-al-download-deo-software-spia-whatsapp\/\" \/>\n<meta property=\"og:site_name\" content=\"Spymaster Pro\" \/>\n<meta property=\"og:image\" content=\"http:\/\/www.spymasterpro.com\/it\/wp-content\/uploads\/2016\/11\/whats-app-android-download.jpg\" \/>\n<meta name=\"twitter:card\" content=\"summary_large_image\" \/>\n<meta name=\"twitter:label1\" content=\"Est. reading time\" \/>\n\t<meta name=\"twitter:data1\" content=\"2 minutes\" \/>\n<script type=\"application\/ld+json\" class=\"yoast-schema-graph\">{\"@context\":\"https:\/\/schema.org\",\"@graph\":[{\"@type\":\"WebPage\",\"@id\":\"https:\/\/www.spymasterpro.com\/nl\/guida-al-download-deo-software-spia-whatsapp\/\",\"url\":\"https:\/\/www.spymasterpro.com\/nl\/guida-al-download-deo-software-spia-whatsapp\/\",\"name\":\"Guida al download de\u00f2 software spia Whatsapp - Spymaster Pro\",\"isPartOf\":{\"@id\":\"https:\/\/www.spymasterpro.com\/nl\/#website\"},\"primaryImageOfPage\":{\"@id\":\"https:\/\/www.spymasterpro.com\/nl\/guida-al-download-deo-software-spia-whatsapp\/#primaryimage\"},\"image\":{\"@id\":\"https:\/\/www.spymasterpro.com\/nl\/guida-al-download-deo-software-spia-whatsapp\/#primaryimage\"},\"thumbnailUrl\":\"http:\/\/www.spymasterpro.com\/it\/wp-content\/uploads\/2016\/11\/whats-app-android-download.jpg\",\"datePublished\":\"2016-11-30T13:01:12+00:00\",\"breadcrumb\":{\"@id\":\"https:\/\/www.spymasterpro.com\/nl\/guida-al-download-deo-software-spia-whatsapp\/#breadcrumb\"},\"inLanguage\":\"en-US\",\"potentialAction\":[{\"@type\":\"ReadAction\",\"target\":[\"https:\/\/www.spymasterpro.com\/nl\/guida-al-download-deo-software-spia-whatsapp\/\"]}]},{\"@type\":\"ImageObject\",\"inLanguage\":\"en-US\",\"@id\":\"https:\/\/www.spymasterpro.com\/nl\/guida-al-download-deo-software-spia-whatsapp\/#primaryimage\",\"url\":\"http:\/\/www.spymasterpro.com\/it\/wp-content\/uploads\/2016\/11\/whats-app-android-download.jpg\",\"contentUrl\":\"http:\/\/www.spymasterpro.com\/it\/wp-content\/uploads\/2016\/11\/whats-app-android-download.jpg\"},{\"@type\":\"BreadcrumbList\",\"@id\":\"https:\/\/www.spymasterpro.com\/nl\/guida-al-download-deo-software-spia-whatsapp\/#breadcrumb\",\"itemListElement\":[{\"@type\":\"ListItem\",\"position\":1,\"name\":\"Home\",\"item\":\"https:\/\/www.spymasterpro.com\/nl\/\"},{\"@type\":\"ListItem\",\"position\":2,\"name\":\"Guida al download de\u00f2 software spia Whatsapp\"}]},{\"@type\":\"WebSite\",\"@id\":\"https:\/\/www.spymasterpro.com\/nl\/#website\",\"url\":\"https:\/\/www.spymasterpro.com\/nl\/\",\"name\":\"Spymaster Pro\",\"description\":\"\",\"publisher\":{\"@id\":\"https:\/\/www.spymasterpro.com\/nl\/#organization\"},\"potentialAction\":[{\"@type\":\"SearchAction\",\"target\":{\"@type\":\"EntryPoint\",\"urlTemplate\":\"https:\/\/www.spymasterpro.com\/nl\/?s={search_term_string}\"},\"query-input\":{\"@type\":\"PropertyValueSpecification\",\"valueRequired\":true,\"valueName\":\"search_term_string\"}}],\"inLanguage\":\"en-US\"},{\"@type\":\"Organization\",\"@id\":\"https:\/\/www.spymasterpro.com\/nl\/#organization\",\"name\":\"Spymaster Pro\",\"url\":\"https:\/\/www.spymasterpro.com\/nl\/\",\"logo\":{\"@type\":\"ImageObject\",\"inLanguage\":\"en-US\",\"@id\":\"https:\/\/www.spymasterpro.com\/nl\/#\/schema\/logo\/image\/\",\"url\":\"https:\/\/www.spymasterpro.com\/nl\/wp-content\/uploads\/2017\/02\/footer_logo-1.png\",\"contentUrl\":\"https:\/\/www.spymasterpro.com\/nl\/wp-content\/uploads\/2017\/02\/footer_logo-1.png\",\"width\":188,\"height\":45,\"caption\":\"Spymaster Pro\"},\"image\":{\"@id\":\"https:\/\/www.spymasterpro.com\/nl\/#\/schema\/logo\/image\/\"}}]}<\/script>\n<!-- \/ Yoast SEO plugin. -->","yoast_head_json":{"title":"Guida al download de\u00f2 software spia Whatsapp - Spymaster Pro","robots":{"index":"index","follow":"follow","max-snippet":"max-snippet:-1","max-image-preview":"max-image-preview:large","max-video-preview":"max-video-preview:-1"},"canonical":"https:\/\/www.spymasterpro.com\/nl\/guida-al-download-deo-software-spia-whatsapp\/","og_locale":"en_US","og_type":"article","og_title":"Guida al download de\u00f2 software spia Whatsapp - Spymaster Pro","og_description":"Hai acquistato il software? Nel caso tu non lo abbia fatto, Acquistalo ora. Dopo aver acquistato il software spia Whatsapp dal sito Web Spymaster Pro, avrai il diritto di scaricare e installare il software all&#8217;interno del telefono Android selezionato. Ricordati, non \u00e8 necessario installare il software nel caso tu voglia spiare un dispositivo iPhone. Questo &hellip; Continue reading \"Guida al download de\u00f2 software spia Whatsapp\"","og_url":"https:\/\/www.spymasterpro.com\/nl\/guida-al-download-deo-software-spia-whatsapp\/","og_site_name":"Spymaster Pro","og_image":[{"url":"http:\/\/www.spymasterpro.com\/it\/wp-content\/uploads\/2016\/11\/whats-app-android-download.jpg","type":"","width":"","height":""}],"twitter_card":"summary_large_image","twitter_misc":{"Est. reading time":"2 minutes"},"schema":{"@context":"https:\/\/schema.org","@graph":[{"@type":"WebPage","@id":"https:\/\/www.spymasterpro.com\/nl\/guida-al-download-deo-software-spia-whatsapp\/","url":"https:\/\/www.spymasterpro.com\/nl\/guida-al-download-deo-software-spia-whatsapp\/","name":"Guida al download de\u00f2 software spia Whatsapp - Spymaster Pro","isPartOf":{"@id":"https:\/\/www.spymasterpro.com\/nl\/#website"},"primaryImageOfPage":{"@id":"https:\/\/www.spymasterpro.com\/nl\/guida-al-download-deo-software-spia-whatsapp\/#primaryimage"},"image":{"@id":"https:\/\/www.spymasterpro.com\/nl\/guida-al-download-deo-software-spia-whatsapp\/#primaryimage"},"thumbnailUrl":"http:\/\/www.spymasterpro.com\/it\/wp-content\/uploads\/2016\/11\/whats-app-android-download.jpg","datePublished":"2016-11-30T13:01:12+00:00","breadcrumb":{"@id":"https:\/\/www.spymasterpro.com\/nl\/guida-al-download-deo-software-spia-whatsapp\/#breadcrumb"},"inLanguage":"en-US","potentialAction":[{"@type":"ReadAction","target":["https:\/\/www.spymasterpro.com\/nl\/guida-al-download-deo-software-spia-whatsapp\/"]}]},{"@type":"ImageObject","inLanguage":"en-US","@id":"https:\/\/www.spymasterpro.com\/nl\/guida-al-download-deo-software-spia-whatsapp\/#primaryimage","url":"http:\/\/www.spymasterpro.com\/it\/wp-content\/uploads\/2016\/11\/whats-app-android-download.jpg","contentUrl":"http:\/\/www.spymasterpro.com\/it\/wp-content\/uploads\/2016\/11\/whats-app-android-download.jpg"},{"@type":"BreadcrumbList","@id":"https:\/\/www.spymasterpro.com\/nl\/guida-al-download-deo-software-spia-whatsapp\/#breadcrumb","itemListElement":[{"@type":"ListItem","position":1,"name":"Home","item":"https:\/\/www.spymasterpro.com\/nl\/"},{"@type":"ListItem","position":2,"name":"Guida al download de\u00f2 software spia Whatsapp"}]},{"@type":"WebSite","@id":"https:\/\/www.spymasterpro.com\/nl\/#website","url":"https:\/\/www.spymasterpro.com\/nl\/","name":"Spymaster Pro","description":"","publisher":{"@id":"https:\/\/www.spymasterpro.com\/nl\/#organization"},"potentialAction":[{"@type":"SearchAction","target":{"@type":"EntryPoint","urlTemplate":"https:\/\/www.spymasterpro.com\/nl\/?s={search_term_string}"},"query-input":{"@type":"PropertyValueSpecification","valueRequired":true,"valueName":"search_term_string"}}],"inLanguage":"en-US"},{"@type":"Organization","@id":"https:\/\/www.spymasterpro.com\/nl\/#organization","name":"Spymaster Pro","url":"https:\/\/www.spymasterpro.com\/nl\/","logo":{"@type":"ImageObject","inLanguage":"en-US","@id":"https:\/\/www.spymasterpro.com\/nl\/#\/schema\/logo\/image\/","url":"https:\/\/www.spymasterpro.com\/nl\/wp-content\/uploads\/2017\/02\/footer_logo-1.png","contentUrl":"https:\/\/www.spymasterpro.com\/nl\/wp-content\/uploads\/2017\/02\/footer_logo-1.png","width":188,"height":45,"caption":"Spymaster Pro"},"image":{"@id":"https:\/\/www.spymasterpro.com\/nl\/#\/schema\/logo\/image\/"}}]}},"_links":{"self":[{"href":"https:\/\/www.spymasterpro.com\/nl\/wp-json\/wp\/v2\/pages\/863","targetHints":{"allow":["GET"]}}],"collection":[{"href":"https:\/\/www.spymasterpro.com\/nl\/wp-json\/wp\/v2\/pages"}],"about":[{"href":"https:\/\/www.spymasterpro.com\/nl\/wp-json\/wp\/v2\/types\/page"}],"author":[{"embeddable":true,"href":"https:\/\/www.spymasterpro.com\/nl\/wp-json\/wp\/v2\/users\/1"}],"replies":[{"embeddable":true,"href":"https:\/\/www.spymasterpro.com\/nl\/wp-json\/wp\/v2\/comments?post=863"}],"version-history":[{"count":0,"href":"https:\/\/www.spymasterpro.com\/nl\/wp-json\/wp\/v2\/pages\/863\/revisions"}],"wp:attachment":[{"href":"https:\/\/www.spymasterpro.com\/nl\/wp-json\/wp\/v2\/media?parent=863"}],"curies":[{"name":"wp","href":"https:\/\/api.w.org\/{rel}","templated":true}]}}