{"id":82,"date":"2014-11-07T12:14:54","date_gmt":"2014-11-07T12:14:54","guid":{"rendered":"http:\/\/www.spymasterpro.com\/it\/?page_id=82"},"modified":"2014-11-07T12:14:54","modified_gmt":"2014-11-07T12:14:54","slug":"spiare-android","status":"publish","type":"page","link":"https:\/\/www.spymasterpro.com\/nl\/spiare-android\/","title":{"rendered":"Spiare Android"},"content":{"rendered":"<h2>Spia un cellulare Android con Spymaster Pro!<\/h2>\n<div class=\"an_img\"><img loading=\"lazy\" decoding=\"async\" class=\"alignright wp-image-738 size-full\" src=\"http:\/\/www.spymasterpro.com\/it\/wp-content\/uploads\/2014\/11\/android.png\" alt=\"android\" width=\"605\" height=\"287\" srcset=\"https:\/\/www.spymasterpro.com\/nl\/wp-content\/uploads\/2014\/11\/android.png 605w, https:\/\/www.spymasterpro.com\/nl\/wp-content\/uploads\/2014\/11\/android-600x285.png 600w, https:\/\/www.spymasterpro.com\/nl\/wp-content\/uploads\/2014\/11\/android-300x142.png 300w\" sizes=\"auto, (max-width: 605px) 85vw, 605px\" \/><\/div>\n<p>Spymaster Pro ti aiuta a tenere sotto controllo tutto quello che succede in un telefono Android sorvegliato. Non sar\u00e0 necessario toccare il telefono e potrai accedere a tutte le informazioni in modo remoto. Baster\u00e0 comprare questo software spia e potrai iniziare a monitorare i tuoi cari o i dipendenti dei quali non ti fidi. Questo software spia \u00e8 molto semplice da utilizzare e pu\u00f2 essere gestito da qualsiasi luogo. \u00c8 sicuro al 100% e la persona sorvegliata non si accorger\u00e0 mai della presenza del Software.<\/p>\n<div class=\"pro_version_only\">Funzioni di Spymaster Pro (Versione Base)<\/div>\n<p>&nbsp;<\/p>\n<div class=\"content-1\">\n<h2 class=\"tracking\"><img decoding=\"async\" src=\"http:\/\/www.spymasterpro.com\/wp-content\/uploads\/2015\/04\/sms.png\" alt=\"\" \/>Tracciamento SMS<\/h2>\n<p>Il tracciamento SMS vi aiuta a monitorare i messaggi inviati e ricevuti con i dettagli di data e orario.<\/p>\n<\/div>\n<p><!--\n\n\n<div class=\"content-1\">\n\n\n<h2 class=\"tracking\"><img decoding=\"async\" src=\"http:\/\/www.spymasterpro.com\/wp-content\/uploads\/2015\/04\/call-tracking.png\" alt=\"Call Tracking\" \/> Call Tracking<\/h2>\n\n\nThe Android spy software has call tracking giving you access to phone numbers that are dialed and receive even the length of calls.\n\n<\/div>\n\n\n--><\/p>\n<div class=\"content-1\">\n<h2 class=\"tracking\"><img decoding=\"async\" src=\"http:\/\/www.spymasterpro.com\/wp-content\/uploads\/2015\/04\/gps-tracking.png\" alt=\"\" \/>Tracciamento GPS<\/h2>\n<p>La funzione di tracciamento GPS vi permetter\u00e0 di sapere tutto quello che fa l&#8217;utente sotto controllo utilizzando una mappa, in modo da essere conoscenza esattamente delle sue posizioni.<\/p>\n<\/div>\n<div class=\"content-1\">\n<h2 class=\"tracking\"><img decoding=\"async\" src=\"http:\/\/www.spymasterpro.com\/wp-content\/uploads\/2015\/04\/contact.png\" alt=\"\" \/>Tracciamento nella rubrica telefonica<\/h2>\n<p>La funzione di tracciamento della rubrica telefonica vi permette di accedere ai contatti della rubrica telefonica dell&#8217;utente sotto controllo, cos\u00ec come delle informazioni addizionali a questa correlate.<\/p>\n<\/div>\n<div class=\"content-1\">\n<h2 class=\"tracking\"><img decoding=\"async\" src=\"http:\/\/www.spymasterpro.com\/wp-content\/uploads\/2015\/04\/photo-tracking1.png\" alt=\"\" \/>Tracciamento delle foto<\/h2>\n<p>Il tracciamento delle foto \u00e8 un&#8217;altra funzione che viene aggiunta a questo software, permettendovi di controllare le foto che sono immagazzinate nel telefono Android. Sicuramente potrete ottenere molte informazioni anche solo da queste foto.<\/p>\n<\/div>\n<div class=\"content-1\">\n<h2 class=\"tracking\"><img decoding=\"async\" src=\"http:\/\/www.spymasterpro.com\/wp-content\/uploads\/2015\/04\/url-tracking.png\" alt=\"\" \/>Tracciamento URL<\/h2>\n<p>Il tracciamento URL vi permette di controllare i siti Web che sono stati visitati e utilizzati dal telefono cellulare prescelto.<\/p>\n<\/div>\n<div style=\"float: left; width: 100%;\">\n<div class=\"bigtext-red\">Ottenere la Spymaster base solo da <span style=\"color: #993300;\"><del datetime=\"2016-01-22T10:00:57+00:00\">\u20ac7.51<\/del><\/span> \u20ac6.01 al mese<\/div>\n<div class=\"big-button\"><a title=\"Acquista ora\" href=\"http:\/\/www.spymasterpro.com\/it\/buynow\/\"><img loading=\"lazy\" decoding=\"async\" class=\"wp-image-722 size-medium aligncenter\" title=\"Acquista ora\" src=\"http:\/\/www.spymasterpro.com\/it\/wp-content\/uploads\/2015\/03\/button-300x54.png\" width=\"300\" height=\"54\" srcset=\"https:\/\/www.spymasterpro.com\/nl\/wp-content\/uploads\/2015\/03\/button-300x54.png 300w, https:\/\/www.spymasterpro.com\/nl\/wp-content\/uploads\/2015\/03\/button.png 369w\" sizes=\"auto, (max-width: 300px) 85vw, 300px\" \/><\/a><\/div>\n<div class=\"view-more\"><a title=\"Scopri di Pi\u00f9\" href=\"http:\/\/www.spymasterpro.com\/it\/come-funziona-spymaster-pro\/\">Scopri di Pi\u00f9<\/a><\/div>\n<p><!--p style=\"text-align:center; font-size:\"16px; float:\"left;\"><span style=\"font-size:18px; font-weight:bold; \">Al momento con la versione Pro \u00e8 possibile utilizzare solo telefoni Android!<\/span><\/p-->\n<\/div>\n<div class=\"pro_version_only\">Altre Funzioni Spymaster Pro (Versione Pro)<\/div>\n<div class=\"content-1\">\n<h2 class=\"tracking\"><img decoding=\"async\" src=\"http:\/\/www.spymasterpro.com\/wp-content\/uploads\/2015\/04\/whatsApp.png\" alt=\"\" \/>Tracciamento WhatsApp<\/h2>\n<p>Con la funzione di tracciamento WhatsApp di Spymaster Pro, sarete in grado di leggere le intere conversazioni dei vostri adolescenti o del vostro coniuge ti tradisce. Traccer\u00e0 inoltre le foto  condivisi con data di orario.<\/p>\n<\/div>\n<div class=\"content-1\">\n<h2 class=\"tracking\"><img decoding=\"async\" src=\"http:\/\/www.spymasterpro.com\/wp-content\/uploads\/2015\/04\/viber.png\" alt=\"\" \/>Tracciamento Viber<\/h2>\n<p>Spymaster Pro pu\u00f2 tracciare i log delle chat Viber, le chiamate dall&#8217;utente, le foto inviate e ricevute con data di orario. \u00c8 compatibile con iPhone e Android Phone.<\/p>\n<\/div>\n<div class=\"content-1\">\n<h2 class=\"tracking\"><img decoding=\"async\" src=\"http:\/\/www.spymasterpro.com\/wp-content\/uploads\/2015\/04\/fb.png\" alt=\"\" \/>Tracciamento Facebook Messenger<\/h2>\n<p>Spymaster Pro ti permette di tracciare tutte le conversazioni delle chat Facebook in modo remoto avendo a disposizione l&#8217;ora e la data esatte.<\/p>\n<\/div>\n<div style=\"float: left; width: 100%;\">\n<div class=\"bigtext-red\">Ottenere il Spymaster Pro solo da <del datetime=\"2016-01-22T10:00:57+00:00\">\u20ac9.39<\/del> \u20ac7.52 al mese<\/div>\n<div class=\"bigtext-red\"><\/div>\n<div class=\"big-button\"><a title=\"Acquista ora\" href=\"http:\/\/www.spymasterpro.com\/it\/buynow\/\"><img loading=\"lazy\" decoding=\"async\" class=\"wp-image-722 size-medium aligncenter\" title=\"Acquista ora\" src=\"http:\/\/www.spymasterpro.com\/it\/wp-content\/uploads\/2015\/03\/button-300x54.png\" width=\"300\" height=\"54\" srcset=\"https:\/\/www.spymasterpro.com\/nl\/wp-content\/uploads\/2015\/03\/button-300x54.png 300w, https:\/\/www.spymasterpro.com\/nl\/wp-content\/uploads\/2015\/03\/button.png 369w\" sizes=\"auto, (max-width: 300px) 85vw, 300px\" \/><\/a><\/div>\n<div class=\"view-more\"><a title=\"Scopri di Pi\u00f9\" href=\"http:\/\/www.spymasterpro.com\/it\/come-funziona-spymaster-pro\/\">Scopri di Pi\u00f9<\/a><\/div>\n<p><!--p style=\"text-align:center; font-size:\"16px; float:\"left;\"><span style=\"font-size:18px; font-weight:bold; \">Al momento con la versione Pro \u00e8 possibile utilizzare solo telefoni Android!<\/span><\/p-->\n<\/div>\n<div class=\"heading01\">Allora saprai facilmente se:<\/div>\n<ul>\n<li>Il tuo partner ha delle attivit\u00e0 extra-curricolari<\/li>\n<li>Potrai assicurarti la sicurezza dei tuoi cari<\/li>\n<li>Potrai proteggere gli interessi dei tuoi affari<\/li>\n<\/ul>\n<p><strong>Fai la mossa giusta proprio ora e godi dei potenziali benefici di Spymaster Pro.<\/strong><br \/>\n<a href=\"http:\/\/www.spymasterpro.com\/it\/installazione-android\/\"><img loading=\"lazy\" decoding=\"async\" class=\"aligncenter wp-image-1684\" src=\"http:\/\/www.spymasterpro.com\/wp-content\/uploads\/2012\/07\/ravi-button.jpg\" alt=\"Android Installation\" width=\"249\" height=\"74\" \/><\/a><\/p>\n","protected":false},"excerpt":{"rendered":"<p>Spia un cellulare Android con Spymaster Pro! Spymaster Pro ti aiuta a tenere sotto controllo tutto quello che succede in un telefono Android sorvegliato. Non sar\u00e0 necessario toccare il telefono e potrai accedere a tutte le informazioni in modo remoto. Baster\u00e0 comprare questo software spia e potrai iniziare a monitorare i tuoi cari o i &hellip; <a href=\"https:\/\/www.spymasterpro.com\/nl\/spiare-android\/\" class=\"more-link\">Continue reading<span class=\"screen-reader-text\"> &#8220;Spiare Android&#8221;<\/span><\/a><\/p>\n","protected":false},"author":1,"featured_media":0,"parent":0,"menu_order":0,"comment_status":"open","ping_status":"open","template":"","meta":{"_acf_changed":false,"footnotes":""},"class_list":["post-82","page","type-page","status-publish","hentry"],"acf":[],"yoast_head":"<!-- This site is optimized with the Yoast SEO plugin v27.1.1 - https:\/\/yoast.com\/product\/yoast-seo-wordpress\/ -->\n<title>Spiare android | Software di monitoraggio Android | Tracker Telefono Android | Spymaster Pro<\/title>\n<meta name=\"description\" content=\"Spymaster Pro \u00e8 Il pi\u00f9 avanzato software spia per Android e monitora silenziosamente chiamate, SMS, posizioni GPS, e-mail e molto altro.\" \/>\n<meta name=\"robots\" content=\"index, follow, max-snippet:-1, max-image-preview:large, max-video-preview:-1\" \/>\n<link rel=\"canonical\" href=\"https:\/\/www.spymasterpro.com\/nl\/spiare-android\/\" \/>\n<meta property=\"og:locale\" content=\"en_US\" \/>\n<meta property=\"og:type\" content=\"article\" \/>\n<meta property=\"og:title\" content=\"Spiare android | Software di monitoraggio Android | Tracker Telefono Android | Spymaster Pro\" \/>\n<meta property=\"og:description\" content=\"Spymaster Pro \u00e8 Il pi\u00f9 avanzato software spia per Android e monitora silenziosamente chiamate, SMS, posizioni GPS, e-mail e molto altro.\" \/>\n<meta property=\"og:url\" content=\"https:\/\/www.spymasterpro.com\/nl\/spiare-android\/\" \/>\n<meta property=\"og:site_name\" content=\"Spymaster Pro\" \/>\n<meta property=\"og:image\" content=\"http:\/\/www.spymasterpro.com\/it\/wp-content\/uploads\/2014\/11\/android.png\" \/>\n<meta name=\"twitter:card\" content=\"summary_large_image\" \/>\n<meta name=\"twitter:label1\" content=\"Est. reading time\" \/>\n\t<meta name=\"twitter:data1\" content=\"2 minutes\" \/>\n<script type=\"application\/ld+json\" class=\"yoast-schema-graph\">{\"@context\":\"https:\/\/schema.org\",\"@graph\":[{\"@type\":\"WebPage\",\"@id\":\"https:\/\/www.spymasterpro.com\/nl\/spiare-android\/\",\"url\":\"https:\/\/www.spymasterpro.com\/nl\/spiare-android\/\",\"name\":\"Spiare android | Software di monitoraggio Android | Tracker Telefono Android | Spymaster Pro\",\"isPartOf\":{\"@id\":\"https:\/\/www.spymasterpro.com\/nl\/#website\"},\"primaryImageOfPage\":{\"@id\":\"https:\/\/www.spymasterpro.com\/nl\/spiare-android\/#primaryimage\"},\"image\":{\"@id\":\"https:\/\/www.spymasterpro.com\/nl\/spiare-android\/#primaryimage\"},\"thumbnailUrl\":\"http:\/\/www.spymasterpro.com\/it\/wp-content\/uploads\/2014\/11\/android.png\",\"datePublished\":\"2014-11-07T12:14:54+00:00\",\"description\":\"Spymaster Pro \u00e8 Il pi\u00f9 avanzato software spia per Android e monitora silenziosamente chiamate, SMS, posizioni GPS, e-mail e molto altro.\",\"breadcrumb\":{\"@id\":\"https:\/\/www.spymasterpro.com\/nl\/spiare-android\/#breadcrumb\"},\"inLanguage\":\"en-US\",\"potentialAction\":[{\"@type\":\"ReadAction\",\"target\":[\"https:\/\/www.spymasterpro.com\/nl\/spiare-android\/\"]}]},{\"@type\":\"ImageObject\",\"inLanguage\":\"en-US\",\"@id\":\"https:\/\/www.spymasterpro.com\/nl\/spiare-android\/#primaryimage\",\"url\":\"http:\/\/www.spymasterpro.com\/it\/wp-content\/uploads\/2014\/11\/android.png\",\"contentUrl\":\"http:\/\/www.spymasterpro.com\/it\/wp-content\/uploads\/2014\/11\/android.png\"},{\"@type\":\"BreadcrumbList\",\"@id\":\"https:\/\/www.spymasterpro.com\/nl\/spiare-android\/#breadcrumb\",\"itemListElement\":[{\"@type\":\"ListItem\",\"position\":1,\"name\":\"Home\",\"item\":\"https:\/\/www.spymasterpro.com\/nl\/\"},{\"@type\":\"ListItem\",\"position\":2,\"name\":\"Spiare Android\"}]},{\"@type\":\"WebSite\",\"@id\":\"https:\/\/www.spymasterpro.com\/nl\/#website\",\"url\":\"https:\/\/www.spymasterpro.com\/nl\/\",\"name\":\"Spymaster Pro\",\"description\":\"\",\"publisher\":{\"@id\":\"https:\/\/www.spymasterpro.com\/nl\/#organization\"},\"potentialAction\":[{\"@type\":\"SearchAction\",\"target\":{\"@type\":\"EntryPoint\",\"urlTemplate\":\"https:\/\/www.spymasterpro.com\/nl\/?s={search_term_string}\"},\"query-input\":{\"@type\":\"PropertyValueSpecification\",\"valueRequired\":true,\"valueName\":\"search_term_string\"}}],\"inLanguage\":\"en-US\"},{\"@type\":\"Organization\",\"@id\":\"https:\/\/www.spymasterpro.com\/nl\/#organization\",\"name\":\"Spymaster Pro\",\"url\":\"https:\/\/www.spymasterpro.com\/nl\/\",\"logo\":{\"@type\":\"ImageObject\",\"inLanguage\":\"en-US\",\"@id\":\"https:\/\/www.spymasterpro.com\/nl\/#\/schema\/logo\/image\/\",\"url\":\"https:\/\/www.spymasterpro.com\/nl\/wp-content\/uploads\/2017\/02\/footer_logo-1.png\",\"contentUrl\":\"https:\/\/www.spymasterpro.com\/nl\/wp-content\/uploads\/2017\/02\/footer_logo-1.png\",\"width\":188,\"height\":45,\"caption\":\"Spymaster Pro\"},\"image\":{\"@id\":\"https:\/\/www.spymasterpro.com\/nl\/#\/schema\/logo\/image\/\"}}]}<\/script>\n<!-- \/ Yoast SEO plugin. -->","yoast_head_json":{"title":"Spiare android | Software di monitoraggio Android | Tracker Telefono Android | Spymaster Pro","description":"Spymaster Pro \u00e8 Il pi\u00f9 avanzato software spia per Android e monitora silenziosamente chiamate, SMS, posizioni GPS, e-mail e molto altro.","robots":{"index":"index","follow":"follow","max-snippet":"max-snippet:-1","max-image-preview":"max-image-preview:large","max-video-preview":"max-video-preview:-1"},"canonical":"https:\/\/www.spymasterpro.com\/nl\/spiare-android\/","og_locale":"en_US","og_type":"article","og_title":"Spiare android | Software di monitoraggio Android | Tracker Telefono Android | Spymaster Pro","og_description":"Spymaster Pro \u00e8 Il pi\u00f9 avanzato software spia per Android e monitora silenziosamente chiamate, SMS, posizioni GPS, e-mail e molto altro.","og_url":"https:\/\/www.spymasterpro.com\/nl\/spiare-android\/","og_site_name":"Spymaster Pro","og_image":[{"url":"http:\/\/www.spymasterpro.com\/it\/wp-content\/uploads\/2014\/11\/android.png","type":"","width":"","height":""}],"twitter_card":"summary_large_image","twitter_misc":{"Est. reading time":"2 minutes"},"schema":{"@context":"https:\/\/schema.org","@graph":[{"@type":"WebPage","@id":"https:\/\/www.spymasterpro.com\/nl\/spiare-android\/","url":"https:\/\/www.spymasterpro.com\/nl\/spiare-android\/","name":"Spiare android | Software di monitoraggio Android | Tracker Telefono Android | Spymaster Pro","isPartOf":{"@id":"https:\/\/www.spymasterpro.com\/nl\/#website"},"primaryImageOfPage":{"@id":"https:\/\/www.spymasterpro.com\/nl\/spiare-android\/#primaryimage"},"image":{"@id":"https:\/\/www.spymasterpro.com\/nl\/spiare-android\/#primaryimage"},"thumbnailUrl":"http:\/\/www.spymasterpro.com\/it\/wp-content\/uploads\/2014\/11\/android.png","datePublished":"2014-11-07T12:14:54+00:00","description":"Spymaster Pro \u00e8 Il pi\u00f9 avanzato software spia per Android e monitora silenziosamente chiamate, SMS, posizioni GPS, e-mail e molto altro.","breadcrumb":{"@id":"https:\/\/www.spymasterpro.com\/nl\/spiare-android\/#breadcrumb"},"inLanguage":"en-US","potentialAction":[{"@type":"ReadAction","target":["https:\/\/www.spymasterpro.com\/nl\/spiare-android\/"]}]},{"@type":"ImageObject","inLanguage":"en-US","@id":"https:\/\/www.spymasterpro.com\/nl\/spiare-android\/#primaryimage","url":"http:\/\/www.spymasterpro.com\/it\/wp-content\/uploads\/2014\/11\/android.png","contentUrl":"http:\/\/www.spymasterpro.com\/it\/wp-content\/uploads\/2014\/11\/android.png"},{"@type":"BreadcrumbList","@id":"https:\/\/www.spymasterpro.com\/nl\/spiare-android\/#breadcrumb","itemListElement":[{"@type":"ListItem","position":1,"name":"Home","item":"https:\/\/www.spymasterpro.com\/nl\/"},{"@type":"ListItem","position":2,"name":"Spiare Android"}]},{"@type":"WebSite","@id":"https:\/\/www.spymasterpro.com\/nl\/#website","url":"https:\/\/www.spymasterpro.com\/nl\/","name":"Spymaster Pro","description":"","publisher":{"@id":"https:\/\/www.spymasterpro.com\/nl\/#organization"},"potentialAction":[{"@type":"SearchAction","target":{"@type":"EntryPoint","urlTemplate":"https:\/\/www.spymasterpro.com\/nl\/?s={search_term_string}"},"query-input":{"@type":"PropertyValueSpecification","valueRequired":true,"valueName":"search_term_string"}}],"inLanguage":"en-US"},{"@type":"Organization","@id":"https:\/\/www.spymasterpro.com\/nl\/#organization","name":"Spymaster Pro","url":"https:\/\/www.spymasterpro.com\/nl\/","logo":{"@type":"ImageObject","inLanguage":"en-US","@id":"https:\/\/www.spymasterpro.com\/nl\/#\/schema\/logo\/image\/","url":"https:\/\/www.spymasterpro.com\/nl\/wp-content\/uploads\/2017\/02\/footer_logo-1.png","contentUrl":"https:\/\/www.spymasterpro.com\/nl\/wp-content\/uploads\/2017\/02\/footer_logo-1.png","width":188,"height":45,"caption":"Spymaster Pro"},"image":{"@id":"https:\/\/www.spymasterpro.com\/nl\/#\/schema\/logo\/image\/"}}]}},"_links":{"self":[{"href":"https:\/\/www.spymasterpro.com\/nl\/wp-json\/wp\/v2\/pages\/82","targetHints":{"allow":["GET"]}}],"collection":[{"href":"https:\/\/www.spymasterpro.com\/nl\/wp-json\/wp\/v2\/pages"}],"about":[{"href":"https:\/\/www.spymasterpro.com\/nl\/wp-json\/wp\/v2\/types\/page"}],"author":[{"embeddable":true,"href":"https:\/\/www.spymasterpro.com\/nl\/wp-json\/wp\/v2\/users\/1"}],"replies":[{"embeddable":true,"href":"https:\/\/www.spymasterpro.com\/nl\/wp-json\/wp\/v2\/comments?post=82"}],"version-history":[{"count":0,"href":"https:\/\/www.spymasterpro.com\/nl\/wp-json\/wp\/v2\/pages\/82\/revisions"}],"wp:attachment":[{"href":"https:\/\/www.spymasterpro.com\/nl\/wp-json\/wp\/v2\/media?parent=82"}],"curies":[{"name":"wp","href":"https:\/\/api.w.org\/{rel}","templated":true}]}}