{"id":778,"date":"2016-07-21T10:14:13","date_gmt":"2016-07-21T10:14:13","guid":{"rendered":"http:\/\/www.spymasterpro.com\/it\/?page_id=778"},"modified":"2018-06-05T08:01:18","modified_gmt":"2018-06-05T08:01:18","slug":"sicuro-da-utilizzare","status":"publish","type":"page","link":"https:\/\/www.spymasterpro.com\/nl\/sicuro-da-utilizzare\/","title":{"rendered":"Sicuro da utilizzare"},"content":{"rendered":"<div id=\"pl-778\" class=\"panel-layout\" >\n<div id=\"pg-778-0\" class=\"panel-grid panel-no-style\" >\n<div id=\"pgc-778-0-0\" class=\"panel-grid-cell\" data-weight=\"1\" >\n<div id=\"panel-778-0-0-0\" class=\"so-panel widget_text panel-first-child panel-last-child\" data-index=\"0\" data-style=\"{&quot;background_image_attachment&quot;:false,&quot;background_display&quot;:&quot;tile&quot;}\" >\n<h3 class=\"widget-title\">Cassaforte per uso<\/h3>\n<div class=\"textwidget\">\n<section id=\"inner_banner\">\n<div class=\"container\">\n<div class=\"row\">\n<div class=\"col-lg-6 col-md-6 col-sm-6 col-xs-7 text-xs-center spy_banner_txt\">\n<h2>Cassaforte per uso<\/h2>\n<h1>100% <br \/> Sicurezza garantita<\/h1>\n<\/div>\n<div class=\"col-lg-6 col-md-6 col-sm-6 col-xs-5 \">\n<img decoding=\"async\" src=\"..\/wp-content\/uploads\/2017\/02\/spy_use_banner.png\" alt=\"banner img\">\n<\/div>\n<\/div>\n<\/div>\n<\/section>\n<p><!-- inner banner section end --> <\/p>\n<p><!-- spy text part start --><\/p>\n<section id=\"about_content\">\n<div class=\"container\">\n<div class=\"row\">\n<div class=\"main clearfix\">\n<div class=\"col-lg-9 col-md-9 col-sm-9 col-xs-9 about_para\">\n<h5><img decoding=\"async\" src=\"..\/wp-content\/uploads\/2017\/02\/safe_icon.png\" alt=\"icon1\">Nessuna icona apparir\u00e0 sul telefono di destinazione<\/h5>\n<p>Questo software \u00e8 progettato sapientemente da esperti che rendeva invisibile. Esso fa il suo lavoro in modalit\u00e0 nascosta che hanno come destinazione utente non verr\u00e0 mai a sapere della sua esistenza il suo telefono.<\/p>\n<\/div>\n<div class=\"col-lg-3 col-md-3 col-sm-3 col-xs-3 about_img\">\n<img decoding=\"async\" src=\"..\/wp-content\/uploads\/2017\/02\/side_img1.png\" alt=\"img\">\n<\/div>\n<p><img decoding=\"async\" src=\"..\/wp-content\/uploads\/2017\/02\/arrow_shape.png\" alt=\"img\" class=\"shape\">\n<\/div>\n<div class=\"main clearfix\">\n<div class=\"col-lg-3 col-md-3 col-sm-3 col-xs-3 about_img2\">\n<img decoding=\"async\" src=\"..\/wp-content\/uploads\/2017\/02\/side_img2.png\" alt=\"img\">\n<\/div>\n<div class=\"col-lg-9 col-md-9 col-sm-9 col-xs-9 about_para\">\n<h5><img decoding=\"async\" src=\"..\/wp-content\/uploads\/2017\/02\/safe_icon2.png\" alt=\"icon1\"> Utente di destinazione non hanno alcun indizio<\/h5>\n<p>Persona di destinazione non pu\u00f2 mai rendersi conto che qualcuno sta avendo un occhio segreto su di loro. Ora, nessuna necessit\u00e0 di sbirciare nei loro cellulari o chiedere loro qualsiasi cosa.<\/p>\n<\/div>\n<p><img decoding=\"async\" src=\"..\/wp-content\/uploads\/2017\/02\/arrow_shape2.png\" alt=\"img\" class=\"shape2\">\n<\/div>\n<div class=\"main clearfix\">\n<div class=\"col-lg-9 col-md-9 col-sm-9 col-xs-9 about_para\">\n<h5><img decoding=\"async\" src=\"..\/wp-content\/uploads\/2017\/02\/safe_icon3.png\" alt=\"icon1\"> Il software funziona in modalit\u00e0 nascosta<\/h5>\n<p>Questo software silenziosamente copia ogni dettaglio del telefono target e inviarlo al tuo pannello di controllo. \u00c8 possibile accedere in qualsiasi momento al vostro spymaster pro conto e pu\u00f2 vedere tutto ci\u00f2 che \u00e8 stato fatto dal vostro target sul proprio telefono.<\/p>\n<\/div>\n<div class=\"col-lg-3 col-md-3 col-sm-3 col-xs-3 about_img\">\n<img decoding=\"async\" src=\"..\/wp-content\/uploads\/2017\/02\/side_img3.png\" alt=\"img\">\n<\/div>\n<p><img decoding=\"async\" src=\"..\/wp-content\/uploads\/2017\/02\/arrow_shape.png\" alt=\"img\" class=\"shape\">\n<\/div>\n<div class=\"main clearfix\">\n<div class=\"col-lg-3 col-md-3 col-sm-3 col-xs-3 about_img2\">\n<img decoding=\"async\" src=\"..\/wp-content\/uploads\/2017\/02\/side_img4.png\" alt=\"img\">\n<\/div>\n<div class=\"col-lg-9 col-md-9 col-sm-9 col-xs-9 about_para\">\n<h5><img decoding=\"async\" src=\"..\/wp-content\/uploads\/2017\/02\/safe_icon4.png\" alt=\"icon1\"> Funziona in modalit\u00e0 remota<\/h5>\n<p>Persona di destinazione non pu\u00f2 mai rendersi conto che qualcuno sta avendo un occhio segreto su di loro. Ora, nessuna necessit\u00e0 di sbirciare nei loro cellulari o chiedere loro qualsiasi cosa.<\/p>\n<\/div>\n<p><img decoding=\"async\" src=\"..\/wp-content\/uploads\/2017\/02\/arrow_shape2.png\" alt=\"img\" class=\"shape2\">\n<\/div>\n<\/div>\n<\/div>\n<\/section>\n<p><!-- spy text part end --><\/p>\n<p><!-- bottom button part start --><\/p>\n<section id=\"blue_strip\">\n<div class=\"container-fluid\">\n<div class=\"row\">\n<div class=\"col-xl-12 strip_txt text-xs-center\">\n<p>Scaricalo ora e iniziare a monitorare il tuo Target!!<\/p>\n<\/div>\n<div class=\"col-lg-12\">\n<div class=\"strip_btn feature_bottom text-xs-center\">\n<a class=\"white_btn\" href=\"https:\/\/www.spymasterpro.com\/it\/funzioni\/\">C\u00f3mo funciona<\/a> <a class=\"white_btn demo_btn hidden-md-up\" href=\"https:\/\/www.spymasterpro.com\/it\/acquista-ora\/\">Acquista adesso<\/a> <a class=\"white_btn demo_btn hidden-sm-down\" href=\"https:\/\/www.spymasterpro.com\/it\/acquista-ora\/\">Acquista Ora<\/a>\n<\/div>\n<\/div>\n<\/div>\n<\/div>\n<\/section>\n<\/div>\n<\/div>\n<\/div>\n<\/div>\n<\/div>\n","protected":false},"excerpt":{"rendered":"<p>Cassaforte per uso Cassaforte per uso 100% Sicurezza garantita Nessuna icona apparir\u00e0 sul telefono di destinazione Questo software \u00e8 progettato sapientemente da esperti che rendeva invisibile. Esso fa il suo lavoro in modalit\u00e0 nascosta che hanno come destinazione utente non verr\u00e0 mai a sapere della sua esistenza il suo telefono. Utente di destinazione non hanno &hellip; <a href=\"https:\/\/www.spymasterpro.com\/nl\/sicuro-da-utilizzare\/\" class=\"more-link\">Continue reading<span class=\"screen-reader-text\"> &#8220;Sicuro da utilizzare&#8221;<\/span><\/a><\/p>\n","protected":false},"author":1,"featured_media":0,"parent":0,"menu_order":0,"comment_status":"closed","ping_status":"closed","template":"page-full.php","meta":{"_acf_changed":false,"footnotes":""},"class_list":["post-778","page","type-page","status-publish","hentry"],"acf":[],"yoast_head":"<!-- This site is optimized with the Yoast SEO plugin v27.1.1 - https:\/\/yoast.com\/product\/yoast-seo-wordpress\/ -->\n<title>Miglior Online Software Spia per cellulari | Spymaster Pro 100% sicuro per l\u2019utilizzo<\/title>\n<meta name=\"description\" content=\"Spymaster Pro \u00e8 100% sicuro per l\u2019utilizzo e funziona al modo segreto. Questo Software per Cellulari vi lascia a monitorare qualsiasi cellulare al modo segreto e al modo remoto.\" \/>\n<meta name=\"robots\" content=\"index, follow, max-snippet:-1, max-image-preview:large, max-video-preview:-1\" \/>\n<link rel=\"canonical\" href=\"https:\/\/www.spymasterpro.com\/nl\/sicuro-da-utilizzare\/\" \/>\n<meta property=\"og:locale\" content=\"en_US\" \/>\n<meta property=\"og:type\" content=\"article\" \/>\n<meta property=\"og:title\" content=\"Miglior Online Software Spia per cellulari | Spymaster Pro 100% sicuro per l\u2019utilizzo\" \/>\n<meta property=\"og:description\" content=\"Spymaster Pro \u00e8 100% sicuro per l\u2019utilizzo e funziona al modo segreto. Questo Software per Cellulari vi lascia a monitorare qualsiasi cellulare al modo segreto e al modo remoto.\" \/>\n<meta property=\"og:url\" content=\"https:\/\/www.spymasterpro.com\/nl\/sicuro-da-utilizzare\/\" \/>\n<meta property=\"og:site_name\" content=\"Spymaster Pro\" \/>\n<meta property=\"article:modified_time\" content=\"2018-06-05T08:01:18+00:00\" \/>\n<meta name=\"twitter:card\" content=\"summary_large_image\" \/>\n<meta name=\"twitter:label1\" content=\"Est. reading time\" \/>\n\t<meta name=\"twitter:data1\" content=\"1 minute\" \/>\n<script type=\"application\/ld+json\" class=\"yoast-schema-graph\">{\"@context\":\"https:\/\/schema.org\",\"@graph\":[{\"@type\":\"WebPage\",\"@id\":\"https:\/\/www.spymasterpro.com\/nl\/sicuro-da-utilizzare\/\",\"url\":\"https:\/\/www.spymasterpro.com\/nl\/sicuro-da-utilizzare\/\",\"name\":\"Miglior Online Software Spia per cellulari | Spymaster Pro 100% sicuro per l\u2019utilizzo\",\"isPartOf\":{\"@id\":\"https:\/\/www.spymasterpro.com\/nl\/#website\"},\"datePublished\":\"2016-07-21T10:14:13+00:00\",\"dateModified\":\"2018-06-05T08:01:18+00:00\",\"description\":\"Spymaster Pro \u00e8 100% sicuro per l\u2019utilizzo e funziona al modo segreto. Questo Software per Cellulari vi lascia a monitorare qualsiasi cellulare al modo segreto e al modo remoto.\",\"breadcrumb\":{\"@id\":\"https:\/\/www.spymasterpro.com\/nl\/sicuro-da-utilizzare\/#breadcrumb\"},\"inLanguage\":\"en-US\",\"potentialAction\":[{\"@type\":\"ReadAction\",\"target\":[\"https:\/\/www.spymasterpro.com\/nl\/sicuro-da-utilizzare\/\"]}]},{\"@type\":\"BreadcrumbList\",\"@id\":\"https:\/\/www.spymasterpro.com\/nl\/sicuro-da-utilizzare\/#breadcrumb\",\"itemListElement\":[{\"@type\":\"ListItem\",\"position\":1,\"name\":\"Home\",\"item\":\"https:\/\/www.spymasterpro.com\/nl\/\"},{\"@type\":\"ListItem\",\"position\":2,\"name\":\"Sicuro da utilizzare\"}]},{\"@type\":\"WebSite\",\"@id\":\"https:\/\/www.spymasterpro.com\/nl\/#website\",\"url\":\"https:\/\/www.spymasterpro.com\/nl\/\",\"name\":\"Spymaster Pro\",\"description\":\"\",\"publisher\":{\"@id\":\"https:\/\/www.spymasterpro.com\/nl\/#organization\"},\"potentialAction\":[{\"@type\":\"SearchAction\",\"target\":{\"@type\":\"EntryPoint\",\"urlTemplate\":\"https:\/\/www.spymasterpro.com\/nl\/?s={search_term_string}\"},\"query-input\":{\"@type\":\"PropertyValueSpecification\",\"valueRequired\":true,\"valueName\":\"search_term_string\"}}],\"inLanguage\":\"en-US\"},{\"@type\":\"Organization\",\"@id\":\"https:\/\/www.spymasterpro.com\/nl\/#organization\",\"name\":\"Spymaster Pro\",\"url\":\"https:\/\/www.spymasterpro.com\/nl\/\",\"logo\":{\"@type\":\"ImageObject\",\"inLanguage\":\"en-US\",\"@id\":\"https:\/\/www.spymasterpro.com\/nl\/#\/schema\/logo\/image\/\",\"url\":\"https:\/\/www.spymasterpro.com\/nl\/wp-content\/uploads\/2017\/02\/footer_logo-1.png\",\"contentUrl\":\"https:\/\/www.spymasterpro.com\/nl\/wp-content\/uploads\/2017\/02\/footer_logo-1.png\",\"width\":188,\"height\":45,\"caption\":\"Spymaster Pro\"},\"image\":{\"@id\":\"https:\/\/www.spymasterpro.com\/nl\/#\/schema\/logo\/image\/\"}}]}<\/script>\n<!-- \/ Yoast SEO plugin. -->","yoast_head_json":{"title":"Miglior Online Software Spia per cellulari | Spymaster Pro 100% sicuro per l\u2019utilizzo","description":"Spymaster Pro \u00e8 100% sicuro per l\u2019utilizzo e funziona al modo segreto. Questo Software per Cellulari vi lascia a monitorare qualsiasi cellulare al modo segreto e al modo remoto.","robots":{"index":"index","follow":"follow","max-snippet":"max-snippet:-1","max-image-preview":"max-image-preview:large","max-video-preview":"max-video-preview:-1"},"canonical":"https:\/\/www.spymasterpro.com\/nl\/sicuro-da-utilizzare\/","og_locale":"en_US","og_type":"article","og_title":"Miglior Online Software Spia per cellulari | Spymaster Pro 100% sicuro per l\u2019utilizzo","og_description":"Spymaster Pro \u00e8 100% sicuro per l\u2019utilizzo e funziona al modo segreto. Questo Software per Cellulari vi lascia a monitorare qualsiasi cellulare al modo segreto e al modo remoto.","og_url":"https:\/\/www.spymasterpro.com\/nl\/sicuro-da-utilizzare\/","og_site_name":"Spymaster Pro","article_modified_time":"2018-06-05T08:01:18+00:00","twitter_card":"summary_large_image","twitter_misc":{"Est. reading time":"1 minute"},"schema":{"@context":"https:\/\/schema.org","@graph":[{"@type":"WebPage","@id":"https:\/\/www.spymasterpro.com\/nl\/sicuro-da-utilizzare\/","url":"https:\/\/www.spymasterpro.com\/nl\/sicuro-da-utilizzare\/","name":"Miglior Online Software Spia per cellulari | Spymaster Pro 100% sicuro per l\u2019utilizzo","isPartOf":{"@id":"https:\/\/www.spymasterpro.com\/nl\/#website"},"datePublished":"2016-07-21T10:14:13+00:00","dateModified":"2018-06-05T08:01:18+00:00","description":"Spymaster Pro \u00e8 100% sicuro per l\u2019utilizzo e funziona al modo segreto. Questo Software per Cellulari vi lascia a monitorare qualsiasi cellulare al modo segreto e al modo remoto.","breadcrumb":{"@id":"https:\/\/www.spymasterpro.com\/nl\/sicuro-da-utilizzare\/#breadcrumb"},"inLanguage":"en-US","potentialAction":[{"@type":"ReadAction","target":["https:\/\/www.spymasterpro.com\/nl\/sicuro-da-utilizzare\/"]}]},{"@type":"BreadcrumbList","@id":"https:\/\/www.spymasterpro.com\/nl\/sicuro-da-utilizzare\/#breadcrumb","itemListElement":[{"@type":"ListItem","position":1,"name":"Home","item":"https:\/\/www.spymasterpro.com\/nl\/"},{"@type":"ListItem","position":2,"name":"Sicuro da utilizzare"}]},{"@type":"WebSite","@id":"https:\/\/www.spymasterpro.com\/nl\/#website","url":"https:\/\/www.spymasterpro.com\/nl\/","name":"Spymaster Pro","description":"","publisher":{"@id":"https:\/\/www.spymasterpro.com\/nl\/#organization"},"potentialAction":[{"@type":"SearchAction","target":{"@type":"EntryPoint","urlTemplate":"https:\/\/www.spymasterpro.com\/nl\/?s={search_term_string}"},"query-input":{"@type":"PropertyValueSpecification","valueRequired":true,"valueName":"search_term_string"}}],"inLanguage":"en-US"},{"@type":"Organization","@id":"https:\/\/www.spymasterpro.com\/nl\/#organization","name":"Spymaster Pro","url":"https:\/\/www.spymasterpro.com\/nl\/","logo":{"@type":"ImageObject","inLanguage":"en-US","@id":"https:\/\/www.spymasterpro.com\/nl\/#\/schema\/logo\/image\/","url":"https:\/\/www.spymasterpro.com\/nl\/wp-content\/uploads\/2017\/02\/footer_logo-1.png","contentUrl":"https:\/\/www.spymasterpro.com\/nl\/wp-content\/uploads\/2017\/02\/footer_logo-1.png","width":188,"height":45,"caption":"Spymaster Pro"},"image":{"@id":"https:\/\/www.spymasterpro.com\/nl\/#\/schema\/logo\/image\/"}}]}},"_links":{"self":[{"href":"https:\/\/www.spymasterpro.com\/nl\/wp-json\/wp\/v2\/pages\/778","targetHints":{"allow":["GET"]}}],"collection":[{"href":"https:\/\/www.spymasterpro.com\/nl\/wp-json\/wp\/v2\/pages"}],"about":[{"href":"https:\/\/www.spymasterpro.com\/nl\/wp-json\/wp\/v2\/types\/page"}],"author":[{"embeddable":true,"href":"https:\/\/www.spymasterpro.com\/nl\/wp-json\/wp\/v2\/users\/1"}],"replies":[{"embeddable":true,"href":"https:\/\/www.spymasterpro.com\/nl\/wp-json\/wp\/v2\/comments?post=778"}],"version-history":[{"count":0,"href":"https:\/\/www.spymasterpro.com\/nl\/wp-json\/wp\/v2\/pages\/778\/revisions"}],"wp:attachment":[{"href":"https:\/\/www.spymasterpro.com\/nl\/wp-json\/wp\/v2\/media?parent=778"}],"curies":[{"name":"wp","href":"https:\/\/api.w.org\/{rel}","templated":true}]}}